{"id":1407,"date":"2025-09-13T12:02:53","date_gmt":"2025-09-13T12:02:53","guid":{"rendered":"https:\/\/www.esta-officiel-usa.com\/visto-f1-per-studiare-negli-stati-uniti\/"},"modified":"2025-09-13T12:02:58","modified_gmt":"2025-09-13T12:02:58","slug":"visto-f1-per-studiare-negli-stati-uniti","status":"publish","type":"page","link":"https:\/\/www.esta-officiel-usa.com\/it\/visto-f1-per-studiare-negli-stati-uniti\/","title":{"rendered":"Visto F1 per studiare negli Stati Uniti"},"content":{"rendered":"\n<h1 class=\"wp-block-heading\">Visto F1: la soluzione per studiare negli Stati Uniti<\/h1>\n\n<p>Ogni viaggio negli Stati Uniti comporta un processo pi\u00f9 o meno lungo e costoso: l&#8217;ottenimento di un permesso di soggiorno. Pu\u00f2 trattarsi di un <a href=\"https:\/\/www.esta-officiel-usa.com\/it\/\">ESTA ufficiale<\/a> o di un visto, ad esempio. \u00c8 quest&#8217;ultimo che ci interessa in questa sede, e pi\u00f9 precisamente il visto F1. Esistono diversi tipi di visto, spesso identificati da una lettera e da un numero, ognuno dei quali corrisponde a un particolare motivo di viaggio. A seconda che tu vada negli Stati Uniti per studiare, lavorare all&#8217;estero o diventare un au pair, ad esempio, dovrai richiedere un visto specifico.    <\/p>\n\n<p>Il visto <a href=\"https:\/\/www.esta-officiel-usa.com\/fr\/connaissez-vous-les-differences-entre-les-visas-j1-et-f1\/\">F1<\/a> \u00e8 un&#8217;autorizzazione concessa agli studenti che desiderano frequentare un corso presso un&#8217;universit\u00e0 americana. Lo scopo di questo articolo \u00e8 quello di fornirti quante pi\u00f9 informazioni possibili su questo documento, che viene richiesto ogni anno da molti giovani francesi in cerca di avventura e del sogno americano. <br\/>  <\/p>\n\n<h2 class=\"wp-block-heading\">Studiare negli Stati Uniti con un visto F1<\/h2>\n\n<p>Non aspettarti di andare a vivere con lo Zio Sam solo con la carta d&#8217;identit\u00e0 \ne lo zaino: la tua avventura finir\u00e0 in aeroporto!\n I viaggi internazionali oggi richiedono pi\u00f9 \nformalit\u00e0 rispetto al passato, per una serie di ragioni economiche e \nsoprattutto per motivi di sicurezza interna. Per attraversare il confine con il paese avrai bisogno almeno del tuo \npassaporto valido e di un&#8217;autorizzazione rilasciata dalle autorit\u00e0 statunitensi \n. <\/p>\n\n<p>Il tipo di autorizzazione necessaria dipende semplicemente dallo scopo della visita negli Stati Uniti, dalla sua durata e dal paese di origine dell&#8217;individuo. Ad esempio, i cittadini che fanno parte del <a href=\"https:\/\/www.esta-officiel-usa.com\/fr\/a-propos-du-visa-waiver-program\/\">Programma Viaggio senza Visto (Visa Waiver Program)<\/a> beneficiano di una procedura semplice per recarsi negli Stati Uniti per turismo, transito o affari per un massimo di 90 giorni consecutivi. Solo 38 Stati hanno questa possibilit\u00e0.  <\/p>\n\n<p>Chi desidera risiedere in modo permanente sul suolo americano ha bisogno di un visto per immigrati (<a href=\"https:\/\/www.esta-officiel-usa.com\/it\/cose-la-carta-verde\/\">&#8220;green card<\/a>&#8220;), mentre i visitatori temporanei devono richiedere un <a href=\"https:\/\/www.esta-officiel-usa.com\/it\/condizioni-per-ottenere-lesta\/\">visto USA<\/a>, a meno che non soddisfino i criteri di autorizzazione ESTA. Il mondo dei visti pu\u00f2 sembrare labirintico a prima vista. Tuttavia, se hai ben chiaro lo scopo del tuo viaggio negli Stati Uniti, puoi trovare facilmente il documento di cui hai bisogno.  <\/p>\n\n<p>Vuoi partire per cercare lavoro? Andare a visitare i parchi nazionali? Migliorare il tuo inglese con una famiglia ospitante? Esiste una soluzione di visto USA per ogni situazione. In questo caso, ci rivolgiamo a giovani francesi che hanno intenzione di volare in Nord America per studiare per qualche mese in un istituto di formazione (universit\u00e0, liceo, istituto di lingue, ecc.). Si tratta di un progetto entusiasmante, che fa gola a molti dopo la maturit\u00e0 o al termine degli studi.     <\/p>\n\n<p>Per realizzare il tuo sogno, ottieni un visto F1 USA. Questo vale per qualsiasi soggiorno che preveda almeno 18 ore di lezione a settimana. Tieni presente che non \u00e8 possibile trovare contemporaneamente un lavoro da studente: il visto ti permette solo di partecipare alle lezioni.  <\/p>\n\n<p>Come si ottiene un visto F1 per studenti stranieri? Scoprilo nel paragrafo seguente. <\/p>\n\n<h2 class=\"wp-block-heading\">Richiedere un visto F1 USA<\/h2>\n\n<p>Tieni presente che una richiesta di visto non sempre significa una risposta positiva da parte delle autorit\u00e0. Devi completare correttamente tutte le fasi e soddisfare le condizioni per essere accettato dagli Stati Uniti. Tuttavia, \u00e8 meglio essere fiduciosi e sicuri di s\u00e9 quando si presenta la domanda: questo metter\u00e0 tutte le possibilit\u00e0 dalla tua parte quando sarai intervistato all&#8217;ambasciata americana.  <\/p>\n\n<p>Per quanto riguarda il visto F1, il primo ostacolo da superare \u00e8 l&#8217;ottenimento del consenso dell&#8217;istituto ospitante. Non c&#8217;\u00e8 bisogno di cercarlo una volta arrivato; per avviare il processo \u00e8 necessario un modulo che viene rilasciato dalla scuola in questione. Informati presso il tuo istituto di studi francese, che potrebbe gi\u00e0 avere contatti con partner internazionali.  <\/p>\n\n<p>Una volta compilato il primo modulo (i-20), dovrai\n compilarne un altro: il DS-160. Concentrati, perch\u00e9 un errore di battitura nei\n campi comprometter\u00e0 il tuo progetto di trasferirti negli Stati Uniti; prenditi il tempo \nnecessario per inserire i tuoi dati di contatto, la tua identit\u00e0, le tue \nintenzioni, ecc. <\/p>\n\n<p>Infine, dovrai mettere insieme una serie di documenti di supporto per comporre la tua domanda e portarla all&#8217;ambasciata statunitense per un appuntamento programmato. Una volta l\u00ec, prepara il tuo discorso migliore per dimostrare il tuo desiderio di studiare negli USA, il tuo interesse per il Paese e il tuo merito. Se tutto va bene, riceverai il visto in pochissimo tempo!  <\/p>\n\n<p>Allo stesso tempo, dovrai pagare varie tasse per finanziare le procedure amministrative. Alla fine, ottenere un visto F1 USA pu\u00f2 costare diverse centinaia di euro. <\/p>\n\n<p>Sei pronto a partire per gli Stati Uniti e a sfruttare al meglio i tuoi studi all&#8217;estero grazie al visto F1? Ti auguriamo la migliore fortuna e non dimenticare di fare tante gite al Grand Canyon, in Florida e in California! <\/p>\n","protected":false},"excerpt":{"rendered":"<p>Visto F1: la soluzione per studiare negli Stati Uniti Ogni viaggio negli Stati Uniti comporta un processo pi\u00f9 o meno lungo e costoso: l&#8217;ottenimento di un permesso di soggiorno. Pu\u00f2 trattarsi di un ESTA ufficiale o di un visto, ad esempio. \u00c8 quest&#8217;ultimo che ci interessa in questa sede, e pi\u00f9 precisamente il visto F1. [&hellip;]<\/p>\n","protected":false},"author":1,"featured_media":0,"parent":0,"menu_order":0,"comment_status":"closed","ping_status":"closed","template":"","meta":{"footnotes":""},"class_list":["post-1407","page","type-page","status-publish","hentry"],"yoast_head":"<!-- This site is optimized with the Yoast SEO plugin v26.2 - https:\/\/yoast.com\/wordpress\/plugins\/seo\/ -->\n<title>Visto F1 per studiare negli Stati Uniti<\/title>\n<meta name=\"description\" content=\"Scopri il visto F1, che viene concesso agli studenti che desiderano frequentare un corso presso un&#039;universit\u00e0 americana.\" \/>\n<meta name=\"robots\" content=\"index, follow, max-snippet:-1, max-image-preview:large, max-video-preview:-1\" \/>\n<link rel=\"canonical\" href=\"https:\/\/www.esta-officiel-usa.com\/it\/visto-f1-per-studiare-negli-stati-uniti\/\" \/>\n<meta property=\"og:locale\" content=\"it_IT\" \/>\n<meta property=\"og:type\" content=\"article\" \/>\n<meta property=\"og:title\" content=\"Visto F1 per studiare negli Stati Uniti\" \/>\n<meta property=\"og:description\" content=\"Scopri il visto F1, che viene concesso agli studenti che desiderano frequentare un corso presso un&#039;universit\u00e0 americana.\" \/>\n<meta property=\"og:url\" content=\"https:\/\/www.esta-officiel-usa.com\/it\/visto-f1-per-studiare-negli-stati-uniti\/\" \/>\n<meta property=\"og:site_name\" content=\"ESTA - Stati Uniti\" \/>\n<meta property=\"article:modified_time\" content=\"2025-09-13T12:02:58+00:00\" \/>\n<meta name=\"twitter:card\" content=\"summary_large_image\" \/>\n<meta name=\"twitter:label1\" content=\"Tempo di lettura stimato\" \/>\n\t<meta name=\"twitter:data1\" content=\"4 minuti\" \/>\n<script type=\"application\/ld+json\" class=\"yoast-schema-graph\">{\"@context\":\"https:\/\/schema.org\",\"@graph\":[{\"@type\":\"WebPage\",\"@id\":\"https:\/\/www.esta-officiel-usa.com\/it\/visto-f1-per-studiare-negli-stati-uniti\/\",\"url\":\"https:\/\/www.esta-officiel-usa.com\/it\/visto-f1-per-studiare-negli-stati-uniti\/\",\"name\":\"Visto F1 per studiare negli Stati Uniti\",\"isPartOf\":{\"@id\":\"https:\/\/www.esta-officiel-usa.com\/it\/#website\"},\"datePublished\":\"2025-09-13T12:02:53+00:00\",\"dateModified\":\"2025-09-13T12:02:58+00:00\",\"description\":\"Scopri il visto F1, che viene concesso agli studenti che desiderano frequentare un corso presso un'universit\u00e0 americana.\",\"breadcrumb\":{\"@id\":\"https:\/\/www.esta-officiel-usa.com\/it\/visto-f1-per-studiare-negli-stati-uniti\/#breadcrumb\"},\"inLanguage\":\"it-IT\",\"potentialAction\":[{\"@type\":\"ReadAction\",\"target\":[\"https:\/\/www.esta-officiel-usa.com\/it\/visto-f1-per-studiare-negli-stati-uniti\/\"]}]},{\"@type\":\"BreadcrumbList\",\"@id\":\"https:\/\/www.esta-officiel-usa.com\/it\/visto-f1-per-studiare-negli-stati-uniti\/#breadcrumb\",\"itemListElement\":[{\"@type\":\"ListItem\",\"position\":1,\"name\":\"Casa\",\"item\":\"https:\/\/www.esta-officiel-usa.com\/it\/\"},{\"@type\":\"ListItem\",\"position\":2,\"name\":\"Visto F1 per studiare negli Stati Uniti\"}]},{\"@type\":\"WebSite\",\"@id\":\"https:\/\/www.esta-officiel-usa.com\/it\/#website\",\"url\":\"https:\/\/www.esta-officiel-usa.com\/it\/\",\"name\":\"ESTA - Stati Uniti\",\"description\":\"Modulo di richiesta ESTA\",\"potentialAction\":[{\"@type\":\"SearchAction\",\"target\":{\"@type\":\"EntryPoint\",\"urlTemplate\":\"https:\/\/www.esta-officiel-usa.com\/it\/?s={search_term_string}\"},\"query-input\":{\"@type\":\"PropertyValueSpecification\",\"valueRequired\":true,\"valueName\":\"search_term_string\"}}],\"inLanguage\":\"it-IT\"}]}<\/script>\n<!-- \/ Yoast SEO plugin. -->","yoast_head_json":{"title":"Visto F1 per studiare negli Stati Uniti","description":"Scopri il visto F1, che viene concesso agli studenti che desiderano frequentare un corso presso un'universit\u00e0 americana.","robots":{"index":"index","follow":"follow","max-snippet":"max-snippet:-1","max-image-preview":"max-image-preview:large","max-video-preview":"max-video-preview:-1"},"canonical":"https:\/\/www.esta-officiel-usa.com\/it\/visto-f1-per-studiare-negli-stati-uniti\/","og_locale":"it_IT","og_type":"article","og_title":"Visto F1 per studiare negli Stati Uniti","og_description":"Scopri il visto F1, che viene concesso agli studenti che desiderano frequentare un corso presso un'universit\u00e0 americana.","og_url":"https:\/\/www.esta-officiel-usa.com\/it\/visto-f1-per-studiare-negli-stati-uniti\/","og_site_name":"ESTA - Stati Uniti","article_modified_time":"2025-09-13T12:02:58+00:00","twitter_card":"summary_large_image","twitter_misc":{"Tempo di lettura stimato":"4 minuti"},"schema":{"@context":"https:\/\/schema.org","@graph":[{"@type":"WebPage","@id":"https:\/\/www.esta-officiel-usa.com\/it\/visto-f1-per-studiare-negli-stati-uniti\/","url":"https:\/\/www.esta-officiel-usa.com\/it\/visto-f1-per-studiare-negli-stati-uniti\/","name":"Visto F1 per studiare negli Stati Uniti","isPartOf":{"@id":"https:\/\/www.esta-officiel-usa.com\/it\/#website"},"datePublished":"2025-09-13T12:02:53+00:00","dateModified":"2025-09-13T12:02:58+00:00","description":"Scopri il visto F1, che viene concesso agli studenti che desiderano frequentare un corso presso un'universit\u00e0 americana.","breadcrumb":{"@id":"https:\/\/www.esta-officiel-usa.com\/it\/visto-f1-per-studiare-negli-stati-uniti\/#breadcrumb"},"inLanguage":"it-IT","potentialAction":[{"@type":"ReadAction","target":["https:\/\/www.esta-officiel-usa.com\/it\/visto-f1-per-studiare-negli-stati-uniti\/"]}]},{"@type":"BreadcrumbList","@id":"https:\/\/www.esta-officiel-usa.com\/it\/visto-f1-per-studiare-negli-stati-uniti\/#breadcrumb","itemListElement":[{"@type":"ListItem","position":1,"name":"Casa","item":"https:\/\/www.esta-officiel-usa.com\/it\/"},{"@type":"ListItem","position":2,"name":"Visto F1 per studiare negli Stati Uniti"}]},{"@type":"WebSite","@id":"https:\/\/www.esta-officiel-usa.com\/it\/#website","url":"https:\/\/www.esta-officiel-usa.com\/it\/","name":"ESTA - Stati Uniti","description":"Modulo di richiesta ESTA","potentialAction":[{"@type":"SearchAction","target":{"@type":"EntryPoint","urlTemplate":"https:\/\/www.esta-officiel-usa.com\/it\/?s={search_term_string}"},"query-input":{"@type":"PropertyValueSpecification","valueRequired":true,"valueName":"search_term_string"}}],"inLanguage":"it-IT"}]}},"_links":{"self":[{"href":"https:\/\/www.esta-officiel-usa.com\/it\/wp-json\/wp\/v2\/pages\/1407","targetHints":{"allow":["GET"]}}],"collection":[{"href":"https:\/\/www.esta-officiel-usa.com\/it\/wp-json\/wp\/v2\/pages"}],"about":[{"href":"https:\/\/www.esta-officiel-usa.com\/it\/wp-json\/wp\/v2\/types\/page"}],"author":[{"embeddable":true,"href":"https:\/\/www.esta-officiel-usa.com\/it\/wp-json\/wp\/v2\/users\/1"}],"replies":[{"embeddable":true,"href":"https:\/\/www.esta-officiel-usa.com\/it\/wp-json\/wp\/v2\/comments?post=1407"}],"version-history":[{"count":1,"href":"https:\/\/www.esta-officiel-usa.com\/it\/wp-json\/wp\/v2\/pages\/1407\/revisions"}],"predecessor-version":[{"id":1410,"href":"https:\/\/www.esta-officiel-usa.com\/it\/wp-json\/wp\/v2\/pages\/1407\/revisions\/1410"}],"wp:attachment":[{"href":"https:\/\/www.esta-officiel-usa.com\/it\/wp-json\/wp\/v2\/media?parent=1407"}],"curies":[{"name":"wp","href":"https:\/\/api.w.org\/{rel}","templated":true}]}}