{"id":1430,"date":"2025-09-13T12:03:02","date_gmt":"2025-09-13T12:03:02","guid":{"rendered":"https:\/\/www.esta-officiel-usa.com\/requisiti-di-ammissione-per-viaggiare-negli-stati-uniti\/"},"modified":"2025-09-13T12:03:04","modified_gmt":"2025-09-13T12:03:04","slug":"requisiti-di-ammissione-per-viaggiare-negli-stati-uniti","status":"publish","type":"page","link":"https:\/\/www.esta-officiel-usa.com\/it\/requisiti-di-ammissione-per-viaggiare-negli-stati-uniti\/","title":{"rendered":"Requisiti di ammissione per viaggiare negli Stati Uniti"},"content":{"rendered":"\n<h1 class=\"wp-block-heading\">ESTA: requisiti di ammissione per i viaggi negli Stati Uniti<\/h1>\n\n<p>Se ti rechi negli Stati Uniti, dovrai richiedere l&#8217;<a href=\"https:\/\/www.esta-officiel-usa.com\/it\/\">ESTA<\/a> (Electronic System of Travel Authorization) per poter atterrare sul suolo americano. Questa autorizzazione al viaggio \u00e8 obbligatoria dal 2009 per i cittadini dei paesi aderenti al Programma Viaggio senza Visto degli Stati Uniti. <\/p>\n\n<h2 class=\"wp-block-heading\">Cos&#8217;\u00e8 l&#8217;ESTA?<\/h2>\n\n<p>L&#8217;autorizzazione di viaggio ESTA \u00e8 stata creata nell&#8217;ambito del Visa Waiver Program (VWP) per facilitare il commercio e il flusso di persone verso gli Stati Uniti. In francese, questo programma \u00e8 chiamato &#8220;programme d&#8217;exemption de visa&#8221; o PEV. I seguenti paesi fanno parte del programma:  <\/p>\n\n<figure class=\"wp-block-table\"><table><tbody><tr><td>\n  Germania\n\t\t\t<\/td><td>\n Grecia\n\t\t\t<\/td><td>\n Norvegia\n\t\t\t<\/td><\/tr><tr><td>\n  Andorra\n\t\t\t<\/td><td>\n Ungheria\n\t\t\t<\/td><td>\n  Nuova Zelanda\n\t\t\t<\/td><\/tr><tr><td>\n  Australia\n\t\t\t<\/td><td>\n  Irlanda\n\t\t\t<\/td><td>\n Portogallo\n\t\t\t<\/td><\/tr><tr><td>\n Austria\n\t\t\t<\/td><td>\n Italia\n\t\t\t<\/td><td>\n  Repubblica Ceca\n\t\t\t<\/td><\/tr><tr><td>\n Belgio\n\t\t\t<\/td><td>\n Islanda\n\t\t\t<\/td><td>\n  Regno Unito\n\t\t\t<\/td><\/tr><tr><td>\n  Brunei\n\t\t\t<\/td><td>\n  Giappone\n\t\t\t<\/td><td>\n  San Martino\n\t\t\t<\/td><\/tr><tr><td>\n  Cile\n\t\t\t<\/td><td>\n Olanda\n\t\t\t<\/td><td>\n  Singapore\n\t\t\t<\/td><\/tr><tr><td>\n  Corea del Sud\n\t\t\t<\/td><td>\n Lettonia\n\t\t\t<\/td><td>\n Slovacchia\n\t\t\t<\/td><\/tr><tr><td>\n Danimarca\n\t\t\t<\/td><td>\n Liechtenstein\n\t\t\t<\/td><td>\n Slovenia\n\t\t\t<\/td><\/tr><tr><td>\n Spagna\n\t\t\t<\/td><td>\n Lituania\n\t\t\t<\/td><td>\n Svezia\n\t\t\t<\/td><\/tr><tr><td>\n Estonia\n\t\t\t<\/td><td>\n Lussemburgo\n\t\t\t<\/td><td>\n svizzero\n\t\t\t<\/td><\/tr><tr><td>\n Finlandia\n\t\t\t<\/td><td>\n Malta\n\t\t\t<\/td><td>\n  Taiwan\n\t\t\t<\/td><\/tr><tr><td>\n Francia\n\t\t\t<\/td><td>\n  Monaco\n\t\t\t<\/td><td>  Croazia<\/td><\/tr><tr><td>Polonia<\/td><td>Israele<\/td><td><\/td><\/tr><\/tbody><\/table><figcaption class=\"wp-element-caption\">Paesi membri del Programma Viaggio senza Visto<\/figcaption><\/figure>\n\n<p>Per recarsi negli Stati Uniti per turismo, affari o transito, i cittadini di questi Paesi devono ottenere l&#8217;autorizzazione ESTA.<\/p>\n\n<p>Attenzione! L&#8217;autorizzazione di viaggio ESTA \u00e8 solo un lasciapassare, ma non garantisce in alcun modo l&#8217;accesso al territorio americano. Saranno i funzionari doganali dell&#8217;aeroporto di destinazione finale a stabilire se hai diritto a rimanere negli Stati Uniti. <\/p>\n\n<p>Nota bene: l <a href=\"https:\/\/www.esta-officiel-usa.com\/fr\/la-duree-de-validite-de-lesta\/\">&#8216;ESTA ha una validit\u00e0 di<\/a> 2 anni. Ci\u00f2 significa che puoi recarti negli Stati Uniti tutte le volte che vuoi durante questo periodo. Tuttavia, i tuoi viaggi non devono superare i 90 giorni.  <\/p>\n\n<h2 class=\"wp-block-heading\">Come si ottiene l&#8217;approvazione dell&#8217;ESTA?<\/h2>\n\n<p>\u00c8 molto importante richiedere l&#8217;ESTA online, all&#8217;indirizzo \nalmeno 72 ore prima del tuo viaggio negli Stati Uniti. Questo \u00e8 \nil tempo massimo di elaborazione di una domanda ESTA. <\/p>\n\n<p>Puoi fare domanda online direttamente dal sito web del governo statunitense\n. Il modulo di domanda \u00e8 disponibile all&#8217;indirizzo \n. <\/p>\n\n<p>Prima di compilare il <a href=\"https:\/\/www.esta-officiel-usa.com\/it\/compilare-il-modulo-esta-online\/\">modulo online<\/a>, \u00e8 importante portare con s\u00e9 il passaporto biometrico o elettronico, poich\u00e9 \u00e8 necessario il numero del passaporto e una foto.<\/p>\n\n<p>Se sei in possesso di un passaporto di vecchia generazione, noto come passaporto &#8220;ottico&#8221;, dovrai richiedere un nuovo passaporto presso il comune di residenza prima di richiedere l&#8217;ESTA. L&#8217;ESTA non \u00e8 valida per viaggiare negli Stati Uniti. Per riconoscere un <a href=\"https:\/\/www.esta-officiel-usa.com\/fr\/quel-type-de-passeport-pour-les-usa\/\">passaporto elettronico e biometrico<\/a>, puoi guardare la copertina del passaporto: viene visualizzato un piccolo logo a forma di chip.  <\/p>\n\n<p>\u00c8 inoltre molto importante prendersi il tempo necessario per compilare il modulo. Anche se le domande sono molto semplici perch\u00e9 riguardano te, \u00e8 possibile commettere piccoli errori. Le autorit\u00e0 americane sono intransigenti e il minimo errore potrebbe comportare il rifiuto dell&#8217;ammissione all&#8217;ESTA. \u00c8 inoltre fondamentale essere onesti e, soprattutto, non fornire informazioni false. Devi essere consapevole che questo potrebbe essere dannoso per te e potrebbe costarti l&#8217;ESTA.    <\/p>\n\n<p>Se desideri un aiuto nella compilazione del modulo, puoi rivolgerti a un servizio privato che ti fornir\u00e0 un&#8217;assistenza personalizzata per compilare il modulo in tutta tranquillit\u00e0. Inoltre, potranno correggere il tuo modulo prima che tu lo invii, in modo da non rischiare di commettere errori. <\/p>\n\n<h2 class=\"wp-block-heading\">Perch\u00e9 l&#8217;ammissione all&#8217;ESTA non pu\u00f2 essere rilasciata?<\/h2>\n\n<p>L&#8217;autorizzazione al viaggio ESTA viene rifiutata molto raramente. Tuttavia, nei seguenti casi pu\u00f2 essere rifiutata: <\/p>\n\n<ul class=\"wp-block-list\">\n<li>hai gi\u00e0 commesso un reato negli Stati Uniti;<\/li>\n\n\n\n<li>non hai la fedina penale pulita;  <\/li>\n\n\n\n<li>sei affetto da una malattia contagiosa o molto grave;  <\/li>\n\n\n\n<li>hai viaggiato in Siria, Iran, Yemen, Libia, Somalia e Sudan dal 1\u00b0 marzo 2011;  <\/li>\n\n\n\n<li>hai un passaporto valido, ma la data di validit\u00e0 \u00e8 scaduta o scadr\u00e0 durante il tuo viaggio negli Stati Uniti;  <\/li>\n\n\n\n<li>hai commesso un errore nel modulo ESTA ed \u00e8 stato rifiutato. In questo caso, potrai presentare una nuova domanda 10 giorni dopo la prima. <\/li>\n<\/ul>\n\n<p>Se purtroppo l&#8217;approvazione dell&#8217;ESTA non \u00e8 stata concessa, dovrai richiedere un visto all&#8217;ambasciata o al consolato degli Stati Uniti.<\/p>\n","protected":false},"excerpt":{"rendered":"<p>ESTA: requisiti di ammissione per i viaggi negli Stati Uniti Se ti rechi negli Stati Uniti, dovrai richiedere l&#8217;ESTA (Electronic System of Travel Authorization) per poter atterrare sul suolo americano. Questa autorizzazione al viaggio \u00e8 obbligatoria dal 2009 per i cittadini dei paesi aderenti al Programma Viaggio senza Visto degli Stati Uniti. Cos&#8217;\u00e8 l&#8217;ESTA? L&#8217;autorizzazione [&hellip;]<\/p>\n","protected":false},"author":1,"featured_media":0,"parent":0,"menu_order":0,"comment_status":"closed","ping_status":"closed","template":"","meta":{"footnotes":""},"class_list":["post-1430","page","type-page","status-publish","hentry"],"yoast_head":"<!-- This site is optimized with the Yoast SEO plugin v26.2 - https:\/\/yoast.com\/wordpress\/plugins\/seo\/ -->\n<title>Requisiti di ammissione per viaggiare negli Stati Uniti<\/title>\n<meta name=\"description\" content=\"L&#039;ammissione ESTA \u00e8 obbligatoria per i viaggi negli Stati Uniti dal 2009. Scopri come ottenerla in modo semplice e veloce\" \/>\n<meta name=\"robots\" content=\"index, follow, max-snippet:-1, max-image-preview:large, max-video-preview:-1\" \/>\n<link rel=\"canonical\" href=\"https:\/\/www.esta-officiel-usa.com\/it\/requisiti-di-ammissione-per-viaggiare-negli-stati-uniti\/\" \/>\n<meta property=\"og:locale\" content=\"it_IT\" \/>\n<meta property=\"og:type\" content=\"article\" \/>\n<meta property=\"og:title\" content=\"Requisiti di ammissione per viaggiare negli Stati Uniti\" \/>\n<meta property=\"og:description\" content=\"L&#039;ammissione ESTA \u00e8 obbligatoria per i viaggi negli Stati Uniti dal 2009. Scopri come ottenerla in modo semplice e veloce\" \/>\n<meta property=\"og:url\" content=\"https:\/\/www.esta-officiel-usa.com\/it\/requisiti-di-ammissione-per-viaggiare-negli-stati-uniti\/\" \/>\n<meta property=\"og:site_name\" content=\"ESTA - Stati Uniti\" \/>\n<meta property=\"article:modified_time\" content=\"2025-09-13T12:03:04+00:00\" \/>\n<meta name=\"twitter:card\" content=\"summary_large_image\" \/>\n<meta name=\"twitter:label1\" content=\"Tempo di lettura stimato\" \/>\n\t<meta name=\"twitter:data1\" content=\"3 minuti\" \/>\n<script type=\"application\/ld+json\" class=\"yoast-schema-graph\">{\"@context\":\"https:\/\/schema.org\",\"@graph\":[{\"@type\":\"WebPage\",\"@id\":\"https:\/\/www.esta-officiel-usa.com\/it\/requisiti-di-ammissione-per-viaggiare-negli-stati-uniti\/\",\"url\":\"https:\/\/www.esta-officiel-usa.com\/it\/requisiti-di-ammissione-per-viaggiare-negli-stati-uniti\/\",\"name\":\"Requisiti di ammissione per viaggiare negli Stati Uniti\",\"isPartOf\":{\"@id\":\"https:\/\/www.esta-officiel-usa.com\/it\/#website\"},\"datePublished\":\"2025-09-13T12:03:02+00:00\",\"dateModified\":\"2025-09-13T12:03:04+00:00\",\"description\":\"L'ammissione ESTA \u00e8 obbligatoria per i viaggi negli Stati Uniti dal 2009. Scopri come ottenerla in modo semplice e veloce\",\"breadcrumb\":{\"@id\":\"https:\/\/www.esta-officiel-usa.com\/it\/requisiti-di-ammissione-per-viaggiare-negli-stati-uniti\/#breadcrumb\"},\"inLanguage\":\"it-IT\",\"potentialAction\":[{\"@type\":\"ReadAction\",\"target\":[\"https:\/\/www.esta-officiel-usa.com\/it\/requisiti-di-ammissione-per-viaggiare-negli-stati-uniti\/\"]}]},{\"@type\":\"BreadcrumbList\",\"@id\":\"https:\/\/www.esta-officiel-usa.com\/it\/requisiti-di-ammissione-per-viaggiare-negli-stati-uniti\/#breadcrumb\",\"itemListElement\":[{\"@type\":\"ListItem\",\"position\":1,\"name\":\"Casa\",\"item\":\"https:\/\/www.esta-officiel-usa.com\/it\/\"},{\"@type\":\"ListItem\",\"position\":2,\"name\":\"Requisiti di ammissione per viaggiare negli Stati Uniti\"}]},{\"@type\":\"WebSite\",\"@id\":\"https:\/\/www.esta-officiel-usa.com\/it\/#website\",\"url\":\"https:\/\/www.esta-officiel-usa.com\/it\/\",\"name\":\"ESTA - Stati Uniti\",\"description\":\"Modulo di richiesta ESTA\",\"potentialAction\":[{\"@type\":\"SearchAction\",\"target\":{\"@type\":\"EntryPoint\",\"urlTemplate\":\"https:\/\/www.esta-officiel-usa.com\/it\/?s={search_term_string}\"},\"query-input\":{\"@type\":\"PropertyValueSpecification\",\"valueRequired\":true,\"valueName\":\"search_term_string\"}}],\"inLanguage\":\"it-IT\"}]}<\/script>\n<!-- \/ Yoast SEO plugin. -->","yoast_head_json":{"title":"Requisiti di ammissione per viaggiare negli Stati Uniti","description":"L'ammissione ESTA \u00e8 obbligatoria per i viaggi negli Stati Uniti dal 2009. Scopri come ottenerla in modo semplice e veloce","robots":{"index":"index","follow":"follow","max-snippet":"max-snippet:-1","max-image-preview":"max-image-preview:large","max-video-preview":"max-video-preview:-1"},"canonical":"https:\/\/www.esta-officiel-usa.com\/it\/requisiti-di-ammissione-per-viaggiare-negli-stati-uniti\/","og_locale":"it_IT","og_type":"article","og_title":"Requisiti di ammissione per viaggiare negli Stati Uniti","og_description":"L'ammissione ESTA \u00e8 obbligatoria per i viaggi negli Stati Uniti dal 2009. Scopri come ottenerla in modo semplice e veloce","og_url":"https:\/\/www.esta-officiel-usa.com\/it\/requisiti-di-ammissione-per-viaggiare-negli-stati-uniti\/","og_site_name":"ESTA - Stati Uniti","article_modified_time":"2025-09-13T12:03:04+00:00","twitter_card":"summary_large_image","twitter_misc":{"Tempo di lettura stimato":"3 minuti"},"schema":{"@context":"https:\/\/schema.org","@graph":[{"@type":"WebPage","@id":"https:\/\/www.esta-officiel-usa.com\/it\/requisiti-di-ammissione-per-viaggiare-negli-stati-uniti\/","url":"https:\/\/www.esta-officiel-usa.com\/it\/requisiti-di-ammissione-per-viaggiare-negli-stati-uniti\/","name":"Requisiti di ammissione per viaggiare negli Stati Uniti","isPartOf":{"@id":"https:\/\/www.esta-officiel-usa.com\/it\/#website"},"datePublished":"2025-09-13T12:03:02+00:00","dateModified":"2025-09-13T12:03:04+00:00","description":"L'ammissione ESTA \u00e8 obbligatoria per i viaggi negli Stati Uniti dal 2009. Scopri come ottenerla in modo semplice e veloce","breadcrumb":{"@id":"https:\/\/www.esta-officiel-usa.com\/it\/requisiti-di-ammissione-per-viaggiare-negli-stati-uniti\/#breadcrumb"},"inLanguage":"it-IT","potentialAction":[{"@type":"ReadAction","target":["https:\/\/www.esta-officiel-usa.com\/it\/requisiti-di-ammissione-per-viaggiare-negli-stati-uniti\/"]}]},{"@type":"BreadcrumbList","@id":"https:\/\/www.esta-officiel-usa.com\/it\/requisiti-di-ammissione-per-viaggiare-negli-stati-uniti\/#breadcrumb","itemListElement":[{"@type":"ListItem","position":1,"name":"Casa","item":"https:\/\/www.esta-officiel-usa.com\/it\/"},{"@type":"ListItem","position":2,"name":"Requisiti di ammissione per viaggiare negli Stati Uniti"}]},{"@type":"WebSite","@id":"https:\/\/www.esta-officiel-usa.com\/it\/#website","url":"https:\/\/www.esta-officiel-usa.com\/it\/","name":"ESTA - Stati Uniti","description":"Modulo di richiesta ESTA","potentialAction":[{"@type":"SearchAction","target":{"@type":"EntryPoint","urlTemplate":"https:\/\/www.esta-officiel-usa.com\/it\/?s={search_term_string}"},"query-input":{"@type":"PropertyValueSpecification","valueRequired":true,"valueName":"search_term_string"}}],"inLanguage":"it-IT"}]}},"_links":{"self":[{"href":"https:\/\/www.esta-officiel-usa.com\/it\/wp-json\/wp\/v2\/pages\/1430","targetHints":{"allow":["GET"]}}],"collection":[{"href":"https:\/\/www.esta-officiel-usa.com\/it\/wp-json\/wp\/v2\/pages"}],"about":[{"href":"https:\/\/www.esta-officiel-usa.com\/it\/wp-json\/wp\/v2\/types\/page"}],"author":[{"embeddable":true,"href":"https:\/\/www.esta-officiel-usa.com\/it\/wp-json\/wp\/v2\/users\/1"}],"replies":[{"embeddable":true,"href":"https:\/\/www.esta-officiel-usa.com\/it\/wp-json\/wp\/v2\/comments?post=1430"}],"version-history":[{"count":1,"href":"https:\/\/www.esta-officiel-usa.com\/it\/wp-json\/wp\/v2\/pages\/1430\/revisions"}],"predecessor-version":[{"id":1431,"href":"https:\/\/www.esta-officiel-usa.com\/it\/wp-json\/wp\/v2\/pages\/1430\/revisions\/1431"}],"wp:attachment":[{"href":"https:\/\/www.esta-officiel-usa.com\/it\/wp-json\/wp\/v2\/media?parent=1430"}],"curies":[{"name":"wp","href":"https:\/\/api.w.org\/{rel}","templated":true}]}}