{"id":1438,"date":"2025-09-13T12:03:16","date_gmt":"2025-09-13T12:03:16","guid":{"rendered":"https:\/\/www.esta-officiel-usa.com\/autorizzazione-esta-dalla-francia\/"},"modified":"2025-09-13T12:03:20","modified_gmt":"2025-09-13T12:03:20","slug":"autorizzazione-esta-dalla-francia","status":"publish","type":"page","link":"https:\/\/www.esta-officiel-usa.com\/it\/autorizzazione-esta-dalla-francia\/","title":{"rendered":"Autorizzazione ESTA dalla Francia"},"content":{"rendered":"\n<h1 class=\"wp-block-heading\">OTTENERE L&#8217;AUTORIZZAZIONE ESTA FRANCIA PER GLI USA<\/h1>\n\n<p>Vuoi scoprire il Paese dello Zio Sam? I nostri esperti possono aiutarti a organizzare il tuo viaggio. Questo articolo spiega le diverse modalit\u00e0 per ottenere l&#8217;autorizzazione ESTA in Francia.  <\/p>\n\n<h2 class=\"wp-block-heading\">COS&#8217;\u00c8 L&#8217;ESTA FRANCE?<\/h2>\n\n<p>L&#8217;ESTA Francia \u00e8 un permesso di soggiorno rilasciato dalle dogane statunitensi ai cittadini francesi che desiderano visitare gli Stati Uniti per un soggiorno massimo di 90 giorni.<\/p>\n\n<p>Per essere idonei, \u00e8 necessario soddisfare una serie di criteri, tra cui :<\/p>\n\n<ul class=\"wp-block-list\"><li>un <a href=\"https:\/\/www.esta-officiel-usa.com\/fr\/quel-type-de-passeport-pour-les-usa\/\">passaporto<\/a> elettronico o biometrico valido per la durata del soggiorno;<\/li><li>viaggi per turismo o per affari;<\/li><li>provenire da uno dei 38 paesi membri del Programma Viaggio senza Visto.<\/li><\/ul>\n\n<p>Poich\u00e9 questa richiesta di autorizzazione al viaggio pu\u00f2 essere effettuata solo a distanza, tramite Internet, avrai bisogno anche di una carta bancaria per completare l&#8217;acquisto.<\/p>\n\n<p>L&#8217;ESTA \u00e8 valida per due anni. Quindi, se ne hai voglia, puoi fare diversi viaggi durante questo periodo. <\/p>\n\n<p>Questo documento \u00e8 relativamente facile da ottenere, costa meno di un visto e si riceve molto rapidamente, in meno di 72 ore &#8211; o addirittura il giorno stesso nella maggior parte dei casi.<\/p>\n\n<h2 class=\"wp-block-heading\">OTTIENI IL TUO ESTA FRANCE<\/h2>\n\n<p>Esistono diversi modi per ottenere l&#8217;ESTA Francia.<\/p>\n\n<p>\u00c8 possibile :<\/p>\n\n<ul class=\"wp-block-list\"><li>accedi al sito ufficiale degli Stati Uniti. Ti verr\u00e0 presentato un lungo questionario. Dovrai rispondere a tutte le domande, suddivise nelle seguenti categorie: identit\u00e0 (cognome, nome, data di nascita, numero di passaporto, data di rilascio e di scadenza, ecc.), stato di salute (attuale e passato), profilo legale (precedenti, relazione con la legge statunitense), viaggio (indirizzo locale e contatto di emergenza).  <\/li><\/ul>\n\n<p>Una volta convalidato il questionario ed effettuato il pagamento, non potrai pi\u00f9 <a href=\"https:\/\/www.esta-officiel-usa.com\/fr\/autorisation-esta-mise-a-jour\/\">aggiornare le<\/a> tue informazioni, ad eccezione dell&#8217;indirizzo e-mail e dell&#8217;indirizzo negli Stati Uniti.<\/p>\n\n<ul class=\"wp-block-list\"><li>Per limitare il rischio di errori che potrebbero ritardare l&#8217;autorizzazione ESTA, puoi rivolgerti alla nostra societ\u00e0 privata, abituata a ottenere questo documento di viaggio. I nostri esperti controlleranno attentamente tutte le tue risposte. Inoltre, invieremo il tuo modulo al dipartimento responsabile del rilascio dell&#8217;ESTA. Riceverai il documento direttamente nella tua casella di posta elettronica, che potrai salvare o stampare.   <\/li><\/ul>\n\n<p><strong>NB:<\/strong> poich\u00e9 la procedura \u00e8 interamente informatizzata, non sei obbligato a stampare la tua autorizzazione. Tuttavia, per viaggiare con maggiore tranquillit\u00e0 ed evitare potenziali problemi, ti consigliamo di portare con te una copia dell&#8217;ESTA quando viaggi. <\/p>\n","protected":false},"excerpt":{"rendered":"<p>OTTENERE L&#8217;AUTORIZZAZIONE ESTA FRANCIA PER GLI USA Vuoi scoprire il Paese dello Zio Sam? I nostri esperti possono aiutarti a organizzare il tuo viaggio. Questo articolo spiega le diverse modalit\u00e0 per ottenere l&#8217;autorizzazione ESTA in Francia. COS&#8217;\u00c8 L&#8217;ESTA FRANCE? L&#8217;ESTA Francia \u00e8 un permesso di soggiorno rilasciato dalle dogane statunitensi ai cittadini francesi che desiderano [&hellip;]<\/p>\n","protected":false},"author":1,"featured_media":0,"parent":0,"menu_order":0,"comment_status":"closed","ping_status":"closed","template":"","meta":{"footnotes":""},"class_list":["post-1438","page","type-page","status-publish","hentry"],"yoast_head":"<!-- This site is optimized with the Yoast SEO plugin v26.2 - https:\/\/yoast.com\/wordpress\/plugins\/seo\/ -->\n<title>Autorizzazione ESTA dalla Francia<\/title>\n<meta name=\"description\" content=\"Se vuoi recarti negli Stati Uniti dalla Francia, i nostri esperti possono aiutarti a organizzare il tuo viaggio fornendoti informazioni sull&#039;ESTA dalla Francia.\" \/>\n<meta name=\"robots\" content=\"index, follow, max-snippet:-1, max-image-preview:large, max-video-preview:-1\" \/>\n<link rel=\"canonical\" href=\"https:\/\/www.esta-officiel-usa.com\/it\/autorizzazione-esta-dalla-francia\/\" \/>\n<meta property=\"og:locale\" content=\"it_IT\" \/>\n<meta property=\"og:type\" content=\"article\" \/>\n<meta property=\"og:title\" content=\"Autorizzazione ESTA dalla Francia\" \/>\n<meta property=\"og:description\" content=\"Se vuoi recarti negli Stati Uniti dalla Francia, i nostri esperti possono aiutarti a organizzare il tuo viaggio fornendoti informazioni sull&#039;ESTA dalla Francia.\" \/>\n<meta property=\"og:url\" content=\"https:\/\/www.esta-officiel-usa.com\/it\/autorizzazione-esta-dalla-francia\/\" \/>\n<meta property=\"og:site_name\" content=\"ESTA - Stati Uniti\" \/>\n<meta property=\"article:modified_time\" content=\"2025-09-13T12:03:20+00:00\" \/>\n<meta name=\"twitter:card\" content=\"summary_large_image\" \/>\n<meta name=\"twitter:label1\" content=\"Tempo di lettura stimato\" \/>\n\t<meta name=\"twitter:data1\" content=\"2 minuti\" \/>\n<script type=\"application\/ld+json\" class=\"yoast-schema-graph\">{\"@context\":\"https:\/\/schema.org\",\"@graph\":[{\"@type\":\"WebPage\",\"@id\":\"https:\/\/www.esta-officiel-usa.com\/it\/autorizzazione-esta-dalla-francia\/\",\"url\":\"https:\/\/www.esta-officiel-usa.com\/it\/autorizzazione-esta-dalla-francia\/\",\"name\":\"Autorizzazione ESTA dalla Francia\",\"isPartOf\":{\"@id\":\"https:\/\/www.esta-officiel-usa.com\/it\/#website\"},\"datePublished\":\"2025-09-13T12:03:16+00:00\",\"dateModified\":\"2025-09-13T12:03:20+00:00\",\"description\":\"Se vuoi recarti negli Stati Uniti dalla Francia, i nostri esperti possono aiutarti a organizzare il tuo viaggio fornendoti informazioni sull'ESTA dalla Francia.\",\"breadcrumb\":{\"@id\":\"https:\/\/www.esta-officiel-usa.com\/it\/autorizzazione-esta-dalla-francia\/#breadcrumb\"},\"inLanguage\":\"it-IT\",\"potentialAction\":[{\"@type\":\"ReadAction\",\"target\":[\"https:\/\/www.esta-officiel-usa.com\/it\/autorizzazione-esta-dalla-francia\/\"]}]},{\"@type\":\"BreadcrumbList\",\"@id\":\"https:\/\/www.esta-officiel-usa.com\/it\/autorizzazione-esta-dalla-francia\/#breadcrumb\",\"itemListElement\":[{\"@type\":\"ListItem\",\"position\":1,\"name\":\"Casa\",\"item\":\"https:\/\/www.esta-officiel-usa.com\/it\/\"},{\"@type\":\"ListItem\",\"position\":2,\"name\":\"Autorizzazione ESTA dalla Francia\"}]},{\"@type\":\"WebSite\",\"@id\":\"https:\/\/www.esta-officiel-usa.com\/it\/#website\",\"url\":\"https:\/\/www.esta-officiel-usa.com\/it\/\",\"name\":\"ESTA - Stati Uniti\",\"description\":\"Modulo di richiesta ESTA\",\"potentialAction\":[{\"@type\":\"SearchAction\",\"target\":{\"@type\":\"EntryPoint\",\"urlTemplate\":\"https:\/\/www.esta-officiel-usa.com\/it\/?s={search_term_string}\"},\"query-input\":{\"@type\":\"PropertyValueSpecification\",\"valueRequired\":true,\"valueName\":\"search_term_string\"}}],\"inLanguage\":\"it-IT\"}]}<\/script>\n<!-- \/ Yoast SEO plugin. -->","yoast_head_json":{"title":"Autorizzazione ESTA dalla Francia","description":"Se vuoi recarti negli Stati Uniti dalla Francia, i nostri esperti possono aiutarti a organizzare il tuo viaggio fornendoti informazioni sull'ESTA dalla Francia.","robots":{"index":"index","follow":"follow","max-snippet":"max-snippet:-1","max-image-preview":"max-image-preview:large","max-video-preview":"max-video-preview:-1"},"canonical":"https:\/\/www.esta-officiel-usa.com\/it\/autorizzazione-esta-dalla-francia\/","og_locale":"it_IT","og_type":"article","og_title":"Autorizzazione ESTA dalla Francia","og_description":"Se vuoi recarti negli Stati Uniti dalla Francia, i nostri esperti possono aiutarti a organizzare il tuo viaggio fornendoti informazioni sull'ESTA dalla Francia.","og_url":"https:\/\/www.esta-officiel-usa.com\/it\/autorizzazione-esta-dalla-francia\/","og_site_name":"ESTA - Stati Uniti","article_modified_time":"2025-09-13T12:03:20+00:00","twitter_card":"summary_large_image","twitter_misc":{"Tempo di lettura stimato":"2 minuti"},"schema":{"@context":"https:\/\/schema.org","@graph":[{"@type":"WebPage","@id":"https:\/\/www.esta-officiel-usa.com\/it\/autorizzazione-esta-dalla-francia\/","url":"https:\/\/www.esta-officiel-usa.com\/it\/autorizzazione-esta-dalla-francia\/","name":"Autorizzazione ESTA dalla Francia","isPartOf":{"@id":"https:\/\/www.esta-officiel-usa.com\/it\/#website"},"datePublished":"2025-09-13T12:03:16+00:00","dateModified":"2025-09-13T12:03:20+00:00","description":"Se vuoi recarti negli Stati Uniti dalla Francia, i nostri esperti possono aiutarti a organizzare il tuo viaggio fornendoti informazioni sull'ESTA dalla Francia.","breadcrumb":{"@id":"https:\/\/www.esta-officiel-usa.com\/it\/autorizzazione-esta-dalla-francia\/#breadcrumb"},"inLanguage":"it-IT","potentialAction":[{"@type":"ReadAction","target":["https:\/\/www.esta-officiel-usa.com\/it\/autorizzazione-esta-dalla-francia\/"]}]},{"@type":"BreadcrumbList","@id":"https:\/\/www.esta-officiel-usa.com\/it\/autorizzazione-esta-dalla-francia\/#breadcrumb","itemListElement":[{"@type":"ListItem","position":1,"name":"Casa","item":"https:\/\/www.esta-officiel-usa.com\/it\/"},{"@type":"ListItem","position":2,"name":"Autorizzazione ESTA dalla Francia"}]},{"@type":"WebSite","@id":"https:\/\/www.esta-officiel-usa.com\/it\/#website","url":"https:\/\/www.esta-officiel-usa.com\/it\/","name":"ESTA - Stati Uniti","description":"Modulo di richiesta ESTA","potentialAction":[{"@type":"SearchAction","target":{"@type":"EntryPoint","urlTemplate":"https:\/\/www.esta-officiel-usa.com\/it\/?s={search_term_string}"},"query-input":{"@type":"PropertyValueSpecification","valueRequired":true,"valueName":"search_term_string"}}],"inLanguage":"it-IT"}]}},"_links":{"self":[{"href":"https:\/\/www.esta-officiel-usa.com\/it\/wp-json\/wp\/v2\/pages\/1438","targetHints":{"allow":["GET"]}}],"collection":[{"href":"https:\/\/www.esta-officiel-usa.com\/it\/wp-json\/wp\/v2\/pages"}],"about":[{"href":"https:\/\/www.esta-officiel-usa.com\/it\/wp-json\/wp\/v2\/types\/page"}],"author":[{"embeddable":true,"href":"https:\/\/www.esta-officiel-usa.com\/it\/wp-json\/wp\/v2\/users\/1"}],"replies":[{"embeddable":true,"href":"https:\/\/www.esta-officiel-usa.com\/it\/wp-json\/wp\/v2\/comments?post=1438"}],"version-history":[{"count":1,"href":"https:\/\/www.esta-officiel-usa.com\/it\/wp-json\/wp\/v2\/pages\/1438\/revisions"}],"predecessor-version":[{"id":1439,"href":"https:\/\/www.esta-officiel-usa.com\/it\/wp-json\/wp\/v2\/pages\/1438\/revisions\/1439"}],"wp:attachment":[{"href":"https:\/\/www.esta-officiel-usa.com\/it\/wp-json\/wp\/v2\/media?parent=1438"}],"curies":[{"name":"wp","href":"https:\/\/api.w.org\/{rel}","templated":true}]}}