{"id":1445,"date":"2025-09-13T12:03:18","date_gmt":"2025-09-13T12:03:18","guid":{"rendered":"https:\/\/www.esta-officiel-usa.com\/autorizzazione-esta-gratuita\/"},"modified":"2025-09-13T12:03:20","modified_gmt":"2025-09-13T12:03:20","slug":"autorizzazione-esta-gratuita","status":"publish","type":"page","link":"https:\/\/www.esta-officiel-usa.com\/it\/autorizzazione-esta-gratuita\/","title":{"rendered":"Autorizzazione ESTA gratuita"},"content":{"rendered":"\n<h1 class=\"wp-block-heading\">ESTA GRATUITO<\/h1>\n\n<p>L&#8217;Electronic System for Travel Authorisation \u00e8 un documento rilasciato dal governo degli Stati Uniti ai cittadini dei paesi che partecipano al <a href=\"https:\/\/www.esta-officiel-usa.com\/fr\/a-propos-du-visa-waiver-program\/\">Visa Waiver Program<\/a>. Permette ai viaggiatori di entrare negli Stati Uniti senza dover ottenere prima un visto, ma semplicemente un&#8217;<a href=\"https:\/\/www.esta-officiel-usa.com\/it\/\">ESTA<\/a>. In questo articolo vedremo la definizione di ESTA e risponderemo alla seguente domanda: \u00e8 possibile ottenere un&#8217;ESTA gratuitamente?  <\/p>\n\n<h2 class=\"wp-block-heading\">FREE ESTA: COME FUNZIONA?<\/h2>\n\n<p>Milioni di viaggiatori visitano gli Stati Uniti ogni anno e devono quindi ottenere un&#8217;ESTA <a href=\"https:\/\/www.esta-officiel-usa.com\/it\/ottieni-il-modulo-esta-online\/\">online<\/a> prima di salire a bordo dell&#8217;aereo o della nave. L&#8217;autorizzazione ESTA ti permette di soggiornare nel Paese per un massimo di 90 giorni consecutivi per turismo o per affari. L&#8217;accesso al modulo online dell&#8217;ESTA \u00e8 gratuito, sia sul sito delle dogane statunitensi che sulle piattaforme specializzate, ma \u00e8 necessario pagare una tassa di <a href=\"https:\/\/www.esta-officiel-usa.com\/fr\/lesta-pour-14\/\">21 dollari<\/a> prima che la domanda possa essere finalizzata.<br\/>Prima di iniziare la procedura, \u00e8 importante conoscere le condizioni per ottenere l&#8217;ESTA:  <\/p>\n\n<ul class=\"wp-block-list\">\n<li>Essere cittadini di uno dei Paesi partner del VWP senza avere la doppia cittadinanza siriana, irachena, iraniana o sudanese;<\/li>\n\n\n\n<li>Un passaporto elettronico o biometrico valido per la durata del soggiorno;<\/li>\n\n\n\n<li>Pianificare un soggiorno di meno di 90 giorni per motivi di turismo o di lavoro;<\/li>\n\n\n\n<li>Essere in possesso di un biglietto di ritorno o di proseguimento;<\/li>\n\n\n\n<li>La compagnia aerea o di navigazione che scegli \u00e8 approvata dal governo degli Stati Uniti;<\/li>\n\n\n\n<li>Nessun precedente penale, problemi di salute o viaggi in paesi incompatibili con l&#8217;ESTA.<\/li>\n<\/ul>\n\n<p>Nonostante quello che puoi leggere su internet, non esiste l&#8217;ESTA gratuito, o almeno non esiste pi\u00f9: introdotto all&#8217;inizio del 2009, il modulo ESTA \u00e8 diventato a pagamento l&#8217;8 settembre 2010.<\/p>\n\n<h2 class=\"wp-block-heading\">PERCH\u00c9 L&#8217;ESTA GRATUITO NON \u00c8 PI\u00d9 DISPONIBILE?<\/h2>\n\n<p>L&#8217;elaborazione di una domanda ESTA presso il governo degli Stati Uniti costa 21 dollari. <a href=\"https:\/\/www.esta-officiel-usa.com\/it\/come-pagare-la-domanda-esta\/\">Questa tassa<\/a> viene utilizzata per migliorare la sicurezza negli aeroporti americani e per promuovere il turismo negli Stati Uniti. Non \u00e8 quindi possibile ottenere un&#8217;ESTA gratuitamente, ma questa autorizzazione offre vantaggi significativi che giustificano pienamente il suo prezzo: <\/p>\n\n<ol class=\"wp-block-list\">\n<li>La possibilit\u00e0 di soggiornare negli Stati Uniti per 90 giorni;<\/li>\n\n\n\n<li>Puoi utilizzare l&#8217;ESTA per <a href=\"https:\/\/www.esta-officiel-usa.com\/fr\/esta-pour-transit-aux-etats-unis\/\">transitare negli<\/a> Stati Uniti;<\/li>\n\n\n\n<li>Non \u00e8 necessario fissare un appuntamento all&#8217;<a href=\"https:\/\/www.esta-officiel-usa.com\/it\/recarsi-allambasciata-statunitense-per-ottenere-il-visto\/\">ambasciata americana<\/a>;<\/li>\n\n\n\n<li>Esenzione dal visto ;<\/li>\n\n\n\n<li>Puoi farlo online;<\/li>\n\n\n\n<li>Per compilare il <a href=\"https:\/\/www.esta-officiel-usa.com\/fr\/le-formulaire-esta-pour-les-usa-a-completer\/\">modulo<\/a> \u00e8 necessario solo il passaporto;<\/li>\n\n\n\n<li>L&#8217;ESTA <a href=\"https:\/\/www.esta-officiel-usa.com\/fr\/la-duree-de-validite-de-lesta\/\">\u00e8 valida per<\/a> 2 anni e consente di effettuare pi\u00f9 visite;<\/li>\n\n\n\n<li>Le richieste vengono solitamente elaborate entro poche ore;<\/li>\n\n\n\n<li>Il <a href=\"https:\/\/www.esta-officiel-usa.com\/it\/esta-quanto-costa\/\">prezzo dell&#8217;<\/a> ESTA \u00e8 10 volte inferiore a quello di un visto tradizionale.<\/li>\n<\/ol>\n\n<p>Il modulo \u00e8 disponibile sul sito web della dogana statunitense. Non vengono offerti servizi aggiuntivi. Tuttavia, le autorit\u00e0 americane possono essere molto severe quando si tratta di domande che non rispettano i criteri per l&#8217;ottenimento del passaporto. Qualsiasi errore di battitura o numero di passaporto errato pu\u00f2 comportare il rifiuto immediato della domanda.   <\/p>\n","protected":false},"excerpt":{"rendered":"<p>ESTA GRATUITO L&#8217;Electronic System for Travel Authorisation \u00e8 un documento rilasciato dal governo degli Stati Uniti ai cittadini dei paesi che partecipano al Visa Waiver Program. Permette ai viaggiatori di entrare negli Stati Uniti senza dover ottenere prima un visto, ma semplicemente un&#8217;ESTA. In questo articolo vedremo la definizione di ESTA e risponderemo alla seguente [&hellip;]<\/p>\n","protected":false},"author":1,"featured_media":0,"parent":0,"menu_order":0,"comment_status":"closed","ping_status":"closed","template":"","meta":{"footnotes":""},"class_list":["post-1445","page","type-page","status-publish","hentry"],"yoast_head":"<!-- This site is optimized with the Yoast SEO plugin v26.2 - https:\/\/yoast.com\/wordpress\/plugins\/seo\/ -->\n<title>Autorizzazione ESTA gratuita<\/title>\n<meta name=\"description\" content=\"L&#039;accesso al modulo ESTA online \u00e8 gratuito, ma dovrai pagare $14 per ottenerlo dal sito web della dogana statunitense.\" \/>\n<meta name=\"robots\" content=\"index, follow, max-snippet:-1, max-image-preview:large, max-video-preview:-1\" \/>\n<link rel=\"canonical\" href=\"https:\/\/www.esta-officiel-usa.com\/it\/autorizzazione-esta-gratuita\/\" \/>\n<meta property=\"og:locale\" content=\"it_IT\" \/>\n<meta property=\"og:type\" content=\"article\" \/>\n<meta property=\"og:title\" content=\"Autorizzazione ESTA gratuita\" \/>\n<meta property=\"og:description\" content=\"L&#039;accesso al modulo ESTA online \u00e8 gratuito, ma dovrai pagare $14 per ottenerlo dal sito web della dogana statunitense.\" \/>\n<meta property=\"og:url\" content=\"https:\/\/www.esta-officiel-usa.com\/it\/autorizzazione-esta-gratuita\/\" \/>\n<meta property=\"og:site_name\" content=\"ESTA - Stati Uniti\" \/>\n<meta property=\"article:modified_time\" content=\"2025-09-13T12:03:20+00:00\" \/>\n<meta name=\"twitter:card\" content=\"summary_large_image\" \/>\n<meta name=\"twitter:label1\" content=\"Tempo di lettura stimato\" \/>\n\t<meta name=\"twitter:data1\" content=\"2 minuti\" \/>\n<script type=\"application\/ld+json\" class=\"yoast-schema-graph\">{\"@context\":\"https:\/\/schema.org\",\"@graph\":[{\"@type\":\"WebPage\",\"@id\":\"https:\/\/www.esta-officiel-usa.com\/it\/autorizzazione-esta-gratuita\/\",\"url\":\"https:\/\/www.esta-officiel-usa.com\/it\/autorizzazione-esta-gratuita\/\",\"name\":\"Autorizzazione ESTA gratuita\",\"isPartOf\":{\"@id\":\"https:\/\/www.esta-officiel-usa.com\/it\/#website\"},\"datePublished\":\"2025-09-13T12:03:18+00:00\",\"dateModified\":\"2025-09-13T12:03:20+00:00\",\"description\":\"L'accesso al modulo ESTA online \u00e8 gratuito, ma dovrai pagare $14 per ottenerlo dal sito web della dogana statunitense.\",\"breadcrumb\":{\"@id\":\"https:\/\/www.esta-officiel-usa.com\/it\/autorizzazione-esta-gratuita\/#breadcrumb\"},\"inLanguage\":\"it-IT\",\"potentialAction\":[{\"@type\":\"ReadAction\",\"target\":[\"https:\/\/www.esta-officiel-usa.com\/it\/autorizzazione-esta-gratuita\/\"]}]},{\"@type\":\"BreadcrumbList\",\"@id\":\"https:\/\/www.esta-officiel-usa.com\/it\/autorizzazione-esta-gratuita\/#breadcrumb\",\"itemListElement\":[{\"@type\":\"ListItem\",\"position\":1,\"name\":\"Casa\",\"item\":\"https:\/\/www.esta-officiel-usa.com\/it\/\"},{\"@type\":\"ListItem\",\"position\":2,\"name\":\"Autorizzazione ESTA gratuita\"}]},{\"@type\":\"WebSite\",\"@id\":\"https:\/\/www.esta-officiel-usa.com\/it\/#website\",\"url\":\"https:\/\/www.esta-officiel-usa.com\/it\/\",\"name\":\"ESTA - Stati Uniti\",\"description\":\"Modulo di richiesta ESTA\",\"potentialAction\":[{\"@type\":\"SearchAction\",\"target\":{\"@type\":\"EntryPoint\",\"urlTemplate\":\"https:\/\/www.esta-officiel-usa.com\/it\/?s={search_term_string}\"},\"query-input\":{\"@type\":\"PropertyValueSpecification\",\"valueRequired\":true,\"valueName\":\"search_term_string\"}}],\"inLanguage\":\"it-IT\"}]}<\/script>\n<!-- \/ Yoast SEO plugin. -->","yoast_head_json":{"title":"Autorizzazione ESTA gratuita","description":"L'accesso al modulo ESTA online \u00e8 gratuito, ma dovrai pagare $14 per ottenerlo dal sito web della dogana statunitense.","robots":{"index":"index","follow":"follow","max-snippet":"max-snippet:-1","max-image-preview":"max-image-preview:large","max-video-preview":"max-video-preview:-1"},"canonical":"https:\/\/www.esta-officiel-usa.com\/it\/autorizzazione-esta-gratuita\/","og_locale":"it_IT","og_type":"article","og_title":"Autorizzazione ESTA gratuita","og_description":"L'accesso al modulo ESTA online \u00e8 gratuito, ma dovrai pagare $14 per ottenerlo dal sito web della dogana statunitense.","og_url":"https:\/\/www.esta-officiel-usa.com\/it\/autorizzazione-esta-gratuita\/","og_site_name":"ESTA - Stati Uniti","article_modified_time":"2025-09-13T12:03:20+00:00","twitter_card":"summary_large_image","twitter_misc":{"Tempo di lettura stimato":"2 minuti"},"schema":{"@context":"https:\/\/schema.org","@graph":[{"@type":"WebPage","@id":"https:\/\/www.esta-officiel-usa.com\/it\/autorizzazione-esta-gratuita\/","url":"https:\/\/www.esta-officiel-usa.com\/it\/autorizzazione-esta-gratuita\/","name":"Autorizzazione ESTA gratuita","isPartOf":{"@id":"https:\/\/www.esta-officiel-usa.com\/it\/#website"},"datePublished":"2025-09-13T12:03:18+00:00","dateModified":"2025-09-13T12:03:20+00:00","description":"L'accesso al modulo ESTA online \u00e8 gratuito, ma dovrai pagare $14 per ottenerlo dal sito web della dogana statunitense.","breadcrumb":{"@id":"https:\/\/www.esta-officiel-usa.com\/it\/autorizzazione-esta-gratuita\/#breadcrumb"},"inLanguage":"it-IT","potentialAction":[{"@type":"ReadAction","target":["https:\/\/www.esta-officiel-usa.com\/it\/autorizzazione-esta-gratuita\/"]}]},{"@type":"BreadcrumbList","@id":"https:\/\/www.esta-officiel-usa.com\/it\/autorizzazione-esta-gratuita\/#breadcrumb","itemListElement":[{"@type":"ListItem","position":1,"name":"Casa","item":"https:\/\/www.esta-officiel-usa.com\/it\/"},{"@type":"ListItem","position":2,"name":"Autorizzazione ESTA gratuita"}]},{"@type":"WebSite","@id":"https:\/\/www.esta-officiel-usa.com\/it\/#website","url":"https:\/\/www.esta-officiel-usa.com\/it\/","name":"ESTA - Stati Uniti","description":"Modulo di richiesta ESTA","potentialAction":[{"@type":"SearchAction","target":{"@type":"EntryPoint","urlTemplate":"https:\/\/www.esta-officiel-usa.com\/it\/?s={search_term_string}"},"query-input":{"@type":"PropertyValueSpecification","valueRequired":true,"valueName":"search_term_string"}}],"inLanguage":"it-IT"}]}},"_links":{"self":[{"href":"https:\/\/www.esta-officiel-usa.com\/it\/wp-json\/wp\/v2\/pages\/1445","targetHints":{"allow":["GET"]}}],"collection":[{"href":"https:\/\/www.esta-officiel-usa.com\/it\/wp-json\/wp\/v2\/pages"}],"about":[{"href":"https:\/\/www.esta-officiel-usa.com\/it\/wp-json\/wp\/v2\/types\/page"}],"author":[{"embeddable":true,"href":"https:\/\/www.esta-officiel-usa.com\/it\/wp-json\/wp\/v2\/users\/1"}],"replies":[{"embeddable":true,"href":"https:\/\/www.esta-officiel-usa.com\/it\/wp-json\/wp\/v2\/comments?post=1445"}],"version-history":[{"count":1,"href":"https:\/\/www.esta-officiel-usa.com\/it\/wp-json\/wp\/v2\/pages\/1445\/revisions"}],"predecessor-version":[{"id":1447,"href":"https:\/\/www.esta-officiel-usa.com\/it\/wp-json\/wp\/v2\/pages\/1445\/revisions\/1447"}],"wp:attachment":[{"href":"https:\/\/www.esta-officiel-usa.com\/it\/wp-json\/wp\/v2\/media?parent=1445"}],"curies":[{"name":"wp","href":"https:\/\/api.w.org\/{rel}","templated":true}]}}