{"id":1451,"date":"2025-09-13T12:03:23","date_gmt":"2025-09-13T12:03:23","guid":{"rendered":"https:\/\/www.esta-officiel-usa.com\/lesta-non-costa-piu-14-dollari\/"},"modified":"2025-09-13T12:03:28","modified_gmt":"2025-09-13T12:03:28","slug":"lesta-non-costa-piu-14-dollari","status":"publish","type":"page","link":"https:\/\/www.esta-officiel-usa.com\/it\/lesta-non-costa-piu-14-dollari\/","title":{"rendered":"L&#8217;ESTA non costa pi\u00f9 14 dollari"},"content":{"rendered":"\n<h1 class=\"wp-block-heading\">Quanto costa ottenere l&#8217;ESTA?<\/h1>\n\n<p>L&#8217;ESTA \u00e8 un&#8217;autorizzazione obbligatoria per chiunque voglia recarsi negli Stati Uniti. Devi richiederla almeno 72 ore prima della partenza prevista e pagare una tassa di 21 dollari. <\/p>\n\n<h2 class=\"wp-block-heading\">Perch\u00e9 pagare 21 dollari per l&#8217;ESTA?<\/h2>\n\n<p>Per essere autorizzato a viaggiare negli Stati Uniti, devi<a href=\"https:\/\/www.esta-officiel-usa.com\/it\/\">ottenere un&#8217;ESTA<\/a>. Questo si ottiene compilando un modulo che richiede una serie di dettagli sull&#8217;identit\u00e0 del viaggiatore. L&#8217;autorizzazione \u00e8 disponibile solo per i cittadini dei paesi che partecipano al Programma Viaggio senza Visto, tra cui la Francia. \u00c8 inoltre necessario un passaporto biometrico o elettronico. Se non hai un passaporto biometrico o elettronico, non ti verr\u00e0 rilasciata l&#8217;ESTA.    <\/p>\n\n<p>La procedura per ottenere l&#8217;autorizzazione \u00e8 esclusivamente <a href=\"https:\/\/www.esta-officiel-usa.com\/it\/ottieni-il-modulo-esta-online\/\">online<\/a>. \u00c8 quindi fondamentale disporre di un mezzo di pagamento che possa essere utilizzato online. L&#8217;importo di 21 dollari \u00e8 un prezzo stabilito dalle autorit\u00e0 americane per coprire le spese di richiesta. Queste <a href=\"https:\/\/www.esta-officiel-usa.com\/it\/lesta-non-costa-piu-14-dollari\/\">tasse<\/a> vengono poi ridistribuite come segue:   <\/p>\n\n<ul class=\"wp-block-list\">\n<li>17 sono destinati a varie organizzazioni che collaborano con l&#8217;amministrazione statunitense per promuovere il turismo nel paese;<\/li>\n\n\n\n<li>4 va ai servizi responsabili del programma ESTA.<\/li>\n<\/ul>\n","protected":false},"excerpt":{"rendered":"<p>Quanto costa ottenere l&#8217;ESTA? L&#8217;ESTA \u00e8 un&#8217;autorizzazione obbligatoria per chiunque voglia recarsi negli Stati Uniti. Devi richiederla almeno 72 ore prima della partenza prevista e pagare una tassa di 21 dollari. Perch\u00e9 pagare 21 dollari per l&#8217;ESTA? Per essere autorizzato a viaggiare negli Stati Uniti, deviottenere un&#8217;ESTA. Questo si ottiene compilando un modulo che richiede [&hellip;]<\/p>\n","protected":false},"author":1,"featured_media":0,"parent":0,"menu_order":0,"comment_status":"closed","ping_status":"closed","template":"","meta":{"footnotes":""},"class_list":["post-1451","page","type-page","status-publish","hentry"],"yoast_head":"<!-- This site is optimized with the Yoast SEO plugin v26.2 - https:\/\/yoast.com\/wordpress\/plugins\/seo\/ -->\n<title>L&#039;ESTA non costa pi\u00f9 14 dollari<\/title>\n<meta name=\"description\" content=\"La domanda ESTA \u00e8 una formalit\u00e0 necessaria per l&#039;ingresso negli Stati Uniti e dovrai pagare 21 dollari per ottenerla.\" \/>\n<meta name=\"robots\" content=\"index, follow, max-snippet:-1, max-image-preview:large, max-video-preview:-1\" \/>\n<link rel=\"canonical\" href=\"https:\/\/www.esta-officiel-usa.com\/it\/lesta-non-costa-piu-14-dollari\/\" \/>\n<meta property=\"og:locale\" content=\"it_IT\" \/>\n<meta property=\"og:type\" content=\"article\" \/>\n<meta property=\"og:title\" content=\"L&#039;ESTA non costa pi\u00f9 14 dollari\" \/>\n<meta property=\"og:description\" content=\"La domanda ESTA \u00e8 una formalit\u00e0 necessaria per l&#039;ingresso negli Stati Uniti e dovrai pagare 21 dollari per ottenerla.\" \/>\n<meta property=\"og:url\" content=\"https:\/\/www.esta-officiel-usa.com\/it\/lesta-non-costa-piu-14-dollari\/\" \/>\n<meta property=\"og:site_name\" content=\"ESTA - Stati Uniti\" \/>\n<meta property=\"article:modified_time\" content=\"2025-09-13T12:03:28+00:00\" \/>\n<meta name=\"twitter:card\" content=\"summary_large_image\" \/>\n<meta name=\"twitter:label1\" content=\"Tempo di lettura stimato\" \/>\n\t<meta name=\"twitter:data1\" content=\"1 minuto\" \/>\n<script type=\"application\/ld+json\" class=\"yoast-schema-graph\">{\"@context\":\"https:\/\/schema.org\",\"@graph\":[{\"@type\":\"WebPage\",\"@id\":\"https:\/\/www.esta-officiel-usa.com\/it\/lesta-non-costa-piu-14-dollari\/\",\"url\":\"https:\/\/www.esta-officiel-usa.com\/it\/lesta-non-costa-piu-14-dollari\/\",\"name\":\"L'ESTA non costa pi\u00f9 14 dollari\",\"isPartOf\":{\"@id\":\"https:\/\/www.esta-officiel-usa.com\/it\/#website\"},\"datePublished\":\"2025-09-13T12:03:23+00:00\",\"dateModified\":\"2025-09-13T12:03:28+00:00\",\"description\":\"La domanda ESTA \u00e8 una formalit\u00e0 necessaria per l'ingresso negli Stati Uniti e dovrai pagare 21 dollari per ottenerla.\",\"breadcrumb\":{\"@id\":\"https:\/\/www.esta-officiel-usa.com\/it\/lesta-non-costa-piu-14-dollari\/#breadcrumb\"},\"inLanguage\":\"it-IT\",\"potentialAction\":[{\"@type\":\"ReadAction\",\"target\":[\"https:\/\/www.esta-officiel-usa.com\/it\/lesta-non-costa-piu-14-dollari\/\"]}]},{\"@type\":\"BreadcrumbList\",\"@id\":\"https:\/\/www.esta-officiel-usa.com\/it\/lesta-non-costa-piu-14-dollari\/#breadcrumb\",\"itemListElement\":[{\"@type\":\"ListItem\",\"position\":1,\"name\":\"Casa\",\"item\":\"https:\/\/www.esta-officiel-usa.com\/it\/\"},{\"@type\":\"ListItem\",\"position\":2,\"name\":\"L&#8217;ESTA non costa pi\u00f9 14 dollari\"}]},{\"@type\":\"WebSite\",\"@id\":\"https:\/\/www.esta-officiel-usa.com\/it\/#website\",\"url\":\"https:\/\/www.esta-officiel-usa.com\/it\/\",\"name\":\"ESTA - Stati Uniti\",\"description\":\"Modulo di richiesta ESTA\",\"potentialAction\":[{\"@type\":\"SearchAction\",\"target\":{\"@type\":\"EntryPoint\",\"urlTemplate\":\"https:\/\/www.esta-officiel-usa.com\/it\/?s={search_term_string}\"},\"query-input\":{\"@type\":\"PropertyValueSpecification\",\"valueRequired\":true,\"valueName\":\"search_term_string\"}}],\"inLanguage\":\"it-IT\"}]}<\/script>\n<!-- \/ Yoast SEO plugin. -->","yoast_head_json":{"title":"L'ESTA non costa pi\u00f9 14 dollari","description":"La domanda ESTA \u00e8 una formalit\u00e0 necessaria per l'ingresso negli Stati Uniti e dovrai pagare 21 dollari per ottenerla.","robots":{"index":"index","follow":"follow","max-snippet":"max-snippet:-1","max-image-preview":"max-image-preview:large","max-video-preview":"max-video-preview:-1"},"canonical":"https:\/\/www.esta-officiel-usa.com\/it\/lesta-non-costa-piu-14-dollari\/","og_locale":"it_IT","og_type":"article","og_title":"L'ESTA non costa pi\u00f9 14 dollari","og_description":"La domanda ESTA \u00e8 una formalit\u00e0 necessaria per l'ingresso negli Stati Uniti e dovrai pagare 21 dollari per ottenerla.","og_url":"https:\/\/www.esta-officiel-usa.com\/it\/lesta-non-costa-piu-14-dollari\/","og_site_name":"ESTA - Stati Uniti","article_modified_time":"2025-09-13T12:03:28+00:00","twitter_card":"summary_large_image","twitter_misc":{"Tempo di lettura stimato":"1 minuto"},"schema":{"@context":"https:\/\/schema.org","@graph":[{"@type":"WebPage","@id":"https:\/\/www.esta-officiel-usa.com\/it\/lesta-non-costa-piu-14-dollari\/","url":"https:\/\/www.esta-officiel-usa.com\/it\/lesta-non-costa-piu-14-dollari\/","name":"L'ESTA non costa pi\u00f9 14 dollari","isPartOf":{"@id":"https:\/\/www.esta-officiel-usa.com\/it\/#website"},"datePublished":"2025-09-13T12:03:23+00:00","dateModified":"2025-09-13T12:03:28+00:00","description":"La domanda ESTA \u00e8 una formalit\u00e0 necessaria per l'ingresso negli Stati Uniti e dovrai pagare 21 dollari per ottenerla.","breadcrumb":{"@id":"https:\/\/www.esta-officiel-usa.com\/it\/lesta-non-costa-piu-14-dollari\/#breadcrumb"},"inLanguage":"it-IT","potentialAction":[{"@type":"ReadAction","target":["https:\/\/www.esta-officiel-usa.com\/it\/lesta-non-costa-piu-14-dollari\/"]}]},{"@type":"BreadcrumbList","@id":"https:\/\/www.esta-officiel-usa.com\/it\/lesta-non-costa-piu-14-dollari\/#breadcrumb","itemListElement":[{"@type":"ListItem","position":1,"name":"Casa","item":"https:\/\/www.esta-officiel-usa.com\/it\/"},{"@type":"ListItem","position":2,"name":"L&#8217;ESTA non costa pi\u00f9 14 dollari"}]},{"@type":"WebSite","@id":"https:\/\/www.esta-officiel-usa.com\/it\/#website","url":"https:\/\/www.esta-officiel-usa.com\/it\/","name":"ESTA - Stati Uniti","description":"Modulo di richiesta ESTA","potentialAction":[{"@type":"SearchAction","target":{"@type":"EntryPoint","urlTemplate":"https:\/\/www.esta-officiel-usa.com\/it\/?s={search_term_string}"},"query-input":{"@type":"PropertyValueSpecification","valueRequired":true,"valueName":"search_term_string"}}],"inLanguage":"it-IT"}]}},"_links":{"self":[{"href":"https:\/\/www.esta-officiel-usa.com\/it\/wp-json\/wp\/v2\/pages\/1451","targetHints":{"allow":["GET"]}}],"collection":[{"href":"https:\/\/www.esta-officiel-usa.com\/it\/wp-json\/wp\/v2\/pages"}],"about":[{"href":"https:\/\/www.esta-officiel-usa.com\/it\/wp-json\/wp\/v2\/types\/page"}],"author":[{"embeddable":true,"href":"https:\/\/www.esta-officiel-usa.com\/it\/wp-json\/wp\/v2\/users\/1"}],"replies":[{"embeddable":true,"href":"https:\/\/www.esta-officiel-usa.com\/it\/wp-json\/wp\/v2\/comments?post=1451"}],"version-history":[{"count":1,"href":"https:\/\/www.esta-officiel-usa.com\/it\/wp-json\/wp\/v2\/pages\/1451\/revisions"}],"predecessor-version":[{"id":1453,"href":"https:\/\/www.esta-officiel-usa.com\/it\/wp-json\/wp\/v2\/pages\/1451\/revisions\/1453"}],"wp:attachment":[{"href":"https:\/\/www.esta-officiel-usa.com\/it\/wp-json\/wp\/v2\/media?parent=1451"}],"curies":[{"name":"wp","href":"https:\/\/api.w.org\/{rel}","templated":true}]}}