{"id":1459,"date":"2025-09-13T12:03:24","date_gmt":"2025-09-13T12:03:24","guid":{"rendered":"https:\/\/www.esta-officiel-usa.com\/richiesta-di-autorizzazione-esta-in-corso\/"},"modified":"2025-09-13T12:03:28","modified_gmt":"2025-09-13T12:03:28","slug":"richiesta-di-autorizzazione-esta-in-corso","status":"publish","type":"page","link":"https:\/\/www.esta-officiel-usa.com\/it\/richiesta-di-autorizzazione-esta-in-corso\/","title":{"rendered":"Richiesta di autorizzazione ESTA in corso"},"content":{"rendered":"\n<h1 class=\"wp-block-heading\">CHE COS&#8217;\u00c8 UN&#8217;AUTORIZZAZIONE ESTA IN ATTESA?  <\/h1>\n\n<p>Hai intenzione di recarti negli Stati Uniti e hai compilato il <a href=\"https:\/\/www.esta-officiel-usa.com\/it\/\">modulo ESTA<\/a> online. Il problema \u00e8 che la risposta che ricevi \u00e8 confusa: autorizzazione in sospeso. Cosa significa? Un&#8217;ESTA in sospeso viene sistematicamente rifiutata? Ti aiutiamo a scoprirlo.    <\/p>\n\n<h2 class=\"wp-block-heading\">QUAL \u00c8 L&#8217;ESTA IN SOSPESO?<\/h2>\n\n<p>La buona notizia \u00e8 che un&#8217;ESTA in sospeso non \u00e8 necessariamente un segno di rifiuto. Significa semplicemente che non puoi aspettarti una risposta immediata, ma che la riceverai entro 72 ore. Ora sai perch\u00e9 \u00e8 consigliabile non fare domanda all&#8217;ultimo minuto!  <\/p>\n\n<p>Ci sono tre motivi per cui l&#8217;ESTA \u00e8 in sospeso:<\/p>\n\n<ul class=\"wp-block-list\"><li>Il sito web ufficiale del governo su cui si effettuano le richieste ESTA \u00e8 sovraccarico, quindi le autorit\u00e0 americane hanno bisogno di pi\u00f9 tempo per elaborare le richieste;<\/li><li>Di tanto in tanto sono previsti controlli pi\u00f9 approfonditi, ma sono del tutto casuali;<\/li><li>le risposte fornite nel modulo o nel questionario richiedono un&#8217;attenzione maggiore e potrebbero necessitare di un controllo.<\/li><\/ul>\n\n<p>A questo punto, non puoi fare altro che attendere una risposta definitiva. Ti viene chiesto di collegarti al sito web del governo entro 72 ore e di cliccare sulla scheda &#8220;controlla lo stato dell&#8217;ESTA&#8221;. Per farlo, dovrai richiedere il numero della tua domanda, il numero del tuo passaporto e la tua data di nascita.  <\/p>\n\n<h2 class=\"wp-block-heading\">QUALI SONO I POSSIBILI ESITI DI UN&#8217;ESTA IN CORSO?<\/h2>\n\n<p>Se una richiesta di ESTA \u00e8 in sospeso, ci sono due possibili esiti: l&#8217;autorizzazione viene accettata o rifiutata.<\/p>\n\n<p>L&#8217;autorizzazione accettata ti d\u00e0 il permesso di recarti negli Stati Uniti, quindi puoi acquistare il biglietto aereo e organizzare il tuo soggiorno negli USA.<\/p>\n\n<p>Ricorda che l&#8217;ESTA \u00e8 un&#8217;autorizzazione al viaggio e non un&#8217;autorizzazione all&#8217;ingresso negli Stati Uniti. La decisione di farti entrare negli Stati Uniti spetta all&#8217;ufficiale dell&#8217;immigrazione al porto d&#8217;ingresso. Per prendere questa decisione, potrebbe farti una serie di domande sulla natura del tuo viaggio negli Stati Uniti o controllare i tuoi documenti, in particolare il tuo biglietto di ritorno o di proseguimento entro i 90 giorni previsti dall&#8217;autorizzazione ESTA.  <\/p>\n\n<p>Il rifiuto dell&#8217;autorizzazione \u00e8 ovviamente lo scenario peggiore, ma potrebbe non essere definitivo.<\/p>\n\n<p>Le autorit\u00e0 americane non <a href=\"https:\/\/www.esta-officiel-usa.com\/it\/quali-sono-i-motivi-del-rifiuto-dellesta\/\">motivano il rifiuto<\/a>, ma se scopri di aver commesso un errore nel modulo ESTA (errore di battitura o dati diversi da quelli riportati sul passaporto, come ad esempio il nome da sposato al posto di quello da nubile), puoi presentare una nuova domanda.<\/p>\n\n<p>Presentare una nuova domanda significa seguire la stessa procedura (controllando attentamente tutte le informazioni fornite) e pagare nuovamente l&#8217;ESTA.<\/p>\n\n<p>Fai attenzione a non fornire informazioni false solo per ottenere l&#8217;ESTA! Il governo statunitense pu\u00f2 rifiutarti l&#8217;ingresso, ma pu\u00f2 anche imporre sanzioni amministrative e penali. <\/p>\n\n<p>Se un ESTA in corso di validit\u00e0 viene rifiutato a causa del mancato rispetto di una <a href=\"https:\/\/www.esta-officiel-usa.com\/it\/condizioni-per-ottenere-lesta\/\">condizione di ammissibilit\u00e0<\/a> (passaporto biometrico o passaporto elettronico, nazionalit\u00e0 di un paese che partecipa al Programma Viaggio senza Visto, nazionalit\u00e0 irachena, siriana o sudanese, risposta affermativa a una delle domande chiuse del questionario, ecc. Il processo di richiesta del visto richiede molto pi\u00f9 tempo rispetto all&#8217;ESTA. <\/p>\n","protected":false},"excerpt":{"rendered":"<p>CHE COS&#8217;\u00c8 UN&#8217;AUTORIZZAZIONE ESTA IN ATTESA? Hai intenzione di recarti negli Stati Uniti e hai compilato il modulo ESTA online. Il problema \u00e8 che la risposta che ricevi \u00e8 confusa: autorizzazione in sospeso. Cosa significa? Un&#8217;ESTA in sospeso viene sistematicamente rifiutata? Ti aiutiamo a scoprirlo. QUAL \u00c8 L&#8217;ESTA IN SOSPESO? La buona notizia \u00e8 che [&hellip;]<\/p>\n","protected":false},"author":1,"featured_media":0,"parent":0,"menu_order":0,"comment_status":"closed","ping_status":"closed","template":"","meta":{"footnotes":""},"class_list":["post-1459","page","type-page","status-publish","hentry"],"yoast_head":"<!-- This site is optimized with the Yoast SEO plugin v26.2 - https:\/\/yoast.com\/wordpress\/plugins\/seo\/ -->\n<title>Richiesta di autorizzazione ESTA in corso<\/title>\n<meta name=\"description\" content=\"Presto ti recherai negli Stati Uniti e hai compilato la domanda ESTA online, ma \u00e8 ancora in sospeso.\" \/>\n<meta name=\"robots\" content=\"index, follow, max-snippet:-1, max-image-preview:large, max-video-preview:-1\" \/>\n<link rel=\"canonical\" href=\"https:\/\/www.esta-officiel-usa.com\/it\/richiesta-di-autorizzazione-esta-in-corso\/\" \/>\n<meta property=\"og:locale\" content=\"it_IT\" \/>\n<meta property=\"og:type\" content=\"article\" \/>\n<meta property=\"og:title\" content=\"Richiesta di autorizzazione ESTA in corso\" \/>\n<meta property=\"og:description\" content=\"Presto ti recherai negli Stati Uniti e hai compilato la domanda ESTA online, ma \u00e8 ancora in sospeso.\" \/>\n<meta property=\"og:url\" content=\"https:\/\/www.esta-officiel-usa.com\/it\/richiesta-di-autorizzazione-esta-in-corso\/\" \/>\n<meta property=\"og:site_name\" content=\"ESTA - Stati Uniti\" \/>\n<meta property=\"article:modified_time\" content=\"2025-09-13T12:03:28+00:00\" \/>\n<meta name=\"twitter:card\" content=\"summary_large_image\" \/>\n<meta name=\"twitter:label1\" content=\"Tempo di lettura stimato\" \/>\n\t<meta name=\"twitter:data1\" content=\"2 minuti\" \/>\n<script type=\"application\/ld+json\" class=\"yoast-schema-graph\">{\"@context\":\"https:\/\/schema.org\",\"@graph\":[{\"@type\":\"WebPage\",\"@id\":\"https:\/\/www.esta-officiel-usa.com\/it\/richiesta-di-autorizzazione-esta-in-corso\/\",\"url\":\"https:\/\/www.esta-officiel-usa.com\/it\/richiesta-di-autorizzazione-esta-in-corso\/\",\"name\":\"Richiesta di autorizzazione ESTA in corso\",\"isPartOf\":{\"@id\":\"https:\/\/www.esta-officiel-usa.com\/it\/#website\"},\"datePublished\":\"2025-09-13T12:03:24+00:00\",\"dateModified\":\"2025-09-13T12:03:28+00:00\",\"description\":\"Presto ti recherai negli Stati Uniti e hai compilato la domanda ESTA online, ma \u00e8 ancora in sospeso.\",\"breadcrumb\":{\"@id\":\"https:\/\/www.esta-officiel-usa.com\/it\/richiesta-di-autorizzazione-esta-in-corso\/#breadcrumb\"},\"inLanguage\":\"it-IT\",\"potentialAction\":[{\"@type\":\"ReadAction\",\"target\":[\"https:\/\/www.esta-officiel-usa.com\/it\/richiesta-di-autorizzazione-esta-in-corso\/\"]}]},{\"@type\":\"BreadcrumbList\",\"@id\":\"https:\/\/www.esta-officiel-usa.com\/it\/richiesta-di-autorizzazione-esta-in-corso\/#breadcrumb\",\"itemListElement\":[{\"@type\":\"ListItem\",\"position\":1,\"name\":\"Casa\",\"item\":\"https:\/\/www.esta-officiel-usa.com\/it\/\"},{\"@type\":\"ListItem\",\"position\":2,\"name\":\"Richiesta di autorizzazione ESTA in corso\"}]},{\"@type\":\"WebSite\",\"@id\":\"https:\/\/www.esta-officiel-usa.com\/it\/#website\",\"url\":\"https:\/\/www.esta-officiel-usa.com\/it\/\",\"name\":\"ESTA - Stati Uniti\",\"description\":\"Modulo di richiesta ESTA\",\"potentialAction\":[{\"@type\":\"SearchAction\",\"target\":{\"@type\":\"EntryPoint\",\"urlTemplate\":\"https:\/\/www.esta-officiel-usa.com\/it\/?s={search_term_string}\"},\"query-input\":{\"@type\":\"PropertyValueSpecification\",\"valueRequired\":true,\"valueName\":\"search_term_string\"}}],\"inLanguage\":\"it-IT\"}]}<\/script>\n<!-- \/ Yoast SEO plugin. -->","yoast_head_json":{"title":"Richiesta di autorizzazione ESTA in corso","description":"Presto ti recherai negli Stati Uniti e hai compilato la domanda ESTA online, ma \u00e8 ancora in sospeso.","robots":{"index":"index","follow":"follow","max-snippet":"max-snippet:-1","max-image-preview":"max-image-preview:large","max-video-preview":"max-video-preview:-1"},"canonical":"https:\/\/www.esta-officiel-usa.com\/it\/richiesta-di-autorizzazione-esta-in-corso\/","og_locale":"it_IT","og_type":"article","og_title":"Richiesta di autorizzazione ESTA in corso","og_description":"Presto ti recherai negli Stati Uniti e hai compilato la domanda ESTA online, ma \u00e8 ancora in sospeso.","og_url":"https:\/\/www.esta-officiel-usa.com\/it\/richiesta-di-autorizzazione-esta-in-corso\/","og_site_name":"ESTA - Stati Uniti","article_modified_time":"2025-09-13T12:03:28+00:00","twitter_card":"summary_large_image","twitter_misc":{"Tempo di lettura stimato":"2 minuti"},"schema":{"@context":"https:\/\/schema.org","@graph":[{"@type":"WebPage","@id":"https:\/\/www.esta-officiel-usa.com\/it\/richiesta-di-autorizzazione-esta-in-corso\/","url":"https:\/\/www.esta-officiel-usa.com\/it\/richiesta-di-autorizzazione-esta-in-corso\/","name":"Richiesta di autorizzazione ESTA in corso","isPartOf":{"@id":"https:\/\/www.esta-officiel-usa.com\/it\/#website"},"datePublished":"2025-09-13T12:03:24+00:00","dateModified":"2025-09-13T12:03:28+00:00","description":"Presto ti recherai negli Stati Uniti e hai compilato la domanda ESTA online, ma \u00e8 ancora in sospeso.","breadcrumb":{"@id":"https:\/\/www.esta-officiel-usa.com\/it\/richiesta-di-autorizzazione-esta-in-corso\/#breadcrumb"},"inLanguage":"it-IT","potentialAction":[{"@type":"ReadAction","target":["https:\/\/www.esta-officiel-usa.com\/it\/richiesta-di-autorizzazione-esta-in-corso\/"]}]},{"@type":"BreadcrumbList","@id":"https:\/\/www.esta-officiel-usa.com\/it\/richiesta-di-autorizzazione-esta-in-corso\/#breadcrumb","itemListElement":[{"@type":"ListItem","position":1,"name":"Casa","item":"https:\/\/www.esta-officiel-usa.com\/it\/"},{"@type":"ListItem","position":2,"name":"Richiesta di autorizzazione ESTA in corso"}]},{"@type":"WebSite","@id":"https:\/\/www.esta-officiel-usa.com\/it\/#website","url":"https:\/\/www.esta-officiel-usa.com\/it\/","name":"ESTA - Stati Uniti","description":"Modulo di richiesta ESTA","potentialAction":[{"@type":"SearchAction","target":{"@type":"EntryPoint","urlTemplate":"https:\/\/www.esta-officiel-usa.com\/it\/?s={search_term_string}"},"query-input":{"@type":"PropertyValueSpecification","valueRequired":true,"valueName":"search_term_string"}}],"inLanguage":"it-IT"}]}},"_links":{"self":[{"href":"https:\/\/www.esta-officiel-usa.com\/it\/wp-json\/wp\/v2\/pages\/1459","targetHints":{"allow":["GET"]}}],"collection":[{"href":"https:\/\/www.esta-officiel-usa.com\/it\/wp-json\/wp\/v2\/pages"}],"about":[{"href":"https:\/\/www.esta-officiel-usa.com\/it\/wp-json\/wp\/v2\/types\/page"}],"author":[{"embeddable":true,"href":"https:\/\/www.esta-officiel-usa.com\/it\/wp-json\/wp\/v2\/users\/1"}],"replies":[{"embeddable":true,"href":"https:\/\/www.esta-officiel-usa.com\/it\/wp-json\/wp\/v2\/comments?post=1459"}],"version-history":[{"count":1,"href":"https:\/\/www.esta-officiel-usa.com\/it\/wp-json\/wp\/v2\/pages\/1459\/revisions"}],"predecessor-version":[{"id":1461,"href":"https:\/\/www.esta-officiel-usa.com\/it\/wp-json\/wp\/v2\/pages\/1459\/revisions\/1461"}],"wp:attachment":[{"href":"https:\/\/www.esta-officiel-usa.com\/it\/wp-json\/wp\/v2\/media?parent=1459"}],"curies":[{"name":"wp","href":"https:\/\/api.w.org\/{rel}","templated":true}]}}