{"id":1477,"date":"2025-09-13T12:03:32","date_gmt":"2025-09-13T12:03:32","guid":{"rendered":"https:\/\/www.esta-officiel-usa.com\/richiesta-esta-obbligatoria-per-gli-stati-uniti-online\/"},"modified":"2025-09-13T12:03:37","modified_gmt":"2025-09-13T12:03:37","slug":"richiesta-esta-obbligatoria-per-gli-stati-uniti-online","status":"publish","type":"page","link":"https:\/\/www.esta-officiel-usa.com\/it\/richiesta-esta-obbligatoria-per-gli-stati-uniti-online\/","title":{"rendered":"Richiesta ESTA obbligatoria per gli Stati Uniti online"},"content":{"rendered":"\n<h1 class=\"wp-block-heading\">VIAGGIARE CON UN MODULO ESTA OBBLIGATORIO<\/h1>\n\n<p>Tutti i cittadini non statunitensi hanno bisogno di un permesso di soggiorno, come l&#8217;<a href=\"https:\/\/www.esta-officiel-usa.com\/it\/\">ESTA<\/a>, per recarsi negli Stati Uniti. In questo articolo ti spieghiamo come puoi ottenere il tuo a un costo inferiore. <\/p>\n\n<h2 class=\"wp-block-heading\">L&#8217;ESTA \u00c8 OBBLIGATORIA O NO?<\/h2>\n\n<p>Attualmente esistono 3 tipi di autorizzazione che permettono ai cittadini francesi di recarsi negli Stati Uniti. Ognuno di essi ha i propri vantaggi e svantaggi. <\/p>\n\n<figure class=\"wp-block-table\"><table class=\"\"><tbody><tr><td>TIPO DI AUTORIZZAZIONE<\/td><td>BENEFICI<\/td><td>SVANTAGGI<\/td><\/tr><tr><td><a href=\"https:\/\/www.esta-officiel-usa.com\/it\/cose-la-carta-verde\/\">Carta verde<\/a><\/td><td>residenza a lungo terminepossibilit\u00e0 di lavorare negli USA<\/td><td>molto difficile da ottenere tempi di consegna molto lunghi costoso<\/td><\/tr><tr><td>Visa<\/td><td>soggiorno a medio terminepossibilit\u00e0 di lavorare negli USA, a seconda del tipo di soggiorno<\/td><td>abbastanza difficile da ottenere tempi di consegna abbastanza lunghi costoso<\/td><\/tr><tr><td>ESTA<\/td><td>Facile da ottenereTempi di consegna molto breviCosto basso<\/td><td>non d\u00e0 diritto ad assumere un incarico negli USA Durata del soggiorno limitata a 90 giorni<\/td><\/tr><\/tbody><\/table><\/figure>\n\n<p>Questa tabella mostra che l&#8217;ESTA offre il maggior numero di vantaggi e il minor numero di svantaggi.<\/p>\n\n<p>L&#8217;ESTA \u00e8 la soluzione ideale per chi desidera soggiornare negli Stati Uniti per un massimo di 90 giorni consecutivi, per motivi turistici o di lavoro. Sebbene l&#8217;ESTA obbligatorio non ti permetta di accettare un lavoro negli Stati Uniti, ti consente di recarti negli Stati Uniti per partecipare a riunioni o conferenze, o per seguire un corso di formazione non retribuito di breve durata, ecc. <\/p>\n\n<p>L&#8217;ESTA, acronimo di &#8220;Electric System for Travel Authorization&#8221;, \u00e8 stato creato per semplificare i viaggi negli Stati Uniti dei cittadini non statunitensi. Creato nell&#8217;ambito del <a href=\"https:\/\/www.esta-officiel-usa.com\/fr\/a-propos-du-visa-waiver-program\/\">Programma Viaggio senza Visto (Visa Waiver Program)<\/a>, oggi ne beneficiano 38 paesi. <\/p>\n\n<p>Da allora, ogni anno, milioni di viaggiatori hanno approfittato di questa opportunit\u00e0 di autorizzazione semplificata. Se anche tu vuoi ricevere la tua, esta-officiel-usa.com pu\u00f2 aiutarti nel processo. <\/p>\n\n<h2 class=\"wp-block-heading\">RICHIEDI IL TUO MODULO ESTA OBBLIGATORIO<\/h2>\n\n<p>esta-officiel-usa.com \u00e8 un servizio privato che aiuta i viaggiatori a richiedere il permesso di soggiorno negli Stati Uniti.<\/p>\n\n<p>Cliccando sulla nostra piattaforma, potrai accedere al questionario ESTA obbligatorio in francese. Una volta compilato il modulo, sar\u00e0 il nostro team a occuparsene! Controlliamo le tue risposte una ad una per ridurre al minimo il rischio di errore. Questa \u00e8 una fase importante, perch\u00e9 il minimo errore nella compilazione del modulo pu\u00f2 portare al rifiuto dell&#8217;autorizzazione. A questo punto inviamo il tuo questionario alle <a href=\"https:\/\/www.esta-officiel-usa.com\/it\/dipartimento-di-sicurezza-nazionale\/\">autorit\u00e0 statunitensi del Department of Homeland Security<\/a>, l&#8217;unico dipartimento attualmente autorizzato a rilasciare i permessi di soggiorno. Riceverai il documento direttamente nella tua casella di posta elettronica entro 72 ore, di solito il giorno stesso. Una volta ricevuto il documento, \u00e8 sufficiente scaricarlo in formato PDF e stamparlo se necessario.      <\/p>\n\n<p>Con l&#8217;autorizzazione in mano, sei pronto per iniziare a considerare gli <a href=\"https:\/\/www.esta-officiel-usa.com\/it\/procedure-per-visitare-gli-stati-uniti\/\">altri passi da compiere per visitare gli Stati Uniti<\/a> (alloggio, visite, uscite, viaggi, ecc.).<br\/><br\/><\/p>\n","protected":false},"excerpt":{"rendered":"<p>VIAGGIARE CON UN MODULO ESTA OBBLIGATORIO Tutti i cittadini non statunitensi hanno bisogno di un permesso di soggiorno, come l&#8217;ESTA, per recarsi negli Stati Uniti. In questo articolo ti spieghiamo come puoi ottenere il tuo a un costo inferiore. L&#8217;ESTA \u00c8 OBBLIGATORIA O NO? Attualmente esistono 3 tipi di autorizzazione che permettono ai cittadini francesi [&hellip;]<\/p>\n","protected":false},"author":1,"featured_media":0,"parent":0,"menu_order":0,"comment_status":"closed","ping_status":"closed","template":"","meta":{"footnotes":""},"class_list":["post-1477","page","type-page","status-publish","hentry"],"yoast_head":"<!-- This site is optimized with the Yoast SEO plugin v26.2 - https:\/\/yoast.com\/wordpress\/plugins\/seo\/ -->\n<title>Richiesta ESTA obbligatoria per gli Stati Uniti online<\/title>\n<meta name=\"description\" content=\"Tutti i cittadini non americani devono essere in possesso di un&#039;autorizzazione per l&#039;ingresso negli Stati Uniti. Per saperne di pi\u00f9 sui tipi di richiesta richiesti, consulta la nostra pagina.\" \/>\n<meta name=\"robots\" content=\"index, follow, max-snippet:-1, max-image-preview:large, max-video-preview:-1\" \/>\n<link rel=\"canonical\" href=\"https:\/\/www.esta-officiel-usa.com\/it\/richiesta-esta-obbligatoria-per-gli-stati-uniti-online\/\" \/>\n<meta property=\"og:locale\" content=\"it_IT\" \/>\n<meta property=\"og:type\" content=\"article\" \/>\n<meta property=\"og:title\" content=\"Richiesta ESTA obbligatoria per gli Stati Uniti online\" \/>\n<meta property=\"og:description\" content=\"Tutti i cittadini non americani devono essere in possesso di un&#039;autorizzazione per l&#039;ingresso negli Stati Uniti. Per saperne di pi\u00f9 sui tipi di richiesta richiesti, consulta la nostra pagina.\" \/>\n<meta property=\"og:url\" content=\"https:\/\/www.esta-officiel-usa.com\/it\/richiesta-esta-obbligatoria-per-gli-stati-uniti-online\/\" \/>\n<meta property=\"og:site_name\" content=\"ESTA - Stati Uniti\" \/>\n<meta property=\"article:modified_time\" content=\"2025-09-13T12:03:37+00:00\" \/>\n<meta name=\"twitter:card\" content=\"summary_large_image\" \/>\n<meta name=\"twitter:label1\" content=\"Tempo di lettura stimato\" \/>\n\t<meta name=\"twitter:data1\" content=\"2 minuti\" \/>\n<script type=\"application\/ld+json\" class=\"yoast-schema-graph\">{\"@context\":\"https:\/\/schema.org\",\"@graph\":[{\"@type\":\"WebPage\",\"@id\":\"https:\/\/www.esta-officiel-usa.com\/it\/richiesta-esta-obbligatoria-per-gli-stati-uniti-online\/\",\"url\":\"https:\/\/www.esta-officiel-usa.com\/it\/richiesta-esta-obbligatoria-per-gli-stati-uniti-online\/\",\"name\":\"Richiesta ESTA obbligatoria per gli Stati Uniti online\",\"isPartOf\":{\"@id\":\"https:\/\/www.esta-officiel-usa.com\/it\/#website\"},\"datePublished\":\"2025-09-13T12:03:32+00:00\",\"dateModified\":\"2025-09-13T12:03:37+00:00\",\"description\":\"Tutti i cittadini non americani devono essere in possesso di un'autorizzazione per l'ingresso negli Stati Uniti. Per saperne di pi\u00f9 sui tipi di richiesta richiesti, consulta la nostra pagina.\",\"breadcrumb\":{\"@id\":\"https:\/\/www.esta-officiel-usa.com\/it\/richiesta-esta-obbligatoria-per-gli-stati-uniti-online\/#breadcrumb\"},\"inLanguage\":\"it-IT\",\"potentialAction\":[{\"@type\":\"ReadAction\",\"target\":[\"https:\/\/www.esta-officiel-usa.com\/it\/richiesta-esta-obbligatoria-per-gli-stati-uniti-online\/\"]}]},{\"@type\":\"BreadcrumbList\",\"@id\":\"https:\/\/www.esta-officiel-usa.com\/it\/richiesta-esta-obbligatoria-per-gli-stati-uniti-online\/#breadcrumb\",\"itemListElement\":[{\"@type\":\"ListItem\",\"position\":1,\"name\":\"Casa\",\"item\":\"https:\/\/www.esta-officiel-usa.com\/it\/\"},{\"@type\":\"ListItem\",\"position\":2,\"name\":\"Richiesta ESTA obbligatoria per gli Stati Uniti online\"}]},{\"@type\":\"WebSite\",\"@id\":\"https:\/\/www.esta-officiel-usa.com\/it\/#website\",\"url\":\"https:\/\/www.esta-officiel-usa.com\/it\/\",\"name\":\"ESTA - Stati Uniti\",\"description\":\"Modulo di richiesta ESTA\",\"potentialAction\":[{\"@type\":\"SearchAction\",\"target\":{\"@type\":\"EntryPoint\",\"urlTemplate\":\"https:\/\/www.esta-officiel-usa.com\/it\/?s={search_term_string}\"},\"query-input\":{\"@type\":\"PropertyValueSpecification\",\"valueRequired\":true,\"valueName\":\"search_term_string\"}}],\"inLanguage\":\"it-IT\"}]}<\/script>\n<!-- \/ Yoast SEO plugin. -->","yoast_head_json":{"title":"Richiesta ESTA obbligatoria per gli Stati Uniti online","description":"Tutti i cittadini non americani devono essere in possesso di un'autorizzazione per l'ingresso negli Stati Uniti. Per saperne di pi\u00f9 sui tipi di richiesta richiesti, consulta la nostra pagina.","robots":{"index":"index","follow":"follow","max-snippet":"max-snippet:-1","max-image-preview":"max-image-preview:large","max-video-preview":"max-video-preview:-1"},"canonical":"https:\/\/www.esta-officiel-usa.com\/it\/richiesta-esta-obbligatoria-per-gli-stati-uniti-online\/","og_locale":"it_IT","og_type":"article","og_title":"Richiesta ESTA obbligatoria per gli Stati Uniti online","og_description":"Tutti i cittadini non americani devono essere in possesso di un'autorizzazione per l'ingresso negli Stati Uniti. Per saperne di pi\u00f9 sui tipi di richiesta richiesti, consulta la nostra pagina.","og_url":"https:\/\/www.esta-officiel-usa.com\/it\/richiesta-esta-obbligatoria-per-gli-stati-uniti-online\/","og_site_name":"ESTA - Stati Uniti","article_modified_time":"2025-09-13T12:03:37+00:00","twitter_card":"summary_large_image","twitter_misc":{"Tempo di lettura stimato":"2 minuti"},"schema":{"@context":"https:\/\/schema.org","@graph":[{"@type":"WebPage","@id":"https:\/\/www.esta-officiel-usa.com\/it\/richiesta-esta-obbligatoria-per-gli-stati-uniti-online\/","url":"https:\/\/www.esta-officiel-usa.com\/it\/richiesta-esta-obbligatoria-per-gli-stati-uniti-online\/","name":"Richiesta ESTA obbligatoria per gli Stati Uniti online","isPartOf":{"@id":"https:\/\/www.esta-officiel-usa.com\/it\/#website"},"datePublished":"2025-09-13T12:03:32+00:00","dateModified":"2025-09-13T12:03:37+00:00","description":"Tutti i cittadini non americani devono essere in possesso di un'autorizzazione per l'ingresso negli Stati Uniti. Per saperne di pi\u00f9 sui tipi di richiesta richiesti, consulta la nostra pagina.","breadcrumb":{"@id":"https:\/\/www.esta-officiel-usa.com\/it\/richiesta-esta-obbligatoria-per-gli-stati-uniti-online\/#breadcrumb"},"inLanguage":"it-IT","potentialAction":[{"@type":"ReadAction","target":["https:\/\/www.esta-officiel-usa.com\/it\/richiesta-esta-obbligatoria-per-gli-stati-uniti-online\/"]}]},{"@type":"BreadcrumbList","@id":"https:\/\/www.esta-officiel-usa.com\/it\/richiesta-esta-obbligatoria-per-gli-stati-uniti-online\/#breadcrumb","itemListElement":[{"@type":"ListItem","position":1,"name":"Casa","item":"https:\/\/www.esta-officiel-usa.com\/it\/"},{"@type":"ListItem","position":2,"name":"Richiesta ESTA obbligatoria per gli Stati Uniti online"}]},{"@type":"WebSite","@id":"https:\/\/www.esta-officiel-usa.com\/it\/#website","url":"https:\/\/www.esta-officiel-usa.com\/it\/","name":"ESTA - Stati Uniti","description":"Modulo di richiesta ESTA","potentialAction":[{"@type":"SearchAction","target":{"@type":"EntryPoint","urlTemplate":"https:\/\/www.esta-officiel-usa.com\/it\/?s={search_term_string}"},"query-input":{"@type":"PropertyValueSpecification","valueRequired":true,"valueName":"search_term_string"}}],"inLanguage":"it-IT"}]}},"_links":{"self":[{"href":"https:\/\/www.esta-officiel-usa.com\/it\/wp-json\/wp\/v2\/pages\/1477","targetHints":{"allow":["GET"]}}],"collection":[{"href":"https:\/\/www.esta-officiel-usa.com\/it\/wp-json\/wp\/v2\/pages"}],"about":[{"href":"https:\/\/www.esta-officiel-usa.com\/it\/wp-json\/wp\/v2\/types\/page"}],"author":[{"embeddable":true,"href":"https:\/\/www.esta-officiel-usa.com\/it\/wp-json\/wp\/v2\/users\/1"}],"replies":[{"embeddable":true,"href":"https:\/\/www.esta-officiel-usa.com\/it\/wp-json\/wp\/v2\/comments?post=1477"}],"version-history":[{"count":1,"href":"https:\/\/www.esta-officiel-usa.com\/it\/wp-json\/wp\/v2\/pages\/1477\/revisions"}],"predecessor-version":[{"id":1479,"href":"https:\/\/www.esta-officiel-usa.com\/it\/wp-json\/wp\/v2\/pages\/1477\/revisions\/1479"}],"wp:attachment":[{"href":"https:\/\/www.esta-officiel-usa.com\/it\/wp-json\/wp\/v2\/media?parent=1477"}],"curies":[{"name":"wp","href":"https:\/\/api.w.org\/{rel}","templated":true}]}}