{"id":1480,"date":"2025-09-13T12:03:33","date_gmt":"2025-09-13T12:03:33","guid":{"rendered":"https:\/\/www.esta-officiel-usa.com\/devo-stampare-la-mia-domanda-esta\/"},"modified":"2025-09-13T12:03:37","modified_gmt":"2025-09-13T12:03:37","slug":"devo-stampare-la-mia-domanda-esta","status":"publish","type":"page","link":"https:\/\/www.esta-officiel-usa.com\/it\/devo-stampare-la-mia-domanda-esta\/","title":{"rendered":"Devo stampare la mia domanda ESTA?"},"content":{"rendered":"\n<h1 class=\"wp-block-heading\">L&#8217;ESTA DEVE ESSERE STAMPATO PER ESSERE VALIDO?<\/h1>\n\n<p>Questa domanda viene in mente a molti quando si riceve un&#8217;<a href=\"https:\/\/www.esta-officiel-usa.com\/it\/\">autorizzazione ESTA<\/a> per recarsi negli Stati Uniti. La procedura si svolge online e il documento viene ricevuto in formato digitale. Che cosa devi fare ora? Devi stamparlo e presentarlo alle autorit\u00e0 non appena decolli? Oppure puoi fare a meno di una prova scritta? Ti ricordiamo che l&#8217;ESTA \u00e8 disponibile solo per i cittadini dei paesi che partecipano al Programma Viaggio senza Visto. Le altre persone che intendono recarsi negli Stati Uniti dovranno ottenere una delle decine di visti disponibili, a seconda dello scopo del loro soggiorno.     <\/p>\n\n<h2 class=\"wp-block-heading\">LA STAMPA DELL&#8217;ESTA NON \u00c8 OBBLIGATORIA<\/h2>\n\n<p>Quando richiedi l&#8217;ingresso negli Stati Uniti utilizzando un modulo ESTA ufficiale, tutto ci\u00f2 che accade in seguito \u00e8 computerizzato: elaborazione delle informazioni inserite, eventuali richieste di <a href=\"https:\/\/www.esta-officiel-usa.com\/fr\/autorisation-esta-mise-a-jour\/\">aggiornamento dell&#8217;ESTA<\/a>, invio dell&#8217;autorizzazione o del rifiuto e cos\u00ec via. Dal canto loro, le autorit\u00e0 americane possono conoscere il tuo stato in qualsiasi momento, senza bisogno di vedere l&#8217;autorizzazione cartacea. <\/p>\n\n<p>Non \u00e8 quindi necessario stampare l&#8217;ESTA, poich\u00e9 \u00e8 relativamente facile ottenere l&#8217;autorizzazione per via elettronica. Quando arriverai negli Stati Uniti, il tuo passaporto verr\u00e0 controllato e utilizzato come identificativo in modo che le autorit\u00e0 possano accedere al tuo file e confermare il tuo permesso di soggiorno. In questo caso, non sar\u00e0 necessario mostrare l&#8217;ESTA.  <\/p>\n\n<p>Nota: tieni presente che gli ESTA vengono rilasciati rapidamente (meno di 72 ore) ma non automaticamente. Se hai intenzione di partire a breve, assicurati di fare domanda in anticipo per evitare di andare di fretta e commettere errori di compilazione dei campi del modulo online. <\/p>\n\n<h2 class=\"wp-block-heading\">CONSERVA UNA COPIA DEL DOCUMENTO PER PRECAUZIONE.<\/h2>\n\n<p>Non \u00e8 mai troppo prudente essere preparati ad ogni eventualit\u00e0 e adattarsi alle ipotesi pessimistiche. Infatti, nessun sistema informatico \u00e8 infallibile: a volte possono verificarsi problemi o guasti che ritardano il tuo <a href=\"https:\/\/www.esta-officiel-usa.com\/fr\/les-formalites-dentree-aux-etats-unis\/\">ingresso negli USA tramite l&#8217;ESTA<\/a>. Per essere il pi\u00f9 preparato possibile ad ogni evenienza, stampare il tuo documento non costa nulla.  <\/p>\n\n<p>Inoltre, se ti rechi negli Stati Uniti in nave, ad esempio, non \u00e8 detto che l&#8217;azienda disponga di adeguate strutture di verifica elettronica. Quindi fai del tuo meglio per conservare una copia cartacea dell&#8217;ESTA. <\/p>\n\n<p>Non solo potrai controllare in qualsiasi momento quanto tempo ti rimane prima della scadenza (come promemoria, l&#8217;autorizzazione ti permette di viaggiare sul suolo americano per un massimo di 90 giorni), ma servir\u00e0 anche come prova della <a href=\"https:\/\/www.esta-officiel-usa.com\/fr\/la-duree-de-validite-de-lesta\/\">validit\u00e0 dell&#8217;ESTA <\/a>in caso di una nuova partenza per gli USA entro il periodo di 2 anni concesso.<\/p>\n\n<p>Allo stesso tempo, annota il tuo numero di riferimento su un foglio di carta o sul telefono. Questo numero ti verr\u00e0 inviato contestualmente all&#8217;ESTA. Sar\u00e0 prezioso per accelerare il processo di controllo in caso di guasti alle apparecchiature tecniche.  <\/p>\n\n<p>In conclusione, sei libero di stampare o meno la tua autorizzazione ESTA.<\/p>\n","protected":false},"excerpt":{"rendered":"<p>L&#8217;ESTA DEVE ESSERE STAMPATO PER ESSERE VALIDO? Questa domanda viene in mente a molti quando si riceve un&#8217;autorizzazione ESTA per recarsi negli Stati Uniti. La procedura si svolge online e il documento viene ricevuto in formato digitale. Che cosa devi fare ora? Devi stamparlo e presentarlo alle autorit\u00e0 non appena decolli? Oppure puoi fare a [&hellip;]<\/p>\n","protected":false},"author":1,"featured_media":0,"parent":0,"menu_order":0,"comment_status":"closed","ping_status":"closed","template":"","meta":{"footnotes":""},"class_list":["post-1480","page","type-page","status-publish","hentry"],"yoast_head":"<!-- This site is optimized with the Yoast SEO plugin v26.2 - https:\/\/yoast.com\/wordpress\/plugins\/seo\/ -->\n<title>Devo stampare la mia domanda ESTA?<\/title>\n<meta name=\"description\" content=\"Tutto \u00e8 pronto per il tuo soggiorno negli Stati Uniti. Se ti stai chiedendo se devi stampare l&#039;ESTA, i nostri esperti hanno la risposta.\" \/>\n<meta name=\"robots\" content=\"index, follow, max-snippet:-1, max-image-preview:large, max-video-preview:-1\" \/>\n<link rel=\"canonical\" href=\"https:\/\/www.esta-officiel-usa.com\/it\/devo-stampare-la-mia-domanda-esta\/\" \/>\n<meta property=\"og:locale\" content=\"it_IT\" \/>\n<meta property=\"og:type\" content=\"article\" \/>\n<meta property=\"og:title\" content=\"Devo stampare la mia domanda ESTA?\" \/>\n<meta property=\"og:description\" content=\"Tutto \u00e8 pronto per il tuo soggiorno negli Stati Uniti. Se ti stai chiedendo se devi stampare l&#039;ESTA, i nostri esperti hanno la risposta.\" \/>\n<meta property=\"og:url\" content=\"https:\/\/www.esta-officiel-usa.com\/it\/devo-stampare-la-mia-domanda-esta\/\" \/>\n<meta property=\"og:site_name\" content=\"ESTA - Stati Uniti\" \/>\n<meta property=\"article:modified_time\" content=\"2025-09-13T12:03:37+00:00\" \/>\n<meta name=\"twitter:card\" content=\"summary_large_image\" \/>\n<meta name=\"twitter:label1\" content=\"Tempo di lettura stimato\" \/>\n\t<meta name=\"twitter:data1\" content=\"2 minuti\" \/>\n<script type=\"application\/ld+json\" class=\"yoast-schema-graph\">{\"@context\":\"https:\/\/schema.org\",\"@graph\":[{\"@type\":\"WebPage\",\"@id\":\"https:\/\/www.esta-officiel-usa.com\/it\/devo-stampare-la-mia-domanda-esta\/\",\"url\":\"https:\/\/www.esta-officiel-usa.com\/it\/devo-stampare-la-mia-domanda-esta\/\",\"name\":\"Devo stampare la mia domanda ESTA?\",\"isPartOf\":{\"@id\":\"https:\/\/www.esta-officiel-usa.com\/it\/#website\"},\"datePublished\":\"2025-09-13T12:03:33+00:00\",\"dateModified\":\"2025-09-13T12:03:37+00:00\",\"description\":\"Tutto \u00e8 pronto per il tuo soggiorno negli Stati Uniti. Se ti stai chiedendo se devi stampare l'ESTA, i nostri esperti hanno la risposta.\",\"breadcrumb\":{\"@id\":\"https:\/\/www.esta-officiel-usa.com\/it\/devo-stampare-la-mia-domanda-esta\/#breadcrumb\"},\"inLanguage\":\"it-IT\",\"potentialAction\":[{\"@type\":\"ReadAction\",\"target\":[\"https:\/\/www.esta-officiel-usa.com\/it\/devo-stampare-la-mia-domanda-esta\/\"]}]},{\"@type\":\"BreadcrumbList\",\"@id\":\"https:\/\/www.esta-officiel-usa.com\/it\/devo-stampare-la-mia-domanda-esta\/#breadcrumb\",\"itemListElement\":[{\"@type\":\"ListItem\",\"position\":1,\"name\":\"Casa\",\"item\":\"https:\/\/www.esta-officiel-usa.com\/it\/\"},{\"@type\":\"ListItem\",\"position\":2,\"name\":\"Devo stampare la mia domanda ESTA?\"}]},{\"@type\":\"WebSite\",\"@id\":\"https:\/\/www.esta-officiel-usa.com\/it\/#website\",\"url\":\"https:\/\/www.esta-officiel-usa.com\/it\/\",\"name\":\"ESTA - Stati Uniti\",\"description\":\"Modulo di richiesta ESTA\",\"potentialAction\":[{\"@type\":\"SearchAction\",\"target\":{\"@type\":\"EntryPoint\",\"urlTemplate\":\"https:\/\/www.esta-officiel-usa.com\/it\/?s={search_term_string}\"},\"query-input\":{\"@type\":\"PropertyValueSpecification\",\"valueRequired\":true,\"valueName\":\"search_term_string\"}}],\"inLanguage\":\"it-IT\"}]}<\/script>\n<!-- \/ Yoast SEO plugin. -->","yoast_head_json":{"title":"Devo stampare la mia domanda ESTA?","description":"Tutto \u00e8 pronto per il tuo soggiorno negli Stati Uniti. Se ti stai chiedendo se devi stampare l'ESTA, i nostri esperti hanno la risposta.","robots":{"index":"index","follow":"follow","max-snippet":"max-snippet:-1","max-image-preview":"max-image-preview:large","max-video-preview":"max-video-preview:-1"},"canonical":"https:\/\/www.esta-officiel-usa.com\/it\/devo-stampare-la-mia-domanda-esta\/","og_locale":"it_IT","og_type":"article","og_title":"Devo stampare la mia domanda ESTA?","og_description":"Tutto \u00e8 pronto per il tuo soggiorno negli Stati Uniti. Se ti stai chiedendo se devi stampare l'ESTA, i nostri esperti hanno la risposta.","og_url":"https:\/\/www.esta-officiel-usa.com\/it\/devo-stampare-la-mia-domanda-esta\/","og_site_name":"ESTA - Stati Uniti","article_modified_time":"2025-09-13T12:03:37+00:00","twitter_card":"summary_large_image","twitter_misc":{"Tempo di lettura stimato":"2 minuti"},"schema":{"@context":"https:\/\/schema.org","@graph":[{"@type":"WebPage","@id":"https:\/\/www.esta-officiel-usa.com\/it\/devo-stampare-la-mia-domanda-esta\/","url":"https:\/\/www.esta-officiel-usa.com\/it\/devo-stampare-la-mia-domanda-esta\/","name":"Devo stampare la mia domanda ESTA?","isPartOf":{"@id":"https:\/\/www.esta-officiel-usa.com\/it\/#website"},"datePublished":"2025-09-13T12:03:33+00:00","dateModified":"2025-09-13T12:03:37+00:00","description":"Tutto \u00e8 pronto per il tuo soggiorno negli Stati Uniti. Se ti stai chiedendo se devi stampare l'ESTA, i nostri esperti hanno la risposta.","breadcrumb":{"@id":"https:\/\/www.esta-officiel-usa.com\/it\/devo-stampare-la-mia-domanda-esta\/#breadcrumb"},"inLanguage":"it-IT","potentialAction":[{"@type":"ReadAction","target":["https:\/\/www.esta-officiel-usa.com\/it\/devo-stampare-la-mia-domanda-esta\/"]}]},{"@type":"BreadcrumbList","@id":"https:\/\/www.esta-officiel-usa.com\/it\/devo-stampare-la-mia-domanda-esta\/#breadcrumb","itemListElement":[{"@type":"ListItem","position":1,"name":"Casa","item":"https:\/\/www.esta-officiel-usa.com\/it\/"},{"@type":"ListItem","position":2,"name":"Devo stampare la mia domanda ESTA?"}]},{"@type":"WebSite","@id":"https:\/\/www.esta-officiel-usa.com\/it\/#website","url":"https:\/\/www.esta-officiel-usa.com\/it\/","name":"ESTA - Stati Uniti","description":"Modulo di richiesta ESTA","potentialAction":[{"@type":"SearchAction","target":{"@type":"EntryPoint","urlTemplate":"https:\/\/www.esta-officiel-usa.com\/it\/?s={search_term_string}"},"query-input":{"@type":"PropertyValueSpecification","valueRequired":true,"valueName":"search_term_string"}}],"inLanguage":"it-IT"}]}},"_links":{"self":[{"href":"https:\/\/www.esta-officiel-usa.com\/it\/wp-json\/wp\/v2\/pages\/1480","targetHints":{"allow":["GET"]}}],"collection":[{"href":"https:\/\/www.esta-officiel-usa.com\/it\/wp-json\/wp\/v2\/pages"}],"about":[{"href":"https:\/\/www.esta-officiel-usa.com\/it\/wp-json\/wp\/v2\/types\/page"}],"author":[{"embeddable":true,"href":"https:\/\/www.esta-officiel-usa.com\/it\/wp-json\/wp\/v2\/users\/1"}],"replies":[{"embeddable":true,"href":"https:\/\/www.esta-officiel-usa.com\/it\/wp-json\/wp\/v2\/comments?post=1480"}],"version-history":[{"count":1,"href":"https:\/\/www.esta-officiel-usa.com\/it\/wp-json\/wp\/v2\/pages\/1480\/revisions"}],"predecessor-version":[{"id":1482,"href":"https:\/\/www.esta-officiel-usa.com\/it\/wp-json\/wp\/v2\/pages\/1480\/revisions\/1482"}],"wp:attachment":[{"href":"https:\/\/www.esta-officiel-usa.com\/it\/wp-json\/wp\/v2\/media?parent=1480"}],"curies":[{"name":"wp","href":"https:\/\/api.w.org\/{rel}","templated":true}]}}