{"id":1481,"date":"2025-09-13T12:03:33","date_gmt":"2025-09-13T12:03:33","guid":{"rendered":"https:\/\/www.esta-officiel-usa.com\/modifica-del-modulo-esta\/"},"modified":"2025-09-13T12:03:37","modified_gmt":"2025-09-13T12:03:37","slug":"modifica-del-modulo-esta","status":"publish","type":"page","link":"https:\/\/www.esta-officiel-usa.com\/it\/modifica-del-modulo-esta\/","title":{"rendered":"Modifica del modulo ESTA"},"content":{"rendered":"\n<h1 class=\"wp-block-heading\">MODIFICA UN MODULO ESTA<\/h1>\n\n<p>Se hai intenzione di recarti negli Stati Uniti, dovrai avere un permesso di soggiorno aggiornato (ESTA, carta verde, visto).<\/p>\n\n<p>Se hai gi\u00e0 un <a href=\"https:\/\/www.esta-officiel-usa.com\/it\/\">ESTA<\/a> ma contiene un errore o non corrisponde pi\u00f9 alla tua situazione attuale, devi farlo modificare.<br\/> <\/p>\n\n<h2 class=\"wp-block-heading\">MODIFICHE AGLI ESTA PAGATI<\/h2>\n\n<p>L&#8217;ESTA pu\u00f2 essere modificato per diversi motivi. Il <a href=\"https:\/\/www.esta-officiel-usa.com\/it\/ottieni-il-modulo-esta-online\/\">modulo ESTA<\/a> obbligatorio \u00e8 composto da molte sezioni, con una moltitudine di domande per ognuna di esse. Quindi non c&#8217;\u00e8 garanzia di non commettere errori!  <\/p>\n\n<p>esta-officiel-usa.com \u00e8 stato creato per limitare questo rischio. I nostri team, esperti in formalit\u00e0 di viaggio, controllano le tue risposte una per una, in modo che tu possa viaggiare negli Stati Uniti in tutta tranquillit\u00e0. Infatti, il minimo errore commesso durante la compilazione del modulo pu\u00f2 portare la <a href=\"https:\/\/www.esta-officiel-usa.com\/it\/superare-la-dogana-degli-stati-uniti\/\">dogana<\/a> degli Stati Uniti a rifiutarti l&#8217;accesso al loro territorio, se scopre che i tuoi dati sono errati o non aggiornati.  <\/p>\n\n<p>Quindi, se hai bisogno di cambiare la tua ESTA, devi sapere che nella maggior parte dei casi dovrai richiedere una nuova autorizzazione. La procedura da seguire \u00e8 la stessa di una prima richiesta e quindi \u00e8 soggetta a una tassa. <\/p>\n\n<p>Quando compili il modulo, per evitare di commettere un altro errore, presta particolare attenzione ai seguenti punti:<\/p>\n\n<ul class=\"wp-block-list\"><li>lo stato civile inserito nel modulo deve corrispondere ai dati del <a href=\"https:\/\/www.esta-officiel-usa.com\/fr\/quel-type-de-passeport-pour-les-usa\/\">passaporto<\/a> (cognome, nome, stato civile, ecc.).<\/li><li>i dettagli del passaporto (numero, data di emissione, data di scadenza) devono essere registrati con cura. Sono autorizzati solo i passaporti elettronici o biometrici. Devono essere validi per tutta la durata del soggiorno;  <\/li><li>anche i dati relativi ai tuoi precedenti penali e medici devono essere rigorosamente accurati. Negli Stati Uniti la sicurezza non \u00e8 uno scherzo! <\/li><\/ul>\n\n<p>Se desideri ottenere rapidamente il tuo ESTA modificato, puoi farlo in modo molto semplice su esta-officiel-usa.com. Riceverai il tuo ESTA aggiornato entro 72 ore, di solito il giorno stesso. <br\/> <\/p>\n\n<h2 class=\"wp-block-heading\">MODIFICARE L&#8217;ESTA GRATUITAMENTE<\/h2>\n\n<p>Alcuni dettagli dell&#8217;ESTA possono essere modificati gratuitamente online.<\/p>\n\n<p>Questo accade se l&#8217;indirizzo fisico a cui ti rivolgi \u00e8 cambiato o se hai cambiato il tuo indirizzo e-mail.<\/p>\n\n<p>In tutti gli altri casi, la procedura di cambio \u00e8 soggetta a un costo, come spiegato sopra.<\/p>\n\n<p>Prima di partire, devi anche controllare che l&#8217;ESTA originale sia ancora valido. Il documento \u00e8 valido per due anni. <\/p>\n\n<p>Se la tua autorizzazione non \u00e8 pi\u00f9 valida, devi richiederne una nuova. La procedura \u00e8 la stessa di una modifica o di una prima richiesta. <br\/><\/p>\n","protected":false},"excerpt":{"rendered":"<p>MODIFICA UN MODULO ESTA Se hai intenzione di recarti negli Stati Uniti, dovrai avere un permesso di soggiorno aggiornato (ESTA, carta verde, visto). Se hai gi\u00e0 un ESTA ma contiene un errore o non corrisponde pi\u00f9 alla tua situazione attuale, devi farlo modificare. MODIFICHE AGLI ESTA PAGATI L&#8217;ESTA pu\u00f2 essere modificato per diversi motivi. Il [&hellip;]<\/p>\n","protected":false},"author":1,"featured_media":0,"parent":0,"menu_order":0,"comment_status":"closed","ping_status":"closed","template":"","meta":{"footnotes":""},"class_list":["post-1481","page","type-page","status-publish","hentry"],"yoast_head":"<!-- This site is optimized with the Yoast SEO plugin v26.2 - https:\/\/yoast.com\/wordpress\/plugins\/seo\/ -->\n<title>Modifica del modulo ESTA<\/title>\n<meta name=\"description\" content=\"Se hai gi\u00e0 un&#039;ESTA ma non corrisponde pi\u00f9 alla tua situazione attuale, i nostri team possono spiegarti come cambiarla.\" \/>\n<meta name=\"robots\" content=\"index, follow, max-snippet:-1, max-image-preview:large, max-video-preview:-1\" \/>\n<link rel=\"canonical\" href=\"https:\/\/www.esta-officiel-usa.com\/it\/modifica-del-modulo-esta\/\" \/>\n<meta property=\"og:locale\" content=\"it_IT\" \/>\n<meta property=\"og:type\" content=\"article\" \/>\n<meta property=\"og:title\" content=\"Modifica del modulo ESTA\" \/>\n<meta property=\"og:description\" content=\"Se hai gi\u00e0 un&#039;ESTA ma non corrisponde pi\u00f9 alla tua situazione attuale, i nostri team possono spiegarti come cambiarla.\" \/>\n<meta property=\"og:url\" content=\"https:\/\/www.esta-officiel-usa.com\/it\/modifica-del-modulo-esta\/\" \/>\n<meta property=\"og:site_name\" content=\"ESTA - Stati Uniti\" \/>\n<meta property=\"article:modified_time\" content=\"2025-09-13T12:03:37+00:00\" \/>\n<meta name=\"twitter:card\" content=\"summary_large_image\" \/>\n<meta name=\"twitter:label1\" content=\"Tempo di lettura stimato\" \/>\n\t<meta name=\"twitter:data1\" content=\"2 minuti\" \/>\n<script type=\"application\/ld+json\" class=\"yoast-schema-graph\">{\"@context\":\"https:\/\/schema.org\",\"@graph\":[{\"@type\":\"WebPage\",\"@id\":\"https:\/\/www.esta-officiel-usa.com\/it\/modifica-del-modulo-esta\/\",\"url\":\"https:\/\/www.esta-officiel-usa.com\/it\/modifica-del-modulo-esta\/\",\"name\":\"Modifica del modulo ESTA\",\"isPartOf\":{\"@id\":\"https:\/\/www.esta-officiel-usa.com\/it\/#website\"},\"datePublished\":\"2025-09-13T12:03:33+00:00\",\"dateModified\":\"2025-09-13T12:03:37+00:00\",\"description\":\"Se hai gi\u00e0 un'ESTA ma non corrisponde pi\u00f9 alla tua situazione attuale, i nostri team possono spiegarti come cambiarla.\",\"breadcrumb\":{\"@id\":\"https:\/\/www.esta-officiel-usa.com\/it\/modifica-del-modulo-esta\/#breadcrumb\"},\"inLanguage\":\"it-IT\",\"potentialAction\":[{\"@type\":\"ReadAction\",\"target\":[\"https:\/\/www.esta-officiel-usa.com\/it\/modifica-del-modulo-esta\/\"]}]},{\"@type\":\"BreadcrumbList\",\"@id\":\"https:\/\/www.esta-officiel-usa.com\/it\/modifica-del-modulo-esta\/#breadcrumb\",\"itemListElement\":[{\"@type\":\"ListItem\",\"position\":1,\"name\":\"Casa\",\"item\":\"https:\/\/www.esta-officiel-usa.com\/it\/\"},{\"@type\":\"ListItem\",\"position\":2,\"name\":\"Modifica del modulo ESTA\"}]},{\"@type\":\"WebSite\",\"@id\":\"https:\/\/www.esta-officiel-usa.com\/it\/#website\",\"url\":\"https:\/\/www.esta-officiel-usa.com\/it\/\",\"name\":\"ESTA - Stati Uniti\",\"description\":\"Modulo di richiesta ESTA\",\"potentialAction\":[{\"@type\":\"SearchAction\",\"target\":{\"@type\":\"EntryPoint\",\"urlTemplate\":\"https:\/\/www.esta-officiel-usa.com\/it\/?s={search_term_string}\"},\"query-input\":{\"@type\":\"PropertyValueSpecification\",\"valueRequired\":true,\"valueName\":\"search_term_string\"}}],\"inLanguage\":\"it-IT\"}]}<\/script>\n<!-- \/ Yoast SEO plugin. -->","yoast_head_json":{"title":"Modifica del modulo ESTA","description":"Se hai gi\u00e0 un'ESTA ma non corrisponde pi\u00f9 alla tua situazione attuale, i nostri team possono spiegarti come cambiarla.","robots":{"index":"index","follow":"follow","max-snippet":"max-snippet:-1","max-image-preview":"max-image-preview:large","max-video-preview":"max-video-preview:-1"},"canonical":"https:\/\/www.esta-officiel-usa.com\/it\/modifica-del-modulo-esta\/","og_locale":"it_IT","og_type":"article","og_title":"Modifica del modulo ESTA","og_description":"Se hai gi\u00e0 un'ESTA ma non corrisponde pi\u00f9 alla tua situazione attuale, i nostri team possono spiegarti come cambiarla.","og_url":"https:\/\/www.esta-officiel-usa.com\/it\/modifica-del-modulo-esta\/","og_site_name":"ESTA - Stati Uniti","article_modified_time":"2025-09-13T12:03:37+00:00","twitter_card":"summary_large_image","twitter_misc":{"Tempo di lettura stimato":"2 minuti"},"schema":{"@context":"https:\/\/schema.org","@graph":[{"@type":"WebPage","@id":"https:\/\/www.esta-officiel-usa.com\/it\/modifica-del-modulo-esta\/","url":"https:\/\/www.esta-officiel-usa.com\/it\/modifica-del-modulo-esta\/","name":"Modifica del modulo ESTA","isPartOf":{"@id":"https:\/\/www.esta-officiel-usa.com\/it\/#website"},"datePublished":"2025-09-13T12:03:33+00:00","dateModified":"2025-09-13T12:03:37+00:00","description":"Se hai gi\u00e0 un'ESTA ma non corrisponde pi\u00f9 alla tua situazione attuale, i nostri team possono spiegarti come cambiarla.","breadcrumb":{"@id":"https:\/\/www.esta-officiel-usa.com\/it\/modifica-del-modulo-esta\/#breadcrumb"},"inLanguage":"it-IT","potentialAction":[{"@type":"ReadAction","target":["https:\/\/www.esta-officiel-usa.com\/it\/modifica-del-modulo-esta\/"]}]},{"@type":"BreadcrumbList","@id":"https:\/\/www.esta-officiel-usa.com\/it\/modifica-del-modulo-esta\/#breadcrumb","itemListElement":[{"@type":"ListItem","position":1,"name":"Casa","item":"https:\/\/www.esta-officiel-usa.com\/it\/"},{"@type":"ListItem","position":2,"name":"Modifica del modulo ESTA"}]},{"@type":"WebSite","@id":"https:\/\/www.esta-officiel-usa.com\/it\/#website","url":"https:\/\/www.esta-officiel-usa.com\/it\/","name":"ESTA - Stati Uniti","description":"Modulo di richiesta ESTA","potentialAction":[{"@type":"SearchAction","target":{"@type":"EntryPoint","urlTemplate":"https:\/\/www.esta-officiel-usa.com\/it\/?s={search_term_string}"},"query-input":{"@type":"PropertyValueSpecification","valueRequired":true,"valueName":"search_term_string"}}],"inLanguage":"it-IT"}]}},"_links":{"self":[{"href":"https:\/\/www.esta-officiel-usa.com\/it\/wp-json\/wp\/v2\/pages\/1481","targetHints":{"allow":["GET"]}}],"collection":[{"href":"https:\/\/www.esta-officiel-usa.com\/it\/wp-json\/wp\/v2\/pages"}],"about":[{"href":"https:\/\/www.esta-officiel-usa.com\/it\/wp-json\/wp\/v2\/types\/page"}],"author":[{"embeddable":true,"href":"https:\/\/www.esta-officiel-usa.com\/it\/wp-json\/wp\/v2\/users\/1"}],"replies":[{"embeddable":true,"href":"https:\/\/www.esta-officiel-usa.com\/it\/wp-json\/wp\/v2\/comments?post=1481"}],"version-history":[{"count":1,"href":"https:\/\/www.esta-officiel-usa.com\/it\/wp-json\/wp\/v2\/pages\/1481\/revisions"}],"predecessor-version":[{"id":1483,"href":"https:\/\/www.esta-officiel-usa.com\/it\/wp-json\/wp\/v2\/pages\/1481\/revisions\/1483"}],"wp:attachment":[{"href":"https:\/\/www.esta-officiel-usa.com\/it\/wp-json\/wp\/v2\/media?parent=1481"}],"curies":[{"name":"wp","href":"https:\/\/api.w.org\/{rel}","templated":true}]}}