{"id":1492,"date":"2025-09-13T12:03:36","date_gmt":"2025-09-13T12:03:36","guid":{"rendered":"https:\/\/www.esta-officiel-usa.com\/quando-richiedere-lesta\/"},"modified":"2025-09-13T12:03:38","modified_gmt":"2025-09-13T12:03:38","slug":"quando-richiedere-lesta","status":"publish","type":"page","link":"https:\/\/www.esta-officiel-usa.com\/it\/quando-richiedere-lesta\/","title":{"rendered":"Quando richiedere l&#8217;ESTA"},"content":{"rendered":"\n<h1 class=\"wp-block-heading\">RICHIEDERE UN&#8217;ESTA: QUANDO SI DEVE FARE DOMANDA E QUANTO TEMPO CI VUOLE?<\/h1>\n\n<p>Nella maggior parte dei casi, puoi ottenere l <a href=\"https:\/\/www.esta-officiel-usa.com\/it\/\">&#8216;autorizzazione ESTA<\/a> in poche ore. Ma attenzione, la maggior parte non significa tutti! Ti consigliamo quindi di fare domanda con almeno 72 ore di anticipo, per evitare ritardi o complicazioni nell&#8217;elaborazione del modulo. In questo modo i tuoi preparativi saranno molto pi\u00f9 semplici.   <\/p>\n\n<h2 class=\"wp-block-heading\">IL TEMPO NECESSARIO PER LA TUA RISPOSTA ESTA<\/h2>\n\n<p>L&#8217;autorizzazione ESTA \u00e8 obbligatoria per l&#8217;ingresso negli Stati Uniti, se soddisfi i criteri. Ma assicurati di fare domanda per tempo. Prima di tutto, devi essere cittadino di uno dei 38 paesi che partecipano al VWP o Visa Waiver Programme (alcune eccezioni si applicano ai cittadini con doppia cittadinanza). In caso contrario, \u00e8 necessario un visto per recarsi negli Stati Uniti. L&#8217;ESTA ufficiale \u00e8 soggetta ad altre condizioni:    <\/p>\n\n<ul class=\"wp-block-list\"><li>90 giorni consecutivi al massimo ;<\/li><li>Per turismo, transito o affari;<\/li><li>Con un passaporto biometrico o elettronico valido fino alla fine del soggiorno.<\/li><\/ul>\n\n<p>Soddisfa questi criteri? Allora porta con te il passaporto e compila il questionario online, che verr\u00e0 elaborato dalle autorit\u00e0 americane. <\/p>\n\n<p>Non aspettare di aver definito tutti i dettagli del viaggio (data di partenza, prenotazione del biglietto, ecc.) per avviare la procedura. Il tempo massimo di elaborazione \u00e8 di 72 ore, quindi non correre il rischio di inviare il modulo il giorno prima del decollo, ad esempio. Se commetti un errore di battitura, potresti ritrovarti senza ESTA all&#8217;aeroporto, nel qual caso sarebbe impossibile entrare negli Stati Uniti.  <\/p>\n\n<p>Come puoi vedere, anche se il 99% delle domande riceve una risposta positiva in tempi brevi, \u00e8 meglio pianificare il tutto non appena hai qualche minuto a disposizione! Nel peggiore dei casi, riceverai un rifiuto che potrebbe obbligarti a richiedere nuovamente il visto. Se questo dovesse accadere, avrai bisogno di molto pi\u00f9 tempo per sperare di recarti negli Stati Uniti (e il costo sar\u00e0 maggiore).  <\/p>\n\n<h2 class=\"wp-block-heading\">UNA PAROLA D&#8217;ORDINE: ANTICIPARE LE TUE ESIGENZE!<\/h2>\n\n<p>Cosa succede una volta che il tuo <a href=\"https:\/\/www.esta-officiel-usa.com\/it\/modulo-esta-da-compilare-in-francese\/\">modulo ESTA<\/a> \u00e8 stato inviato alle autorit\u00e0 statunitensi online? Le tue risposte vengono elaborate dal computer per verificare che le tue informazioni siano corrette e che tu non rappresenti un pericolo per la sicurezza degli Stati Uniti. Non dare per scontato che, solo perch\u00e9 il tuo modulo sembra essere stato compilato correttamente, l&#8217;autorizzazione verr\u00e0 necessariamente rilasciata in tempi brevi. Ad esempio, la tua domanda potrebbe essere selezionata a caso per un esame approfondito. Si tratta di un&#8217;eventualit\u00e0 del tutto imprevedibile ed \u00e8 per questo che ogni anticipazione \u00e8 gradita.    <\/p>\n\n<p>Ricorda, tuttavia, che le ESTA vengono generalmente rilasciate ben prima delle 72 ore. Se non sei riuscito a pianificare il tuo viaggio in anticipo (ad esempio per motivi professionali dell&#8217;ultimo minuto), puoi stare tranquillo: \u00e8 probabile che riuscirai comunque a prendere l&#8217;aereo o la nave per gli Stati Uniti. <\/p>\n\n<p>Ci sono molte altre domande sul <a href=\"https:\/\/www.esta-officiel-usa.com\/it\/esta-quanto-costa\/\">prezzo dell&#8217;ESTA<\/a>, sui tipi di passaporto o su come <a href=\"https:\/\/www.esta-officiel-usa.com\/fr\/demande-desta-sur-site-officiel\/\">richiedere l&#8217;ESTA sul sito ufficiale<\/a>. Dai un&#8217;occhiata alle altre pagine per trovare le risposte! <\/p>\n","protected":false},"excerpt":{"rendered":"<p>RICHIEDERE UN&#8217;ESTA: QUANDO SI DEVE FARE DOMANDA E QUANTO TEMPO CI VUOLE? Nella maggior parte dei casi, puoi ottenere l &#8216;autorizzazione ESTA in poche ore. Ma attenzione, la maggior parte non significa tutti! Ti consigliamo quindi di fare domanda con almeno 72 ore di anticipo, per evitare ritardi o complicazioni nell&#8217;elaborazione del modulo. In questo [&hellip;]<\/p>\n","protected":false},"author":1,"featured_media":0,"parent":0,"menu_order":0,"comment_status":"closed","ping_status":"closed","template":"","meta":{"footnotes":""},"class_list":["post-1492","page","type-page","status-publish","hentry"],"yoast_head":"<!-- This site is optimized with the Yoast SEO plugin v26.2 - https:\/\/yoast.com\/wordpress\/plugins\/seo\/ -->\n<title>Quando richiedere l&#039;ESTA<\/title>\n<meta name=\"description\" content=\"Anche se \u00e8 possibile ottenere la domanda ESTA in poche ore, per una maggiore tranquillit\u00e0 scopri quando fare domanda.\" \/>\n<meta name=\"robots\" content=\"index, follow, max-snippet:-1, max-image-preview:large, max-video-preview:-1\" \/>\n<link rel=\"canonical\" href=\"https:\/\/www.esta-officiel-usa.com\/it\/quando-richiedere-lesta\/\" \/>\n<meta property=\"og:locale\" content=\"it_IT\" \/>\n<meta property=\"og:type\" content=\"article\" \/>\n<meta property=\"og:title\" content=\"Quando richiedere l&#039;ESTA\" \/>\n<meta property=\"og:description\" content=\"Anche se \u00e8 possibile ottenere la domanda ESTA in poche ore, per una maggiore tranquillit\u00e0 scopri quando fare domanda.\" \/>\n<meta property=\"og:url\" content=\"https:\/\/www.esta-officiel-usa.com\/it\/quando-richiedere-lesta\/\" \/>\n<meta property=\"og:site_name\" content=\"ESTA - Stati Uniti\" \/>\n<meta property=\"article:modified_time\" content=\"2025-09-13T12:03:38+00:00\" \/>\n<meta name=\"twitter:card\" content=\"summary_large_image\" \/>\n<meta name=\"twitter:label1\" content=\"Tempo di lettura stimato\" \/>\n\t<meta name=\"twitter:data1\" content=\"2 minuti\" \/>\n<script type=\"application\/ld+json\" class=\"yoast-schema-graph\">{\"@context\":\"https:\/\/schema.org\",\"@graph\":[{\"@type\":\"WebPage\",\"@id\":\"https:\/\/www.esta-officiel-usa.com\/it\/quando-richiedere-lesta\/\",\"url\":\"https:\/\/www.esta-officiel-usa.com\/it\/quando-richiedere-lesta\/\",\"name\":\"Quando richiedere l'ESTA\",\"isPartOf\":{\"@id\":\"https:\/\/www.esta-officiel-usa.com\/it\/#website\"},\"datePublished\":\"2025-09-13T12:03:36+00:00\",\"dateModified\":\"2025-09-13T12:03:38+00:00\",\"description\":\"Anche se \u00e8 possibile ottenere la domanda ESTA in poche ore, per una maggiore tranquillit\u00e0 scopri quando fare domanda.\",\"breadcrumb\":{\"@id\":\"https:\/\/www.esta-officiel-usa.com\/it\/quando-richiedere-lesta\/#breadcrumb\"},\"inLanguage\":\"it-IT\",\"potentialAction\":[{\"@type\":\"ReadAction\",\"target\":[\"https:\/\/www.esta-officiel-usa.com\/it\/quando-richiedere-lesta\/\"]}]},{\"@type\":\"BreadcrumbList\",\"@id\":\"https:\/\/www.esta-officiel-usa.com\/it\/quando-richiedere-lesta\/#breadcrumb\",\"itemListElement\":[{\"@type\":\"ListItem\",\"position\":1,\"name\":\"Casa\",\"item\":\"https:\/\/www.esta-officiel-usa.com\/it\/\"},{\"@type\":\"ListItem\",\"position\":2,\"name\":\"Quando richiedere l&#8217;ESTA\"}]},{\"@type\":\"WebSite\",\"@id\":\"https:\/\/www.esta-officiel-usa.com\/it\/#website\",\"url\":\"https:\/\/www.esta-officiel-usa.com\/it\/\",\"name\":\"ESTA - Stati Uniti\",\"description\":\"Modulo di richiesta ESTA\",\"potentialAction\":[{\"@type\":\"SearchAction\",\"target\":{\"@type\":\"EntryPoint\",\"urlTemplate\":\"https:\/\/www.esta-officiel-usa.com\/it\/?s={search_term_string}\"},\"query-input\":{\"@type\":\"PropertyValueSpecification\",\"valueRequired\":true,\"valueName\":\"search_term_string\"}}],\"inLanguage\":\"it-IT\"}]}<\/script>\n<!-- \/ Yoast SEO plugin. -->","yoast_head_json":{"title":"Quando richiedere l'ESTA","description":"Anche se \u00e8 possibile ottenere la domanda ESTA in poche ore, per una maggiore tranquillit\u00e0 scopri quando fare domanda.","robots":{"index":"index","follow":"follow","max-snippet":"max-snippet:-1","max-image-preview":"max-image-preview:large","max-video-preview":"max-video-preview:-1"},"canonical":"https:\/\/www.esta-officiel-usa.com\/it\/quando-richiedere-lesta\/","og_locale":"it_IT","og_type":"article","og_title":"Quando richiedere l'ESTA","og_description":"Anche se \u00e8 possibile ottenere la domanda ESTA in poche ore, per una maggiore tranquillit\u00e0 scopri quando fare domanda.","og_url":"https:\/\/www.esta-officiel-usa.com\/it\/quando-richiedere-lesta\/","og_site_name":"ESTA - Stati Uniti","article_modified_time":"2025-09-13T12:03:38+00:00","twitter_card":"summary_large_image","twitter_misc":{"Tempo di lettura stimato":"2 minuti"},"schema":{"@context":"https:\/\/schema.org","@graph":[{"@type":"WebPage","@id":"https:\/\/www.esta-officiel-usa.com\/it\/quando-richiedere-lesta\/","url":"https:\/\/www.esta-officiel-usa.com\/it\/quando-richiedere-lesta\/","name":"Quando richiedere l'ESTA","isPartOf":{"@id":"https:\/\/www.esta-officiel-usa.com\/it\/#website"},"datePublished":"2025-09-13T12:03:36+00:00","dateModified":"2025-09-13T12:03:38+00:00","description":"Anche se \u00e8 possibile ottenere la domanda ESTA in poche ore, per una maggiore tranquillit\u00e0 scopri quando fare domanda.","breadcrumb":{"@id":"https:\/\/www.esta-officiel-usa.com\/it\/quando-richiedere-lesta\/#breadcrumb"},"inLanguage":"it-IT","potentialAction":[{"@type":"ReadAction","target":["https:\/\/www.esta-officiel-usa.com\/it\/quando-richiedere-lesta\/"]}]},{"@type":"BreadcrumbList","@id":"https:\/\/www.esta-officiel-usa.com\/it\/quando-richiedere-lesta\/#breadcrumb","itemListElement":[{"@type":"ListItem","position":1,"name":"Casa","item":"https:\/\/www.esta-officiel-usa.com\/it\/"},{"@type":"ListItem","position":2,"name":"Quando richiedere l&#8217;ESTA"}]},{"@type":"WebSite","@id":"https:\/\/www.esta-officiel-usa.com\/it\/#website","url":"https:\/\/www.esta-officiel-usa.com\/it\/","name":"ESTA - Stati Uniti","description":"Modulo di richiesta ESTA","potentialAction":[{"@type":"SearchAction","target":{"@type":"EntryPoint","urlTemplate":"https:\/\/www.esta-officiel-usa.com\/it\/?s={search_term_string}"},"query-input":{"@type":"PropertyValueSpecification","valueRequired":true,"valueName":"search_term_string"}}],"inLanguage":"it-IT"}]}},"_links":{"self":[{"href":"https:\/\/www.esta-officiel-usa.com\/it\/wp-json\/wp\/v2\/pages\/1492","targetHints":{"allow":["GET"]}}],"collection":[{"href":"https:\/\/www.esta-officiel-usa.com\/it\/wp-json\/wp\/v2\/pages"}],"about":[{"href":"https:\/\/www.esta-officiel-usa.com\/it\/wp-json\/wp\/v2\/types\/page"}],"author":[{"embeddable":true,"href":"https:\/\/www.esta-officiel-usa.com\/it\/wp-json\/wp\/v2\/users\/1"}],"replies":[{"embeddable":true,"href":"https:\/\/www.esta-officiel-usa.com\/it\/wp-json\/wp\/v2\/comments?post=1492"}],"version-history":[{"count":1,"href":"https:\/\/www.esta-officiel-usa.com\/it\/wp-json\/wp\/v2\/pages\/1492\/revisions"}],"predecessor-version":[{"id":1495,"href":"https:\/\/www.esta-officiel-usa.com\/it\/wp-json\/wp\/v2\/pages\/1492\/revisions\/1495"}],"wp:attachment":[{"href":"https:\/\/www.esta-officiel-usa.com\/it\/wp-json\/wp\/v2\/media?parent=1492"}],"curies":[{"name":"wp","href":"https:\/\/api.w.org\/{rel}","templated":true}]}}