{"id":1507,"date":"2025-09-13T12:03:42","date_gmt":"2025-09-13T12:03:42","guid":{"rendered":"https:\/\/www.esta-officiel-usa.com\/informazioni-sul-programma-viaggio-senza-visto\/"},"modified":"2025-09-13T12:03:46","modified_gmt":"2025-09-13T12:03:46","slug":"informazioni-sul-programma-viaggio-senza-visto","status":"publish","type":"page","link":"https:\/\/www.esta-officiel-usa.com\/it\/informazioni-sul-programma-viaggio-senza-visto\/","title":{"rendered":"Informazioni sul Programma Viaggio senza Visto"},"content":{"rendered":"\n<h1 class=\"wp-block-heading\">I vantaggi del Programma Viaggio senza Visto<\/h1>\n\n<p>Per molti, l&#8217;America \u00e8 sinonimo di avventura, di metropoli che non dormono mai, di vaste aree selvagge dove la natura regna ancora, di parchi nazionali e, talvolta, di ricerca del sogno americano. Ogni anno milioni di viaggiatori si recano negli Stati Uniti con un visto, ma in alcuni casi il visto non \u00e8 necessario. La creazione del Programma Viaggio senza Visto (Visa Waiver Program) rende pi\u00f9 facile l&#8217;<a href=\"https:\/\/www.esta-officiel-usa.com\/fr\/les-formalites-dentree-aux-etats-unis\/\">ingresso negli Stati Uniti<\/a> senza visto, grazie all&#8217;autorizzazione di viaggio <a href=\"https:\/\/www.esta-officiel-usa.com\/it\/\">ESTA<\/a>.  <br\/> <\/p>\n\n<h2 class=\"wp-block-heading\">Cos&#8217;\u00e8 il Programma Viaggio senza Visto?<\/h2>\n\n<p>Il VWP \u00e8 il risultato della collaborazione tra due dipartimenti statunitensi, il Dipartimento per la Sicurezza Nazionale e il <a href=\"https:\/\/www.esta-officiel-usa.com\/it\/che-cose-il-dos-dipartimento-di-stato\/\">DOS<\/a>. Consente ai cittadini stranieri dei paesi partecipanti di recarsi negli Stati Uniti senza bisogno di un visto americano. Dato il difficile contesto internazionale, le autorit\u00e0 hanno introdotto un&#8217;autorizzazione di viaggio nota come ESTA (Electronic System for Travel Authorisation). Per i viaggiatori, questo documento facilita l&#8217;accesso al territorio in quanto non \u00e8 necessario un visto. Per le <a href=\"https:\/\/www.esta-officiel-usa.com\/it\/superare-la-dogana-degli-stati-uniti\/\">dogane statunitensi<\/a>, il processo rappresenta un rafforzamento della sicurezza interna: il modulo ESTA consente di raccogliere informazioni dai viaggiatori e di verificarne l&#8217;identit\u00e0 prima che salgano a bordo dell&#8217;aereo o della nave. Il successo dell&#8217;ESTA \u00e8 stato dimostrato e un&#8217;autorizzazione <a href=\"https:\/\/www.esta-officiel-usa.com\/it\/etias-europa-ispirato-allesta-americano\/\">ETIAS<\/a> simile sar\u00e0 introdotta per l&#8217;ingresso in Europa a partire dal 2025.     <\/p>\n\n<p>Di seguito \u00e8 riportato l&#8217;elenco dei <a href=\"https:\/\/www.esta-officiel-usa.com\/it\/quali-sono-i-paesi-partner-del-programma-viaggio-senza-visto-vwp\/\">paesi che partecipano al Programma Viaggio senza Visto<\/a>:<\/p>\n\n<p>Andorra, Australia, Austria, Germania, Belgio, Brunei, Cile, Corea del Sud, Croazia, Danimarca, Spagna, Estonia, Finlandia, Francia, Grecia, Olanda, Ungheria, Islanda, Irlanda, Israele, Italia, Giappone, Lettonia, Liechtenstein, Lituania, Lussemburgo, Malta, Monaco, Nuova Zelanda, Norvegia, Polonia, Portogallo, Regno Unito, San Marino, Singapore, Svezia, Svizzera, Slovacchia, Slovenia, Taiwan, Repubblica Ceca.<\/p>\n\n<p>Se sei un cittadino di uno di questi paesi, puoi richiedere al governo degli Stati Uniti un&#8217;ESTA. Lo<a href=\"https:\/\/www.esta-officiel-usa.com\/it\/qual-e-lo-scopo-dellesta-quando-si-viaggia-negli-stati-uniti\/\">scopo dell&#8217;ESTA<\/a> \u00e8 quello di permetterti di recarti negli Stati Uniti senza visto, nel rispetto delle seguenti condizioni: <\/p>\n\n<ul class=\"wp-block-list\">\n<li>Soggiorno negli Stati Uniti per un massimo di 90 giorni consecutivi;<\/li>\n\n\n\n<li>Turismo o affari;<\/li>\n\n\n\n<li>Partecipare ad attivit\u00e0 sociali, sportive, musicali o culturali, purch\u00e9 non retribuite;<\/li>\n\n\n\n<li>Iscriversi a corsi che non conferiscono crediti per il conseguimento di una laurea negli Stati Uniti.<\/li>\n<\/ul>\n\n<p>Se state pianificando un viaggio di lavoro, avete diritto a :<\/p>\n\n<ul class=\"wp-block-list\">\n<li>Partecipa a riunioni professionali, conferenze, convegni o brevi corsi di formazione (non retribuiti);<\/li>\n\n\n\n<li>Negoziare e firmare contratti.<br\/> <\/li>\n<\/ul>\n\n<h2 class=\"wp-block-heading\">Come ottenere un&#8217;ESTA nell&#8217;ambito del VWP<\/h2>\n\n<p>Compilare il <a href=\"https:\/\/www.esta-officiel-usa.com\/it\/ottieni-il-modulo-esta-online\/\">modulo ESTA online<\/a> \u00e8 piuttosto semplice. Devi fare domanda online solo se hai un passaporto valido per entrare negli Stati Uniti. <\/p>\n\n<p>Qualunque sia il motivo per cui desideri recarti negli Stati Uniti, questa autorizzazione di viaggio ti permette di soggiornare pi\u00f9 volte durante il suo periodo di <a href=\"https:\/\/www.esta-officiel-usa.com\/fr\/verifier-la-validite-de-votre-esta\/\">validit\u00e0 di 2 anni<\/a>. Non esiste un&#8217;<a href=\"https:\/\/www.esta-officiel-usa.com\/it\/autorizzazione-esta-gratuita\/\">ESTA gratuita<\/a>. Tuttavia, il <a href=\"https:\/\/www.esta-officiel-usa.com\/it\/esta-quanto-costa\/\">prezzo dell&#8217;ESTA<\/a> \u00e8 basso rispetto a quello di un <a href=\"https:\/\/www.esta-officiel-usa.com\/it\/visti-b1-e-b2-per-lingresso-negli-stati-uniti\/\">visto turistico per gli Stati Uniti<\/a>.  <\/p>\n","protected":false},"excerpt":{"rendered":"<p>I vantaggi del Programma Viaggio senza Visto Per molti, l&#8217;America \u00e8 sinonimo di avventura, di metropoli che non dormono mai, di vaste aree selvagge dove la natura regna ancora, di parchi nazionali e, talvolta, di ricerca del sogno americano. Ogni anno milioni di viaggiatori si recano negli Stati Uniti con un visto, ma in alcuni [&hellip;]<\/p>\n","protected":false},"author":1,"featured_media":0,"parent":0,"menu_order":0,"comment_status":"closed","ping_status":"closed","template":"","meta":{"footnotes":""},"class_list":["post-1507","page","type-page","status-publish","hentry"],"yoast_head":"<!-- This site is optimized with the Yoast SEO plugin v26.2 - https:\/\/yoast.com\/wordpress\/plugins\/seo\/ -->\n<title>Informazioni sul Programma Viaggio senza Visto<\/title>\n<meta name=\"description\" content=\"Il VWP \u00e8 il risultato della collaborazione tra gli Stati Uniti e i 41 paesi membri del programma. Scopri di pi\u00f9 sulla sua utilit\u00e0 nella nostra pagina.\" \/>\n<meta name=\"robots\" content=\"index, follow, max-snippet:-1, max-image-preview:large, max-video-preview:-1\" \/>\n<link rel=\"canonical\" href=\"https:\/\/www.esta-officiel-usa.com\/it\/informazioni-sul-programma-viaggio-senza-visto\/\" \/>\n<meta property=\"og:locale\" content=\"it_IT\" \/>\n<meta property=\"og:type\" content=\"article\" \/>\n<meta property=\"og:title\" content=\"Informazioni sul Programma Viaggio senza Visto\" \/>\n<meta property=\"og:description\" content=\"Il VWP \u00e8 il risultato della collaborazione tra gli Stati Uniti e i 41 paesi membri del programma. Scopri di pi\u00f9 sulla sua utilit\u00e0 nella nostra pagina.\" \/>\n<meta property=\"og:url\" content=\"https:\/\/www.esta-officiel-usa.com\/it\/informazioni-sul-programma-viaggio-senza-visto\/\" \/>\n<meta property=\"og:site_name\" content=\"ESTA - Stati Uniti\" \/>\n<meta property=\"article:modified_time\" content=\"2025-09-13T12:03:46+00:00\" \/>\n<meta name=\"twitter:card\" content=\"summary_large_image\" \/>\n<meta name=\"twitter:label1\" content=\"Tempo di lettura stimato\" \/>\n\t<meta name=\"twitter:data1\" content=\"2 minuti\" \/>\n<script type=\"application\/ld+json\" class=\"yoast-schema-graph\">{\"@context\":\"https:\/\/schema.org\",\"@graph\":[{\"@type\":\"WebPage\",\"@id\":\"https:\/\/www.esta-officiel-usa.com\/it\/informazioni-sul-programma-viaggio-senza-visto\/\",\"url\":\"https:\/\/www.esta-officiel-usa.com\/it\/informazioni-sul-programma-viaggio-senza-visto\/\",\"name\":\"Informazioni sul Programma Viaggio senza Visto\",\"isPartOf\":{\"@id\":\"https:\/\/www.esta-officiel-usa.com\/it\/#website\"},\"datePublished\":\"2025-09-13T12:03:42+00:00\",\"dateModified\":\"2025-09-13T12:03:46+00:00\",\"description\":\"Il VWP \u00e8 il risultato della collaborazione tra gli Stati Uniti e i 41 paesi membri del programma. Scopri di pi\u00f9 sulla sua utilit\u00e0 nella nostra pagina.\",\"breadcrumb\":{\"@id\":\"https:\/\/www.esta-officiel-usa.com\/it\/informazioni-sul-programma-viaggio-senza-visto\/#breadcrumb\"},\"inLanguage\":\"it-IT\",\"potentialAction\":[{\"@type\":\"ReadAction\",\"target\":[\"https:\/\/www.esta-officiel-usa.com\/it\/informazioni-sul-programma-viaggio-senza-visto\/\"]}]},{\"@type\":\"BreadcrumbList\",\"@id\":\"https:\/\/www.esta-officiel-usa.com\/it\/informazioni-sul-programma-viaggio-senza-visto\/#breadcrumb\",\"itemListElement\":[{\"@type\":\"ListItem\",\"position\":1,\"name\":\"Casa\",\"item\":\"https:\/\/www.esta-officiel-usa.com\/it\/\"},{\"@type\":\"ListItem\",\"position\":2,\"name\":\"Informazioni sul Programma Viaggio senza Visto\"}]},{\"@type\":\"WebSite\",\"@id\":\"https:\/\/www.esta-officiel-usa.com\/it\/#website\",\"url\":\"https:\/\/www.esta-officiel-usa.com\/it\/\",\"name\":\"ESTA - Stati Uniti\",\"description\":\"Modulo di richiesta ESTA\",\"potentialAction\":[{\"@type\":\"SearchAction\",\"target\":{\"@type\":\"EntryPoint\",\"urlTemplate\":\"https:\/\/www.esta-officiel-usa.com\/it\/?s={search_term_string}\"},\"query-input\":{\"@type\":\"PropertyValueSpecification\",\"valueRequired\":true,\"valueName\":\"search_term_string\"}}],\"inLanguage\":\"it-IT\"}]}<\/script>\n<!-- \/ Yoast SEO plugin. -->","yoast_head_json":{"title":"Informazioni sul Programma Viaggio senza Visto","description":"Il VWP \u00e8 il risultato della collaborazione tra gli Stati Uniti e i 41 paesi membri del programma. Scopri di pi\u00f9 sulla sua utilit\u00e0 nella nostra pagina.","robots":{"index":"index","follow":"follow","max-snippet":"max-snippet:-1","max-image-preview":"max-image-preview:large","max-video-preview":"max-video-preview:-1"},"canonical":"https:\/\/www.esta-officiel-usa.com\/it\/informazioni-sul-programma-viaggio-senza-visto\/","og_locale":"it_IT","og_type":"article","og_title":"Informazioni sul Programma Viaggio senza Visto","og_description":"Il VWP \u00e8 il risultato della collaborazione tra gli Stati Uniti e i 41 paesi membri del programma. Scopri di pi\u00f9 sulla sua utilit\u00e0 nella nostra pagina.","og_url":"https:\/\/www.esta-officiel-usa.com\/it\/informazioni-sul-programma-viaggio-senza-visto\/","og_site_name":"ESTA - Stati Uniti","article_modified_time":"2025-09-13T12:03:46+00:00","twitter_card":"summary_large_image","twitter_misc":{"Tempo di lettura stimato":"2 minuti"},"schema":{"@context":"https:\/\/schema.org","@graph":[{"@type":"WebPage","@id":"https:\/\/www.esta-officiel-usa.com\/it\/informazioni-sul-programma-viaggio-senza-visto\/","url":"https:\/\/www.esta-officiel-usa.com\/it\/informazioni-sul-programma-viaggio-senza-visto\/","name":"Informazioni sul Programma Viaggio senza Visto","isPartOf":{"@id":"https:\/\/www.esta-officiel-usa.com\/it\/#website"},"datePublished":"2025-09-13T12:03:42+00:00","dateModified":"2025-09-13T12:03:46+00:00","description":"Il VWP \u00e8 il risultato della collaborazione tra gli Stati Uniti e i 41 paesi membri del programma. Scopri di pi\u00f9 sulla sua utilit\u00e0 nella nostra pagina.","breadcrumb":{"@id":"https:\/\/www.esta-officiel-usa.com\/it\/informazioni-sul-programma-viaggio-senza-visto\/#breadcrumb"},"inLanguage":"it-IT","potentialAction":[{"@type":"ReadAction","target":["https:\/\/www.esta-officiel-usa.com\/it\/informazioni-sul-programma-viaggio-senza-visto\/"]}]},{"@type":"BreadcrumbList","@id":"https:\/\/www.esta-officiel-usa.com\/it\/informazioni-sul-programma-viaggio-senza-visto\/#breadcrumb","itemListElement":[{"@type":"ListItem","position":1,"name":"Casa","item":"https:\/\/www.esta-officiel-usa.com\/it\/"},{"@type":"ListItem","position":2,"name":"Informazioni sul Programma Viaggio senza Visto"}]},{"@type":"WebSite","@id":"https:\/\/www.esta-officiel-usa.com\/it\/#website","url":"https:\/\/www.esta-officiel-usa.com\/it\/","name":"ESTA - Stati Uniti","description":"Modulo di richiesta ESTA","potentialAction":[{"@type":"SearchAction","target":{"@type":"EntryPoint","urlTemplate":"https:\/\/www.esta-officiel-usa.com\/it\/?s={search_term_string}"},"query-input":{"@type":"PropertyValueSpecification","valueRequired":true,"valueName":"search_term_string"}}],"inLanguage":"it-IT"}]}},"_links":{"self":[{"href":"https:\/\/www.esta-officiel-usa.com\/it\/wp-json\/wp\/v2\/pages\/1507","targetHints":{"allow":["GET"]}}],"collection":[{"href":"https:\/\/www.esta-officiel-usa.com\/it\/wp-json\/wp\/v2\/pages"}],"about":[{"href":"https:\/\/www.esta-officiel-usa.com\/it\/wp-json\/wp\/v2\/types\/page"}],"author":[{"embeddable":true,"href":"https:\/\/www.esta-officiel-usa.com\/it\/wp-json\/wp\/v2\/users\/1"}],"replies":[{"embeddable":true,"href":"https:\/\/www.esta-officiel-usa.com\/it\/wp-json\/wp\/v2\/comments?post=1507"}],"version-history":[{"count":1,"href":"https:\/\/www.esta-officiel-usa.com\/it\/wp-json\/wp\/v2\/pages\/1507\/revisions"}],"predecessor-version":[{"id":1510,"href":"https:\/\/www.esta-officiel-usa.com\/it\/wp-json\/wp\/v2\/pages\/1507\/revisions\/1510"}],"wp:attachment":[{"href":"https:\/\/www.esta-officiel-usa.com\/it\/wp-json\/wp\/v2\/media?parent=1507"}],"curies":[{"name":"wp","href":"https:\/\/api.w.org\/{rel}","templated":true}]}}