{"id":1547,"date":"2025-09-13T12:03:59","date_gmt":"2025-09-13T12:03:59","guid":{"rendered":"https:\/\/www.esta-officiel-usa.com\/per-quanto-tempo-e-valido-un-visto-usa\/"},"modified":"2025-09-13T12:04:02","modified_gmt":"2025-09-13T12:04:02","slug":"per-quanto-tempo-e-valido-un-visto-usa","status":"publish","type":"page","link":"https:\/\/www.esta-officiel-usa.com\/it\/per-quanto-tempo-e-valido-un-visto-usa\/","title":{"rendered":"Per quanto tempo \u00e8 valido un visto USA?"},"content":{"rendered":"\n<h1 class=\"wp-block-heading\">Tutto sulla validit\u00e0 di un visto per gli USA<\/h1>\n\n<p>Vuoi immigrare negli Stati Uniti per un periodo pi\u00f9 o meno lungo? \nHai intenzione di lavorare, fare uno stage, studiare in un&#8217;universit\u00e0 americana \no semplicemente viaggiare negli Stati Uniti per turismo \n? Allora dovrai richiedere un visto. Il \nvisto americano non \u00e8 facile da ottenere e la procedura \u00e8 spesso \nmolto lunga. In questo articolo troverai tutte le risposte alle \ntue domande sulla validit\u00e0 del visto.   <\/p>\n\n<p>Se vuoi recarti negli Stati Uniti, devi avere i documenti giusti per entrare legalmente nel Paese dello Zio Sam. Purtroppo, a differenza dell&#8217;area Schengen, una carta d&#8217;identit\u00e0 valida non \u00e8 sufficiente. Inoltre, se hai intenzione di viaggiare per pi\u00f9 di 90 giorni, il modulo <a href=\"https:\/\/www.esta-officiel-usa.com\/it\/\">ESTA<\/a> non sar\u00e0 valido. Dovrai quindi recarti all&#8217;ambasciata statunitense per richiedere un visto per gli Stati Uniti.   <\/p>\n\n<p>Il visto USA d\u00e0 ai cittadini stranieri il permesso di \nrecarsi negli Stati Uniti per uno scopo specifico: potrebbe trattarsi di uno stage, di un lavoro \no di uno studio negli Stati Uniti.<\/p>\n\n<p>Esiste un gran numero di visti diversi, adatti a ogni situazione che l&#8217;immigrato pu\u00f2 incontrare.<\/p>\n\n<p>Esistono due categorie principali di visti:<\/p>\n\n<ul class=\"wp-block-list\"><li>Visti non immigranti: sono destinati a persone che \nnon intendono vivere negli Stati Uniti per tutta la vita, ma che si fermano per un \nperiodo temporaneo definito. Ad esempio, una visita turistica, uno stage \nin un&#8217;azienda americana o per studiare. <\/li><li>Visti per immigrati: sono destinati alle persone che desiderano trasferirsi negli Stati Uniti in modo permanente.<\/li><\/ul>\n\n<h2 class=\"wp-block-heading\">Un visto o l&#8217;ESTA?<\/h2>\n\n<p>Ci sono <a href=\"https:\/\/www.esta-officiel-usa.com\/it\/la-differenza-tra-unesta-e-una-domanda-di-visto\/\">differenze tra l&#8217;ESTA e il visto<\/a>. Rispetto all&#8217;ESTA, che \u00e8 il Sistema Elettronico per l&#8217;Autorizzazione al Viaggio e l&#8217;Esenzione dal Visto, il visto ti permette di soggiornare molto pi\u00f9 a lungo ed \u00e8 aperto a pi\u00f9 possibilit\u00e0. <\/p>\n\n<p>L&#8217;autorizzazione ESTA \u00e8 consigliata per soggiorni turistici, di transito o di lavoro fino a 90 giorni.<\/p>\n\n<p>Il visto \u00e8 pi\u00f9 costoso e meno semplice da ottenere (l&#8217;ESTA costa $14\n e pu\u00f2 essere ottenuto rapidamente tramite una domanda online), ma offre a\n la possibilit\u00e0 di soggiornare per periodi molto lunghi negli Stati Uniti.<\/p>\n\n<h3 class=\"wp-block-heading\">Richiedere un visto valido<\/h3>\n\n<p><a href=\"https:\/\/www.esta-officiel-usa.com\/it\/differenza-tra-esta-e-visto-usa\/\">Richiedere un visto per gli Stati Uniti<\/a> non \u00e8 un compito facile, poich\u00e9 il documento viene rilasciato dopo un periodo di tempo e diverse procedure amministrative. Devi richiedere il visto presso l&#8217;ambasciata o il consolato americano. <\/p>\n\n<p>I richiedenti il visto dovranno sostenere un colloquio presso i servizi consolari \ne il periodo di attesa varia a seconda del consolato \no dell&#8217;ambasciata statunitense. Dovrai rispondere ad alcune \ndomande. <\/p>\n\n<p>\u00c8 necessario portare con s\u00e9 la domanda di visto, che comprende i seguenti documenti:<\/p>\n\n<ul class=\"wp-block-list\"><li>un passaporto biometrico valido (o passaporto elettronico) ;<\/li><li>certificato di nascita ;<\/li><li>certificato di matrimonio ;<\/li><li>fototessera;<\/li><li>prova di risorse finanziarie sufficienti (fotocopia dell&#8217;estratto conto bancario, ad esempio);<\/li><li>fedina penale ;<\/li><li>lettera del tuo futuro datore di lavoro, se ti rechi negli Stati Uniti per lavorare;<\/li><li>ecc.<\/li><\/ul>\n\n<p>I documenti non in inglese devono essere tradotti per poter \nrichiedere un visto valido. Saranno inoltre \nrichiesti altri documenti necessari: il certificato di vaccinazione, la prova di essersi \nsottoposti a una visita medica e una ricevuta che attesti il pagamento della\n tassa amministrativa per la richiesta del visto (circa $335). <\/p>\n\n<p>Se superi il colloquio, ti verranno prese le impronte digitali su \n. Una volta rilasciato il visto, dovrai entrare in \nentro 6 mesi. <\/p>\n\n<h2 class=\"wp-block-heading\">Validit\u00e0 del visto USA<\/h2>\n\n<p>Il tipo di visto di cui hai bisogno dipende dal tipo di viaggio e dal suo scopo \n. Esistono infatti pi\u00f9 di 20 visti diversi per i \nnon immigrati che si recano temporaneamente negli Stati Uniti. <\/p>\n\n<p>Il periodo di validit\u00e0 di un visto per gli Stati Uniti varia anche in base al tipo di viaggio che vuoi fare negli Stati Uniti.<\/p>\n\n<figure class=\"wp-block-table\"><table class=\"\"><tbody><tr><td>\n  Motivo del viaggio\n\t\t\t<\/td><td>\n  Tipo di visto\n\t\t\t<\/td><td>\n  Periodo di validit\u00e0 del visto\n\t\t\t<\/td><\/tr><tr><td>\n  viaggi di lavoro\n\t\t\t<\/td><td>\n  B1\n\t\t\t<\/td><td>\n  da 1 mese a 10 anni\n\t\t\t<\/td><\/tr><tr><td>\n  viaggi turistici\n\t\t\t<\/td><td>\n  B2\n\t\t\t<\/td><td>\n  da 1 mese a 10 anni\n\t\t\t<\/td><\/tr><tr><td>\n  trattamenti medici\n\t\t\t<\/td><td>\n  B2\n\t\t\t<\/td><td>\n  da 1 mese a 10 anni\n\t\t\t<\/td><\/tr><tr><td>\n  transito\n\t\t\t<\/td><td>\n  C\n\t\t\t<\/td><td>\n  29 giorni\n\t\t\t<\/td><\/tr><tr><td>\n  studente\n\t\t\t<\/td><td>\n  F,M\n\t\t\t<\/td><td>\n  copre la durata dei tuoi studi\n\t\t\t<\/td><\/tr><tr><td>\n  operaio specializzato\n\t\t\t<\/td><td>\n  H-1B\n\t\t\t<\/td><td>\n  3 anni rinnovabili\n\t\t\t<\/td><\/tr><tr><td>\n  lavoratore agricolo\n\t\t\t<\/td><td>\n  H-2A\n\t\t\t<\/td><td>\n  un anno rinnovabile\n\t\t\t<\/td><\/tr><tr><td>\n  insegnante, insegnante\n\t\t\t<\/td><td>\n  J1,Q\n\t\t\t<\/td><td>\n  la durata del contratto o del programma di scambio\n\t\t\t<\/td><\/tr><tr><td>\n  coniuge di un cittadino americano\n\t\t\t<\/td><td>\n  K-1\n\t\t\t<\/td><td>\n  6 mesi\n\t\t\t<\/td><\/tr><tr><td>\n  abilit\u00e0 straordinarie\n\t\t\t<\/td><td>\n  O\n\t\t\t<\/td><td>\n  3 anni\n\t\t\t<\/td><\/tr><tr><td>\n  religioso\n\t\t\t<\/td><td>\n  R\n\t\t\t<\/td><td>\n  2 anni rinnovabili\n\t\t\t<\/td><\/tr><tr><td>\n  passaggio di frontiera per il Messico\n\t\t\t<\/td><td>\n  BCC\n\t\t\t<\/td><td>\n  10 anni\n\t\t\t<\/td><\/tr><tr><td>\n  membro dell&#8217;equipaggio\n\t\t\t<\/td><td>\n  D\n\t\t\t<\/td><td>\n  2 anni\n\t\t\t<\/td><\/tr><\/tbody><\/table><\/figure>\n\n<p>Ad esempio, una persona che desidera visitare \ngli Stati Uniti e scoprire la Florida, la Louisiana o \nla California per diversi mesi dovr\u00e0 richiedere un \nvisto turistico B2. Se uno studente vuole conseguire un diploma universitario americano ( \n), dovr\u00e0 richiedere un visto F. Il periodo di validit\u00e0 \ndi un visto dipender\u00e0 anche dal funzionario doganale che ti ricever\u00e0 \n. <\/p>\n\n<h2 class=\"wp-block-heading\">Alternativa al visto USA<\/h2>\n\n<p>Esistono altri documenti che ti permettono di risiedere legalmente negli Stati Uniti: la Green Card e l&#8217;ESTA.<\/p>\n\n<p>La <a href=\"https:\/\/www.esta-officiel-usa.com\/it\/cose-la-carta-verde\/\">Green Card<\/a> pu\u00f2 essere ottenuta tramite lotteria e ti permette di diventare un residente permanente sul suolo americano, mentre l&#8217;ESTA consente solo un soggiorno temporaneo di massimo 90 giorni, per motivi di turismo, transito o affari.<\/p>\n\n<p>Le condizioni richieste per ottenere la Green Card sono numerose, mentre l&#8217;ESTA pu\u00f2 essere rilasciata molto pi\u00f9 facilmente.<\/p>\n\n<p>Qualunque cosa accada, il tuo sogno americano pu\u00f2 diventare realt\u00e0!<\/p>\n","protected":false},"excerpt":{"rendered":"<p>Tutto sulla validit\u00e0 di un visto per gli USA Vuoi immigrare negli Stati Uniti per un periodo pi\u00f9 o meno lungo? Hai intenzione di lavorare, fare uno stage, studiare in un&#8217;universit\u00e0 americana o semplicemente viaggiare negli Stati Uniti per turismo ? Allora dovrai richiedere un visto. Il visto americano non \u00e8 facile da ottenere e [&hellip;]<\/p>\n","protected":false},"author":1,"featured_media":0,"parent":0,"menu_order":0,"comment_status":"closed","ping_status":"closed","template":"","meta":{"footnotes":""},"class_list":["post-1547","page","type-page","status-publish","hentry"],"yoast_head":"<!-- This site is optimized with the Yoast SEO plugin v26.2 - https:\/\/yoast.com\/wordpress\/plugins\/seo\/ -->\n<title>Per quanto tempo \u00e8 valido un visto USA?<\/title>\n<meta name=\"description\" content=\"Non \u00e8 facile ottenere un visto per gli Stati Uniti e devi sapere per quanto tempo \u00e8 valido per evitare di avere problemi con le autorit\u00e0 americane.\" \/>\n<meta name=\"robots\" content=\"index, follow, max-snippet:-1, max-image-preview:large, max-video-preview:-1\" \/>\n<link rel=\"canonical\" href=\"https:\/\/www.esta-officiel-usa.com\/it\/per-quanto-tempo-e-valido-un-visto-usa\/\" \/>\n<meta property=\"og:locale\" content=\"it_IT\" \/>\n<meta property=\"og:type\" content=\"article\" \/>\n<meta property=\"og:title\" content=\"Per quanto tempo \u00e8 valido un visto USA?\" \/>\n<meta property=\"og:description\" content=\"Non \u00e8 facile ottenere un visto per gli Stati Uniti e devi sapere per quanto tempo \u00e8 valido per evitare di avere problemi con le autorit\u00e0 americane.\" \/>\n<meta property=\"og:url\" content=\"https:\/\/www.esta-officiel-usa.com\/it\/per-quanto-tempo-e-valido-un-visto-usa\/\" \/>\n<meta property=\"og:site_name\" content=\"ESTA - Stati Uniti\" \/>\n<meta property=\"article:modified_time\" content=\"2025-09-13T12:04:02+00:00\" \/>\n<meta name=\"twitter:card\" content=\"summary_large_image\" \/>\n<meta name=\"twitter:label1\" content=\"Tempo di lettura stimato\" \/>\n\t<meta name=\"twitter:data1\" content=\"4 minuti\" \/>\n<script type=\"application\/ld+json\" class=\"yoast-schema-graph\">{\"@context\":\"https:\/\/schema.org\",\"@graph\":[{\"@type\":\"WebPage\",\"@id\":\"https:\/\/www.esta-officiel-usa.com\/it\/per-quanto-tempo-e-valido-un-visto-usa\/\",\"url\":\"https:\/\/www.esta-officiel-usa.com\/it\/per-quanto-tempo-e-valido-un-visto-usa\/\",\"name\":\"Per quanto tempo \u00e8 valido un visto USA?\",\"isPartOf\":{\"@id\":\"https:\/\/www.esta-officiel-usa.com\/it\/#website\"},\"datePublished\":\"2025-09-13T12:03:59+00:00\",\"dateModified\":\"2025-09-13T12:04:02+00:00\",\"description\":\"Non \u00e8 facile ottenere un visto per gli Stati Uniti e devi sapere per quanto tempo \u00e8 valido per evitare di avere problemi con le autorit\u00e0 americane.\",\"breadcrumb\":{\"@id\":\"https:\/\/www.esta-officiel-usa.com\/it\/per-quanto-tempo-e-valido-un-visto-usa\/#breadcrumb\"},\"inLanguage\":\"it-IT\",\"potentialAction\":[{\"@type\":\"ReadAction\",\"target\":[\"https:\/\/www.esta-officiel-usa.com\/it\/per-quanto-tempo-e-valido-un-visto-usa\/\"]}]},{\"@type\":\"BreadcrumbList\",\"@id\":\"https:\/\/www.esta-officiel-usa.com\/it\/per-quanto-tempo-e-valido-un-visto-usa\/#breadcrumb\",\"itemListElement\":[{\"@type\":\"ListItem\",\"position\":1,\"name\":\"Casa\",\"item\":\"https:\/\/www.esta-officiel-usa.com\/it\/\"},{\"@type\":\"ListItem\",\"position\":2,\"name\":\"Per quanto tempo \u00e8 valido un visto USA?\"}]},{\"@type\":\"WebSite\",\"@id\":\"https:\/\/www.esta-officiel-usa.com\/it\/#website\",\"url\":\"https:\/\/www.esta-officiel-usa.com\/it\/\",\"name\":\"ESTA - Stati Uniti\",\"description\":\"Modulo di richiesta ESTA\",\"potentialAction\":[{\"@type\":\"SearchAction\",\"target\":{\"@type\":\"EntryPoint\",\"urlTemplate\":\"https:\/\/www.esta-officiel-usa.com\/it\/?s={search_term_string}\"},\"query-input\":{\"@type\":\"PropertyValueSpecification\",\"valueRequired\":true,\"valueName\":\"search_term_string\"}}],\"inLanguage\":\"it-IT\"}]}<\/script>\n<!-- \/ Yoast SEO plugin. -->","yoast_head_json":{"title":"Per quanto tempo \u00e8 valido un visto USA?","description":"Non \u00e8 facile ottenere un visto per gli Stati Uniti e devi sapere per quanto tempo \u00e8 valido per evitare di avere problemi con le autorit\u00e0 americane.","robots":{"index":"index","follow":"follow","max-snippet":"max-snippet:-1","max-image-preview":"max-image-preview:large","max-video-preview":"max-video-preview:-1"},"canonical":"https:\/\/www.esta-officiel-usa.com\/it\/per-quanto-tempo-e-valido-un-visto-usa\/","og_locale":"it_IT","og_type":"article","og_title":"Per quanto tempo \u00e8 valido un visto USA?","og_description":"Non \u00e8 facile ottenere un visto per gli Stati Uniti e devi sapere per quanto tempo \u00e8 valido per evitare di avere problemi con le autorit\u00e0 americane.","og_url":"https:\/\/www.esta-officiel-usa.com\/it\/per-quanto-tempo-e-valido-un-visto-usa\/","og_site_name":"ESTA - Stati Uniti","article_modified_time":"2025-09-13T12:04:02+00:00","twitter_card":"summary_large_image","twitter_misc":{"Tempo di lettura stimato":"4 minuti"},"schema":{"@context":"https:\/\/schema.org","@graph":[{"@type":"WebPage","@id":"https:\/\/www.esta-officiel-usa.com\/it\/per-quanto-tempo-e-valido-un-visto-usa\/","url":"https:\/\/www.esta-officiel-usa.com\/it\/per-quanto-tempo-e-valido-un-visto-usa\/","name":"Per quanto tempo \u00e8 valido un visto USA?","isPartOf":{"@id":"https:\/\/www.esta-officiel-usa.com\/it\/#website"},"datePublished":"2025-09-13T12:03:59+00:00","dateModified":"2025-09-13T12:04:02+00:00","description":"Non \u00e8 facile ottenere un visto per gli Stati Uniti e devi sapere per quanto tempo \u00e8 valido per evitare di avere problemi con le autorit\u00e0 americane.","breadcrumb":{"@id":"https:\/\/www.esta-officiel-usa.com\/it\/per-quanto-tempo-e-valido-un-visto-usa\/#breadcrumb"},"inLanguage":"it-IT","potentialAction":[{"@type":"ReadAction","target":["https:\/\/www.esta-officiel-usa.com\/it\/per-quanto-tempo-e-valido-un-visto-usa\/"]}]},{"@type":"BreadcrumbList","@id":"https:\/\/www.esta-officiel-usa.com\/it\/per-quanto-tempo-e-valido-un-visto-usa\/#breadcrumb","itemListElement":[{"@type":"ListItem","position":1,"name":"Casa","item":"https:\/\/www.esta-officiel-usa.com\/it\/"},{"@type":"ListItem","position":2,"name":"Per quanto tempo \u00e8 valido un visto USA?"}]},{"@type":"WebSite","@id":"https:\/\/www.esta-officiel-usa.com\/it\/#website","url":"https:\/\/www.esta-officiel-usa.com\/it\/","name":"ESTA - Stati Uniti","description":"Modulo di richiesta ESTA","potentialAction":[{"@type":"SearchAction","target":{"@type":"EntryPoint","urlTemplate":"https:\/\/www.esta-officiel-usa.com\/it\/?s={search_term_string}"},"query-input":{"@type":"PropertyValueSpecification","valueRequired":true,"valueName":"search_term_string"}}],"inLanguage":"it-IT"}]}},"_links":{"self":[{"href":"https:\/\/www.esta-officiel-usa.com\/it\/wp-json\/wp\/v2\/pages\/1547","targetHints":{"allow":["GET"]}}],"collection":[{"href":"https:\/\/www.esta-officiel-usa.com\/it\/wp-json\/wp\/v2\/pages"}],"about":[{"href":"https:\/\/www.esta-officiel-usa.com\/it\/wp-json\/wp\/v2\/types\/page"}],"author":[{"embeddable":true,"href":"https:\/\/www.esta-officiel-usa.com\/it\/wp-json\/wp\/v2\/users\/1"}],"replies":[{"embeddable":true,"href":"https:\/\/www.esta-officiel-usa.com\/it\/wp-json\/wp\/v2\/comments?post=1547"}],"version-history":[{"count":1,"href":"https:\/\/www.esta-officiel-usa.com\/it\/wp-json\/wp\/v2\/pages\/1547\/revisions"}],"predecessor-version":[{"id":1548,"href":"https:\/\/www.esta-officiel-usa.com\/it\/wp-json\/wp\/v2\/pages\/1547\/revisions\/1548"}],"wp:attachment":[{"href":"https:\/\/www.esta-officiel-usa.com\/it\/wp-json\/wp\/v2\/media?parent=1547"}],"curies":[{"name":"wp","href":"https:\/\/api.w.org\/{rel}","templated":true}]}}