{"id":1554,"date":"2025-09-13T12:04:14","date_gmt":"2025-09-13T12:04:14","guid":{"rendered":"https:\/\/www.esta-officiel-usa.com\/quali-sono-le-regole-per-ottenere-lesta\/"},"modified":"2025-09-13T12:04:17","modified_gmt":"2025-09-13T12:04:17","slug":"quali-sono-le-regole-per-ottenere-lesta","status":"publish","type":"page","link":"https:\/\/www.esta-officiel-usa.com\/it\/quali-sono-le-regole-per-ottenere-lesta\/","title":{"rendered":"Quali sono le regole per ottenere l&#8217;ESTA?"},"content":{"rendered":"\n<h1 class=\"wp-block-heading\">QUALI SONO LE REGOLE PER OTTENERE L&#8217;ESTA?<\/h1>\n\n<p>L&#8217;<a href=\"https:\/\/www.esta-officiel-usa.com\/it\/\">ESTA<\/a> ti permette di recarti negli Stati Uniti senza visto. Per ottenerlo, devi compilare un modulo e rispondere a una serie di domande chiuse (s\u00ec o no). Prima di iniziare, devi comunque informarti sulle regole dell&#8217;ESTA.  <\/p>\n\n<h2 class=\"wp-block-heading\">ESTA, REGOLE PER OTTENERE<\/h2>\n\n<p>L&#8217;autorizzazione di viaggio ESTA \u00e8 relativamente semplice da ottenere, a patto che, ovviamente, si rispettino le regole per ottenerla.<\/p>\n\n<p>L&#8217;ESTA \u00e8 disponibile solo per i cittadini dei Paesi che partecipano al Programma di esenzione dal visto. Ad oggi, questo programma di esenzione dal visto conta <a href=\"https:\/\/www.esta-officiel-usa.com\/fr\/les-38-pays-partenaires-du-visa-waiver-program\/\">38 paesi membri<\/a>, tra cui la Francia. Tuttavia, il governo degli Stati Uniti ha introdotto una restrizione: i cittadini con doppia cittadinanza che non siano iracheni, siriani o sudanesi non sono ammessi negli Stati Uniti con il programma ESTA. Questi doppi cittadini dovranno richiedere un visto per gli Stati Uniti presso l&#8217;ambasciata statunitense.   <\/p>\n\n<p>Per usufruire dell&#8217;ESTA \u00e8 necessario un passaporto valido per tutta la durata del soggiorno. Sono accettati solo passaporti elettronici e passaporti biometrici. <\/p>\n\n<p>Il tuo soggiorno negli Stati Uniti \u00e8 limitato a un massimo di 90 giorni. Il funzionario dell&#8217;immigrazione al punto di ingresso pu\u00f2 chiedere di vedere un biglietto di uscita, di ritorno o di proseguimento, che rispetti questa clausola di soggiorno temporaneo. L&#8217;ESTA \u00e8 obbligatoria per tutti i viaggi negli Stati Uniti, compresi gli scali, cio\u00e8 i <a href=\"https:\/\/www.esta-officiel-usa.com\/fr\/esta-pour-transit-aux-etats-unis\/\">transiti<\/a>.  <\/p>\n\n<p>Per motivi di sicurezza, le autorit\u00e0 statunitensi ritengono che chiunque abbia viaggiato in Iraq, Iran, Libia, Siria, Yemen, Sudan e Somalia dal 1\u00b0 marzo 2011 possa rappresentare una minaccia per la sicurezza interna degli Stati Uniti. Di conseguenza, la loro domanda ESTA sar\u00e0 rifiutata e dovranno contattare l&#8217;ambasciata americana per ottenere un visto. Tuttavia, questa regola non si applica al personale militare e ai diplomatici in missione ufficiale.  <\/p>\n\n<p>Pu\u00f2 essere ottenuta solo tramite Internet. La richiesta dell&#8217;ESTA si effettua tramite un modulo online disponibile sul sito web del governo o su un sito web privato come il nostro per un&#8217;assistenza personalizzata. Non \u00e8 necessario recarsi all&#8217;ambasciata statunitense per richiedere l&#8217;ESTA.    <\/p>\n\n<p>Desideriamo sottolineare che tutte queste regole devono essere rispettate per poter richiedere l&#8217;ESTA.<\/p>\n\n<h2 class=\"wp-block-heading\">REGOLE ESTA<\/h2>\n\n<p>Oltre alle regole per ottenere l&#8217;ESTA, ci sono le condizioni che definiscono l&#8217;ESTA stessa.<\/p>\n\n<p>L&#8217;ESTA \u00e8 un&#8217;autorizzazione di viaggio a pagamento ($14) che deve essere ottenuta prima di entrare negli Stati Uniti. Tuttavia, non garantisce l&#8217;accesso al territorio americano; la decisione spetta al funzionario dell&#8217;immigrazione. <\/p>\n\n<p>\u00c8 obbligatorio solo per i viaggi via mare e via aerea. In altre parole, i <a href=\"https:\/\/www.esta-officiel-usa.com\/it\/formalita-per-arrivare-negli-stati-uniti-via-terra\/\">viaggi via terra <\/a>dal Canada o dal Messico sono esenti. <\/p>\n\n<p>L&#8217;ESTA autorizza solo soggiorni brevi per turisti e viaggiatori d&#8217;affari. Non \u00e8 possibile risiedere, studiare o fare uno stage negli Stati Uniti. <\/p>\n\n<p>Le autorizzazioni ESTA sono valide per due anni o fino alla scadenza del passaporto, a seconda di quale delle due condizioni si verifichi per prima.<\/p>\n\n<p>L&#8217;ESTA \u00e8 intrinsecamente legata al passaporto, il che implica due cose. La prima \u00e8 che qualsiasi modifica al passaporto (numero di passaporto nel caso di un nuovo passaporto, o modifiche al contenuto del passaporto) comporta una nuova richiesta di ESTA, soggetta alle stesse regole per ottenerla. La seconda \u00e8 che tutti coloro che si recano negli Stati Uniti devono avere un passaporto, compresi i minori di qualsiasi et\u00e0. <\/p>\n\n<p>L&#8217;ultima regola applicabile riguarda la veridicit\u00e0 delle informazioni fornite, sia sul modulo ESTA che nel rispondere al questionario. La tentazione di mentire pu\u00f2 essere forte, soprattutto se una prima domanda ESTA \u00e8 stata rifiutata, in particolare a causa di una risposta positiva al questionario. Ti sconsigliamo vivamente di farlo, poich\u00e9 le autorit\u00e0 americane sono molto severe quando ritengono che sia in gioco la sicurezza nazionale del paese.  <\/p>\n\n<p>Tieni presente che una domanda ESTA sar\u00e0 probabilmente rifiutata se una domanda di visto \u00e8 gi\u00e0 stata respinta dall&#8217;ambasciata.<\/p>\n","protected":false},"excerpt":{"rendered":"<p>QUALI SONO LE REGOLE PER OTTENERE L&#8217;ESTA? L&#8217;ESTA ti permette di recarti negli Stati Uniti senza visto. Per ottenerlo, devi compilare un modulo e rispondere a una serie di domande chiuse (s\u00ec o no). Prima di iniziare, devi comunque informarti sulle regole dell&#8217;ESTA. ESTA, REGOLE PER OTTENERE L&#8217;autorizzazione di viaggio ESTA \u00e8 relativamente semplice da [&hellip;]<\/p>\n","protected":false},"author":1,"featured_media":0,"parent":0,"menu_order":0,"comment_status":"closed","ping_status":"closed","template":"","meta":{"footnotes":""},"class_list":["post-1554","page","type-page","status-publish","hentry"],"yoast_head":"<!-- This site is optimized with the Yoast SEO plugin v26.2 - https:\/\/yoast.com\/wordpress\/plugins\/seo\/ -->\n<title>Quali sono le regole per ottenere l&#039;ESTA?<\/title>\n<meta name=\"description\" content=\"Per ottenere l&#039;ESTA, devi compilare un modulo e rispondere a una serie di domande chiuse. Scopri di pi\u00f9 sulle regole per ottenerla.\" \/>\n<meta name=\"robots\" content=\"index, follow, max-snippet:-1, max-image-preview:large, max-video-preview:-1\" \/>\n<link rel=\"canonical\" href=\"https:\/\/www.esta-officiel-usa.com\/it\/quali-sono-le-regole-per-ottenere-lesta\/\" \/>\n<meta property=\"og:locale\" content=\"it_IT\" \/>\n<meta property=\"og:type\" content=\"article\" \/>\n<meta property=\"og:title\" content=\"Quali sono le regole per ottenere l&#039;ESTA?\" \/>\n<meta property=\"og:description\" content=\"Per ottenere l&#039;ESTA, devi compilare un modulo e rispondere a una serie di domande chiuse. Scopri di pi\u00f9 sulle regole per ottenerla.\" \/>\n<meta property=\"og:url\" content=\"https:\/\/www.esta-officiel-usa.com\/it\/quali-sono-le-regole-per-ottenere-lesta\/\" \/>\n<meta property=\"og:site_name\" content=\"ESTA - Stati Uniti\" \/>\n<meta property=\"article:modified_time\" content=\"2025-09-13T12:04:17+00:00\" \/>\n<meta name=\"twitter:card\" content=\"summary_large_image\" \/>\n<meta name=\"twitter:label1\" content=\"Tempo di lettura stimato\" \/>\n\t<meta name=\"twitter:data1\" content=\"3 minuti\" \/>\n<script type=\"application\/ld+json\" class=\"yoast-schema-graph\">{\"@context\":\"https:\/\/schema.org\",\"@graph\":[{\"@type\":\"WebPage\",\"@id\":\"https:\/\/www.esta-officiel-usa.com\/it\/quali-sono-le-regole-per-ottenere-lesta\/\",\"url\":\"https:\/\/www.esta-officiel-usa.com\/it\/quali-sono-le-regole-per-ottenere-lesta\/\",\"name\":\"Quali sono le regole per ottenere l'ESTA?\",\"isPartOf\":{\"@id\":\"https:\/\/www.esta-officiel-usa.com\/it\/#website\"},\"datePublished\":\"2025-09-13T12:04:14+00:00\",\"dateModified\":\"2025-09-13T12:04:17+00:00\",\"description\":\"Per ottenere l'ESTA, devi compilare un modulo e rispondere a una serie di domande chiuse. Scopri di pi\u00f9 sulle regole per ottenerla.\",\"breadcrumb\":{\"@id\":\"https:\/\/www.esta-officiel-usa.com\/it\/quali-sono-le-regole-per-ottenere-lesta\/#breadcrumb\"},\"inLanguage\":\"it-IT\",\"potentialAction\":[{\"@type\":\"ReadAction\",\"target\":[\"https:\/\/www.esta-officiel-usa.com\/it\/quali-sono-le-regole-per-ottenere-lesta\/\"]}]},{\"@type\":\"BreadcrumbList\",\"@id\":\"https:\/\/www.esta-officiel-usa.com\/it\/quali-sono-le-regole-per-ottenere-lesta\/#breadcrumb\",\"itemListElement\":[{\"@type\":\"ListItem\",\"position\":1,\"name\":\"Casa\",\"item\":\"https:\/\/www.esta-officiel-usa.com\/it\/\"},{\"@type\":\"ListItem\",\"position\":2,\"name\":\"Quali sono le regole per ottenere l&#8217;ESTA?\"}]},{\"@type\":\"WebSite\",\"@id\":\"https:\/\/www.esta-officiel-usa.com\/it\/#website\",\"url\":\"https:\/\/www.esta-officiel-usa.com\/it\/\",\"name\":\"ESTA - Stati Uniti\",\"description\":\"Modulo di richiesta ESTA\",\"potentialAction\":[{\"@type\":\"SearchAction\",\"target\":{\"@type\":\"EntryPoint\",\"urlTemplate\":\"https:\/\/www.esta-officiel-usa.com\/it\/?s={search_term_string}\"},\"query-input\":{\"@type\":\"PropertyValueSpecification\",\"valueRequired\":true,\"valueName\":\"search_term_string\"}}],\"inLanguage\":\"it-IT\"}]}<\/script>\n<!-- \/ Yoast SEO plugin. -->","yoast_head_json":{"title":"Quali sono le regole per ottenere l'ESTA?","description":"Per ottenere l'ESTA, devi compilare un modulo e rispondere a una serie di domande chiuse. Scopri di pi\u00f9 sulle regole per ottenerla.","robots":{"index":"index","follow":"follow","max-snippet":"max-snippet:-1","max-image-preview":"max-image-preview:large","max-video-preview":"max-video-preview:-1"},"canonical":"https:\/\/www.esta-officiel-usa.com\/it\/quali-sono-le-regole-per-ottenere-lesta\/","og_locale":"it_IT","og_type":"article","og_title":"Quali sono le regole per ottenere l'ESTA?","og_description":"Per ottenere l'ESTA, devi compilare un modulo e rispondere a una serie di domande chiuse. Scopri di pi\u00f9 sulle regole per ottenerla.","og_url":"https:\/\/www.esta-officiel-usa.com\/it\/quali-sono-le-regole-per-ottenere-lesta\/","og_site_name":"ESTA - Stati Uniti","article_modified_time":"2025-09-13T12:04:17+00:00","twitter_card":"summary_large_image","twitter_misc":{"Tempo di lettura stimato":"3 minuti"},"schema":{"@context":"https:\/\/schema.org","@graph":[{"@type":"WebPage","@id":"https:\/\/www.esta-officiel-usa.com\/it\/quali-sono-le-regole-per-ottenere-lesta\/","url":"https:\/\/www.esta-officiel-usa.com\/it\/quali-sono-le-regole-per-ottenere-lesta\/","name":"Quali sono le regole per ottenere l'ESTA?","isPartOf":{"@id":"https:\/\/www.esta-officiel-usa.com\/it\/#website"},"datePublished":"2025-09-13T12:04:14+00:00","dateModified":"2025-09-13T12:04:17+00:00","description":"Per ottenere l'ESTA, devi compilare un modulo e rispondere a una serie di domande chiuse. Scopri di pi\u00f9 sulle regole per ottenerla.","breadcrumb":{"@id":"https:\/\/www.esta-officiel-usa.com\/it\/quali-sono-le-regole-per-ottenere-lesta\/#breadcrumb"},"inLanguage":"it-IT","potentialAction":[{"@type":"ReadAction","target":["https:\/\/www.esta-officiel-usa.com\/it\/quali-sono-le-regole-per-ottenere-lesta\/"]}]},{"@type":"BreadcrumbList","@id":"https:\/\/www.esta-officiel-usa.com\/it\/quali-sono-le-regole-per-ottenere-lesta\/#breadcrumb","itemListElement":[{"@type":"ListItem","position":1,"name":"Casa","item":"https:\/\/www.esta-officiel-usa.com\/it\/"},{"@type":"ListItem","position":2,"name":"Quali sono le regole per ottenere l&#8217;ESTA?"}]},{"@type":"WebSite","@id":"https:\/\/www.esta-officiel-usa.com\/it\/#website","url":"https:\/\/www.esta-officiel-usa.com\/it\/","name":"ESTA - Stati Uniti","description":"Modulo di richiesta ESTA","potentialAction":[{"@type":"SearchAction","target":{"@type":"EntryPoint","urlTemplate":"https:\/\/www.esta-officiel-usa.com\/it\/?s={search_term_string}"},"query-input":{"@type":"PropertyValueSpecification","valueRequired":true,"valueName":"search_term_string"}}],"inLanguage":"it-IT"}]}},"_links":{"self":[{"href":"https:\/\/www.esta-officiel-usa.com\/it\/wp-json\/wp\/v2\/pages\/1554","targetHints":{"allow":["GET"]}}],"collection":[{"href":"https:\/\/www.esta-officiel-usa.com\/it\/wp-json\/wp\/v2\/pages"}],"about":[{"href":"https:\/\/www.esta-officiel-usa.com\/it\/wp-json\/wp\/v2\/types\/page"}],"author":[{"embeddable":true,"href":"https:\/\/www.esta-officiel-usa.com\/it\/wp-json\/wp\/v2\/users\/1"}],"replies":[{"embeddable":true,"href":"https:\/\/www.esta-officiel-usa.com\/it\/wp-json\/wp\/v2\/comments?post=1554"}],"version-history":[{"count":1,"href":"https:\/\/www.esta-officiel-usa.com\/it\/wp-json\/wp\/v2\/pages\/1554\/revisions"}],"predecessor-version":[{"id":1557,"href":"https:\/\/www.esta-officiel-usa.com\/it\/wp-json\/wp\/v2\/pages\/1554\/revisions\/1557"}],"wp:attachment":[{"href":"https:\/\/www.esta-officiel-usa.com\/it\/wp-json\/wp\/v2\/media?parent=1554"}],"curies":[{"name":"wp","href":"https:\/\/api.w.org\/{rel}","templated":true}]}}