{"id":1563,"date":"2025-09-13T12:04:20","date_gmt":"2025-09-13T12:04:20","guid":{"rendered":"https:\/\/www.esta-officiel-usa.com\/il-modulo-esta-per-gli-stati-uniti\/"},"modified":"2025-09-13T12:04:24","modified_gmt":"2025-09-13T12:04:24","slug":"il-modulo-esta-per-gli-stati-uniti","status":"publish","type":"page","link":"https:\/\/www.esta-officiel-usa.com\/it\/il-modulo-esta-per-gli-stati-uniti\/","title":{"rendered":"Il modulo ESTA per gli Stati Uniti"},"content":{"rendered":"\n<h1 class=\"wp-block-heading\">COMPILAZIONE DEL MODULO ESTA PER GLI USA<\/h1>\n\n<p>Sei pronto a <a href=\"https:\/\/www.esta-officiel-usa.com\/it\/procedure-per-visitare-gli-stati-uniti\/\">visitare gli Stati Uniti<\/a>? Prima di partire, assicurati di avere il tuo permesso di soggiorno. Il nostro team ti aiuter\u00e0 a ottenere l&#8217;ESTA.  <\/p>\n\n<h2 class=\"wp-block-heading\">QUANDO COMPILARE IL MODULO ESTA<\/h2>\n\n<p>Il modulo <a href=\"https:\/\/www.esta-officiel-usa.com\/it\/\">ESTA<\/a> \u00e8 destinato ai cittadini di paesi aderenti al <a href=\"https:\/\/www.esta-officiel-usa.com\/fr\/les-38-pays-partenaires-du-visa-waiver-program\/\">Programma Viaggio senza Visto<\/a>.<\/p>\n\n<p>\u00c8 stato creato per consentire ai cittadini non americani di recarsi negli <a href=\"https:\/\/www.esta-officiel-usa.com\/fr\/les-formalites-dentree-aux-etats-unis\/\">Stati Uniti<\/a> senza dover affrontare il lungo e costoso processo di ottenimento di una <a href=\"https:\/\/www.esta-officiel-usa.com\/it\/cose-la-carta-verde\/\">carta verde<\/a> o di un <a href=\"https:\/\/www.esta-officiel-usa.com\/it\/la-differenza-tra-unesta-e-una-domanda-di-visto\/\">visto USA<\/a>.<\/p>\n\n<p>La compilazione del modulo ESTA offre anche il vantaggio di poter effettuare pi\u00f9 visite negli Stati Uniti durante i due anni di validit\u00e0 dell&#8217;autorizzazione e di poterla rinnovare alla scadenza.<\/p>\n\n<p>Per essere valida, la richiesta deve essere effettuata al massimo 72 ore prima della partenza; una richiesta pu\u00f2 essere messa in <a href=\"https:\/\/www.esta-officiel-usa.com\/it\/richiesta-di-autorizzazione-esta-in-corso\/\">attesa<\/a>. Dopo questo termine, rischi di non ricevere il documento in tempo e quindi di dover modificare il tuo soggiorno. <\/p>\n\n<p>Non aspettare oltre e compila il tuo<a href=\"https:\/\/www.esta-officiel-usa.com\/it\/ottieni-il-modulo-esta-online\/\"> modulo ESTA online<\/a>.<\/p>\n\n<h2 class=\"wp-block-heading\">COME SI COMPILA UN MODULO ESTA?<\/h2>\n\n<p>Vai sul sito ufficiale e compila il modulo ESTA USA. Tradotto in francese, \u00e8 necessario compilare diversi campi: <\/p>\n\n<ul class=\"wp-block-list\"><li>la prima parte riguarda l&#8217;identit\u00e0 del viaggiatore;<\/li><li>La seconda parte riguarda il tuo soggiorno e i dati del passaporto;<\/li><li>La terza parte consiste in domande con risposta s\u00ec\/no sui seguenti argomenti: la tua salute, il tuo rapporto con la legge e i tuoi viaggi passati.<\/li><\/ul>\n\n<p>Una volta completato il questionario, dovrai spuntare un&#8217;ultima casella per confermare di aver compreso il modulo e di accettare le condizioni per ottenere l&#8217;autorizzazione.<\/p>\n\n<p>Riceverai il documento direttamente nella tua casella di posta elettronica il giorno stesso o al massimo entro 72 ore.<\/p>\n\n<p>Hai qualche domanda? Non esitare a consultare le nostre sezioni <a href=\"https:\/\/www.esta-officiel-usa.com\/it\/esta-sezione-di-aiuto\/\">Aiuto<\/a> e <a href=\"https:\/\/www.esta-officiel-usa.com\/it\/esta-domande-frequenti\/\">FAQ<\/a>. Anche il nostro helpdesk \u00e8 a tua disposizione e ti risponder\u00e0 al pi\u00f9 presto.  <\/p>\n","protected":false},"excerpt":{"rendered":"<p>COMPILAZIONE DEL MODULO ESTA PER GLI USA Sei pronto a visitare gli Stati Uniti? Prima di partire, assicurati di avere il tuo permesso di soggiorno. Il nostro team ti aiuter\u00e0 a ottenere l&#8217;ESTA. QUANDO COMPILARE IL MODULO ESTA Il modulo ESTA \u00e8 destinato ai cittadini di paesi aderenti al Programma Viaggio senza Visto. \u00c8 stato [&hellip;]<\/p>\n","protected":false},"author":1,"featured_media":0,"parent":0,"menu_order":0,"comment_status":"closed","ping_status":"closed","template":"","meta":{"footnotes":""},"class_list":["post-1563","page","type-page","status-publish","hentry"],"yoast_head":"<!-- This site is optimized with the Yoast SEO plugin v26.2 - https:\/\/yoast.com\/wordpress\/plugins\/seo\/ -->\n<title>Il modulo ESTA per gli Stati Uniti<\/title>\n<meta name=\"description\" content=\"Prima di partire, devi ricordarti di ottenere il tuo permesso di soggiorno. Nella nostra pagina troverai tutti i nostri consigli su come richiedere l&#039;ESTA.\" \/>\n<meta name=\"robots\" content=\"index, follow, max-snippet:-1, max-image-preview:large, max-video-preview:-1\" \/>\n<link rel=\"canonical\" href=\"https:\/\/www.esta-officiel-usa.com\/it\/il-modulo-esta-per-gli-stati-uniti\/\" \/>\n<meta property=\"og:locale\" content=\"it_IT\" \/>\n<meta property=\"og:type\" content=\"article\" \/>\n<meta property=\"og:title\" content=\"Il modulo ESTA per gli Stati Uniti\" \/>\n<meta property=\"og:description\" content=\"Prima di partire, devi ricordarti di ottenere il tuo permesso di soggiorno. Nella nostra pagina troverai tutti i nostri consigli su come richiedere l&#039;ESTA.\" \/>\n<meta property=\"og:url\" content=\"https:\/\/www.esta-officiel-usa.com\/it\/il-modulo-esta-per-gli-stati-uniti\/\" \/>\n<meta property=\"og:site_name\" content=\"ESTA - Stati Uniti\" \/>\n<meta property=\"article:modified_time\" content=\"2025-09-13T12:04:24+00:00\" \/>\n<meta name=\"twitter:card\" content=\"summary_large_image\" \/>\n<meta name=\"twitter:label1\" content=\"Tempo di lettura stimato\" \/>\n\t<meta name=\"twitter:data1\" content=\"2 minuti\" \/>\n<script type=\"application\/ld+json\" class=\"yoast-schema-graph\">{\"@context\":\"https:\/\/schema.org\",\"@graph\":[{\"@type\":\"WebPage\",\"@id\":\"https:\/\/www.esta-officiel-usa.com\/it\/il-modulo-esta-per-gli-stati-uniti\/\",\"url\":\"https:\/\/www.esta-officiel-usa.com\/it\/il-modulo-esta-per-gli-stati-uniti\/\",\"name\":\"Il modulo ESTA per gli Stati Uniti\",\"isPartOf\":{\"@id\":\"https:\/\/www.esta-officiel-usa.com\/it\/#website\"},\"datePublished\":\"2025-09-13T12:04:20+00:00\",\"dateModified\":\"2025-09-13T12:04:24+00:00\",\"description\":\"Prima di partire, devi ricordarti di ottenere il tuo permesso di soggiorno. Nella nostra pagina troverai tutti i nostri consigli su come richiedere l'ESTA.\",\"breadcrumb\":{\"@id\":\"https:\/\/www.esta-officiel-usa.com\/it\/il-modulo-esta-per-gli-stati-uniti\/#breadcrumb\"},\"inLanguage\":\"it-IT\",\"potentialAction\":[{\"@type\":\"ReadAction\",\"target\":[\"https:\/\/www.esta-officiel-usa.com\/it\/il-modulo-esta-per-gli-stati-uniti\/\"]}]},{\"@type\":\"BreadcrumbList\",\"@id\":\"https:\/\/www.esta-officiel-usa.com\/it\/il-modulo-esta-per-gli-stati-uniti\/#breadcrumb\",\"itemListElement\":[{\"@type\":\"ListItem\",\"position\":1,\"name\":\"Casa\",\"item\":\"https:\/\/www.esta-officiel-usa.com\/it\/\"},{\"@type\":\"ListItem\",\"position\":2,\"name\":\"Il modulo ESTA per gli Stati Uniti\"}]},{\"@type\":\"WebSite\",\"@id\":\"https:\/\/www.esta-officiel-usa.com\/it\/#website\",\"url\":\"https:\/\/www.esta-officiel-usa.com\/it\/\",\"name\":\"ESTA - Stati Uniti\",\"description\":\"Modulo di richiesta ESTA\",\"potentialAction\":[{\"@type\":\"SearchAction\",\"target\":{\"@type\":\"EntryPoint\",\"urlTemplate\":\"https:\/\/www.esta-officiel-usa.com\/it\/?s={search_term_string}\"},\"query-input\":{\"@type\":\"PropertyValueSpecification\",\"valueRequired\":true,\"valueName\":\"search_term_string\"}}],\"inLanguage\":\"it-IT\"}]}<\/script>\n<!-- \/ Yoast SEO plugin. -->","yoast_head_json":{"title":"Il modulo ESTA per gli Stati Uniti","description":"Prima di partire, devi ricordarti di ottenere il tuo permesso di soggiorno. Nella nostra pagina troverai tutti i nostri consigli su come richiedere l'ESTA.","robots":{"index":"index","follow":"follow","max-snippet":"max-snippet:-1","max-image-preview":"max-image-preview:large","max-video-preview":"max-video-preview:-1"},"canonical":"https:\/\/www.esta-officiel-usa.com\/it\/il-modulo-esta-per-gli-stati-uniti\/","og_locale":"it_IT","og_type":"article","og_title":"Il modulo ESTA per gli Stati Uniti","og_description":"Prima di partire, devi ricordarti di ottenere il tuo permesso di soggiorno. Nella nostra pagina troverai tutti i nostri consigli su come richiedere l'ESTA.","og_url":"https:\/\/www.esta-officiel-usa.com\/it\/il-modulo-esta-per-gli-stati-uniti\/","og_site_name":"ESTA - Stati Uniti","article_modified_time":"2025-09-13T12:04:24+00:00","twitter_card":"summary_large_image","twitter_misc":{"Tempo di lettura stimato":"2 minuti"},"schema":{"@context":"https:\/\/schema.org","@graph":[{"@type":"WebPage","@id":"https:\/\/www.esta-officiel-usa.com\/it\/il-modulo-esta-per-gli-stati-uniti\/","url":"https:\/\/www.esta-officiel-usa.com\/it\/il-modulo-esta-per-gli-stati-uniti\/","name":"Il modulo ESTA per gli Stati Uniti","isPartOf":{"@id":"https:\/\/www.esta-officiel-usa.com\/it\/#website"},"datePublished":"2025-09-13T12:04:20+00:00","dateModified":"2025-09-13T12:04:24+00:00","description":"Prima di partire, devi ricordarti di ottenere il tuo permesso di soggiorno. Nella nostra pagina troverai tutti i nostri consigli su come richiedere l'ESTA.","breadcrumb":{"@id":"https:\/\/www.esta-officiel-usa.com\/it\/il-modulo-esta-per-gli-stati-uniti\/#breadcrumb"},"inLanguage":"it-IT","potentialAction":[{"@type":"ReadAction","target":["https:\/\/www.esta-officiel-usa.com\/it\/il-modulo-esta-per-gli-stati-uniti\/"]}]},{"@type":"BreadcrumbList","@id":"https:\/\/www.esta-officiel-usa.com\/it\/il-modulo-esta-per-gli-stati-uniti\/#breadcrumb","itemListElement":[{"@type":"ListItem","position":1,"name":"Casa","item":"https:\/\/www.esta-officiel-usa.com\/it\/"},{"@type":"ListItem","position":2,"name":"Il modulo ESTA per gli Stati Uniti"}]},{"@type":"WebSite","@id":"https:\/\/www.esta-officiel-usa.com\/it\/#website","url":"https:\/\/www.esta-officiel-usa.com\/it\/","name":"ESTA - Stati Uniti","description":"Modulo di richiesta ESTA","potentialAction":[{"@type":"SearchAction","target":{"@type":"EntryPoint","urlTemplate":"https:\/\/www.esta-officiel-usa.com\/it\/?s={search_term_string}"},"query-input":{"@type":"PropertyValueSpecification","valueRequired":true,"valueName":"search_term_string"}}],"inLanguage":"it-IT"}]}},"_links":{"self":[{"href":"https:\/\/www.esta-officiel-usa.com\/it\/wp-json\/wp\/v2\/pages\/1563","targetHints":{"allow":["GET"]}}],"collection":[{"href":"https:\/\/www.esta-officiel-usa.com\/it\/wp-json\/wp\/v2\/pages"}],"about":[{"href":"https:\/\/www.esta-officiel-usa.com\/it\/wp-json\/wp\/v2\/types\/page"}],"author":[{"embeddable":true,"href":"https:\/\/www.esta-officiel-usa.com\/it\/wp-json\/wp\/v2\/users\/1"}],"replies":[{"embeddable":true,"href":"https:\/\/www.esta-officiel-usa.com\/it\/wp-json\/wp\/v2\/comments?post=1563"}],"version-history":[{"count":1,"href":"https:\/\/www.esta-officiel-usa.com\/it\/wp-json\/wp\/v2\/pages\/1563\/revisions"}],"predecessor-version":[{"id":1565,"href":"https:\/\/www.esta-officiel-usa.com\/it\/wp-json\/wp\/v2\/pages\/1563\/revisions\/1565"}],"wp:attachment":[{"href":"https:\/\/www.esta-officiel-usa.com\/it\/wp-json\/wp\/v2\/media?parent=1563"}],"curies":[{"name":"wp","href":"https:\/\/api.w.org\/{rel}","templated":true}]}}