{"id":1646,"date":"2025-09-13T12:04:46","date_gmt":"2025-09-13T12:04:46","guid":{"rendered":"https:\/\/www.esta-officiel-usa.com\/controllare-la-validita-dellesta\/"},"modified":"2025-09-13T12:04:48","modified_gmt":"2025-09-13T12:04:48","slug":"controllare-la-validita-dellesta","status":"publish","type":"page","link":"https:\/\/www.esta-officiel-usa.com\/it\/controllare-la-validita-dellesta\/","title":{"rendered":"Controllare la validit\u00e0 dell&#8217;ESTA"},"content":{"rendered":"\n<h1 class=\"wp-block-heading\">TUTTO QUELLO CHE C&#8217;\u00c8 DA SAPERE SULLA VALIDIT\u00c0 DELL&#8217;ESTA  <\/h1>\n\n<p>Milioni di viaggiatori usufruiscono ogni anno del Sistema Elettronico per l&#8217;Autorizzazione al Viaggio<a href=\"https:\/\/www.esta-officiel-usa.com\/it\/\">(ESTA<\/a>). Gli Stati Uniti non fanno parte dell&#8217;area Schengen, pertanto devi essere in possesso di un visto o di un&#8217;autorizzazione di viaggio ESTA valida. In caso contrario, non sarai autorizzato a entrare negli Stati Uniti.  <\/p>\n\n<h2 class=\"wp-block-heading\">COME POSSO VERIFICARE LA VALIDIT\u00c0 DELL&#8217;ESTA?<\/h2>\n\n<p>Innanzitutto, la validit\u00e0 dell&#8217;autorizzazione ESTA \u00e8 legata al tuo <a href=\"https:\/\/www.esta-officiel-usa.com\/fr\/quel-type-de-passeport-pour-les-usa\/\">passaporto<\/a>. Quando richiedi un&#8217;ESTA tramite il modulo online, dovrai compilare le informazioni contenute nel modulo e l&#8217;autorizzazione ESTA sar\u00e0 collegata al numero del tuo passaporto. Si noti inoltre che qualsiasi modifica delle informazioni dichiarate nel modulo ESTA potrebbe invalidare l&#8217;ESTA:  <\/p>\n\n<ul class=\"wp-block-list\"><li>Ti sei trasferito in un altro paese;<\/li><li>Il tuo stato di salute \u00e8 cambiato;<\/li><li>La tua fedina penale non \u00e8 pi\u00f9 pulita;<\/li><li>Il tuo indirizzo di casa non \u00e8 pi\u00f9 aggiornato;<\/li><li>Il tuo passaporto non \u00e8 pi\u00f9 valido;<\/li><li>ecc.<\/li><\/ul>\n\n<p>In questo caso, dovrai rinnovare l&#8217;ESTA per continuare a beneficiare della sua validit\u00e0 di due anni, come stabilito dal <a href=\"https:\/\/www.esta-officiel-usa.com\/it\/dipartimento-di-sicurezza-nazionale\/\">Dipartimento di Sicurezza Nazionale<\/a>. Tutti i titolari di ESTA possono poi intraprendere diversi viaggi consecutivi di 90 giorni per turismo o per affari. <br\/> <\/p>\n\n<h2 class=\"wp-block-heading\">QUALI SONO I VANTAGGI DELLA VALIDIT\u00c0 DI ESTA?<\/h2>\n\n<p>L&#8217;ESTA deve il suo successo al fatto che la procedura pu\u00f2 essere completata solo online: non c&#8217;\u00e8 bisogno di recarsi in un&#8217;ambasciata o in un consolato, non c&#8217;\u00e8 bisogno di aspettare settimane, non c&#8217;\u00e8 bisogno di partecipare a un colloquio e, soprattutto, non c&#8217;\u00e8 bisogno di pagare centinaia di euro! Il costo della domanda ESTA \u00e8 di 14 dollari. Un altro vantaggio \u00e8 che \u00e8 valida per due anni e ti permette di svolgere le seguenti attivit\u00e0 negli Stati Uniti:  <\/p>\n\n<ul class=\"wp-block-list\"><li>Partecipa ad attivit\u00e0 culturali non retribuite;<\/li><li>Campeggio nei parchi nazionali;<\/li><li>Volontariato per enti di beneficenza;<\/li><li>Negoziare contratti con aziende americane;<\/li><li>Partecipare a riunioni professionali;<\/li><li>Iscrizione a corsi non retribuiti o che non offrono crediti per il conseguimento di titoli universitari;<\/li><li>ecc.<\/li><\/ul>\n\n<p>Per fare una <a href=\"https:\/\/www.esta-officiel-usa.com\/it\/dichiarazione-esta-per-gli-stati-uniti\/\">dichiarazione ESTA<\/a>, devi innanzitutto avere la cittadinanza di uno dei 38 Paesi aderenti al <a href=\"https:\/\/www.esta-officiel-usa.com\/it\/informazioni-sul-programma-viaggio-senza-visto\/\">Programma Viaggio senza Visto (Visa Waiver Program)<\/a> e visitare il sito web delle dogane statunitensi o compilare il nostro modulo semplificato in francese. Puoi anche rivolgerti al nostro servizio di assistenza online 6 giorni alla settimana.<\/p>\n\n<p>Nota: quando la validit\u00e0 dell&#8217;ESTA scade, non viene rinnovata automaticamente; dovrai fare nuovamente domanda.<\/p>\n","protected":false},"excerpt":{"rendered":"<p>TUTTO QUELLO CHE C&#8217;\u00c8 DA SAPERE SULLA VALIDIT\u00c0 DELL&#8217;ESTA Milioni di viaggiatori usufruiscono ogni anno del Sistema Elettronico per l&#8217;Autorizzazione al Viaggio(ESTA). Gli Stati Uniti non fanno parte dell&#8217;area Schengen, pertanto devi essere in possesso di un visto o di un&#8217;autorizzazione di viaggio ESTA valida. In caso contrario, non sarai autorizzato a entrare negli Stati [&hellip;]<\/p>\n","protected":false},"author":1,"featured_media":0,"parent":0,"menu_order":0,"comment_status":"closed","ping_status":"closed","template":"","meta":{"footnotes":""},"class_list":["post-1646","page","type-page","status-publish","hentry"],"yoast_head":"<!-- This site is optimized with the Yoast SEO plugin v26.2 - https:\/\/yoast.com\/wordpress\/plugins\/seo\/ -->\n<title>Controllare la validit\u00e0 dell&#039;ESTA<\/title>\n<meta name=\"description\" content=\"Per rafforzare la sicurezza interna, il governo degli Stati Uniti richiede una domanda ESTA. Scopri come verificare la validit\u00e0 della tua domanda.\" \/>\n<meta name=\"robots\" content=\"index, follow, max-snippet:-1, max-image-preview:large, max-video-preview:-1\" \/>\n<link rel=\"canonical\" href=\"https:\/\/www.esta-officiel-usa.com\/it\/controllare-la-validita-dellesta\/\" \/>\n<meta property=\"og:locale\" content=\"it_IT\" \/>\n<meta property=\"og:type\" content=\"article\" \/>\n<meta property=\"og:title\" content=\"Controllare la validit\u00e0 dell&#039;ESTA\" \/>\n<meta property=\"og:description\" content=\"Per rafforzare la sicurezza interna, il governo degli Stati Uniti richiede una domanda ESTA. Scopri come verificare la validit\u00e0 della tua domanda.\" \/>\n<meta property=\"og:url\" content=\"https:\/\/www.esta-officiel-usa.com\/it\/controllare-la-validita-dellesta\/\" \/>\n<meta property=\"og:site_name\" content=\"ESTA - Stati Uniti\" \/>\n<meta property=\"article:modified_time\" content=\"2025-09-13T12:04:48+00:00\" \/>\n<meta name=\"twitter:card\" content=\"summary_large_image\" \/>\n<meta name=\"twitter:label1\" content=\"Tempo di lettura stimato\" \/>\n\t<meta name=\"twitter:data1\" content=\"2 minuti\" \/>\n<script type=\"application\/ld+json\" class=\"yoast-schema-graph\">{\"@context\":\"https:\/\/schema.org\",\"@graph\":[{\"@type\":\"WebPage\",\"@id\":\"https:\/\/www.esta-officiel-usa.com\/it\/controllare-la-validita-dellesta\/\",\"url\":\"https:\/\/www.esta-officiel-usa.com\/it\/controllare-la-validita-dellesta\/\",\"name\":\"Controllare la validit\u00e0 dell'ESTA\",\"isPartOf\":{\"@id\":\"https:\/\/www.esta-officiel-usa.com\/it\/#website\"},\"datePublished\":\"2025-09-13T12:04:46+00:00\",\"dateModified\":\"2025-09-13T12:04:48+00:00\",\"description\":\"Per rafforzare la sicurezza interna, il governo degli Stati Uniti richiede una domanda ESTA. Scopri come verificare la validit\u00e0 della tua domanda.\",\"breadcrumb\":{\"@id\":\"https:\/\/www.esta-officiel-usa.com\/it\/controllare-la-validita-dellesta\/#breadcrumb\"},\"inLanguage\":\"it-IT\",\"potentialAction\":[{\"@type\":\"ReadAction\",\"target\":[\"https:\/\/www.esta-officiel-usa.com\/it\/controllare-la-validita-dellesta\/\"]}]},{\"@type\":\"BreadcrumbList\",\"@id\":\"https:\/\/www.esta-officiel-usa.com\/it\/controllare-la-validita-dellesta\/#breadcrumb\",\"itemListElement\":[{\"@type\":\"ListItem\",\"position\":1,\"name\":\"Casa\",\"item\":\"https:\/\/www.esta-officiel-usa.com\/it\/\"},{\"@type\":\"ListItem\",\"position\":2,\"name\":\"Controllare la validit\u00e0 dell&#8217;ESTA\"}]},{\"@type\":\"WebSite\",\"@id\":\"https:\/\/www.esta-officiel-usa.com\/it\/#website\",\"url\":\"https:\/\/www.esta-officiel-usa.com\/it\/\",\"name\":\"ESTA - Stati Uniti\",\"description\":\"Modulo di richiesta ESTA\",\"potentialAction\":[{\"@type\":\"SearchAction\",\"target\":{\"@type\":\"EntryPoint\",\"urlTemplate\":\"https:\/\/www.esta-officiel-usa.com\/it\/?s={search_term_string}\"},\"query-input\":{\"@type\":\"PropertyValueSpecification\",\"valueRequired\":true,\"valueName\":\"search_term_string\"}}],\"inLanguage\":\"it-IT\"}]}<\/script>\n<!-- \/ Yoast SEO plugin. -->","yoast_head_json":{"title":"Controllare la validit\u00e0 dell'ESTA","description":"Per rafforzare la sicurezza interna, il governo degli Stati Uniti richiede una domanda ESTA. Scopri come verificare la validit\u00e0 della tua domanda.","robots":{"index":"index","follow":"follow","max-snippet":"max-snippet:-1","max-image-preview":"max-image-preview:large","max-video-preview":"max-video-preview:-1"},"canonical":"https:\/\/www.esta-officiel-usa.com\/it\/controllare-la-validita-dellesta\/","og_locale":"it_IT","og_type":"article","og_title":"Controllare la validit\u00e0 dell'ESTA","og_description":"Per rafforzare la sicurezza interna, il governo degli Stati Uniti richiede una domanda ESTA. Scopri come verificare la validit\u00e0 della tua domanda.","og_url":"https:\/\/www.esta-officiel-usa.com\/it\/controllare-la-validita-dellesta\/","og_site_name":"ESTA - Stati Uniti","article_modified_time":"2025-09-13T12:04:48+00:00","twitter_card":"summary_large_image","twitter_misc":{"Tempo di lettura stimato":"2 minuti"},"schema":{"@context":"https:\/\/schema.org","@graph":[{"@type":"WebPage","@id":"https:\/\/www.esta-officiel-usa.com\/it\/controllare-la-validita-dellesta\/","url":"https:\/\/www.esta-officiel-usa.com\/it\/controllare-la-validita-dellesta\/","name":"Controllare la validit\u00e0 dell'ESTA","isPartOf":{"@id":"https:\/\/www.esta-officiel-usa.com\/it\/#website"},"datePublished":"2025-09-13T12:04:46+00:00","dateModified":"2025-09-13T12:04:48+00:00","description":"Per rafforzare la sicurezza interna, il governo degli Stati Uniti richiede una domanda ESTA. Scopri come verificare la validit\u00e0 della tua domanda.","breadcrumb":{"@id":"https:\/\/www.esta-officiel-usa.com\/it\/controllare-la-validita-dellesta\/#breadcrumb"},"inLanguage":"it-IT","potentialAction":[{"@type":"ReadAction","target":["https:\/\/www.esta-officiel-usa.com\/it\/controllare-la-validita-dellesta\/"]}]},{"@type":"BreadcrumbList","@id":"https:\/\/www.esta-officiel-usa.com\/it\/controllare-la-validita-dellesta\/#breadcrumb","itemListElement":[{"@type":"ListItem","position":1,"name":"Casa","item":"https:\/\/www.esta-officiel-usa.com\/it\/"},{"@type":"ListItem","position":2,"name":"Controllare la validit\u00e0 dell&#8217;ESTA"}]},{"@type":"WebSite","@id":"https:\/\/www.esta-officiel-usa.com\/it\/#website","url":"https:\/\/www.esta-officiel-usa.com\/it\/","name":"ESTA - Stati Uniti","description":"Modulo di richiesta ESTA","potentialAction":[{"@type":"SearchAction","target":{"@type":"EntryPoint","urlTemplate":"https:\/\/www.esta-officiel-usa.com\/it\/?s={search_term_string}"},"query-input":{"@type":"PropertyValueSpecification","valueRequired":true,"valueName":"search_term_string"}}],"inLanguage":"it-IT"}]}},"_links":{"self":[{"href":"https:\/\/www.esta-officiel-usa.com\/it\/wp-json\/wp\/v2\/pages\/1646","targetHints":{"allow":["GET"]}}],"collection":[{"href":"https:\/\/www.esta-officiel-usa.com\/it\/wp-json\/wp\/v2\/pages"}],"about":[{"href":"https:\/\/www.esta-officiel-usa.com\/it\/wp-json\/wp\/v2\/types\/page"}],"author":[{"embeddable":true,"href":"https:\/\/www.esta-officiel-usa.com\/it\/wp-json\/wp\/v2\/users\/1"}],"replies":[{"embeddable":true,"href":"https:\/\/www.esta-officiel-usa.com\/it\/wp-json\/wp\/v2\/comments?post=1646"}],"version-history":[{"count":1,"href":"https:\/\/www.esta-officiel-usa.com\/it\/wp-json\/wp\/v2\/pages\/1646\/revisions"}],"predecessor-version":[{"id":1648,"href":"https:\/\/www.esta-officiel-usa.com\/it\/wp-json\/wp\/v2\/pages\/1646\/revisions\/1648"}],"wp:attachment":[{"href":"https:\/\/www.esta-officiel-usa.com\/it\/wp-json\/wp\/v2\/media?parent=1646"}],"curies":[{"name":"wp","href":"https:\/\/api.w.org\/{rel}","templated":true}]}}