{"id":1651,"date":"2025-09-13T12:04:50","date_gmt":"2025-09-13T12:04:50","guid":{"rendered":"https:\/\/www.esta-officiel-usa.com\/cosa-fare-se-la-tua-domanda-esta-viene-smarrita\/"},"modified":"2025-09-13T12:04:55","modified_gmt":"2025-09-13T12:04:55","slug":"cosa-fare-se-la-tua-domanda-esta-viene-smarrita","status":"publish","type":"page","link":"https:\/\/www.esta-officiel-usa.com\/it\/cosa-fare-se-la-tua-domanda-esta-viene-smarrita\/","title":{"rendered":"Cosa fare se la tua domanda ESTA viene smarrita"},"content":{"rendered":"\n<h1 class=\"wp-block-heading\">COSA FARE SE HAI PERSO IL TUO ESTA?<\/h1>\n\n<p>Viaggiare \u00e8 sempre un&#8217;impresa stressante, soprattutto quando si va in un paese lontano come gli Stati Uniti. I nostri lettori ci contattano spesso quando non riescono pi\u00f9 a trovare la loro <a href=\"https:\/\/www.esta-officiel-usa.com\/it\/\">autorizzazione di viaggio ESTA<\/a>. Se questo \u00e8 il tuo caso, non farti prendere dal panico! Ti spieghiamo i passi da compiere per ritrovare il tuo prezioso sesamo!   <\/p>\n\n<h2 class=\"wp-block-heading\">DEVO RIFARE LA DOMANDA SE IL MIO ESTA VIENE SMARRITO?<\/h2>\n\n<p>Innanzitutto, devi sapere che la validit\u00e0 del tuo ESTA dipende interamente dalla validit\u00e0 del tuo passaporto e dalle informazioni che hai fornito al momento della prima domanda ESTA. Se queste informazioni sono cambiate, non dovrai recuperare l&#8217;ESTA smarrito ma rinnovare la domanda utilizzando le nuove informazioni. <\/p>\n\n<p>La veridicit\u00e0 delle tue informazioni \u00e8 molto importante per il governo statunitense, che le controller\u00e0 accuratamente. Grazie al <a href=\"https:\/\/www.esta-officiel-usa.com\/it\/informazioni-sul-programma-viaggio-senza-visto\/\">Programma Viaggio senza Visto (Visa Waiver Program)<\/a>, i cittadini dei 38 Paesi partecipanti possono ottenere l&#8217;esenzione dal visto per recarsi negli Stati Uniti, ma solo se forniscono informazioni veritiere. <\/p>\n\n<p>\u00c8 perfettamente normale farsi prendere dal panico quando ci si accorge di aver perso un documento importante, soprattutto alla vigilia della partenza o addirittura durante il soggiorno. Stai tranquillo, la tua <a href=\"https:\/\/www.esta-officiel-usa.com\/it\/cose-lautorizzazione-esta\/\">autorizzazione ESTA<\/a> rimane valida per due anni, indipendentemente dal fatto che tu abbia o meno con te una copia stampata. Una copia fisica \u00e8 utile per dimostrare rapidamente ai funzionari doganali la tua idoneit\u00e0 a entrare negli Stati Uniti, ma questi ultimi sono perfettamente in grado di recuperare la tua autorizzazione online utilizzando il loro software interno.  <\/p>\n\n<p>Suggerimento: stampa diverse copie dell&#8217;ESTA su carta e conserva una versione PDF su una chiavetta USB da tenere con i tuoi effetti personali.<\/p>\n\n<h2 class=\"wp-block-heading\">TROVA L&#8217;APPLICAZIONE ESTA PERDUTA<\/h2>\n\n<p>Puoi accedere facilmente al tuo account personale sul sito web delle dogane statunitensi utilizzando le informazioni che hai usato quando hai presentato la prima <a href=\"https:\/\/www.esta-officiel-usa.com\/it\/richiedere-lesta-su-un-sito-web-ufficiale\/\">domanda ESTA<\/a>:  <\/p>\n\n<ul class=\"wp-block-list\"><li>Se conosci il numero della tua domanda, inseriscilo, il numero del passaporto, il tuo nome e la tua data di nascita;<\/li><li>Se hai perso il numero di domanda, dovrai inserire il numero di passaporto, la data di nascita, il nome completo e il paese di origine.<\/li><\/ul>\n\n<p>Clicca quindi sul pulsante &#8220;Recupera la domanda&#8221; per accedere alla tua autorizzazione ESTA valida. In caso di problemi, puoi anche utilizzare il servizio di assistenza online fornito dal nostro partner specializzato in formalit\u00e0 di viaggio internazionali. Gli agenti sono disponibili 6 giorni su 7 per rispondere a tutte le tue domande.  <\/p>\n","protected":false},"excerpt":{"rendered":"<p>COSA FARE SE HAI PERSO IL TUO ESTA? Viaggiare \u00e8 sempre un&#8217;impresa stressante, soprattutto quando si va in un paese lontano come gli Stati Uniti. I nostri lettori ci contattano spesso quando non riescono pi\u00f9 a trovare la loro autorizzazione di viaggio ESTA. Se questo \u00e8 il tuo caso, non farti prendere dal panico! Ti [&hellip;]<\/p>\n","protected":false},"author":1,"featured_media":0,"parent":0,"menu_order":0,"comment_status":"closed","ping_status":"closed","template":"","meta":{"footnotes":""},"class_list":["post-1651","page","type-page","status-publish","hentry"],"yoast_head":"<!-- This site is optimized with the Yoast SEO plugin v26.2 - https:\/\/yoast.com\/wordpress\/plugins\/seo\/ -->\n<title>Cosa fare se la tua domanda ESTA viene smarrita<\/title>\n<meta name=\"description\" content=\"La partenza \u00e8 imminente e non riesci a trovare il tuo ESTA. Non farti prendere dal panico, ti spiegheremo i passi da compiere per trovare il tuo prezioso sesamo.\" \/>\n<meta name=\"robots\" content=\"index, follow, max-snippet:-1, max-image-preview:large, max-video-preview:-1\" \/>\n<link rel=\"canonical\" href=\"https:\/\/www.esta-officiel-usa.com\/it\/cosa-fare-se-la-tua-domanda-esta-viene-smarrita\/\" \/>\n<meta property=\"og:locale\" content=\"it_IT\" \/>\n<meta property=\"og:type\" content=\"article\" \/>\n<meta property=\"og:title\" content=\"Cosa fare se la tua domanda ESTA viene smarrita\" \/>\n<meta property=\"og:description\" content=\"La partenza \u00e8 imminente e non riesci a trovare il tuo ESTA. Non farti prendere dal panico, ti spiegheremo i passi da compiere per trovare il tuo prezioso sesamo.\" \/>\n<meta property=\"og:url\" content=\"https:\/\/www.esta-officiel-usa.com\/it\/cosa-fare-se-la-tua-domanda-esta-viene-smarrita\/\" \/>\n<meta property=\"og:site_name\" content=\"ESTA - Stati Uniti\" \/>\n<meta property=\"article:modified_time\" content=\"2025-09-13T12:04:55+00:00\" \/>\n<meta name=\"twitter:card\" content=\"summary_large_image\" \/>\n<meta name=\"twitter:label1\" content=\"Tempo di lettura stimato\" \/>\n\t<meta name=\"twitter:data1\" content=\"2 minuti\" \/>\n<script type=\"application\/ld+json\" class=\"yoast-schema-graph\">{\"@context\":\"https:\/\/schema.org\",\"@graph\":[{\"@type\":\"WebPage\",\"@id\":\"https:\/\/www.esta-officiel-usa.com\/it\/cosa-fare-se-la-tua-domanda-esta-viene-smarrita\/\",\"url\":\"https:\/\/www.esta-officiel-usa.com\/it\/cosa-fare-se-la-tua-domanda-esta-viene-smarrita\/\",\"name\":\"Cosa fare se la tua domanda ESTA viene smarrita\",\"isPartOf\":{\"@id\":\"https:\/\/www.esta-officiel-usa.com\/it\/#website\"},\"datePublished\":\"2025-09-13T12:04:50+00:00\",\"dateModified\":\"2025-09-13T12:04:55+00:00\",\"description\":\"La partenza \u00e8 imminente e non riesci a trovare il tuo ESTA. Non farti prendere dal panico, ti spiegheremo i passi da compiere per trovare il tuo prezioso sesamo.\",\"breadcrumb\":{\"@id\":\"https:\/\/www.esta-officiel-usa.com\/it\/cosa-fare-se-la-tua-domanda-esta-viene-smarrita\/#breadcrumb\"},\"inLanguage\":\"it-IT\",\"potentialAction\":[{\"@type\":\"ReadAction\",\"target\":[\"https:\/\/www.esta-officiel-usa.com\/it\/cosa-fare-se-la-tua-domanda-esta-viene-smarrita\/\"]}]},{\"@type\":\"BreadcrumbList\",\"@id\":\"https:\/\/www.esta-officiel-usa.com\/it\/cosa-fare-se-la-tua-domanda-esta-viene-smarrita\/#breadcrumb\",\"itemListElement\":[{\"@type\":\"ListItem\",\"position\":1,\"name\":\"Casa\",\"item\":\"https:\/\/www.esta-officiel-usa.com\/it\/\"},{\"@type\":\"ListItem\",\"position\":2,\"name\":\"Cosa fare se la tua domanda ESTA viene smarrita\"}]},{\"@type\":\"WebSite\",\"@id\":\"https:\/\/www.esta-officiel-usa.com\/it\/#website\",\"url\":\"https:\/\/www.esta-officiel-usa.com\/it\/\",\"name\":\"ESTA - Stati Uniti\",\"description\":\"Modulo di richiesta ESTA\",\"potentialAction\":[{\"@type\":\"SearchAction\",\"target\":{\"@type\":\"EntryPoint\",\"urlTemplate\":\"https:\/\/www.esta-officiel-usa.com\/it\/?s={search_term_string}\"},\"query-input\":{\"@type\":\"PropertyValueSpecification\",\"valueRequired\":true,\"valueName\":\"search_term_string\"}}],\"inLanguage\":\"it-IT\"}]}<\/script>\n<!-- \/ Yoast SEO plugin. -->","yoast_head_json":{"title":"Cosa fare se la tua domanda ESTA viene smarrita","description":"La partenza \u00e8 imminente e non riesci a trovare il tuo ESTA. Non farti prendere dal panico, ti spiegheremo i passi da compiere per trovare il tuo prezioso sesamo.","robots":{"index":"index","follow":"follow","max-snippet":"max-snippet:-1","max-image-preview":"max-image-preview:large","max-video-preview":"max-video-preview:-1"},"canonical":"https:\/\/www.esta-officiel-usa.com\/it\/cosa-fare-se-la-tua-domanda-esta-viene-smarrita\/","og_locale":"it_IT","og_type":"article","og_title":"Cosa fare se la tua domanda ESTA viene smarrita","og_description":"La partenza \u00e8 imminente e non riesci a trovare il tuo ESTA. Non farti prendere dal panico, ti spiegheremo i passi da compiere per trovare il tuo prezioso sesamo.","og_url":"https:\/\/www.esta-officiel-usa.com\/it\/cosa-fare-se-la-tua-domanda-esta-viene-smarrita\/","og_site_name":"ESTA - Stati Uniti","article_modified_time":"2025-09-13T12:04:55+00:00","twitter_card":"summary_large_image","twitter_misc":{"Tempo di lettura stimato":"2 minuti"},"schema":{"@context":"https:\/\/schema.org","@graph":[{"@type":"WebPage","@id":"https:\/\/www.esta-officiel-usa.com\/it\/cosa-fare-se-la-tua-domanda-esta-viene-smarrita\/","url":"https:\/\/www.esta-officiel-usa.com\/it\/cosa-fare-se-la-tua-domanda-esta-viene-smarrita\/","name":"Cosa fare se la tua domanda ESTA viene smarrita","isPartOf":{"@id":"https:\/\/www.esta-officiel-usa.com\/it\/#website"},"datePublished":"2025-09-13T12:04:50+00:00","dateModified":"2025-09-13T12:04:55+00:00","description":"La partenza \u00e8 imminente e non riesci a trovare il tuo ESTA. Non farti prendere dal panico, ti spiegheremo i passi da compiere per trovare il tuo prezioso sesamo.","breadcrumb":{"@id":"https:\/\/www.esta-officiel-usa.com\/it\/cosa-fare-se-la-tua-domanda-esta-viene-smarrita\/#breadcrumb"},"inLanguage":"it-IT","potentialAction":[{"@type":"ReadAction","target":["https:\/\/www.esta-officiel-usa.com\/it\/cosa-fare-se-la-tua-domanda-esta-viene-smarrita\/"]}]},{"@type":"BreadcrumbList","@id":"https:\/\/www.esta-officiel-usa.com\/it\/cosa-fare-se-la-tua-domanda-esta-viene-smarrita\/#breadcrumb","itemListElement":[{"@type":"ListItem","position":1,"name":"Casa","item":"https:\/\/www.esta-officiel-usa.com\/it\/"},{"@type":"ListItem","position":2,"name":"Cosa fare se la tua domanda ESTA viene smarrita"}]},{"@type":"WebSite","@id":"https:\/\/www.esta-officiel-usa.com\/it\/#website","url":"https:\/\/www.esta-officiel-usa.com\/it\/","name":"ESTA - Stati Uniti","description":"Modulo di richiesta ESTA","potentialAction":[{"@type":"SearchAction","target":{"@type":"EntryPoint","urlTemplate":"https:\/\/www.esta-officiel-usa.com\/it\/?s={search_term_string}"},"query-input":{"@type":"PropertyValueSpecification","valueRequired":true,"valueName":"search_term_string"}}],"inLanguage":"it-IT"}]}},"_links":{"self":[{"href":"https:\/\/www.esta-officiel-usa.com\/it\/wp-json\/wp\/v2\/pages\/1651","targetHints":{"allow":["GET"]}}],"collection":[{"href":"https:\/\/www.esta-officiel-usa.com\/it\/wp-json\/wp\/v2\/pages"}],"about":[{"href":"https:\/\/www.esta-officiel-usa.com\/it\/wp-json\/wp\/v2\/types\/page"}],"author":[{"embeddable":true,"href":"https:\/\/www.esta-officiel-usa.com\/it\/wp-json\/wp\/v2\/users\/1"}],"replies":[{"embeddable":true,"href":"https:\/\/www.esta-officiel-usa.com\/it\/wp-json\/wp\/v2\/comments?post=1651"}],"version-history":[{"count":1,"href":"https:\/\/www.esta-officiel-usa.com\/it\/wp-json\/wp\/v2\/pages\/1651\/revisions"}],"predecessor-version":[{"id":1653,"href":"https:\/\/www.esta-officiel-usa.com\/it\/wp-json\/wp\/v2\/pages\/1651\/revisions\/1653"}],"wp:attachment":[{"href":"https:\/\/www.esta-officiel-usa.com\/it\/wp-json\/wp\/v2\/media?parent=1651"}],"curies":[{"name":"wp","href":"https:\/\/api.w.org\/{rel}","templated":true}]}}