{"id":1658,"date":"2025-09-13T12:04:52","date_gmt":"2025-09-13T12:04:52","guid":{"rendered":"https:\/\/www.esta-officiel-usa.com\/come-richiedere-di-nuovo-lesta-dopo-un-rifiuto\/"},"modified":"2025-09-13T12:04:54","modified_gmt":"2025-09-13T12:04:54","slug":"come-richiedere-di-nuovo-lesta-dopo-un-rifiuto","status":"publish","type":"page","link":"https:\/\/www.esta-officiel-usa.com\/it\/come-richiedere-di-nuovo-lesta-dopo-un-rifiuto\/","title":{"rendered":"Come richiedere di nuovo l&#8217;ESTA dopo un rifiuto"},"content":{"rendered":"\n<h1 class=\"wp-block-heading\">RICHIEDERE NUOVAMENTE UN ESTA DOPO UN RIFIUTO<\/h1>\n\n<p>Nella maggior parte dei casi l&#8217;<a href=\"https:\/\/www.esta-officiel-usa.com\/it\/\">ESTA<\/a> viene rilasciata. Tuttavia, se la tua domanda viene respinta, devi prima analizzarne i motivi. esta-officiel-usa.com ti consiglia i punti da controllare prima di presentare una nuova domanda ESTA dopo il rifiuto.  <\/p>\n\n<h2 class=\"wp-block-heading\">PERCH\u00c9 LA MIA DOMANDA DI ESTA \u00c8 STATA RIFIUTATA?<\/h2>\n\n<p>Tutti i cittadini non americani devono avere un permesso di soggiorno valido per recarsi negli Stati Uniti. Pu\u00f2 trattarsi di un visto, di un&#8217;ESTA o di una <a href=\"https:\/\/www.esta-officiel-usa.com\/it\/ottenere-la-carta-verde-attraverso-il-matrimonio\/\">carta verde<\/a>. L&#8217;ESTA \u00e8 la soluzione scelta dalla maggior parte dei viaggiatori. \u00c8 pi\u00f9 facile e veloce da ottenere rispetto agli altri due documenti. Valido per due anni, \u00e8 anche molto conveniente.    <\/p>\n\n<p>Se hai gi\u00e0 presentato una domanda ESTA ma \u00e8 stata respinta, inizia a controllare i seguenti punti:<\/p>\n\n<ul class=\"wp-block-list\">\n<li>lo stato civile registrato deve corrispondere alle informazioni riportate sul <a href=\"https:\/\/www.esta-officiel-usa.com\/fr\/quel-type-de-passeport-pour-les-usa\/\">passaporto<\/a> (cognome, nome, stato, ecc.);<\/li>\n\n\n\n<li>Il passaporto deve essere biometrico o elettronico e deve coprire l&#8217;intera durata del soggiorno;<\/li>\n\n\n\n<li>devi essere cittadino di uno dei paesi che partecipano al <a href=\"https:\/\/www.esta-officiel-usa.com\/it\/informazioni-sul-programma-viaggio-senza-visto\/\">Programma Viaggio senza Visto<\/a>, ma non devi avere la doppia cittadinanza di Iraq, Siria, Iran o Somalia;<\/li>\n\n\n\n<li>devi viaggiare con una compagnia aerea approvata dagli Stati Uniti e avere un biglietto di ritorno o di proseguimento che dimostri che sei stato negli Stati Uniti per un massimo di 90 giorni;<\/li>\n\n\n\n<li>il tuo profilo non deve rappresentare una minaccia per gli Stati Uniti.<\/li>\n<\/ul>\n\n<p>Se desideri un&#8217;assistenza esperta per la tua nuova domanda ESTA dopo che \u00e8 stata rifiutata, il nostro team di professionisti dei viaggi sar\u00e0 lieto di aiutarti.<\/p>\n\n<h2 class=\"wp-block-heading\">COME FACCIO A PRESENTARE UNA NUOVA DOMANDA ESTA?<\/h2>\n\n<p>Prendendoti il tempo necessario per svolgere i tuoi compiti, ridurrai il rischio di commettere un errore quando richiederai una nuova ESTA. Rileggi attentamente le tue risposte prima di inviare il <a href=\"https:\/\/www.esta-officiel-usa.com\/it\/ottieni-il-modulo-esta-online\/\">modulo ESTA<\/a> al dipartimento responsabile del rilascio delle autorizzazioni. <\/p>\n\n<p>Riceverai l&#8217;autorizzazione in meno di 72 ore, di solito lo stesso giorno.<\/p>\n\n<p>Se la tua domanda ESTA viene respinta, puoi pensare che il tuo profilo non sia idoneo. Questo perch\u00e9 il personale <a href=\"https:\/\/www.esta-officiel-usa.com\/it\/misure-di-sicurezza-per-entrare-negli-stati-uniti\/\">della Sicurezza Nazionale degli Stati Uniti<\/a> ha pieni poteri per quanto riguarda l&#8217;ingresso negli Stati Uniti, sia prima della partenza che dopo che l&#8217;aereo \u00e8 gi\u00e0 atterrato!   <\/p>\n\n<p>Pertanto, se la tua nuova domanda ESTA viene respinta, dovrai rivolgerti ad altre forme di autorizzazione al soggiorno, come un visto o una carta verde. A tal fine, contatta il tuo consolato o l&#8217;<a href=\"https:\/\/www.esta-officiel-usa.com\/it\/recarsi-allambasciata-statunitense-per-ottenere-il-visto\/\">ambasciata americana<\/a> del tuo paese. <\/p>\n","protected":false},"excerpt":{"rendered":"<p>RICHIEDERE NUOVAMENTE UN ESTA DOPO UN RIFIUTO Nella maggior parte dei casi l&#8217;ESTA viene rilasciata. Tuttavia, se la tua domanda viene respinta, devi prima analizzarne i motivi. esta-officiel-usa.com ti consiglia i punti da controllare prima di presentare una nuova domanda ESTA dopo il rifiuto. PERCH\u00c9 LA MIA DOMANDA DI ESTA \u00c8 STATA RIFIUTATA? Tutti i [&hellip;]<\/p>\n","protected":false},"author":1,"featured_media":0,"parent":0,"menu_order":0,"comment_status":"closed","ping_status":"closed","template":"","meta":{"footnotes":""},"class_list":["post-1658","page","type-page","status-publish","hentry"],"yoast_head":"<!-- This site is optimized with the Yoast SEO plugin v26.2 - https:\/\/yoast.com\/wordpress\/plugins\/seo\/ -->\n<title>Come richiedere di nuovo l&#039;ESTA dopo un rifiuto<\/title>\n<meta name=\"description\" content=\"Se sei un cittadino di uno dei paesi VWP, \u00e8 improbabile che la tua domanda venga rifiutata. Cosa devi fare se la tua domanda viene rifiutata?\" \/>\n<meta name=\"robots\" content=\"index, follow, max-snippet:-1, max-image-preview:large, max-video-preview:-1\" \/>\n<link rel=\"canonical\" href=\"https:\/\/www.esta-officiel-usa.com\/it\/come-richiedere-di-nuovo-lesta-dopo-un-rifiuto\/\" \/>\n<meta property=\"og:locale\" content=\"it_IT\" \/>\n<meta property=\"og:type\" content=\"article\" \/>\n<meta property=\"og:title\" content=\"Come richiedere di nuovo l&#039;ESTA dopo un rifiuto\" \/>\n<meta property=\"og:description\" content=\"Se sei un cittadino di uno dei paesi VWP, \u00e8 improbabile che la tua domanda venga rifiutata. Cosa devi fare se la tua domanda viene rifiutata?\" \/>\n<meta property=\"og:url\" content=\"https:\/\/www.esta-officiel-usa.com\/it\/come-richiedere-di-nuovo-lesta-dopo-un-rifiuto\/\" \/>\n<meta property=\"og:site_name\" content=\"ESTA - Stati Uniti\" \/>\n<meta property=\"article:modified_time\" content=\"2025-09-13T12:04:54+00:00\" \/>\n<meta name=\"twitter:card\" content=\"summary_large_image\" \/>\n<meta name=\"twitter:label1\" content=\"Tempo di lettura stimato\" \/>\n\t<meta name=\"twitter:data1\" content=\"2 minuti\" \/>\n<script type=\"application\/ld+json\" class=\"yoast-schema-graph\">{\"@context\":\"https:\/\/schema.org\",\"@graph\":[{\"@type\":\"WebPage\",\"@id\":\"https:\/\/www.esta-officiel-usa.com\/it\/come-richiedere-di-nuovo-lesta-dopo-un-rifiuto\/\",\"url\":\"https:\/\/www.esta-officiel-usa.com\/it\/come-richiedere-di-nuovo-lesta-dopo-un-rifiuto\/\",\"name\":\"Come richiedere di nuovo l'ESTA dopo un rifiuto\",\"isPartOf\":{\"@id\":\"https:\/\/www.esta-officiel-usa.com\/it\/#website\"},\"datePublished\":\"2025-09-13T12:04:52+00:00\",\"dateModified\":\"2025-09-13T12:04:54+00:00\",\"description\":\"Se sei un cittadino di uno dei paesi VWP, \u00e8 improbabile che la tua domanda venga rifiutata. Cosa devi fare se la tua domanda viene rifiutata?\",\"breadcrumb\":{\"@id\":\"https:\/\/www.esta-officiel-usa.com\/it\/come-richiedere-di-nuovo-lesta-dopo-un-rifiuto\/#breadcrumb\"},\"inLanguage\":\"it-IT\",\"potentialAction\":[{\"@type\":\"ReadAction\",\"target\":[\"https:\/\/www.esta-officiel-usa.com\/it\/come-richiedere-di-nuovo-lesta-dopo-un-rifiuto\/\"]}]},{\"@type\":\"BreadcrumbList\",\"@id\":\"https:\/\/www.esta-officiel-usa.com\/it\/come-richiedere-di-nuovo-lesta-dopo-un-rifiuto\/#breadcrumb\",\"itemListElement\":[{\"@type\":\"ListItem\",\"position\":1,\"name\":\"Casa\",\"item\":\"https:\/\/www.esta-officiel-usa.com\/it\/\"},{\"@type\":\"ListItem\",\"position\":2,\"name\":\"Come richiedere di nuovo l&#8217;ESTA dopo un rifiuto\"}]},{\"@type\":\"WebSite\",\"@id\":\"https:\/\/www.esta-officiel-usa.com\/it\/#website\",\"url\":\"https:\/\/www.esta-officiel-usa.com\/it\/\",\"name\":\"ESTA - Stati Uniti\",\"description\":\"Modulo di richiesta ESTA\",\"potentialAction\":[{\"@type\":\"SearchAction\",\"target\":{\"@type\":\"EntryPoint\",\"urlTemplate\":\"https:\/\/www.esta-officiel-usa.com\/it\/?s={search_term_string}\"},\"query-input\":{\"@type\":\"PropertyValueSpecification\",\"valueRequired\":true,\"valueName\":\"search_term_string\"}}],\"inLanguage\":\"it-IT\"}]}<\/script>\n<!-- \/ Yoast SEO plugin. -->","yoast_head_json":{"title":"Come richiedere di nuovo l'ESTA dopo un rifiuto","description":"Se sei un cittadino di uno dei paesi VWP, \u00e8 improbabile che la tua domanda venga rifiutata. Cosa devi fare se la tua domanda viene rifiutata?","robots":{"index":"index","follow":"follow","max-snippet":"max-snippet:-1","max-image-preview":"max-image-preview:large","max-video-preview":"max-video-preview:-1"},"canonical":"https:\/\/www.esta-officiel-usa.com\/it\/come-richiedere-di-nuovo-lesta-dopo-un-rifiuto\/","og_locale":"it_IT","og_type":"article","og_title":"Come richiedere di nuovo l'ESTA dopo un rifiuto","og_description":"Se sei un cittadino di uno dei paesi VWP, \u00e8 improbabile che la tua domanda venga rifiutata. Cosa devi fare se la tua domanda viene rifiutata?","og_url":"https:\/\/www.esta-officiel-usa.com\/it\/come-richiedere-di-nuovo-lesta-dopo-un-rifiuto\/","og_site_name":"ESTA - Stati Uniti","article_modified_time":"2025-09-13T12:04:54+00:00","twitter_card":"summary_large_image","twitter_misc":{"Tempo di lettura stimato":"2 minuti"},"schema":{"@context":"https:\/\/schema.org","@graph":[{"@type":"WebPage","@id":"https:\/\/www.esta-officiel-usa.com\/it\/come-richiedere-di-nuovo-lesta-dopo-un-rifiuto\/","url":"https:\/\/www.esta-officiel-usa.com\/it\/come-richiedere-di-nuovo-lesta-dopo-un-rifiuto\/","name":"Come richiedere di nuovo l'ESTA dopo un rifiuto","isPartOf":{"@id":"https:\/\/www.esta-officiel-usa.com\/it\/#website"},"datePublished":"2025-09-13T12:04:52+00:00","dateModified":"2025-09-13T12:04:54+00:00","description":"Se sei un cittadino di uno dei paesi VWP, \u00e8 improbabile che la tua domanda venga rifiutata. Cosa devi fare se la tua domanda viene rifiutata?","breadcrumb":{"@id":"https:\/\/www.esta-officiel-usa.com\/it\/come-richiedere-di-nuovo-lesta-dopo-un-rifiuto\/#breadcrumb"},"inLanguage":"it-IT","potentialAction":[{"@type":"ReadAction","target":["https:\/\/www.esta-officiel-usa.com\/it\/come-richiedere-di-nuovo-lesta-dopo-un-rifiuto\/"]}]},{"@type":"BreadcrumbList","@id":"https:\/\/www.esta-officiel-usa.com\/it\/come-richiedere-di-nuovo-lesta-dopo-un-rifiuto\/#breadcrumb","itemListElement":[{"@type":"ListItem","position":1,"name":"Casa","item":"https:\/\/www.esta-officiel-usa.com\/it\/"},{"@type":"ListItem","position":2,"name":"Come richiedere di nuovo l&#8217;ESTA dopo un rifiuto"}]},{"@type":"WebSite","@id":"https:\/\/www.esta-officiel-usa.com\/it\/#website","url":"https:\/\/www.esta-officiel-usa.com\/it\/","name":"ESTA - Stati Uniti","description":"Modulo di richiesta ESTA","potentialAction":[{"@type":"SearchAction","target":{"@type":"EntryPoint","urlTemplate":"https:\/\/www.esta-officiel-usa.com\/it\/?s={search_term_string}"},"query-input":{"@type":"PropertyValueSpecification","valueRequired":true,"valueName":"search_term_string"}}],"inLanguage":"it-IT"}]}},"_links":{"self":[{"href":"https:\/\/www.esta-officiel-usa.com\/it\/wp-json\/wp\/v2\/pages\/1658","targetHints":{"allow":["GET"]}}],"collection":[{"href":"https:\/\/www.esta-officiel-usa.com\/it\/wp-json\/wp\/v2\/pages"}],"about":[{"href":"https:\/\/www.esta-officiel-usa.com\/it\/wp-json\/wp\/v2\/types\/page"}],"author":[{"embeddable":true,"href":"https:\/\/www.esta-officiel-usa.com\/it\/wp-json\/wp\/v2\/users\/1"}],"replies":[{"embeddable":true,"href":"https:\/\/www.esta-officiel-usa.com\/it\/wp-json\/wp\/v2\/comments?post=1658"}],"version-history":[{"count":1,"href":"https:\/\/www.esta-officiel-usa.com\/it\/wp-json\/wp\/v2\/pages\/1658\/revisions"}],"predecessor-version":[{"id":1661,"href":"https:\/\/www.esta-officiel-usa.com\/it\/wp-json\/wp\/v2\/pages\/1658\/revisions\/1661"}],"wp:attachment":[{"href":"https:\/\/www.esta-officiel-usa.com\/it\/wp-json\/wp\/v2\/media?parent=1658"}],"curies":[{"name":"wp","href":"https:\/\/api.w.org\/{rel}","templated":true}]}}