{"id":1671,"date":"2025-09-13T12:04:57","date_gmt":"2025-09-13T12:04:57","guid":{"rendered":"https:\/\/www.esta-officiel-usa.com\/quali-sono-le-formalita-per-entrare-negli-stati-uniti\/"},"modified":"2025-09-13T12:05:03","modified_gmt":"2025-09-13T12:05:03","slug":"quali-sono-le-formalita-per-entrare-negli-stati-uniti","status":"publish","type":"page","link":"https:\/\/www.esta-officiel-usa.com\/it\/quali-sono-le-formalita-per-entrare-negli-stati-uniti\/","title":{"rendered":"Quali sono le formalit\u00e0 per entrare negli Stati Uniti?"},"content":{"rendered":"\n<h1 class=\"wp-block-heading\">ARRIVO NEGLI STATI UNITI: FORMALIT\u00c0<\/h1>\n\n<p>In generale, non puoi improvvisare un viaggio negli Stati Uniti. Innanzitutto per il costo dei biglietti e la lunghezza del viaggio (tra le 8 e le 12 ore di volo da Parigi, a seconda della destinazione), ma anche perch\u00e9 \u00e8 necessario avere un permesso di soggiorno<a href=\"https:\/\/www.esta-officiel-usa.com\/it\/\">(ESTA<\/a> o visto) e una <a href=\"https:\/\/www.esta-officiel-usa.com\/it\/di-quale-assicurazione-sanitaria-ho-bisogno-per-un-viaggio-negli-stati-uniti\/\">buona assicurazione in<\/a> anticipo. Tutto questo richiede tempo e un minimo di organizzazione. Quindi, una volta ottenuto il passaporto, ti conviene fare tutto il possibile per superare con successo l&#8217;ultimo controllo, una volta giunto alle porte del confine americano.   <br\/> <\/p>\n\n<h2 class=\"wp-block-heading\">IL SERVIZIO DI IMMIGRAZIONE STATUNITENSE<\/h2>\n\n<p>Come suggerisce il nome, l&#8217;ESTA \u00e8 un&#8217;<a href=\"https:\/\/www.esta-officiel-usa.com\/it\/cose-lautorizzazione-esta\/\">autorizzazione<\/a> al viaggio. In altre parole, quando arrivi negli Stati Uniti, sono i funzionari dell&#8217;immigrazione a decidere se farti entrare o meno nel paese. La decisione spetta a loro e non c&#8217;\u00e8 diritto di appello. Quindi \u00e8 meglio prendere tutte le precauzioni del caso prima di partire!   <\/p>\n\n<h2 class=\"wp-block-heading\">DOCUMENTI DA PRESENTARE ALL&#8217;ARRIVO NEGLI STATI UNITI<\/h2>\n\n<p>Ecco i <a href=\"https:\/\/www.esta-officiel-usa.com\/fr\/liste-des-documents-de-voyage-pour-les-usa\/\">documenti di viaggio<\/a> che dovresti avere con te al tuo arrivo:<\/p>\n\n<ul class=\"wp-block-list\"><li>Il tuo passaporto elettronico o biometrico, valido per la durata del tuo soggiorno e 6 mesi dopo la data di rientro;<\/li><li>Il modulo blu 6059B o modulo di dichiarazione doganale. Questo modulo ti viene consegnato in aereo. Ti verr\u00e0 chiesto di indicare il tuo nome e cognome e il numero di passaporto. Dovrai inoltre dichiarare i prodotti che stai trasportando e il tuo indirizzo durante il soggiorno.     <\/li><li>Eventualmente il certificato ESTA, in formato elettronico o cartaceo<a href=\"https:\/\/www.esta-officiel-usa.com\/it\/devo-stampare-la-mia-domanda-esta\/\">(si consiglia distampare l&#8217;ESTA<\/a> per evitare problemi tecnici).<\/li><\/ul>\n\n<h2 class=\"wp-block-heading\">PASSAGGIO AL SERVIZIO DI IMMIGRAZIONE<\/h2>\n\n<p>Il passaggio attraverso l&#8217;immigrazione \u00e8 generalmente molto veloce, ma i tempi di attesa variano naturalmente in base al numero di viaggiatori. Quando \u00e8 il tuo turno, devi presentare il passaporto e la famosa carta blu. Il funzionario ti scatter\u00e0 una foto e una scansione delle tue impronte digitali.  <\/p>\n\n<p>Soprattutto, rimani naturale e rispondi con franchezza alle domande dell&#8217;agente. In genere si tratta di domande di routine, le stesse che ti sono state poste quando hai compilato la domanda ESTA. Se non capisci quello che l&#8217;agente sta dicendo (l&#8217;accento americano a volte \u00e8 difficile da capire), non esitare a chiedergli di ripetere. Evita l&#8217;umorismo, perch\u00e9 negli Stati Uniti non fa parte delle <a href=\"https:\/\/www.esta-officiel-usa.com\/fr\/quelles-sont-les-bonnes-manieres-aux-etats-unis\/\">buone maniere<\/a> e ti danneggia.   <\/p>\n\n<p>Infine, se sei solo <a href=\"https:\/\/www.esta-officiel-usa.com\/fr\/esta-pour-transit-aux-etats-unis\/\">in transito negli Stati Uniti<\/a>, devi passare anche da questa fase, ma in una coda dedicata ai passeggeri in transito (prima di andare a <a href=\"https:\/\/www.esta-officiel-usa.com\/it\/visita-cuba-durante-un-viaggio-negli-stati-uniti\/\">Cuba<\/a>, per esempio).<\/p>\n\n<p>Da sapere: l&#8217;ESTA non ti permette di lavorare negli Stati Uniti. Se vuoi farlo, devi richiedere una <a href=\"https:\/\/www.esta-officiel-usa.com\/it\/richiesta-di-una-carta-verde-per-motivi-di-lavoro\/\">carta verde per motivi di lavoro<\/a>. <\/p>\n","protected":false},"excerpt":{"rendered":"<p>ARRIVO NEGLI STATI UNITI: FORMALIT\u00c0 In generale, non puoi improvvisare un viaggio negli Stati Uniti. Innanzitutto per il costo dei biglietti e la lunghezza del viaggio (tra le 8 e le 12 ore di volo da Parigi, a seconda della destinazione), ma anche perch\u00e9 \u00e8 necessario avere un permesso di soggiorno(ESTA o visto) e una [&hellip;]<\/p>\n","protected":false},"author":1,"featured_media":0,"parent":0,"menu_order":0,"comment_status":"closed","ping_status":"closed","template":"","meta":{"footnotes":""},"class_list":["post-1671","page","type-page","status-publish","hentry"],"yoast_head":"<!-- This site is optimized with the Yoast SEO plugin v26.2 - https:\/\/yoast.com\/wordpress\/plugins\/seo\/ -->\n<title>Quali sono le formalit\u00e0 per entrare negli Stati Uniti?<\/title>\n<meta name=\"description\" content=\"L&#039;iter di immigrazione \u00e8 generalmente molto rapido, ma i nostri esperti risponderanno a tutte le tue domande sulle formalit\u00e0.\" \/>\n<meta name=\"robots\" content=\"index, follow, max-snippet:-1, max-image-preview:large, max-video-preview:-1\" \/>\n<link rel=\"canonical\" href=\"https:\/\/www.esta-officiel-usa.com\/it\/quali-sono-le-formalita-per-entrare-negli-stati-uniti\/\" \/>\n<meta property=\"og:locale\" content=\"it_IT\" \/>\n<meta property=\"og:type\" content=\"article\" \/>\n<meta property=\"og:title\" content=\"Quali sono le formalit\u00e0 per entrare negli Stati Uniti?\" \/>\n<meta property=\"og:description\" content=\"L&#039;iter di immigrazione \u00e8 generalmente molto rapido, ma i nostri esperti risponderanno a tutte le tue domande sulle formalit\u00e0.\" \/>\n<meta property=\"og:url\" content=\"https:\/\/www.esta-officiel-usa.com\/it\/quali-sono-le-formalita-per-entrare-negli-stati-uniti\/\" \/>\n<meta property=\"og:site_name\" content=\"ESTA - Stati Uniti\" \/>\n<meta property=\"article:modified_time\" content=\"2025-09-13T12:05:03+00:00\" \/>\n<meta name=\"twitter:card\" content=\"summary_large_image\" \/>\n<meta name=\"twitter:label1\" content=\"Tempo di lettura stimato\" \/>\n\t<meta name=\"twitter:data1\" content=\"2 minuti\" \/>\n<script type=\"application\/ld+json\" class=\"yoast-schema-graph\">{\"@context\":\"https:\/\/schema.org\",\"@graph\":[{\"@type\":\"WebPage\",\"@id\":\"https:\/\/www.esta-officiel-usa.com\/it\/quali-sono-le-formalita-per-entrare-negli-stati-uniti\/\",\"url\":\"https:\/\/www.esta-officiel-usa.com\/it\/quali-sono-le-formalita-per-entrare-negli-stati-uniti\/\",\"name\":\"Quali sono le formalit\u00e0 per entrare negli Stati Uniti?\",\"isPartOf\":{\"@id\":\"https:\/\/www.esta-officiel-usa.com\/it\/#website\"},\"datePublished\":\"2025-09-13T12:04:57+00:00\",\"dateModified\":\"2025-09-13T12:05:03+00:00\",\"description\":\"L'iter di immigrazione \u00e8 generalmente molto rapido, ma i nostri esperti risponderanno a tutte le tue domande sulle formalit\u00e0.\",\"breadcrumb\":{\"@id\":\"https:\/\/www.esta-officiel-usa.com\/it\/quali-sono-le-formalita-per-entrare-negli-stati-uniti\/#breadcrumb\"},\"inLanguage\":\"it-IT\",\"potentialAction\":[{\"@type\":\"ReadAction\",\"target\":[\"https:\/\/www.esta-officiel-usa.com\/it\/quali-sono-le-formalita-per-entrare-negli-stati-uniti\/\"]}]},{\"@type\":\"BreadcrumbList\",\"@id\":\"https:\/\/www.esta-officiel-usa.com\/it\/quali-sono-le-formalita-per-entrare-negli-stati-uniti\/#breadcrumb\",\"itemListElement\":[{\"@type\":\"ListItem\",\"position\":1,\"name\":\"Casa\",\"item\":\"https:\/\/www.esta-officiel-usa.com\/it\/\"},{\"@type\":\"ListItem\",\"position\":2,\"name\":\"Quali sono le formalit\u00e0 per entrare negli Stati Uniti?\"}]},{\"@type\":\"WebSite\",\"@id\":\"https:\/\/www.esta-officiel-usa.com\/it\/#website\",\"url\":\"https:\/\/www.esta-officiel-usa.com\/it\/\",\"name\":\"ESTA - Stati Uniti\",\"description\":\"Modulo di richiesta ESTA\",\"potentialAction\":[{\"@type\":\"SearchAction\",\"target\":{\"@type\":\"EntryPoint\",\"urlTemplate\":\"https:\/\/www.esta-officiel-usa.com\/it\/?s={search_term_string}\"},\"query-input\":{\"@type\":\"PropertyValueSpecification\",\"valueRequired\":true,\"valueName\":\"search_term_string\"}}],\"inLanguage\":\"it-IT\"}]}<\/script>\n<!-- \/ Yoast SEO plugin. -->","yoast_head_json":{"title":"Quali sono le formalit\u00e0 per entrare negli Stati Uniti?","description":"L'iter di immigrazione \u00e8 generalmente molto rapido, ma i nostri esperti risponderanno a tutte le tue domande sulle formalit\u00e0.","robots":{"index":"index","follow":"follow","max-snippet":"max-snippet:-1","max-image-preview":"max-image-preview:large","max-video-preview":"max-video-preview:-1"},"canonical":"https:\/\/www.esta-officiel-usa.com\/it\/quali-sono-le-formalita-per-entrare-negli-stati-uniti\/","og_locale":"it_IT","og_type":"article","og_title":"Quali sono le formalit\u00e0 per entrare negli Stati Uniti?","og_description":"L'iter di immigrazione \u00e8 generalmente molto rapido, ma i nostri esperti risponderanno a tutte le tue domande sulle formalit\u00e0.","og_url":"https:\/\/www.esta-officiel-usa.com\/it\/quali-sono-le-formalita-per-entrare-negli-stati-uniti\/","og_site_name":"ESTA - Stati Uniti","article_modified_time":"2025-09-13T12:05:03+00:00","twitter_card":"summary_large_image","twitter_misc":{"Tempo di lettura stimato":"2 minuti"},"schema":{"@context":"https:\/\/schema.org","@graph":[{"@type":"WebPage","@id":"https:\/\/www.esta-officiel-usa.com\/it\/quali-sono-le-formalita-per-entrare-negli-stati-uniti\/","url":"https:\/\/www.esta-officiel-usa.com\/it\/quali-sono-le-formalita-per-entrare-negli-stati-uniti\/","name":"Quali sono le formalit\u00e0 per entrare negli Stati Uniti?","isPartOf":{"@id":"https:\/\/www.esta-officiel-usa.com\/it\/#website"},"datePublished":"2025-09-13T12:04:57+00:00","dateModified":"2025-09-13T12:05:03+00:00","description":"L'iter di immigrazione \u00e8 generalmente molto rapido, ma i nostri esperti risponderanno a tutte le tue domande sulle formalit\u00e0.","breadcrumb":{"@id":"https:\/\/www.esta-officiel-usa.com\/it\/quali-sono-le-formalita-per-entrare-negli-stati-uniti\/#breadcrumb"},"inLanguage":"it-IT","potentialAction":[{"@type":"ReadAction","target":["https:\/\/www.esta-officiel-usa.com\/it\/quali-sono-le-formalita-per-entrare-negli-stati-uniti\/"]}]},{"@type":"BreadcrumbList","@id":"https:\/\/www.esta-officiel-usa.com\/it\/quali-sono-le-formalita-per-entrare-negli-stati-uniti\/#breadcrumb","itemListElement":[{"@type":"ListItem","position":1,"name":"Casa","item":"https:\/\/www.esta-officiel-usa.com\/it\/"},{"@type":"ListItem","position":2,"name":"Quali sono le formalit\u00e0 per entrare negli Stati Uniti?"}]},{"@type":"WebSite","@id":"https:\/\/www.esta-officiel-usa.com\/it\/#website","url":"https:\/\/www.esta-officiel-usa.com\/it\/","name":"ESTA - Stati Uniti","description":"Modulo di richiesta ESTA","potentialAction":[{"@type":"SearchAction","target":{"@type":"EntryPoint","urlTemplate":"https:\/\/www.esta-officiel-usa.com\/it\/?s={search_term_string}"},"query-input":{"@type":"PropertyValueSpecification","valueRequired":true,"valueName":"search_term_string"}}],"inLanguage":"it-IT"}]}},"_links":{"self":[{"href":"https:\/\/www.esta-officiel-usa.com\/it\/wp-json\/wp\/v2\/pages\/1671","targetHints":{"allow":["GET"]}}],"collection":[{"href":"https:\/\/www.esta-officiel-usa.com\/it\/wp-json\/wp\/v2\/pages"}],"about":[{"href":"https:\/\/www.esta-officiel-usa.com\/it\/wp-json\/wp\/v2\/types\/page"}],"author":[{"embeddable":true,"href":"https:\/\/www.esta-officiel-usa.com\/it\/wp-json\/wp\/v2\/users\/1"}],"replies":[{"embeddable":true,"href":"https:\/\/www.esta-officiel-usa.com\/it\/wp-json\/wp\/v2\/comments?post=1671"}],"version-history":[{"count":1,"href":"https:\/\/www.esta-officiel-usa.com\/it\/wp-json\/wp\/v2\/pages\/1671\/revisions"}],"predecessor-version":[{"id":1674,"href":"https:\/\/www.esta-officiel-usa.com\/it\/wp-json\/wp\/v2\/pages\/1671\/revisions\/1674"}],"wp:attachment":[{"href":"https:\/\/www.esta-officiel-usa.com\/it\/wp-json\/wp\/v2\/media?parent=1671"}],"curies":[{"name":"wp","href":"https:\/\/api.w.org\/{rel}","templated":true}]}}