{"id":1682,"date":"2025-09-13T12:05:00","date_gmt":"2025-09-13T12:05:00","guid":{"rendered":"https:\/\/www.esta-officiel-usa.com\/che-tipo-di-passaporto-e-richiesto-per-gli-stati-uniti\/"},"modified":"2025-09-13T12:05:04","modified_gmt":"2025-09-13T12:05:04","slug":"che-tipo-di-passaporto-e-richiesto-per-gli-stati-uniti","status":"publish","type":"page","link":"https:\/\/www.esta-officiel-usa.com\/it\/che-tipo-di-passaporto-e-richiesto-per-gli-stati-uniti\/","title":{"rendered":"Che tipo di passaporto \u00e8 richiesto per gli Stati Uniti?"},"content":{"rendered":"\n<h1 class=\"wp-block-heading\">QUALE PASSAPORTO DEVO USARE PER RECARMI NEGLI STATI UNITI?<\/h1>\n\n<p>Hai intenzione di recarti negli Stati Uniti per vacanza o per lavoro? Grazie all&#8217;ESTA puoi evitare di ottenere un visto. L&#8217;ESTA ti semplifica la vita quando si tratta di ottenere l&#8217;autorizzazione a viaggiare negli Stati Uniti. Ma devi avere il passaporto giusto!   <\/p>\n\n<h2 class=\"wp-block-heading\">PASSAPORTO OTTICO, ELETTRONICO O BIOMETRICO?<\/h2>\n\n<p>Il servizio <a href=\"https:\/\/www.esta-officiel-usa.com\/it\/superare-la-dogana-degli-stati-uniti\/\">doganale<\/a> statunitense ha adottato strumenti di verifica computerizzati per tutti i suoi controlli. Ci\u00f2 significa che non \u00e8 pi\u00f9 possibile recarsi negli Stati Uniti con un passaporto a lettura ottica, che non \u00e8 pi\u00f9 sufficientemente affidabile secondo gli standard di sicurezza statunitensi. \u00c8 quindi obbligatorio possedere un passaporto elettronico o biometrico. Puoi verificare il tipo di passaporto in tuo possesso cercando il simbolo del microchip sotto la scritta &#8220;PASSPORT&#8221; sulla copertina.   <\/p>\n\n<p>Se, sfortunatamente, il tuo passaporto non soddisfa i criteri di cui sopra, dovrai richiederne uno nuovo che soddisfi gli standard richiesti. Dovrai pagare 86\u20ac per un documento valido 10 anni. Il passaporto per un minore \u00e8 valido per 5 anni. Costa 42\u20ac per un minore di et\u00e0 compresa tra i 15 e i 17 anni e 17\u20ac per un minore di 15 anni. Dovresti anche prestare attenzione ai tempi di produzione e spedizione, che variano a seconda della tua citt\u00e0 e del periodo dell&#8217;anno in cui fai la richiesta.    <\/p>\n\n<h2 class=\"wp-block-heading\">ESTA E IL TUO PASSAPORTO<\/h2>\n\n<p>\u00c8 importante notare che senza un passaporto biometrico o elettronico \u00e8 impossibile convalidare una domanda<a href=\"https:\/\/www.esta-officiel-usa.com\/it\/ottieni-il-modulo-esta-online\/\">ESTA online<\/a>. Il <a href=\"https:\/\/www.esta-officiel-usa.com\/it\/il-modulo-esta-per-gli-stati-uniti\/\">modulo<\/a> da compilare richiede di fornire informazioni sul tuo passaporto. Se non \u00e8 conforme, la tua domanda sar\u00e0 inevitabilmente <a href=\"https:\/\/www.esta-officiel-usa.com\/it\/perche-il-mio-esta-e-stato-rifiutato\/\">rifiutata<\/a>. Questo requisito si applica anche alla richiesta di un visto se non sei idoneo all&#8217;ESTA.   <\/p>\n\n<p>Dopo esserti assicurato di avere il passaporto giusto o di averne appena ricevuto uno nuovo e adatto, non esitare a rivolgerti a esta-officiel-usa.com per le tue <a href=\"https:\/\/www.esta-officiel-usa.com\/it\/\">richieste ESTA<\/a>! Il nostro team di specialisti si occuper\u00e0 di tutto per conto tuo, sollevandoti da ogni incombenza. Controlliamo le informazioni (numero di passaporto, cognome da nubile, cognome da sposato, ecc.) che ci invii in modo da poterti inviare l&#8217;autorizzazione nel pi\u00f9 breve tempo possibile. Inoltre, forniamo assistenza online per rispondere a tutte le tue domande sull&#8217;<a href=\"https:\/\/www.esta-officiel-usa.com\/it\/richiesta-esta-obbligatoria-per-gli-stati-uniti-online\/\">ESTA obbligatoria<\/a>.  <\/p>\n","protected":false},"excerpt":{"rendered":"<p>QUALE PASSAPORTO DEVO USARE PER RECARMI NEGLI STATI UNITI? Hai intenzione di recarti negli Stati Uniti per vacanza o per lavoro? Grazie all&#8217;ESTA puoi evitare di ottenere un visto. L&#8217;ESTA ti semplifica la vita quando si tratta di ottenere l&#8217;autorizzazione a viaggiare negli Stati Uniti. Ma devi avere il passaporto giusto! PASSAPORTO OTTICO, ELETTRONICO O [&hellip;]<\/p>\n","protected":false},"author":1,"featured_media":0,"parent":0,"menu_order":0,"comment_status":"closed","ping_status":"closed","template":"","meta":{"footnotes":""},"class_list":["post-1682","page","type-page","status-publish","hentry"],"yoast_head":"<!-- This site is optimized with the Yoast SEO plugin v26.2 - https:\/\/yoast.com\/wordpress\/plugins\/seo\/ -->\n<title>Che tipo di passaporto \u00e8 richiesto per gli Stati Uniti?<\/title>\n<meta name=\"description\" content=\"Se hai intenzione di recarti negli Stati Uniti per vacanza o per lavoro, scopri il tipo di passaporto di cui hai bisogno nella nostra pagina.\" \/>\n<meta name=\"robots\" content=\"index, follow, max-snippet:-1, max-image-preview:large, max-video-preview:-1\" \/>\n<link rel=\"canonical\" href=\"https:\/\/www.esta-officiel-usa.com\/it\/che-tipo-di-passaporto-e-richiesto-per-gli-stati-uniti\/\" \/>\n<meta property=\"og:locale\" content=\"it_IT\" \/>\n<meta property=\"og:type\" content=\"article\" \/>\n<meta property=\"og:title\" content=\"Che tipo di passaporto \u00e8 richiesto per gli Stati Uniti?\" \/>\n<meta property=\"og:description\" content=\"Se hai intenzione di recarti negli Stati Uniti per vacanza o per lavoro, scopri il tipo di passaporto di cui hai bisogno nella nostra pagina.\" \/>\n<meta property=\"og:url\" content=\"https:\/\/www.esta-officiel-usa.com\/it\/che-tipo-di-passaporto-e-richiesto-per-gli-stati-uniti\/\" \/>\n<meta property=\"og:site_name\" content=\"ESTA - Stati Uniti\" \/>\n<meta property=\"article:modified_time\" content=\"2025-09-13T12:05:04+00:00\" \/>\n<meta name=\"twitter:card\" content=\"summary_large_image\" \/>\n<meta name=\"twitter:label1\" content=\"Tempo di lettura stimato\" \/>\n\t<meta name=\"twitter:data1\" content=\"2 minuti\" \/>\n<script type=\"application\/ld+json\" class=\"yoast-schema-graph\">{\"@context\":\"https:\/\/schema.org\",\"@graph\":[{\"@type\":\"WebPage\",\"@id\":\"https:\/\/www.esta-officiel-usa.com\/it\/che-tipo-di-passaporto-e-richiesto-per-gli-stati-uniti\/\",\"url\":\"https:\/\/www.esta-officiel-usa.com\/it\/che-tipo-di-passaporto-e-richiesto-per-gli-stati-uniti\/\",\"name\":\"Che tipo di passaporto \u00e8 richiesto per gli Stati Uniti?\",\"isPartOf\":{\"@id\":\"https:\/\/www.esta-officiel-usa.com\/it\/#website\"},\"datePublished\":\"2025-09-13T12:05:00+00:00\",\"dateModified\":\"2025-09-13T12:05:04+00:00\",\"description\":\"Se hai intenzione di recarti negli Stati Uniti per vacanza o per lavoro, scopri il tipo di passaporto di cui hai bisogno nella nostra pagina.\",\"breadcrumb\":{\"@id\":\"https:\/\/www.esta-officiel-usa.com\/it\/che-tipo-di-passaporto-e-richiesto-per-gli-stati-uniti\/#breadcrumb\"},\"inLanguage\":\"it-IT\",\"potentialAction\":[{\"@type\":\"ReadAction\",\"target\":[\"https:\/\/www.esta-officiel-usa.com\/it\/che-tipo-di-passaporto-e-richiesto-per-gli-stati-uniti\/\"]}]},{\"@type\":\"BreadcrumbList\",\"@id\":\"https:\/\/www.esta-officiel-usa.com\/it\/che-tipo-di-passaporto-e-richiesto-per-gli-stati-uniti\/#breadcrumb\",\"itemListElement\":[{\"@type\":\"ListItem\",\"position\":1,\"name\":\"Casa\",\"item\":\"https:\/\/www.esta-officiel-usa.com\/it\/\"},{\"@type\":\"ListItem\",\"position\":2,\"name\":\"Che tipo di passaporto \u00e8 richiesto per gli Stati Uniti?\"}]},{\"@type\":\"WebSite\",\"@id\":\"https:\/\/www.esta-officiel-usa.com\/it\/#website\",\"url\":\"https:\/\/www.esta-officiel-usa.com\/it\/\",\"name\":\"ESTA - Stati Uniti\",\"description\":\"Modulo di richiesta ESTA\",\"potentialAction\":[{\"@type\":\"SearchAction\",\"target\":{\"@type\":\"EntryPoint\",\"urlTemplate\":\"https:\/\/www.esta-officiel-usa.com\/it\/?s={search_term_string}\"},\"query-input\":{\"@type\":\"PropertyValueSpecification\",\"valueRequired\":true,\"valueName\":\"search_term_string\"}}],\"inLanguage\":\"it-IT\"}]}<\/script>\n<!-- \/ Yoast SEO plugin. -->","yoast_head_json":{"title":"Che tipo di passaporto \u00e8 richiesto per gli Stati Uniti?","description":"Se hai intenzione di recarti negli Stati Uniti per vacanza o per lavoro, scopri il tipo di passaporto di cui hai bisogno nella nostra pagina.","robots":{"index":"index","follow":"follow","max-snippet":"max-snippet:-1","max-image-preview":"max-image-preview:large","max-video-preview":"max-video-preview:-1"},"canonical":"https:\/\/www.esta-officiel-usa.com\/it\/che-tipo-di-passaporto-e-richiesto-per-gli-stati-uniti\/","og_locale":"it_IT","og_type":"article","og_title":"Che tipo di passaporto \u00e8 richiesto per gli Stati Uniti?","og_description":"Se hai intenzione di recarti negli Stati Uniti per vacanza o per lavoro, scopri il tipo di passaporto di cui hai bisogno nella nostra pagina.","og_url":"https:\/\/www.esta-officiel-usa.com\/it\/che-tipo-di-passaporto-e-richiesto-per-gli-stati-uniti\/","og_site_name":"ESTA - Stati Uniti","article_modified_time":"2025-09-13T12:05:04+00:00","twitter_card":"summary_large_image","twitter_misc":{"Tempo di lettura stimato":"2 minuti"},"schema":{"@context":"https:\/\/schema.org","@graph":[{"@type":"WebPage","@id":"https:\/\/www.esta-officiel-usa.com\/it\/che-tipo-di-passaporto-e-richiesto-per-gli-stati-uniti\/","url":"https:\/\/www.esta-officiel-usa.com\/it\/che-tipo-di-passaporto-e-richiesto-per-gli-stati-uniti\/","name":"Che tipo di passaporto \u00e8 richiesto per gli Stati Uniti?","isPartOf":{"@id":"https:\/\/www.esta-officiel-usa.com\/it\/#website"},"datePublished":"2025-09-13T12:05:00+00:00","dateModified":"2025-09-13T12:05:04+00:00","description":"Se hai intenzione di recarti negli Stati Uniti per vacanza o per lavoro, scopri il tipo di passaporto di cui hai bisogno nella nostra pagina.","breadcrumb":{"@id":"https:\/\/www.esta-officiel-usa.com\/it\/che-tipo-di-passaporto-e-richiesto-per-gli-stati-uniti\/#breadcrumb"},"inLanguage":"it-IT","potentialAction":[{"@type":"ReadAction","target":["https:\/\/www.esta-officiel-usa.com\/it\/che-tipo-di-passaporto-e-richiesto-per-gli-stati-uniti\/"]}]},{"@type":"BreadcrumbList","@id":"https:\/\/www.esta-officiel-usa.com\/it\/che-tipo-di-passaporto-e-richiesto-per-gli-stati-uniti\/#breadcrumb","itemListElement":[{"@type":"ListItem","position":1,"name":"Casa","item":"https:\/\/www.esta-officiel-usa.com\/it\/"},{"@type":"ListItem","position":2,"name":"Che tipo di passaporto \u00e8 richiesto per gli Stati Uniti?"}]},{"@type":"WebSite","@id":"https:\/\/www.esta-officiel-usa.com\/it\/#website","url":"https:\/\/www.esta-officiel-usa.com\/it\/","name":"ESTA - Stati Uniti","description":"Modulo di richiesta ESTA","potentialAction":[{"@type":"SearchAction","target":{"@type":"EntryPoint","urlTemplate":"https:\/\/www.esta-officiel-usa.com\/it\/?s={search_term_string}"},"query-input":{"@type":"PropertyValueSpecification","valueRequired":true,"valueName":"search_term_string"}}],"inLanguage":"it-IT"}]}},"_links":{"self":[{"href":"https:\/\/www.esta-officiel-usa.com\/it\/wp-json\/wp\/v2\/pages\/1682","targetHints":{"allow":["GET"]}}],"collection":[{"href":"https:\/\/www.esta-officiel-usa.com\/it\/wp-json\/wp\/v2\/pages"}],"about":[{"href":"https:\/\/www.esta-officiel-usa.com\/it\/wp-json\/wp\/v2\/types\/page"}],"author":[{"embeddable":true,"href":"https:\/\/www.esta-officiel-usa.com\/it\/wp-json\/wp\/v2\/users\/1"}],"replies":[{"embeddable":true,"href":"https:\/\/www.esta-officiel-usa.com\/it\/wp-json\/wp\/v2\/comments?post=1682"}],"version-history":[{"count":1,"href":"https:\/\/www.esta-officiel-usa.com\/it\/wp-json\/wp\/v2\/pages\/1682\/revisions"}],"predecessor-version":[{"id":1684,"href":"https:\/\/www.esta-officiel-usa.com\/it\/wp-json\/wp\/v2\/pages\/1682\/revisions\/1684"}],"wp:attachment":[{"href":"https:\/\/www.esta-officiel-usa.com\/it\/wp-json\/wp\/v2\/media?parent=1682"}],"curies":[{"name":"wp","href":"https:\/\/api.w.org\/{rel}","templated":true}]}}