{"id":1709,"date":"2025-09-13T12:05:09","date_gmt":"2025-09-13T12:05:09","guid":{"rendered":"https:\/\/www.esta-officiel-usa.com\/viaggiare-negli-stati-uniti\/"},"modified":"2025-09-13T12:05:13","modified_gmt":"2025-09-13T12:05:13","slug":"viaggiare-negli-stati-uniti","status":"publish","type":"page","link":"https:\/\/www.esta-officiel-usa.com\/it\/viaggiare-negli-stati-uniti\/","title":{"rendered":"Viaggiare negli Stati Uniti"},"content":{"rendered":"\n<h1 class=\"wp-block-heading\">I NOSTRI CONSIGLI PER VIAGGIARE NEGLI STATI UNITI<\/h1>\n\n<p>Il sogno americano ha molte sfaccettature: vacanze negli Stati Uniti, studio della lingua, lavoro, immigrazione&#8230;<\/p>\n\n<p>Gli Stati Uniti possono essere descritti con una sola parola: eccessivi. Con una popolazione di circa 321 milioni di persone di tutti i ceti sociali, non c&#8217;\u00e8 da stupirsi che le persone siano attratte dagli Stati Uniti. Con la sua ricca storia, le sue citt\u00e0 vivaci e i suoi paesaggi mozzafiato, \u00e8 un luogo affascinante da visitare. L&#8217;America ha un totale di 50 stati, ognuno unico nel suo genere, che la rendono uno dei paesi pi\u00f9 diversi al mondo. Per sfruttare al meglio i vari luoghi da visitare, \u00e8 meglio pianificare almeno due settimane di vacanza. Con l&#8217;<a href=\"https:\/\/www.esta-officiel-usa.com\/it\/\">ESTA<\/a> puoi viaggiare negli Stati Uniti per 90 giorni. Ecco i nostri consigli.      <br\/> <\/p>\n\n<h2 class=\"wp-block-heading\">VIAGGIARE NEGLI STATI UNITI: COSA PUOI FARE?<\/h2>\n\n<p>Gli Stati Uniti sono tutti da esplorare e c&#8217;\u00e8 molto da fare. C&#8217;\u00e8 qualcosa per tutti. Affinch\u00e9 tu possa sognare le bellezze naturali, le lunghe spiagge sabbiose e le citt\u00e0 delle tue serie TV o dei tuoi film preferiti, scopri le <a href=\"https:\/\/www.esta-officiel-usa.com\/it\/quali-sono-le-formalita-per-entrare-negli-stati-uniti\/\">formalit\u00e0 per entrare negli Stati Uniti<\/a>.  <\/p>\n\n<h3 class=\"wp-block-heading\">ESPLORARE LA BELLEZZA DELLA NATURA<\/h3>\n\n<p>Gli Stati Uniti vantano un gran numero di parchi nazionali iconici, tra cui il Parco di Yellowstone se vuoi goderti la natura ed esplorare paesaggi meravigliosi, Muir Woods per i suoi giganteschi alberi di sequoia, Mesa Verde e il suo ricco patrimonio storico, e cos\u00ec via. Dirigiti verso il Grand Canyon e il suo skywalk, la Death Valley nel deserto del Mojave o dirigiti a ovest per visitare i ghiacciai dello Yosemite. <\/p>\n\n<p>Non dimenticare gli splendidi paesaggi dell&#8217;Alaska!<\/p>\n\n<h3 class=\"wp-block-heading\">GODITI LA SPIAGGIA<\/h3>\n\n<p>Gli Stati Uniti sono benedetti da una moltitudine di spiagge magnifiche. La California (Santa Monica o Malibu), la Florida (Miami Beach) e le <a href=\"https:\/\/www.esta-officiel-usa.com\/it\/scopri-le-hawaii-con-la-tua-autorizzazione-esta\/\">Hawaii <\/a>sono i luoghi pi\u00f9 noti per il surf e il clima caldo tutto l&#8217;anno attira i turisti. Ma non dimenticare la costa orientale degli Stati Uniti, che ospita alcune spiagge meno conosciute ma particolarmente belle in estate.  <\/p>\n\n<h3 class=\"wp-block-heading\">FARE UN VIAGGIO IN MACCHINA<\/h3>\n\n<p>Uno dei modi migliori per visitare gran parte degli Stati Uniti \u00e8 quello di mettersi in viaggio con i tuoi migliori amici o con la tua famiglia. Un viaggio su strada \u00e8 come un autobus che sale e scende da solo, solo che sei tu a scegliere il tuo percorso e il tuo ritmo. Ti consigliamo la Route 66 o il tipico panorama della Pacific Highway 1 in California!  <\/p>\n\n<h3 class=\"wp-block-heading\">VISITA LE PRINCIPALI CITT\u00c0 AMERICANE<\/h3>\n\n<p>La costa orientale con<\/p>\n\n<ul class=\"wp-block-list\"><li>New York, la Grande Mela, la citt\u00e0 che non dorme mai con la Statua della Libert\u00e0 e i suoi quartieri unici: Brooklyn, Manhattan, Central Park, SoHo, Harlem, ecc. e la sua vicinanza alle Cascate del Niagara, e perch\u00e9 non fare un viaggio in Canada?<\/li><li>Boston, la culla storica e culturale<\/li><li>Filadelfia, o Philly, dove fu firmata la Dichiarazione d&#8217;Indipendenza<\/li><li>Atlanta in visita alla tomba di Martin Luther King<\/li><li>New Orleans, Bourbon Street, i bayous, le vecchie piantagioni di canna da zucchero<\/li><li>Miami, le Keys, le spiagge e le Everglades<\/li><\/ul>\n\n<p>La West Coast non fa eccezione:<\/p>\n\n<ul class=\"wp-block-list\"><li>Seattle e il suo ago spaziale<\/li><li>Portland, un luogo ideale per passeggiare all&#8217;insegna del turismo responsabile<\/li><li>San Francisco con il Golden Gate Bridge, la Coit Tower, Twin Peaks e Alcatraz.<\/li><li>Los Angeles, porta delle colline di Hollywood, Venice Beach, Rodeo Drive, ecc.<\/li><li>San Diego, citt\u00e0 cosmopolita e magnifica baia<\/li><\/ul>\n\n<h3 class=\"wp-block-heading\">UNA GIORNATA IN UN PARCO A TEMA<\/h3>\n\n<p>In America ci sono oltre 500 parchi a tema sparsi in tutto il Paese! Se viaggi con i bambini, visitare un parco a tema pu\u00f2 essere un&#8217;esperienza divertente ed emozionante per tutta la famiglia. Scopri Disneyland Orlando, in Florida, la capitale mondiale dei parchi a tema, o Universal Studio Hollywood!  <\/p>\n\n<h3 class=\"wp-block-heading\">GUARDARE UNA PARTITA DI BASEBALL<\/h3>\n\n<p>L&#8217;inizio di aprile significa l&#8217;inizio della stagione di baseball. Se ne hai la possibilit\u00e0, compra i biglietti, bevi birra e mangia un hot dog (o una delle tante specialit\u00e0 della <a href=\"https:\/\/www.esta-officiel-usa.com\/it\/panoramica-delle-specialita-culinarie-americane\/\">cucina americana<\/a>). Non c&#8217;\u00e8 niente di pi\u00f9 americano! Yankees o Red Sox, scegli tu!   <br\/> <\/p>\n\n<h2 class=\"wp-block-heading\">COME VIAGGIARE NEGLI USA<\/h2>\n\n<p>Gli Stati Uniti sono una destinazione facile da raggiungere: tour turistici attraverso le agenzie di viaggio, viaggi in moto (Harley Davidson?) e, naturalmente, da soli.<\/p>\n\n<p>Tutti i soggiorni negli Stati Uniti richiedono l&#8217;approvazione di un permesso d&#8217;ingresso, sia esso un ESTA o un visto, sia che tu sia <a href=\"https:\/\/www.esta-officiel-usa.com\/it\/richiesta-di-autorizzazione-esta-per-minori\/\">minorenne<\/a> o accompagnato da un minorenne.<\/p>\n\n<p>Il <a href=\"https:\/\/www.esta-officiel-usa.com\/fr\/les-38-pays-partenaires-du-visa-waiver-program\/\">Programma Viaggio senza Visto (Visa Waiver Program)<\/a> \u00e8 un programma del governo statunitense che consente ai cittadini e alle cittadine di 38 Paesi di recarsi negli Stati Uniti per motivi di lavoro o turismo per un massimo di 90 giorni senza visto. Il vantaggio di entrare negli Stati Uniti con il VWP \u00e8 che puoi recarti negli Stati Uniti pi\u00f9 volte nell&#8217;arco di due anni. Tuttavia, non tutti possono entrare negli USA con questo programma di esenzione dal visto.  <\/p>\n\n<p>I cittadini di tutti gli altri Paesi devono richiedere un visto presso un&#8217;ambasciata americana prima di entrare negli Stati Uniti.<\/p>\n","protected":false},"excerpt":{"rendered":"<p>I NOSTRI CONSIGLI PER VIAGGIARE NEGLI STATI UNITI Il sogno americano ha molte sfaccettature: vacanze negli Stati Uniti, studio della lingua, lavoro, immigrazione&#8230; Gli Stati Uniti possono essere descritti con una sola parola: eccessivi. Con una popolazione di circa 321 milioni di persone di tutti i ceti sociali, non c&#8217;\u00e8 da stupirsi che le persone [&hellip;]<\/p>\n","protected":false},"author":1,"featured_media":0,"parent":0,"menu_order":0,"comment_status":"closed","ping_status":"closed","template":"","meta":{"footnotes":""},"class_list":["post-1709","page","type-page","status-publish","hentry"],"yoast_head":"<!-- This site is optimized with the Yoast SEO plugin v26.2 - https:\/\/yoast.com\/wordpress\/plugins\/seo\/ -->\n<title>Viaggiare negli Stati Uniti<\/title>\n<meta name=\"description\" content=\"Se hai in programma un viaggio negli Stati Uniti a breve, i nostri team possono dirti tutto sulle cose da fare e sui luoghi da visitare.\" \/>\n<meta name=\"robots\" content=\"index, follow, max-snippet:-1, max-image-preview:large, max-video-preview:-1\" \/>\n<link rel=\"canonical\" href=\"https:\/\/www.esta-officiel-usa.com\/it\/viaggiare-negli-stati-uniti\/\" \/>\n<meta property=\"og:locale\" content=\"it_IT\" \/>\n<meta property=\"og:type\" content=\"article\" \/>\n<meta property=\"og:title\" content=\"Viaggiare negli Stati Uniti\" \/>\n<meta property=\"og:description\" content=\"Se hai in programma un viaggio negli Stati Uniti a breve, i nostri team possono dirti tutto sulle cose da fare e sui luoghi da visitare.\" \/>\n<meta property=\"og:url\" content=\"https:\/\/www.esta-officiel-usa.com\/it\/viaggiare-negli-stati-uniti\/\" \/>\n<meta property=\"og:site_name\" content=\"ESTA - Stati Uniti\" \/>\n<meta property=\"article:modified_time\" content=\"2025-09-13T12:05:13+00:00\" \/>\n<meta name=\"twitter:card\" content=\"summary_large_image\" \/>\n<meta name=\"twitter:label1\" content=\"Tempo di lettura stimato\" \/>\n\t<meta name=\"twitter:data1\" content=\"4 minuti\" \/>\n<script type=\"application\/ld+json\" class=\"yoast-schema-graph\">{\"@context\":\"https:\/\/schema.org\",\"@graph\":[{\"@type\":\"WebPage\",\"@id\":\"https:\/\/www.esta-officiel-usa.com\/it\/viaggiare-negli-stati-uniti\/\",\"url\":\"https:\/\/www.esta-officiel-usa.com\/it\/viaggiare-negli-stati-uniti\/\",\"name\":\"Viaggiare negli Stati Uniti\",\"isPartOf\":{\"@id\":\"https:\/\/www.esta-officiel-usa.com\/it\/#website\"},\"datePublished\":\"2025-09-13T12:05:09+00:00\",\"dateModified\":\"2025-09-13T12:05:13+00:00\",\"description\":\"Se hai in programma un viaggio negli Stati Uniti a breve, i nostri team possono dirti tutto sulle cose da fare e sui luoghi da visitare.\",\"breadcrumb\":{\"@id\":\"https:\/\/www.esta-officiel-usa.com\/it\/viaggiare-negli-stati-uniti\/#breadcrumb\"},\"inLanguage\":\"it-IT\",\"potentialAction\":[{\"@type\":\"ReadAction\",\"target\":[\"https:\/\/www.esta-officiel-usa.com\/it\/viaggiare-negli-stati-uniti\/\"]}]},{\"@type\":\"BreadcrumbList\",\"@id\":\"https:\/\/www.esta-officiel-usa.com\/it\/viaggiare-negli-stati-uniti\/#breadcrumb\",\"itemListElement\":[{\"@type\":\"ListItem\",\"position\":1,\"name\":\"Casa\",\"item\":\"https:\/\/www.esta-officiel-usa.com\/it\/\"},{\"@type\":\"ListItem\",\"position\":2,\"name\":\"Viaggiare negli Stati Uniti\"}]},{\"@type\":\"WebSite\",\"@id\":\"https:\/\/www.esta-officiel-usa.com\/it\/#website\",\"url\":\"https:\/\/www.esta-officiel-usa.com\/it\/\",\"name\":\"ESTA - Stati Uniti\",\"description\":\"Modulo di richiesta ESTA\",\"potentialAction\":[{\"@type\":\"SearchAction\",\"target\":{\"@type\":\"EntryPoint\",\"urlTemplate\":\"https:\/\/www.esta-officiel-usa.com\/it\/?s={search_term_string}\"},\"query-input\":{\"@type\":\"PropertyValueSpecification\",\"valueRequired\":true,\"valueName\":\"search_term_string\"}}],\"inLanguage\":\"it-IT\"}]}<\/script>\n<!-- \/ Yoast SEO plugin. -->","yoast_head_json":{"title":"Viaggiare negli Stati Uniti","description":"Se hai in programma un viaggio negli Stati Uniti a breve, i nostri team possono dirti tutto sulle cose da fare e sui luoghi da visitare.","robots":{"index":"index","follow":"follow","max-snippet":"max-snippet:-1","max-image-preview":"max-image-preview:large","max-video-preview":"max-video-preview:-1"},"canonical":"https:\/\/www.esta-officiel-usa.com\/it\/viaggiare-negli-stati-uniti\/","og_locale":"it_IT","og_type":"article","og_title":"Viaggiare negli Stati Uniti","og_description":"Se hai in programma un viaggio negli Stati Uniti a breve, i nostri team possono dirti tutto sulle cose da fare e sui luoghi da visitare.","og_url":"https:\/\/www.esta-officiel-usa.com\/it\/viaggiare-negli-stati-uniti\/","og_site_name":"ESTA - Stati Uniti","article_modified_time":"2025-09-13T12:05:13+00:00","twitter_card":"summary_large_image","twitter_misc":{"Tempo di lettura stimato":"4 minuti"},"schema":{"@context":"https:\/\/schema.org","@graph":[{"@type":"WebPage","@id":"https:\/\/www.esta-officiel-usa.com\/it\/viaggiare-negli-stati-uniti\/","url":"https:\/\/www.esta-officiel-usa.com\/it\/viaggiare-negli-stati-uniti\/","name":"Viaggiare negli Stati Uniti","isPartOf":{"@id":"https:\/\/www.esta-officiel-usa.com\/it\/#website"},"datePublished":"2025-09-13T12:05:09+00:00","dateModified":"2025-09-13T12:05:13+00:00","description":"Se hai in programma un viaggio negli Stati Uniti a breve, i nostri team possono dirti tutto sulle cose da fare e sui luoghi da visitare.","breadcrumb":{"@id":"https:\/\/www.esta-officiel-usa.com\/it\/viaggiare-negli-stati-uniti\/#breadcrumb"},"inLanguage":"it-IT","potentialAction":[{"@type":"ReadAction","target":["https:\/\/www.esta-officiel-usa.com\/it\/viaggiare-negli-stati-uniti\/"]}]},{"@type":"BreadcrumbList","@id":"https:\/\/www.esta-officiel-usa.com\/it\/viaggiare-negli-stati-uniti\/#breadcrumb","itemListElement":[{"@type":"ListItem","position":1,"name":"Casa","item":"https:\/\/www.esta-officiel-usa.com\/it\/"},{"@type":"ListItem","position":2,"name":"Viaggiare negli Stati Uniti"}]},{"@type":"WebSite","@id":"https:\/\/www.esta-officiel-usa.com\/it\/#website","url":"https:\/\/www.esta-officiel-usa.com\/it\/","name":"ESTA - Stati Uniti","description":"Modulo di richiesta ESTA","potentialAction":[{"@type":"SearchAction","target":{"@type":"EntryPoint","urlTemplate":"https:\/\/www.esta-officiel-usa.com\/it\/?s={search_term_string}"},"query-input":{"@type":"PropertyValueSpecification","valueRequired":true,"valueName":"search_term_string"}}],"inLanguage":"it-IT"}]}},"_links":{"self":[{"href":"https:\/\/www.esta-officiel-usa.com\/it\/wp-json\/wp\/v2\/pages\/1709","targetHints":{"allow":["GET"]}}],"collection":[{"href":"https:\/\/www.esta-officiel-usa.com\/it\/wp-json\/wp\/v2\/pages"}],"about":[{"href":"https:\/\/www.esta-officiel-usa.com\/it\/wp-json\/wp\/v2\/types\/page"}],"author":[{"embeddable":true,"href":"https:\/\/www.esta-officiel-usa.com\/it\/wp-json\/wp\/v2\/users\/1"}],"replies":[{"embeddable":true,"href":"https:\/\/www.esta-officiel-usa.com\/it\/wp-json\/wp\/v2\/comments?post=1709"}],"version-history":[{"count":1,"href":"https:\/\/www.esta-officiel-usa.com\/it\/wp-json\/wp\/v2\/pages\/1709\/revisions"}],"predecessor-version":[{"id":1711,"href":"https:\/\/www.esta-officiel-usa.com\/it\/wp-json\/wp\/v2\/pages\/1709\/revisions\/1711"}],"wp:attachment":[{"href":"https:\/\/www.esta-officiel-usa.com\/it\/wp-json\/wp\/v2\/media?parent=1709"}],"curies":[{"name":"wp","href":"https:\/\/api.w.org\/{rel}","templated":true}]}}