{"id":1721,"date":"2025-09-13T12:05:15","date_gmt":"2025-09-13T12:05:15","guid":{"rendered":"https:\/\/www.esta-officiel-usa.com\/lesta-e-obbligatoria-per-il-transito-negli-stati-uniti\/"},"modified":"2025-09-13T12:05:21","modified_gmt":"2025-09-13T12:05:21","slug":"lesta-e-obbligatoria-per-il-transito-negli-stati-uniti","status":"publish","type":"page","link":"https:\/\/www.esta-officiel-usa.com\/it\/lesta-e-obbligatoria-per-il-transito-negli-stati-uniti\/","title":{"rendered":"L&#8217;ESTA \u00e8 obbligatoria per il transito negli Stati Uniti?"},"content":{"rendered":"\n<h1 class=\"wp-block-heading\">ESTA RICHIESTO PER IL TRANSITO NEGLI STATI UNITI<\/h1>\n\n<p>Il tuo viaggio prevede uno scalo negli Stati Uniti? Durante il transito devi presentare alcuni documenti di viaggio. Questo articolo elenca i documenti che devi avere, compreso l&#8217;<a href=\"https:\/\/www.esta-officiel-usa.com\/it\/\">ESTA<\/a>.  <br\/> <\/p>\n\n<h2 class=\"wp-block-heading\">USA: MOSTRA IL TUO ESTA QUANDO \u00c8 IN TRANSITO<\/h2>\n\n<p>Le autorit\u00e0 americane, molto attente alla sicurezza interna del paese, soprattutto a causa del rischio di terrorismo, effettuano controlli preventivi sulle persone autorizzate a entrare nel paese. Tutti i viaggiatori (compresi i bambini) devono portare con s\u00e9 :   <\/p>\n\n<ul class=\"wp-block-list\"><li>un passaporto elettronico o biometrico valido;<\/li><li>un permesso di soggiorno (visto, <a href=\"news:\/\/\/it\/formalit&#xE0;-che-arrivano-in-usa-da-paese\/\">carta verde <\/a>o <a href=\"https:\/\/www.esta-officiel-usa.com\/it\/cose-lautorizzazione-esta\/\">ESTA<\/a>).<\/li><\/ul>\n\n<p>Se sei <a href=\"https:\/\/www.esta-officiel-usa.com\/it\/quali-sono-i-diversi-visti-di-transito-per-gli-stati-uniti\/\">di passaggio negli Stati Uniti<\/a>, il <a href=\"https:\/\/www.esta-officiel-usa.com\/fr\/liste-des-documents-de-voyage-pour-les-usa\/\">documento di viaggio<\/a> pi\u00f9 semplice da richiedere \u00e8 l&#8217;<a href=\"https:\/\/www.esta-officiel-usa.com\/it\/\">ESTA USA<\/a>. Meno costosa di un <a href=\"https:\/\/www.esta-officiel-usa.com\/it\/la-differenza-tra-unesta-e-una-domanda-di-visto\/\">visto<\/a> o di una carta verde, \u00e8 anche l&#8217;autorizzazione pi\u00f9 rapida da ottenere. La ricevi in meno di 72 ore e, nella maggior parte dei casi, il giorno stesso della richiesta.  <\/p>\n\n<p>Le persone prive di un permesso di soggiorno <a href=\"https:\/\/www.esta-officiel-usa.com\/fr\/la-duree-de-validite-de-lesta\/\">valido<\/a> possono vedersi negare l&#8217;imbarco sui voli per gli Stati Uniti e perdere la coincidenza.<\/p>\n\n<p>Per evitare qualsiasi inconveniente, \u00e8 quindi indispensabile prevedere questo rischio e ottenere l&#8217;autorizzazione al transito negli Stati Uniti.<\/p>\n\n<p>Nota: se stai facendo uno scalo nel continente nordamericano prima di andare in vacanza alle Hawaii, il motivo per cui devi richiedere l&#8217;ESTA non \u00e8 il transito ma il turismo, poich\u00e9 l&#8217;arcipelago fa parte del territorio americano.<br\/> <\/p>\n\n<h2 class=\"wp-block-heading\">USA: OTTENERE UN ESTA PER IL TRANSITO<\/h2>\n\n<p>I passeggeri che non hanno un permesso di transito valido possono facilmente ottenere un ESTA. Questo documento \u00e8 valido per due anni e ha il vantaggio di consentire visite multiple negli Stati Uniti (con un soggiorno massimo di 90 giorni sul suolo americano per ogni viaggio). <\/p>\n\n<p>Pu\u00f2 essere ottenuto direttamente e semplicemente dal nostro sito web. Tutto ci\u00f2 che devi fare \u00e8 cliccare sulla nostra piattaforma, che ti porter\u00e0 a un <a href=\"https:\/\/www.esta-officiel-usa.com\/it\/il-modulo-esta-per-gli-stati-uniti\/\">modulo<\/a> da compilare. Una volta compilato, i nostri esperti si occuperanno di completare la procedura! Verificano tutte le informazioni inserite e poi inviano la tua domanda al dipartimento responsabile del rilascio dell&#8217;ESTA ufficiale. Riceverai l&#8217;autorizzazione in tempi brevissimi!      <\/p>\n\n<p>Un altro vantaggio di lavorare con noi \u00e8 che i nostri consulenti sono a tua disposizione in ogni momento. Ti guideranno in caso di dubbi e risponderanno a tutte le tue domande su richiesta. Risparmia tempo e viaggia in tutta tranquillit\u00e0 negli Stati Uniti con esta-officiel-usa.com.  <\/p>\n","protected":false},"excerpt":{"rendered":"<p>ESTA RICHIESTO PER IL TRANSITO NEGLI STATI UNITI Il tuo viaggio prevede uno scalo negli Stati Uniti? Durante il transito devi presentare alcuni documenti di viaggio. Questo articolo elenca i documenti che devi avere, compreso l&#8217;ESTA. USA: MOSTRA IL TUO ESTA QUANDO \u00c8 IN TRANSITO Le autorit\u00e0 americane, molto attente alla sicurezza interna del paese, [&hellip;]<\/p>\n","protected":false},"author":1,"featured_media":0,"parent":0,"menu_order":0,"comment_status":"closed","ping_status":"closed","template":"","meta":{"footnotes":""},"class_list":["post-1721","page","type-page","status-publish","hentry"],"yoast_head":"<!-- This site is optimized with the Yoast SEO plugin v26.2 - https:\/\/yoast.com\/wordpress\/plugins\/seo\/ -->\n<title>L&#039;ESTA \u00e8 obbligatoria per il transito negli Stati Uniti?<\/title>\n<meta name=\"description\" content=\"Il tuo viaggio prevede uno scalo negli Stati Uniti? Quando sei in transito devi presentare alcuni documenti di viaggio.\" \/>\n<meta name=\"robots\" content=\"index, follow, max-snippet:-1, max-image-preview:large, max-video-preview:-1\" \/>\n<link rel=\"canonical\" href=\"https:\/\/www.esta-officiel-usa.com\/it\/lesta-e-obbligatoria-per-il-transito-negli-stati-uniti\/\" \/>\n<meta property=\"og:locale\" content=\"it_IT\" \/>\n<meta property=\"og:type\" content=\"article\" \/>\n<meta property=\"og:title\" content=\"L&#039;ESTA \u00e8 obbligatoria per il transito negli Stati Uniti?\" \/>\n<meta property=\"og:description\" content=\"Il tuo viaggio prevede uno scalo negli Stati Uniti? Quando sei in transito devi presentare alcuni documenti di viaggio.\" \/>\n<meta property=\"og:url\" content=\"https:\/\/www.esta-officiel-usa.com\/it\/lesta-e-obbligatoria-per-il-transito-negli-stati-uniti\/\" \/>\n<meta property=\"og:site_name\" content=\"ESTA - Stati Uniti\" \/>\n<meta property=\"article:modified_time\" content=\"2025-09-13T12:05:21+00:00\" \/>\n<meta name=\"twitter:card\" content=\"summary_large_image\" \/>\n<meta name=\"twitter:label1\" content=\"Tempo di lettura stimato\" \/>\n\t<meta name=\"twitter:data1\" content=\"2 minuti\" \/>\n<script type=\"application\/ld+json\" class=\"yoast-schema-graph\">{\"@context\":\"https:\/\/schema.org\",\"@graph\":[{\"@type\":\"WebPage\",\"@id\":\"https:\/\/www.esta-officiel-usa.com\/it\/lesta-e-obbligatoria-per-il-transito-negli-stati-uniti\/\",\"url\":\"https:\/\/www.esta-officiel-usa.com\/it\/lesta-e-obbligatoria-per-il-transito-negli-stati-uniti\/\",\"name\":\"L'ESTA \u00e8 obbligatoria per il transito negli Stati Uniti?\",\"isPartOf\":{\"@id\":\"https:\/\/www.esta-officiel-usa.com\/it\/#website\"},\"datePublished\":\"2025-09-13T12:05:15+00:00\",\"dateModified\":\"2025-09-13T12:05:21+00:00\",\"description\":\"Il tuo viaggio prevede uno scalo negli Stati Uniti? Quando sei in transito devi presentare alcuni documenti di viaggio.\",\"breadcrumb\":{\"@id\":\"https:\/\/www.esta-officiel-usa.com\/it\/lesta-e-obbligatoria-per-il-transito-negli-stati-uniti\/#breadcrumb\"},\"inLanguage\":\"it-IT\",\"potentialAction\":[{\"@type\":\"ReadAction\",\"target\":[\"https:\/\/www.esta-officiel-usa.com\/it\/lesta-e-obbligatoria-per-il-transito-negli-stati-uniti\/\"]}]},{\"@type\":\"BreadcrumbList\",\"@id\":\"https:\/\/www.esta-officiel-usa.com\/it\/lesta-e-obbligatoria-per-il-transito-negli-stati-uniti\/#breadcrumb\",\"itemListElement\":[{\"@type\":\"ListItem\",\"position\":1,\"name\":\"Casa\",\"item\":\"https:\/\/www.esta-officiel-usa.com\/it\/\"},{\"@type\":\"ListItem\",\"position\":2,\"name\":\"L&#8217;ESTA \u00e8 obbligatoria per il transito negli Stati Uniti?\"}]},{\"@type\":\"WebSite\",\"@id\":\"https:\/\/www.esta-officiel-usa.com\/it\/#website\",\"url\":\"https:\/\/www.esta-officiel-usa.com\/it\/\",\"name\":\"ESTA - Stati Uniti\",\"description\":\"Modulo di richiesta ESTA\",\"potentialAction\":[{\"@type\":\"SearchAction\",\"target\":{\"@type\":\"EntryPoint\",\"urlTemplate\":\"https:\/\/www.esta-officiel-usa.com\/it\/?s={search_term_string}\"},\"query-input\":{\"@type\":\"PropertyValueSpecification\",\"valueRequired\":true,\"valueName\":\"search_term_string\"}}],\"inLanguage\":\"it-IT\"}]}<\/script>\n<!-- \/ Yoast SEO plugin. -->","yoast_head_json":{"title":"L'ESTA \u00e8 obbligatoria per il transito negli Stati Uniti?","description":"Il tuo viaggio prevede uno scalo negli Stati Uniti? Quando sei in transito devi presentare alcuni documenti di viaggio.","robots":{"index":"index","follow":"follow","max-snippet":"max-snippet:-1","max-image-preview":"max-image-preview:large","max-video-preview":"max-video-preview:-1"},"canonical":"https:\/\/www.esta-officiel-usa.com\/it\/lesta-e-obbligatoria-per-il-transito-negli-stati-uniti\/","og_locale":"it_IT","og_type":"article","og_title":"L'ESTA \u00e8 obbligatoria per il transito negli Stati Uniti?","og_description":"Il tuo viaggio prevede uno scalo negli Stati Uniti? Quando sei in transito devi presentare alcuni documenti di viaggio.","og_url":"https:\/\/www.esta-officiel-usa.com\/it\/lesta-e-obbligatoria-per-il-transito-negli-stati-uniti\/","og_site_name":"ESTA - Stati Uniti","article_modified_time":"2025-09-13T12:05:21+00:00","twitter_card":"summary_large_image","twitter_misc":{"Tempo di lettura stimato":"2 minuti"},"schema":{"@context":"https:\/\/schema.org","@graph":[{"@type":"WebPage","@id":"https:\/\/www.esta-officiel-usa.com\/it\/lesta-e-obbligatoria-per-il-transito-negli-stati-uniti\/","url":"https:\/\/www.esta-officiel-usa.com\/it\/lesta-e-obbligatoria-per-il-transito-negli-stati-uniti\/","name":"L'ESTA \u00e8 obbligatoria per il transito negli Stati Uniti?","isPartOf":{"@id":"https:\/\/www.esta-officiel-usa.com\/it\/#website"},"datePublished":"2025-09-13T12:05:15+00:00","dateModified":"2025-09-13T12:05:21+00:00","description":"Il tuo viaggio prevede uno scalo negli Stati Uniti? Quando sei in transito devi presentare alcuni documenti di viaggio.","breadcrumb":{"@id":"https:\/\/www.esta-officiel-usa.com\/it\/lesta-e-obbligatoria-per-il-transito-negli-stati-uniti\/#breadcrumb"},"inLanguage":"it-IT","potentialAction":[{"@type":"ReadAction","target":["https:\/\/www.esta-officiel-usa.com\/it\/lesta-e-obbligatoria-per-il-transito-negli-stati-uniti\/"]}]},{"@type":"BreadcrumbList","@id":"https:\/\/www.esta-officiel-usa.com\/it\/lesta-e-obbligatoria-per-il-transito-negli-stati-uniti\/#breadcrumb","itemListElement":[{"@type":"ListItem","position":1,"name":"Casa","item":"https:\/\/www.esta-officiel-usa.com\/it\/"},{"@type":"ListItem","position":2,"name":"L&#8217;ESTA \u00e8 obbligatoria per il transito negli Stati Uniti?"}]},{"@type":"WebSite","@id":"https:\/\/www.esta-officiel-usa.com\/it\/#website","url":"https:\/\/www.esta-officiel-usa.com\/it\/","name":"ESTA - Stati Uniti","description":"Modulo di richiesta ESTA","potentialAction":[{"@type":"SearchAction","target":{"@type":"EntryPoint","urlTemplate":"https:\/\/www.esta-officiel-usa.com\/it\/?s={search_term_string}"},"query-input":{"@type":"PropertyValueSpecification","valueRequired":true,"valueName":"search_term_string"}}],"inLanguage":"it-IT"}]}},"_links":{"self":[{"href":"https:\/\/www.esta-officiel-usa.com\/it\/wp-json\/wp\/v2\/pages\/1721","targetHints":{"allow":["GET"]}}],"collection":[{"href":"https:\/\/www.esta-officiel-usa.com\/it\/wp-json\/wp\/v2\/pages"}],"about":[{"href":"https:\/\/www.esta-officiel-usa.com\/it\/wp-json\/wp\/v2\/types\/page"}],"author":[{"embeddable":true,"href":"https:\/\/www.esta-officiel-usa.com\/it\/wp-json\/wp\/v2\/users\/1"}],"replies":[{"embeddable":true,"href":"https:\/\/www.esta-officiel-usa.com\/it\/wp-json\/wp\/v2\/comments?post=1721"}],"version-history":[{"count":1,"href":"https:\/\/www.esta-officiel-usa.com\/it\/wp-json\/wp\/v2\/pages\/1721\/revisions"}],"predecessor-version":[{"id":1723,"href":"https:\/\/www.esta-officiel-usa.com\/it\/wp-json\/wp\/v2\/pages\/1721\/revisions\/1723"}],"wp:attachment":[{"href":"https:\/\/www.esta-officiel-usa.com\/it\/wp-json\/wp\/v2\/media?parent=1721"}],"curies":[{"name":"wp","href":"https:\/\/api.w.org\/{rel}","templated":true}]}}