{"id":1764,"date":"2025-09-13T12:05:42","date_gmt":"2025-09-13T12:05:42","guid":{"rendered":"https:\/\/www.esta-officiel-usa.com\/come-aggiornare-lautorizzazione-esta\/"},"modified":"2025-09-13T12:05:44","modified_gmt":"2025-09-13T12:05:44","slug":"come-aggiornare-lautorizzazione-esta","status":"publish","type":"page","link":"https:\/\/www.esta-officiel-usa.com\/it\/come-aggiornare-lautorizzazione-esta\/","title":{"rendered":"Come aggiornare l&#8217;autorizzazione ESTA"},"content":{"rendered":"\n<h1 class=\"wp-block-heading\">COME FACCIO AD AGGIORNARE IL MIO ESTA?<\/h1>\n\n<p>Il modulo da compilare per <a href=\"https:\/\/www.esta-officiel-usa.com\/it\/\">richiedere l&#8217;ESTA<\/a> (New York, Los Angeles, Miami, ecc.) pu\u00f2 essere un vero grattacapo, con tante domande. Inoltre, a volte pu\u00f2 capitare che un errore incauto si infili nelle tue risposte e che tu te ne accorga solo dopo che la tua domanda \u00e8 stata convalidata. Non preoccuparti, ti spieghiamo come modificare e aggiornare il tuo ESTA.  <\/p>\n\n<h2 class=\"wp-block-heading\">COME AGGIORNARE IL TUO ESTA?<\/h2>\n\n<p>Come accennato nell&#8217;introduzione, \u00e8 possibile che si verifichi un errore durante la compilazione del <a href=\"https:\/\/www.esta-officiel-usa.com\/it\/compilazione-del-questionario-esta-in-francese\/\">questionario ESTA<\/a> obbligatorio. \u00c8 anche possibile che le informazioni cambino tra il momento della convalida dell&#8217;autorizzazione e la data di partenza. A seconda dello stato della tua domanda e delle informazioni da modificare, potrebbe non essere possibile aggiornarla.  <\/p>\n\n<p>Se hai appena finito di compilare il <a href=\"https:\/\/www.esta-officiel-usa.com\/it\/il-modulo-esta-per-gli-stati-uniti\/\">modulo ESTA<\/a> e non hai ancora pagato, puoi modificare e aggiornare tutto ci\u00f2 che vuoi. Finch\u00e9 la domanda non \u00e8 stata inviata alle autorit\u00e0 statunitensi per la convalida, sei libero di modificarla. <\/p>\n\n<p>Se invece hai confermato l&#8217;invio del modulo e il pagamento della quota, o se la tua autorizzazione \u00e8 stata convalidata, non potrai pi\u00f9 modificare i tuoi dati, ad eccezione del punto 2:<\/p>\n\n<ul class=\"wp-block-list\"><li>Il tuo indirizzo e-mail: se c&#8217;\u00e8 un problema con il tuo indirizzo e-mail o se lo hai cambiato, puoi inserire il tuo nuovo indirizzo;<\/li><li>L&#8217;indirizzo di destinazione: se hai inserito questo campo ma nel frattempo l&#8217;hai cambiato, puoi comunque aggiornare questa informazione.<\/li><\/ul>\n\n<h2 class=\"wp-block-heading\">L&#8217;AGGIORNAMENTO DEL TUO ESTA \u00c8 A PAGAMENTO?<\/h2>\n\n<p>L&#8217;aggiornamento delle informazioni sull&#8217;<a href=\"https:\/\/www.esta-officiel-usa.com\/it\/richiesta-esta-obbligatoria-per-gli-stati-uniti-online\/\">ESTA obbligatorio<\/a> (indirizzo e-mail e indirizzo di destinazione) non comporta alcun costo aggiuntivo: queste modifiche sono completamente <a href=\"https:\/\/www.esta-officiel-usa.com\/it\/autorizzazione-esta-gratuita\/\">gratuite<\/a>.<\/p>\n\n<p>A parte queste modifiche specifiche, purtroppo dovrai richiedere nuovamente l&#8217;autorizzazione per qualsiasi altro cambiamento&#8230; Se la tua ESTA \u00e8 stata rifiutata e pensi che ci\u00f2 sia dovuto a un errore di battitura o a una disattenzione, puoi ritentare la fortuna pagando nuovamente la tassa di richiesta. Allo stesso modo, se hai ottenuto l&#8217;autorizzazione qualche tempo fa e alcune informazioni importanti sono cambiate (ad esempio il passaporto), questi cambiamenti invalideranno il tuo documento. Dovrai quindi<a href=\"https:\/\/www.esta-officiel-usa.com\/it\/rinnovo-dellesta\/\"> rinnovare la tua domanda ESTA<\/a>.   <\/p>\n\n<p>Per evitare questo tipo di inconvenienti, noi di esta-officiel-usa.com ci offriamo di occuparci dell&#8217;intera <a href=\"https:\/\/www.esta-officiel-usa.com\/it\/la-procedura-esta-per-gli-stati-uniti\/\">procedura ESTA<\/a>, lasciandoti concentrare sull&#8217;essenziale. Correggeremo e correggeremo (se necessario) le tue informazioni in modo che tu possa ottenere l&#8217;ESTA al primo tentativo e nel minor tempo possibile. <br\/><\/p>\n","protected":false},"excerpt":{"rendered":"<p>COME FACCIO AD AGGIORNARE IL MIO ESTA? Il modulo da compilare per richiedere l&#8217;ESTA (New York, Los Angeles, Miami, ecc.) pu\u00f2 essere un vero grattacapo, con tante domande. Inoltre, a volte pu\u00f2 capitare che un errore incauto si infili nelle tue risposte e che tu te ne accorga solo dopo che la tua domanda \u00e8 [&hellip;]<\/p>\n","protected":false},"author":1,"featured_media":0,"parent":0,"menu_order":0,"comment_status":"closed","ping_status":"closed","template":"","meta":{"footnotes":""},"class_list":["post-1764","page","type-page","status-publish","hentry"],"yoast_head":"<!-- This site is optimized with the Yoast SEO plugin v26.2 - https:\/\/yoast.com\/wordpress\/plugins\/seo\/ -->\n<title>Come aggiornare l&#039;autorizzazione ESTA<\/title>\n<meta name=\"description\" content=\"\u00c8 possibile che nel modulo si sia insinuato un errore di cui ti sei accorto dopo la convalida. Ti spiegheremo come correggerlo.\" \/>\n<meta name=\"robots\" content=\"index, follow, max-snippet:-1, max-image-preview:large, max-video-preview:-1\" \/>\n<link rel=\"canonical\" href=\"https:\/\/www.esta-officiel-usa.com\/it\/come-aggiornare-lautorizzazione-esta\/\" \/>\n<meta property=\"og:locale\" content=\"it_IT\" \/>\n<meta property=\"og:type\" content=\"article\" \/>\n<meta property=\"og:title\" content=\"Come aggiornare l&#039;autorizzazione ESTA\" \/>\n<meta property=\"og:description\" content=\"\u00c8 possibile che nel modulo si sia insinuato un errore di cui ti sei accorto dopo la convalida. Ti spiegheremo come correggerlo.\" \/>\n<meta property=\"og:url\" content=\"https:\/\/www.esta-officiel-usa.com\/it\/come-aggiornare-lautorizzazione-esta\/\" \/>\n<meta property=\"og:site_name\" content=\"ESTA - Stati Uniti\" \/>\n<meta property=\"article:modified_time\" content=\"2025-09-13T12:05:44+00:00\" \/>\n<meta name=\"twitter:card\" content=\"summary_large_image\" \/>\n<meta name=\"twitter:label1\" content=\"Tempo di lettura stimato\" \/>\n\t<meta name=\"twitter:data1\" content=\"2 minuti\" \/>\n<script type=\"application\/ld+json\" class=\"yoast-schema-graph\">{\"@context\":\"https:\/\/schema.org\",\"@graph\":[{\"@type\":\"WebPage\",\"@id\":\"https:\/\/www.esta-officiel-usa.com\/it\/come-aggiornare-lautorizzazione-esta\/\",\"url\":\"https:\/\/www.esta-officiel-usa.com\/it\/come-aggiornare-lautorizzazione-esta\/\",\"name\":\"Come aggiornare l'autorizzazione ESTA\",\"isPartOf\":{\"@id\":\"https:\/\/www.esta-officiel-usa.com\/it\/#website\"},\"datePublished\":\"2025-09-13T12:05:42+00:00\",\"dateModified\":\"2025-09-13T12:05:44+00:00\",\"description\":\"\u00c8 possibile che nel modulo si sia insinuato un errore di cui ti sei accorto dopo la convalida. Ti spiegheremo come correggerlo.\",\"breadcrumb\":{\"@id\":\"https:\/\/www.esta-officiel-usa.com\/it\/come-aggiornare-lautorizzazione-esta\/#breadcrumb\"},\"inLanguage\":\"it-IT\",\"potentialAction\":[{\"@type\":\"ReadAction\",\"target\":[\"https:\/\/www.esta-officiel-usa.com\/it\/come-aggiornare-lautorizzazione-esta\/\"]}]},{\"@type\":\"BreadcrumbList\",\"@id\":\"https:\/\/www.esta-officiel-usa.com\/it\/come-aggiornare-lautorizzazione-esta\/#breadcrumb\",\"itemListElement\":[{\"@type\":\"ListItem\",\"position\":1,\"name\":\"Casa\",\"item\":\"https:\/\/www.esta-officiel-usa.com\/it\/\"},{\"@type\":\"ListItem\",\"position\":2,\"name\":\"Come aggiornare l&#8217;autorizzazione ESTA\"}]},{\"@type\":\"WebSite\",\"@id\":\"https:\/\/www.esta-officiel-usa.com\/it\/#website\",\"url\":\"https:\/\/www.esta-officiel-usa.com\/it\/\",\"name\":\"ESTA - Stati Uniti\",\"description\":\"Modulo di richiesta ESTA\",\"potentialAction\":[{\"@type\":\"SearchAction\",\"target\":{\"@type\":\"EntryPoint\",\"urlTemplate\":\"https:\/\/www.esta-officiel-usa.com\/it\/?s={search_term_string}\"},\"query-input\":{\"@type\":\"PropertyValueSpecification\",\"valueRequired\":true,\"valueName\":\"search_term_string\"}}],\"inLanguage\":\"it-IT\"}]}<\/script>\n<!-- \/ Yoast SEO plugin. -->","yoast_head_json":{"title":"Come aggiornare l'autorizzazione ESTA","description":"\u00c8 possibile che nel modulo si sia insinuato un errore di cui ti sei accorto dopo la convalida. Ti spiegheremo come correggerlo.","robots":{"index":"index","follow":"follow","max-snippet":"max-snippet:-1","max-image-preview":"max-image-preview:large","max-video-preview":"max-video-preview:-1"},"canonical":"https:\/\/www.esta-officiel-usa.com\/it\/come-aggiornare-lautorizzazione-esta\/","og_locale":"it_IT","og_type":"article","og_title":"Come aggiornare l'autorizzazione ESTA","og_description":"\u00c8 possibile che nel modulo si sia insinuato un errore di cui ti sei accorto dopo la convalida. Ti spiegheremo come correggerlo.","og_url":"https:\/\/www.esta-officiel-usa.com\/it\/come-aggiornare-lautorizzazione-esta\/","og_site_name":"ESTA - Stati Uniti","article_modified_time":"2025-09-13T12:05:44+00:00","twitter_card":"summary_large_image","twitter_misc":{"Tempo di lettura stimato":"2 minuti"},"schema":{"@context":"https:\/\/schema.org","@graph":[{"@type":"WebPage","@id":"https:\/\/www.esta-officiel-usa.com\/it\/come-aggiornare-lautorizzazione-esta\/","url":"https:\/\/www.esta-officiel-usa.com\/it\/come-aggiornare-lautorizzazione-esta\/","name":"Come aggiornare l'autorizzazione ESTA","isPartOf":{"@id":"https:\/\/www.esta-officiel-usa.com\/it\/#website"},"datePublished":"2025-09-13T12:05:42+00:00","dateModified":"2025-09-13T12:05:44+00:00","description":"\u00c8 possibile che nel modulo si sia insinuato un errore di cui ti sei accorto dopo la convalida. Ti spiegheremo come correggerlo.","breadcrumb":{"@id":"https:\/\/www.esta-officiel-usa.com\/it\/come-aggiornare-lautorizzazione-esta\/#breadcrumb"},"inLanguage":"it-IT","potentialAction":[{"@type":"ReadAction","target":["https:\/\/www.esta-officiel-usa.com\/it\/come-aggiornare-lautorizzazione-esta\/"]}]},{"@type":"BreadcrumbList","@id":"https:\/\/www.esta-officiel-usa.com\/it\/come-aggiornare-lautorizzazione-esta\/#breadcrumb","itemListElement":[{"@type":"ListItem","position":1,"name":"Casa","item":"https:\/\/www.esta-officiel-usa.com\/it\/"},{"@type":"ListItem","position":2,"name":"Come aggiornare l&#8217;autorizzazione ESTA"}]},{"@type":"WebSite","@id":"https:\/\/www.esta-officiel-usa.com\/it\/#website","url":"https:\/\/www.esta-officiel-usa.com\/it\/","name":"ESTA - Stati Uniti","description":"Modulo di richiesta ESTA","potentialAction":[{"@type":"SearchAction","target":{"@type":"EntryPoint","urlTemplate":"https:\/\/www.esta-officiel-usa.com\/it\/?s={search_term_string}"},"query-input":{"@type":"PropertyValueSpecification","valueRequired":true,"valueName":"search_term_string"}}],"inLanguage":"it-IT"}]}},"_links":{"self":[{"href":"https:\/\/www.esta-officiel-usa.com\/it\/wp-json\/wp\/v2\/pages\/1764","targetHints":{"allow":["GET"]}}],"collection":[{"href":"https:\/\/www.esta-officiel-usa.com\/it\/wp-json\/wp\/v2\/pages"}],"about":[{"href":"https:\/\/www.esta-officiel-usa.com\/it\/wp-json\/wp\/v2\/types\/page"}],"author":[{"embeddable":true,"href":"https:\/\/www.esta-officiel-usa.com\/it\/wp-json\/wp\/v2\/users\/1"}],"replies":[{"embeddable":true,"href":"https:\/\/www.esta-officiel-usa.com\/it\/wp-json\/wp\/v2\/comments?post=1764"}],"version-history":[{"count":1,"href":"https:\/\/www.esta-officiel-usa.com\/it\/wp-json\/wp\/v2\/pages\/1764\/revisions"}],"predecessor-version":[{"id":1765,"href":"https:\/\/www.esta-officiel-usa.com\/it\/wp-json\/wp\/v2\/pages\/1764\/revisions\/1765"}],"wp:attachment":[{"href":"https:\/\/www.esta-officiel-usa.com\/it\/wp-json\/wp\/v2\/media?parent=1764"}],"curies":[{"name":"wp","href":"https:\/\/api.w.org\/{rel}","templated":true}]}}