{"id":1785,"date":"2025-09-13T12:06:09","date_gmt":"2025-09-13T12:06:09","guid":{"rendered":"https:\/\/www.esta-officiel-usa.com\/per-quanto-tempo-e-valido-lesta\/"},"modified":"2025-09-13T12:06:17","modified_gmt":"2025-09-13T12:06:17","slug":"per-quanto-tempo-e-valido-lesta","status":"publish","type":"page","link":"https:\/\/www.esta-officiel-usa.com\/it\/per-quanto-tempo-e-valido-lesta\/","title":{"rendered":"Per quanto tempo \u00e8 valido l&#8217;ESTA?"},"content":{"rendered":"\n<h1 class=\"wp-block-heading\">ESTA: PER QUANTO TEMPO \u00c8 VALIDO?<\/h1>\n\n<p>Poich\u00e9 gli Stati Uniti non fanno parte dell&#8217;area Schengen, non \u00e8 possibile viaggiare senza l&#8217;<a href=\"https:\/\/www.esta-officiel-usa.com\/it\/\">autorizzazione ESTA<\/a> o un visto valido.<\/p>\n\n<h2 class=\"wp-block-heading\">CONDIZIONI DI VALIDIT\u00c0 DELL&#8217;ESTA<\/h2>\n\n<p>Prima di vedere per quanto tempo \u00e8 valido l&#8217;ESTA, \u00e8 importante sottolineare che per essere valido, questo documento deve contenere informazioni aggiornate e veritiere. Se una qualsiasi delle informazioni che hai inserito nel modulo \u00e8 cambiata o deve essere <a href=\"https:\/\/www.esta-officiel-usa.com\/it\/come-aggiornare-lautorizzazione-esta\/\">aggiornata<\/a>, questo invalider\u00e0 la tua autorizzazione, ad esempio se ti sei trasferito in un altro Paese, se il tuo stato di salute \u00e8 cambiato o se il tuo indirizzo di residenza non \u00e8 pi\u00f9 aggiornato. <\/p>\n\n<p>Il Dipartimento di Sicurezza Nazionale degli Stati Uniti ha fissato a due anni la validit\u00e0 <a href=\"https:\/\/www.esta-officiel-usa.com\/it\/come-richiedere-unesta-ufficiale\/\">dell&#8217;ESTA ufficiale<\/a>. Dalla sua creazione nel 2009, questa autorizzazione di viaggio ha permesso a tutti i viaggiatori di visitare gli Stati Uniti pi\u00f9 volte nei due anni successivi alla data di rilascio. <\/p>\n\n<p><strong>Attenzione <\/strong>: il tuo numero di passaporto \u00e8 legato alla tua autorizzazione ESTA. Se il tuo numero di passaporto scade, la tua autorizzazione ESTA USA non sar\u00e0 pi\u00f9 considerata valida dalle autorit\u00e0 americane. In questo caso, dovrai ottenere una nuova autorizzazione associata al tuo nuovo passaporto, che <a href=\"https:\/\/www.esta-officiel-usa.com\/it\/rinnovo-dellesta\/\">rinnover\u00e0 la validit\u00e0 dell&#8217;ESTA<\/a> per altri due anni.  <\/p>\n\n<h2 class=\"wp-block-heading\">DURATA DEL SOGGIORNO AUTORIZZATO DALL&#8217;ESTA<\/h2>\n\n<p>Come spiegato in precedenza, l&#8217;ESTA USA ha una validit\u00e0 di due anni, ma questo non deve essere confuso con la durata del soggiorno concessa dall&#8217;autorizzazione ESTA. Sia che ti rechi negli Stati Uniti per lavoro o per piacere, il tuo viaggio sar\u00e0 limitato a <a href=\"https:\/\/www.esta-officiel-usa.com\/it\/esta-valido-per-90-giorni-negli-stati-uniti\/\">90 giorni<\/a> consecutivi. Al termine di questo periodo, dovrai lasciare il territorio americano, ma questo non ti impedir\u00e0 di tornare non appena lo vorrai, purch\u00e9 il periodo di validit\u00e0 dell&#8217;ESTA USA sia ancora valido.  <\/p>\n\n<p>La validit\u00e0 dell&#8217;ESTA dipende dal tipo di viaggio:<\/p>\n\n<figure class=\"wp-block-table\"><table class=\"\"><tbody><tr><td><strong>Viaggiare in aereo<\/strong><\/td><td><strong>Valido per 2 anni per soggiorni fino a 90 giorni.<\/strong><\/td><\/tr><tr><td><strong>Viaggiare in mare<\/strong><\/td><td><strong>Valido per 2 anni per soggiorni fino a 90 giorni.<\/strong><\/td><\/tr><tr><td><strong>Viaggiare via terra<\/strong><\/td><td><strong>L&#8217;autorizzazione ESTA non \u00e8 necessaria.<\/strong><\/td><\/tr><tr><td><strong>Stai transitando negli Stati Uniti<\/strong><\/td><td><strong>Valido per 2 anni per tutti i <a href=\"https:\/\/www.esta-officiel-usa.com\/it\/quali-sono-i-diversi-visti-di-transito-per-gli-stati-uniti\/\">transiti<\/a> che desideri.<\/strong><\/td><\/tr><tr><td><strong>Esci dagli Stati Uniti e poi rientri nel paese  <\/strong><\/td><td><strong>Se la tua ESTA \u00e8 ancora valida, non \u00e8 necessario rinnovarla.<\/strong><\/td><\/tr><\/tbody><\/table><\/figure>\n\n<p>Quando l&#8217;ESTA scade, a differenza di alcuni documenti ufficiali, non verr\u00e0 rinnovato automaticamente; dovrai fare una nuova domanda online se desideri tornare negli Stati Uniti. Per farlo, basta visitare il sito ufficiale delle dogane statunitensi o utilizzare i servizi di aziende private specializzate in procedure amministrative che offrono servizi non disponibili sul sito statunitense (modulo semplificato, assistenza online, verifica e correzione delle informazioni, ecc.) <\/p>\n\n<p>Parti in tutta tranquillit\u00e0: contatta il nostro <a href=\"https:\/\/www.esta-officiel-usa.com\/it\/contattaci-via-e-mail\/\">servizio clienti<\/a>, che sar\u00e0 lieto di fornirti tutte le informazioni che desideri.<br\/><\/p>\n","protected":false},"excerpt":{"rendered":"<p>ESTA: PER QUANTO TEMPO \u00c8 VALIDO? Poich\u00e9 gli Stati Uniti non fanno parte dell&#8217;area Schengen, non \u00e8 possibile viaggiare senza l&#8217;autorizzazione ESTA o un visto valido. CONDIZIONI DI VALIDIT\u00c0 DELL&#8217;ESTA Prima di vedere per quanto tempo \u00e8 valido l&#8217;ESTA, \u00e8 importante sottolineare che per essere valido, questo documento deve contenere informazioni aggiornate e veritiere. Se [&hellip;]<\/p>\n","protected":false},"author":1,"featured_media":0,"parent":0,"menu_order":0,"comment_status":"closed","ping_status":"closed","template":"","meta":{"footnotes":""},"class_list":["post-1785","page","type-page","status-publish","hentry"],"yoast_head":"<!-- This site is optimized with the Yoast SEO plugin v26.2 - https:\/\/yoast.com\/wordpress\/plugins\/seo\/ -->\n<title>Per quanto tempo \u00e8 valido l&#039;ESTA?<\/title>\n<meta name=\"description\" content=\"Quando il tuo ESTA scade, a differenza di alcuni documenti ufficiali, non verr\u00e0 rinnovato automaticamente. Scopri per quanto tempo \u00e8 valido.\" \/>\n<meta name=\"robots\" content=\"index, follow, max-snippet:-1, max-image-preview:large, max-video-preview:-1\" \/>\n<link rel=\"canonical\" href=\"https:\/\/www.esta-officiel-usa.com\/it\/per-quanto-tempo-e-valido-lesta\/\" \/>\n<meta property=\"og:locale\" content=\"it_IT\" \/>\n<meta property=\"og:type\" content=\"article\" \/>\n<meta property=\"og:title\" content=\"Per quanto tempo \u00e8 valido l&#039;ESTA?\" \/>\n<meta property=\"og:description\" content=\"Quando il tuo ESTA scade, a differenza di alcuni documenti ufficiali, non verr\u00e0 rinnovato automaticamente. Scopri per quanto tempo \u00e8 valido.\" \/>\n<meta property=\"og:url\" content=\"https:\/\/www.esta-officiel-usa.com\/it\/per-quanto-tempo-e-valido-lesta\/\" \/>\n<meta property=\"og:site_name\" content=\"ESTA - Stati Uniti\" \/>\n<meta property=\"article:modified_time\" content=\"2025-09-13T12:06:17+00:00\" \/>\n<meta name=\"twitter:card\" content=\"summary_large_image\" \/>\n<meta name=\"twitter:label1\" content=\"Tempo di lettura stimato\" \/>\n\t<meta name=\"twitter:data1\" content=\"2 minuti\" \/>\n<script type=\"application\/ld+json\" class=\"yoast-schema-graph\">{\"@context\":\"https:\/\/schema.org\",\"@graph\":[{\"@type\":\"WebPage\",\"@id\":\"https:\/\/www.esta-officiel-usa.com\/it\/per-quanto-tempo-e-valido-lesta\/\",\"url\":\"https:\/\/www.esta-officiel-usa.com\/it\/per-quanto-tempo-e-valido-lesta\/\",\"name\":\"Per quanto tempo \u00e8 valido l'ESTA?\",\"isPartOf\":{\"@id\":\"https:\/\/www.esta-officiel-usa.com\/it\/#website\"},\"datePublished\":\"2025-09-13T12:06:09+00:00\",\"dateModified\":\"2025-09-13T12:06:17+00:00\",\"description\":\"Quando il tuo ESTA scade, a differenza di alcuni documenti ufficiali, non verr\u00e0 rinnovato automaticamente. Scopri per quanto tempo \u00e8 valido.\",\"breadcrumb\":{\"@id\":\"https:\/\/www.esta-officiel-usa.com\/it\/per-quanto-tempo-e-valido-lesta\/#breadcrumb\"},\"inLanguage\":\"it-IT\",\"potentialAction\":[{\"@type\":\"ReadAction\",\"target\":[\"https:\/\/www.esta-officiel-usa.com\/it\/per-quanto-tempo-e-valido-lesta\/\"]}]},{\"@type\":\"BreadcrumbList\",\"@id\":\"https:\/\/www.esta-officiel-usa.com\/it\/per-quanto-tempo-e-valido-lesta\/#breadcrumb\",\"itemListElement\":[{\"@type\":\"ListItem\",\"position\":1,\"name\":\"Casa\",\"item\":\"https:\/\/www.esta-officiel-usa.com\/it\/\"},{\"@type\":\"ListItem\",\"position\":2,\"name\":\"Per quanto tempo \u00e8 valido l&#8217;ESTA?\"}]},{\"@type\":\"WebSite\",\"@id\":\"https:\/\/www.esta-officiel-usa.com\/it\/#website\",\"url\":\"https:\/\/www.esta-officiel-usa.com\/it\/\",\"name\":\"ESTA - Stati Uniti\",\"description\":\"Modulo di richiesta ESTA\",\"potentialAction\":[{\"@type\":\"SearchAction\",\"target\":{\"@type\":\"EntryPoint\",\"urlTemplate\":\"https:\/\/www.esta-officiel-usa.com\/it\/?s={search_term_string}\"},\"query-input\":{\"@type\":\"PropertyValueSpecification\",\"valueRequired\":true,\"valueName\":\"search_term_string\"}}],\"inLanguage\":\"it-IT\"}]}<\/script>\n<!-- \/ Yoast SEO plugin. -->","yoast_head_json":{"title":"Per quanto tempo \u00e8 valido l'ESTA?","description":"Quando il tuo ESTA scade, a differenza di alcuni documenti ufficiali, non verr\u00e0 rinnovato automaticamente. Scopri per quanto tempo \u00e8 valido.","robots":{"index":"index","follow":"follow","max-snippet":"max-snippet:-1","max-image-preview":"max-image-preview:large","max-video-preview":"max-video-preview:-1"},"canonical":"https:\/\/www.esta-officiel-usa.com\/it\/per-quanto-tempo-e-valido-lesta\/","og_locale":"it_IT","og_type":"article","og_title":"Per quanto tempo \u00e8 valido l'ESTA?","og_description":"Quando il tuo ESTA scade, a differenza di alcuni documenti ufficiali, non verr\u00e0 rinnovato automaticamente. Scopri per quanto tempo \u00e8 valido.","og_url":"https:\/\/www.esta-officiel-usa.com\/it\/per-quanto-tempo-e-valido-lesta\/","og_site_name":"ESTA - Stati Uniti","article_modified_time":"2025-09-13T12:06:17+00:00","twitter_card":"summary_large_image","twitter_misc":{"Tempo di lettura stimato":"2 minuti"},"schema":{"@context":"https:\/\/schema.org","@graph":[{"@type":"WebPage","@id":"https:\/\/www.esta-officiel-usa.com\/it\/per-quanto-tempo-e-valido-lesta\/","url":"https:\/\/www.esta-officiel-usa.com\/it\/per-quanto-tempo-e-valido-lesta\/","name":"Per quanto tempo \u00e8 valido l'ESTA?","isPartOf":{"@id":"https:\/\/www.esta-officiel-usa.com\/it\/#website"},"datePublished":"2025-09-13T12:06:09+00:00","dateModified":"2025-09-13T12:06:17+00:00","description":"Quando il tuo ESTA scade, a differenza di alcuni documenti ufficiali, non verr\u00e0 rinnovato automaticamente. Scopri per quanto tempo \u00e8 valido.","breadcrumb":{"@id":"https:\/\/www.esta-officiel-usa.com\/it\/per-quanto-tempo-e-valido-lesta\/#breadcrumb"},"inLanguage":"it-IT","potentialAction":[{"@type":"ReadAction","target":["https:\/\/www.esta-officiel-usa.com\/it\/per-quanto-tempo-e-valido-lesta\/"]}]},{"@type":"BreadcrumbList","@id":"https:\/\/www.esta-officiel-usa.com\/it\/per-quanto-tempo-e-valido-lesta\/#breadcrumb","itemListElement":[{"@type":"ListItem","position":1,"name":"Casa","item":"https:\/\/www.esta-officiel-usa.com\/it\/"},{"@type":"ListItem","position":2,"name":"Per quanto tempo \u00e8 valido l&#8217;ESTA?"}]},{"@type":"WebSite","@id":"https:\/\/www.esta-officiel-usa.com\/it\/#website","url":"https:\/\/www.esta-officiel-usa.com\/it\/","name":"ESTA - Stati Uniti","description":"Modulo di richiesta ESTA","potentialAction":[{"@type":"SearchAction","target":{"@type":"EntryPoint","urlTemplate":"https:\/\/www.esta-officiel-usa.com\/it\/?s={search_term_string}"},"query-input":{"@type":"PropertyValueSpecification","valueRequired":true,"valueName":"search_term_string"}}],"inLanguage":"it-IT"}]}},"_links":{"self":[{"href":"https:\/\/www.esta-officiel-usa.com\/it\/wp-json\/wp\/v2\/pages\/1785","targetHints":{"allow":["GET"]}}],"collection":[{"href":"https:\/\/www.esta-officiel-usa.com\/it\/wp-json\/wp\/v2\/pages"}],"about":[{"href":"https:\/\/www.esta-officiel-usa.com\/it\/wp-json\/wp\/v2\/types\/page"}],"author":[{"embeddable":true,"href":"https:\/\/www.esta-officiel-usa.com\/it\/wp-json\/wp\/v2\/users\/1"}],"replies":[{"embeddable":true,"href":"https:\/\/www.esta-officiel-usa.com\/it\/wp-json\/wp\/v2\/comments?post=1785"}],"version-history":[{"count":1,"href":"https:\/\/www.esta-officiel-usa.com\/it\/wp-json\/wp\/v2\/pages\/1785\/revisions"}],"predecessor-version":[{"id":1786,"href":"https:\/\/www.esta-officiel-usa.com\/it\/wp-json\/wp\/v2\/pages\/1785\/revisions\/1786"}],"wp:attachment":[{"href":"https:\/\/www.esta-officiel-usa.com\/it\/wp-json\/wp\/v2\/media?parent=1785"}],"curies":[{"name":"wp","href":"https:\/\/api.w.org\/{rel}","templated":true}]}}