{"id":1787,"date":"2025-09-13T12:06:11","date_gmt":"2025-09-13T12:06:11","guid":{"rendered":"https:\/\/www.esta-officiel-usa.com\/le-buone-maniere-negli-stati-uniti\/"},"modified":"2025-09-13T12:06:17","modified_gmt":"2025-09-13T12:06:17","slug":"le-buone-maniere-negli-stati-uniti","status":"publish","type":"page","link":"https:\/\/www.esta-officiel-usa.com\/it\/le-buone-maniere-negli-stati-uniti\/","title":{"rendered":"Le buone maniere negli Stati Uniti"},"content":{"rendered":"\n<h1 class=\"wp-block-heading\">BUONE MANIERE E REGOLE NEGLI STATI UNITI<\/h1>\n\n<p>In generale, ogni viaggio all&#8217;estero richiede una mente aperta e un distacco da ci\u00f2 che sembra &#8220;normale&#8221; e &#8220;logico&#8221; nel nostro paese. Infatti, le persone di tutto il mondo non sempre condividono gli stessi stili di vita; ci\u00f2 pu\u00f2 variare da atteggiamenti e valori quasi identici a dettagli pi\u00f9 sottili della vita quotidiana. \u00c8 il caso, ad esempio, degli Stati Uniti d&#8217;America e della Francia. Sebbene le due culture siano considerate &#8220;occidentali&#8221; e simili sotto molti aspetti, ci sono anche dettagli divergenti.   <\/p>\n\n<p>Se ti trovi in un luogo pubblico, a casa di un ospite o al lavoro negli Stati Uniti, ti consigliamo di conoscere un minimo di buone maniere. Gli usi e i costumi sono talvolta diversi da quelli francesi e alcuni comportamenti che sono comuni in Francia sono disapprovati o addirittura fuori luogo nel paese dello zio Sam. Non farti ingannare e raccogli alcune conoscenze utili prima di partire per gli Stati Uniti per vivere un&#8217;esperienza indimenticabile, grazie all&#8217;<a href=\"https:\/\/www.esta-officiel-usa.com\/it\/\">ESTA ufficiale<\/a> o a un visto!  <br\/> <\/p>\n\n<h2 class=\"wp-block-heading\">PRIMA DI RECARTI NEGLI STATI UNITI, INFORMATI SULLE BUONE MANIERE<\/h2>\n\n<p>Innanzitutto, questo articolo si occupa delle linee generali della cultura americana. Ovviamente, non si applica necessariamente a tutti i cittadini o al Paese nel suo complesso. Inoltre, ci sono molte differenze tra gli stati e persino tra le citt\u00e0 americane: le usanze sono diverse a seconda che tu viva in Florida, Louisiana, Arizona, San Francisco, Philadelphia e cos\u00ec via. Qui ci concentreremo sulle buone maniere che si possono trovare un po&#8217; ovunque e che si discostano dal classico comportamento di un francese.   <\/p>\n\n<h3 class=\"wp-block-heading\">POLITICA<\/h3>\n\n<p>Iniziamo questo elenco di buone maniere con la pi\u00f9 elementare: i saluti tra persone. Per salutare, dimentica subito il bacio e opta per la stretta di mano al lavoro o per il famoso &#8220;abbraccio&#8221; tra amici (tieni presente che l&#8217;abbraccio deve essere breve, non una coccola di 10 secondi). Detto questo, una volta superata la fase del &#8220;ciao&#8221;, evita il contatto fisico con la persona con cui stai parlando; \u00e8 meglio mantenere una distanza ragionevole dall&#8217;altra parte dell&#8217;Atlantico.  <\/p>\n\n<h3 class=\"wp-block-heading\">UN ESTRANEO TI SI AVVICINA? NON FARTI PRENDERE DAL PANICO! <\/h3>\n\n<p>Durante il tuo soggiorno negli Stati Uniti, noterai che le persone sono piuttosto loquaci, anche i passanti per strada. Non sentirti attaccato se qualcuno ti sorride o si avvicina a te; gli americani sono spesso facili da parlare e vogliono solo chiacchierare, su argomenti rudimentali. Di solito non ci vuole molto, ma se cerchi tranquillit\u00e0 e un minimo di interazione con la popolazione locale, potresti prendere in considerazione una destinazione diversa dal Nord America!  <\/p>\n\n<h3 class=\"wp-block-heading\">RISPETTA L&#8217;ORARIO PREVISTO!<\/h3>\n\n<p>Se in Francia sei abituato ad arrivare qualche minuto dopo l&#8217;orario stabilito, negli Stati Uniti dovrai fare un po&#8217; di fatica. Non importa se stai incontrando qualcuno per lavoro, per piacere o per piacere, devi assicurarti di non superare l&#8217;orario di incontro. Allo stesso modo, se stai invitando degli amici, conta sul fatto che suonino il campanello all&#8217;ora stabilita, o anche prima. \u00c8 una questione di buona educazione!   <br\/> <\/p>\n\n<h2 class=\"wp-block-heading\">COSA NON FARE NEGLI USA<\/h2>\n\n<h3 class=\"wp-block-heading\">ANDARE VIA SENZA LASCIARE LA MANCIA<\/h3>\n\n<p>La mancia \u00e8 fondamentale in tutti gli Stati americani. Ecco perch\u00e9 dovresti sempre portare con te qualche spicciolo quando viaggi negli Stati Uniti. Questo non vale solo per i camerieri dei ristoranti: parrucchieri, autisti delle consegne, personale di servizio vario quando il servizio lo merita&#8230;  <\/p>\n\n<p>Per quanto riguarda l&#8217;importo, \u00e8 difficile stabilire una regola universale. In generale, varia da 1 o 2 dollari a decine, come nei ristoranti dove la mancia pu\u00f2 arrivare fino al 25% del conto (a proposito, scopri le <a href=\"https:\/\/www.esta-officiel-usa.com\/it\/panoramica-delle-specialita-culinarie-americane\/\">specialit\u00e0 culinarie<\/a> anche dall&#8217;altra parte dell&#8217;Atlantico). <\/p>\n\n<h3 class=\"wp-block-heading\">FUMARE OVUNQUE<\/h3>\n\n<p>Non accendere la sigaretta per strada o su una terrazza! La buona educazione impedisce questo tipo di comportamento, considerato inappropriato e addirittura irrispettoso. Vivere negli Stati Uniti significa che devi fumare solo nelle aree designate (a volte anche i tuoi vicini non vedono di buon occhio che tu fumi nel tuo appartamento, se il fumo li infastidisce nel corridoio o attraverso la finestra, per esempio). Inoltre, i pacchetti sono costosi e sono disponibili solo in pochi posti.   <\/p>\n\n<h3 class=\"wp-block-heading\">AFFRONTARE DETERMINATI ARGOMENTI<\/h3>\n\n<p>In Francia, la politica \u00e8 un argomento di conversazione abbastanza comune al bar, con gli amici o addirittura con i colleghi. In Colorado, Atlanta, <a href=\"https:\/\/www.esta-officiel-usa.com\/it\/viaggiare-negli-stati-uniti-e-scoprire-las-vegas\/\">Las Vegas<\/a> o California, non pensarci e tieni le tue idee per te. Non criticare il governo americano o le regole in vigore.  <\/p>\n\n<p>D&#8217;altra parte, non affrontare il tema del terrorismo in modo ironico o scherzoso. Al di l\u00e0 del principio della buona educazione, si tratta di un argomento troppo serio, grave e attuale per scherzare con i cittadini americani. <\/p>\n\n<p>Lo stesso vale per i rapporti con i funzionari dell&#8217;immigrazione: ti consigliamo di evitare qualsiasi forma di umorismo e di limitarti alle <a href=\"https:\/\/www.esta-officiel-usa.com\/it\/quali-sono-le-formalita-per-entrare-negli-stati-uniti\/\">formalit\u00e0 di ingresso<\/a>, se vuoi entrare negli Stati Uniti senza complicazioni.<\/p>\n\n<p>Alla faccia delle nozioni di base! Sia che il tuo soggiorno sia temporaneo di poche settimane o di diversi mesi con un <a href=\"https:\/\/www.esta-officiel-usa.com\/it\/differenza-tra-esta-e-visto-usa\/\">visto o un&#8217;ESTA<\/a>, \u00e8 bene che tu tenga a mente questi aspetti prima di recarti negli Stati Uniti. <\/p>\n","protected":false},"excerpt":{"rendered":"<p>BUONE MANIERE E REGOLE NEGLI STATI UNITI In generale, ogni viaggio all&#8217;estero richiede una mente aperta e un distacco da ci\u00f2 che sembra &#8220;normale&#8221; e &#8220;logico&#8221; nel nostro paese. Infatti, le persone di tutto il mondo non sempre condividono gli stessi stili di vita; ci\u00f2 pu\u00f2 variare da atteggiamenti e valori quasi identici a dettagli [&hellip;]<\/p>\n","protected":false},"author":1,"featured_media":0,"parent":0,"menu_order":0,"comment_status":"closed","ping_status":"closed","template":"","meta":{"footnotes":""},"class_list":["post-1787","page","type-page","status-publish","hentry"],"yoast_head":"<!-- This site is optimized with the Yoast SEO plugin v26.2 - https:\/\/yoast.com\/wordpress\/plugins\/seo\/ -->\n<title>Le buone maniere negli Stati Uniti<\/title>\n<meta name=\"description\" content=\"La data della partenza si avvicina e tutto \u00e8 pronto: non ci resta che informarti e consigliarti sulle buone maniere da tenere negli Stati Uniti.\" \/>\n<meta name=\"robots\" content=\"index, follow, max-snippet:-1, max-image-preview:large, max-video-preview:-1\" \/>\n<link rel=\"canonical\" href=\"https:\/\/www.esta-officiel-usa.com\/it\/le-buone-maniere-negli-stati-uniti\/\" \/>\n<meta property=\"og:locale\" content=\"it_IT\" \/>\n<meta property=\"og:type\" content=\"article\" \/>\n<meta property=\"og:title\" content=\"Le buone maniere negli Stati Uniti\" \/>\n<meta property=\"og:description\" content=\"La data della partenza si avvicina e tutto \u00e8 pronto: non ci resta che informarti e consigliarti sulle buone maniere da tenere negli Stati Uniti.\" \/>\n<meta property=\"og:url\" content=\"https:\/\/www.esta-officiel-usa.com\/it\/le-buone-maniere-negli-stati-uniti\/\" \/>\n<meta property=\"og:site_name\" content=\"ESTA - Stati Uniti\" \/>\n<meta property=\"article:modified_time\" content=\"2025-09-13T12:06:17+00:00\" \/>\n<meta name=\"twitter:card\" content=\"summary_large_image\" \/>\n<meta name=\"twitter:label1\" content=\"Tempo di lettura stimato\" \/>\n\t<meta name=\"twitter:data1\" content=\"4 minuti\" \/>\n<script type=\"application\/ld+json\" class=\"yoast-schema-graph\">{\"@context\":\"https:\/\/schema.org\",\"@graph\":[{\"@type\":\"WebPage\",\"@id\":\"https:\/\/www.esta-officiel-usa.com\/it\/le-buone-maniere-negli-stati-uniti\/\",\"url\":\"https:\/\/www.esta-officiel-usa.com\/it\/le-buone-maniere-negli-stati-uniti\/\",\"name\":\"Le buone maniere negli Stati Uniti\",\"isPartOf\":{\"@id\":\"https:\/\/www.esta-officiel-usa.com\/it\/#website\"},\"datePublished\":\"2025-09-13T12:06:11+00:00\",\"dateModified\":\"2025-09-13T12:06:17+00:00\",\"description\":\"La data della partenza si avvicina e tutto \u00e8 pronto: non ci resta che informarti e consigliarti sulle buone maniere da tenere negli Stati Uniti.\",\"breadcrumb\":{\"@id\":\"https:\/\/www.esta-officiel-usa.com\/it\/le-buone-maniere-negli-stati-uniti\/#breadcrumb\"},\"inLanguage\":\"it-IT\",\"potentialAction\":[{\"@type\":\"ReadAction\",\"target\":[\"https:\/\/www.esta-officiel-usa.com\/it\/le-buone-maniere-negli-stati-uniti\/\"]}]},{\"@type\":\"BreadcrumbList\",\"@id\":\"https:\/\/www.esta-officiel-usa.com\/it\/le-buone-maniere-negli-stati-uniti\/#breadcrumb\",\"itemListElement\":[{\"@type\":\"ListItem\",\"position\":1,\"name\":\"Casa\",\"item\":\"https:\/\/www.esta-officiel-usa.com\/it\/\"},{\"@type\":\"ListItem\",\"position\":2,\"name\":\"Le buone maniere negli Stati Uniti\"}]},{\"@type\":\"WebSite\",\"@id\":\"https:\/\/www.esta-officiel-usa.com\/it\/#website\",\"url\":\"https:\/\/www.esta-officiel-usa.com\/it\/\",\"name\":\"ESTA - Stati Uniti\",\"description\":\"Modulo di richiesta ESTA\",\"potentialAction\":[{\"@type\":\"SearchAction\",\"target\":{\"@type\":\"EntryPoint\",\"urlTemplate\":\"https:\/\/www.esta-officiel-usa.com\/it\/?s={search_term_string}\"},\"query-input\":{\"@type\":\"PropertyValueSpecification\",\"valueRequired\":true,\"valueName\":\"search_term_string\"}}],\"inLanguage\":\"it-IT\"}]}<\/script>\n<!-- \/ Yoast SEO plugin. -->","yoast_head_json":{"title":"Le buone maniere negli Stati Uniti","description":"La data della partenza si avvicina e tutto \u00e8 pronto: non ci resta che informarti e consigliarti sulle buone maniere da tenere negli Stati Uniti.","robots":{"index":"index","follow":"follow","max-snippet":"max-snippet:-1","max-image-preview":"max-image-preview:large","max-video-preview":"max-video-preview:-1"},"canonical":"https:\/\/www.esta-officiel-usa.com\/it\/le-buone-maniere-negli-stati-uniti\/","og_locale":"it_IT","og_type":"article","og_title":"Le buone maniere negli Stati Uniti","og_description":"La data della partenza si avvicina e tutto \u00e8 pronto: non ci resta che informarti e consigliarti sulle buone maniere da tenere negli Stati Uniti.","og_url":"https:\/\/www.esta-officiel-usa.com\/it\/le-buone-maniere-negli-stati-uniti\/","og_site_name":"ESTA - Stati Uniti","article_modified_time":"2025-09-13T12:06:17+00:00","twitter_card":"summary_large_image","twitter_misc":{"Tempo di lettura stimato":"4 minuti"},"schema":{"@context":"https:\/\/schema.org","@graph":[{"@type":"WebPage","@id":"https:\/\/www.esta-officiel-usa.com\/it\/le-buone-maniere-negli-stati-uniti\/","url":"https:\/\/www.esta-officiel-usa.com\/it\/le-buone-maniere-negli-stati-uniti\/","name":"Le buone maniere negli Stati Uniti","isPartOf":{"@id":"https:\/\/www.esta-officiel-usa.com\/it\/#website"},"datePublished":"2025-09-13T12:06:11+00:00","dateModified":"2025-09-13T12:06:17+00:00","description":"La data della partenza si avvicina e tutto \u00e8 pronto: non ci resta che informarti e consigliarti sulle buone maniere da tenere negli Stati Uniti.","breadcrumb":{"@id":"https:\/\/www.esta-officiel-usa.com\/it\/le-buone-maniere-negli-stati-uniti\/#breadcrumb"},"inLanguage":"it-IT","potentialAction":[{"@type":"ReadAction","target":["https:\/\/www.esta-officiel-usa.com\/it\/le-buone-maniere-negli-stati-uniti\/"]}]},{"@type":"BreadcrumbList","@id":"https:\/\/www.esta-officiel-usa.com\/it\/le-buone-maniere-negli-stati-uniti\/#breadcrumb","itemListElement":[{"@type":"ListItem","position":1,"name":"Casa","item":"https:\/\/www.esta-officiel-usa.com\/it\/"},{"@type":"ListItem","position":2,"name":"Le buone maniere negli Stati Uniti"}]},{"@type":"WebSite","@id":"https:\/\/www.esta-officiel-usa.com\/it\/#website","url":"https:\/\/www.esta-officiel-usa.com\/it\/","name":"ESTA - Stati Uniti","description":"Modulo di richiesta ESTA","potentialAction":[{"@type":"SearchAction","target":{"@type":"EntryPoint","urlTemplate":"https:\/\/www.esta-officiel-usa.com\/it\/?s={search_term_string}"},"query-input":{"@type":"PropertyValueSpecification","valueRequired":true,"valueName":"search_term_string"}}],"inLanguage":"it-IT"}]}},"_links":{"self":[{"href":"https:\/\/www.esta-officiel-usa.com\/it\/wp-json\/wp\/v2\/pages\/1787","targetHints":{"allow":["GET"]}}],"collection":[{"href":"https:\/\/www.esta-officiel-usa.com\/it\/wp-json\/wp\/v2\/pages"}],"about":[{"href":"https:\/\/www.esta-officiel-usa.com\/it\/wp-json\/wp\/v2\/types\/page"}],"author":[{"embeddable":true,"href":"https:\/\/www.esta-officiel-usa.com\/it\/wp-json\/wp\/v2\/users\/1"}],"replies":[{"embeddable":true,"href":"https:\/\/www.esta-officiel-usa.com\/it\/wp-json\/wp\/v2\/comments?post=1787"}],"version-history":[{"count":1,"href":"https:\/\/www.esta-officiel-usa.com\/it\/wp-json\/wp\/v2\/pages\/1787\/revisions"}],"predecessor-version":[{"id":1788,"href":"https:\/\/www.esta-officiel-usa.com\/it\/wp-json\/wp\/v2\/pages\/1787\/revisions\/1788"}],"wp:attachment":[{"href":"https:\/\/www.esta-officiel-usa.com\/it\/wp-json\/wp\/v2\/media?parent=1787"}],"curies":[{"name":"wp","href":"https:\/\/api.w.org\/{rel}","templated":true}]}}