{"id":1800,"date":"2025-09-13T12:06:21","date_gmt":"2025-09-13T12:06:21","guid":{"rendered":"https:\/\/www.esta-officiel-usa.com\/caratteristiche-specifiche-dei-visti-j1-e-f1\/"},"modified":"2025-09-13T12:06:26","modified_gmt":"2025-09-13T12:06:26","slug":"caratteristiche-specifiche-dei-visti-j1-e-f1","status":"publish","type":"page","link":"https:\/\/www.esta-officiel-usa.com\/it\/caratteristiche-specifiche-dei-visti-j1-e-f1\/","title":{"rendered":"Caratteristiche specifiche dei visti J1 e F1"},"content":{"rendered":"\n<h1 class=\"wp-block-heading\">Visti J1 e F1: qual \u00e8 la differenza?<\/h1>\n\n<p>Se vuoi studiare negli Stati Uniti, probabilmente hai gi\u00e0 sentito parlare dei visti J1 e F1, ma non conosci la differenza tra i due.<\/p>\n\n<p>Se sei uno studente e il tuo sogno americano \u00e8 quello di studiare o fare un&#8217;esperienza lavorativa negli Stati Uniti, dovrai richiedere un visto specifico per la tua visita. Lo studio non rientra tra i criteri per ottenere l&#8217;<a href=\"https:\/\/www.esta-officiel-usa.com\/it\/\">autorizzazione ESTA<\/a>, quindi dovrai trovare qualcos&#8217;altro. \u00c8 qui che entrano in gioco i visti J1 e F1 e le loro differenze.  <\/p>\n\n<p>Qual \u00e8 la differenza tra i visti J1 e F1? Questo \u00e8 ci\u00f2 che scopriremo in questo articolo.<br\/> <\/p>\n\n<h2 class=\"wp-block-heading\">La differenza tra i visti J1 e F1: il visto J1 USA per stage e programmi di scambio<\/h2>\n\n<p>Il visto J1 \u00e8 un visto USA non immigrante destinato a chi partecipa a un programma di scambio negli Stati Uniti, ma anche a studenti stranieri che desiderano fare uno stage negli Stati Uniti, lavoratori alla pari, lavoratori specializzati, visitatori governativi, ecc.<\/p>\n\n<p>Questo visto \u00e8 un permesso di lavoro che consente al suo titolare di\n lavorare sul suolo americano per un massimo di 18 mesi. \nPer ottenere un visto J1 per uno stage \u00e8 necessario soddisfare una serie di \ncriteri, il principale dei quali \u00e8 trovare uno sponsor.<\/p>\n\n<p>Per trovare uno sponsor, visita il sito web del governo statunitense per la ricerca di sponsor all&#8217;indirizzo \n. All&#8217;indirizzo \ntroverai un elenco di aziende partner del programma in ogni paese. Una volta \nscelto lo sponsor dall&#8217;elenco fornito, dovrai contattare \nper partecipare a uno dei suoi programmi di scambio.  <\/p>\n\n<p>Poi dovrai pagare. Le tariffe variano a seconda dello sponsor \n, quindi \u00e8 consigliabile contattarne diversi per \nfarsi un&#8217;idea dell&#8217;importo e della ripartizione dei costi. <\/p>\n\n<p>Se verrai accettato per un programma di scambio, lo sponsor ti rilascer\u00e0 il modulo DS-2019 da compilare.<\/p>\n\n<p>Dopo questa fase, dovrai anche pagare la tassa SEVIS (Student and Exchange Visitor Information System).<\/p>\n\n<p>Ci sono anche altri costi: dopo aver compilato il modulo \nDS-160, dovrai pagare la tassa per il visto statunitense, che \n\u00e8 di 160 dollari, e organizzare un colloquio con l&#8217;ambasciata statunitense o\n con il consolato statunitense.<\/p>\n\n<p>Il giorno del colloquio dovrai portare con te :<\/p>\n\n<ul class=\"wp-block-list\"><li>il modulo DS-2019 originale;<\/li><li>ricevuta del modulo DS-160;<\/li><li><a href=\"https:\/\/www.esta-officiel-usa.com\/it\/che-tipo-di-passaporto-e-richiesto-per-gli-stati-uniti\/\">il tuo passaporto<\/a> valido (biometrico o elettronico) ;<\/li><li>una foto ;<\/li><li>una busta chronopost ;<\/li><li>ricevuta del pagamento dei diritti per il visto.<\/li><\/ul>\n\n<p>Non esitare a consultare il sito web dell&#8217;ambasciata americana (o \ndel consolato generale) in cui ti recherai per sapere se sono necessari documenti aggiuntivi \n.<\/p>\n\n<p>Dopo il colloquio, l&#8217;agente che rappresenta il governo americano ti dir\u00e0 se il tuo visto J1 \u00e8 stato accettato o meno. \u00c8 consigliabile rimanere in contatto con il tuo sponsor per prepararsi al meglio al tuo soggiorno negli Stati Uniti. <\/p>\n\n<h2 class=\"wp-block-heading\">Visti F1 per studenti<\/h2>\n\n<p>Il visto F1 \u00e8 un visto per studenti non immigrati che ti permette di studiare negli Stati Uniti\n, dalle scuole elementari all&#8217;universit\u00e0 \n. Non \u00e8 possibile studiare negli Stati Uniti utilizzando il modulo ESTA online \n, per cui \u00e8 necessario richiedere un visto F1. <\/p>\n\n<p>A differenza del J1, il visto F1 non ha un limite massimo, il che \nsignifica che qualsiasi studente con il profilo e i criteri corrispondenti \npu\u00f2, in effetti, ottenere un visto F1.<\/p>\n\n<p>Con un visto F1, gli studenti possono :<\/p>\n\n<ul class=\"wp-block-list\"><li>studiare e vivere negli Stati Uniti ;<\/li><li>avere la patente di guida;<\/li><li>aprire un conto corrente;<\/li><li>viaggi all&#8217;interno e all&#8217;esterno degli Stati Uniti d&#8217;America ;<\/li><li>lavorare a determinate condizioni (lavori estivi).<\/li><\/ul>\n\n<p>Il visto F1 viene rilasciato a persone che hanno un forte legame con il loro paese d&#8217;origine (famiglia, amici, beni, ecc.) e che intendono tornare nel loro paese una volta terminati gli studi.<\/p>\n\n<p>Per ottenere un visto F1 dalle autorit\u00e0 statunitensi, devi :<\/p>\n\n<ul class=\"wp-block-list\"><li>essere ammessi ad una delle istituzioni del SEVP (Student Exchange Visitor Program);<\/li><li>hanno un indiscutibile attaccamento al loro paese d&#8217;origine;<\/li><li>dimostrare di avere risorse finanziarie sufficienti;<\/li><li>dimostrare di avere un livello di inglese sufficiente sostenendo il test TOEFL o IELTS.<\/li><\/ul>\n\n<p>Successivamente, dovrai compilare una serie di documenti e pagare le relative tasse.<\/p>\n\n<ul class=\"wp-block-list\"><li>pagare la tassa di richiesta del visto F1: $160;<\/li><li>pagare le tasse SEVIS: $200 ;<\/li><li>compilare il modulo DS-160 e fissare un colloquio con i servizi consolari dell&#8217;ambasciata statunitense;<\/li><li>raccogli i documenti necessari come: il tuo passaporto elettronico valido \n, la ricevuta di ricevimento del DS-160, le ricevute che \nattestano il pagamento delle varie tasse, le fototessere,\n l&#8217;invito al colloquio, il modulo I-20 originale e una \ncopia, i documenti che attestano il tuo livello accademico (diplomi, \npunteggi dei test, lettera di accettazione della scuola americana, \netc.) e i documenti che attestano le tue risorse finanziarie.<\/li><\/ul>\n\n<h2 class=\"wp-block-heading\">Differenza tra i visti J1 e F1<\/h2>\n\n<p>Come puoi vedere, ci sono delle differenze tra i visti J1 e F1,\n, ma ci sono anche delle somiglianze tra i visti J1 e F1. Ecco come \ndistingue i visti J1 e F1: <\/p>\n\n<ul class=\"wp-block-list\"><li>Le risorse finanziarie per il visto J1 devono essere coperte al\n 50% da una borsa di studio (o da un aiuto statale), mentre per il visto\n F1 possono provenire da fondi personali o da aiuti esterni;<\/li><li>i familiari a carico del titolare del visto F1 non possono \ntrovare lavoro, mentre i familiari a carico del titolare del visto J1 possono;<\/li><li>ecc.<\/li><\/ul>\n\n<p>Ora che conosci la differenza tra i visti J1 e F1, non ti resta che fare domanda!<\/p>\n","protected":false},"excerpt":{"rendered":"<p>Visti J1 e F1: qual \u00e8 la differenza? Se vuoi studiare negli Stati Uniti, probabilmente hai gi\u00e0 sentito parlare dei visti J1 e F1, ma non conosci la differenza tra i due. Se sei uno studente e il tuo sogno americano \u00e8 quello di studiare o fare un&#8217;esperienza lavorativa negli Stati Uniti, dovrai richiedere un [&hellip;]<\/p>\n","protected":false},"author":1,"featured_media":0,"parent":0,"menu_order":0,"comment_status":"closed","ping_status":"closed","template":"","meta":{"footnotes":""},"class_list":["post-1800","page","type-page","status-publish","hentry"],"yoast_head":"<!-- This site is optimized with the Yoast SEO plugin v26.2 - https:\/\/yoast.com\/wordpress\/plugins\/seo\/ -->\n<title>Caratteristiche specifiche dei visti J1 e F1<\/title>\n<meta name=\"description\" content=\"Quali sono le principali differenze tra il visto J1 e il visto F1? Questo \u00e8 ci\u00f2 che scopriremo in questo articolo.\" \/>\n<meta name=\"robots\" content=\"index, follow, max-snippet:-1, max-image-preview:large, max-video-preview:-1\" \/>\n<link rel=\"canonical\" href=\"https:\/\/www.esta-officiel-usa.com\/it\/caratteristiche-specifiche-dei-visti-j1-e-f1\/\" \/>\n<meta property=\"og:locale\" content=\"it_IT\" \/>\n<meta property=\"og:type\" content=\"article\" \/>\n<meta property=\"og:title\" content=\"Caratteristiche specifiche dei visti J1 e F1\" \/>\n<meta property=\"og:description\" content=\"Quali sono le principali differenze tra il visto J1 e il visto F1? Questo \u00e8 ci\u00f2 che scopriremo in questo articolo.\" \/>\n<meta property=\"og:url\" content=\"https:\/\/www.esta-officiel-usa.com\/it\/caratteristiche-specifiche-dei-visti-j1-e-f1\/\" \/>\n<meta property=\"og:site_name\" content=\"ESTA - Stati Uniti\" \/>\n<meta property=\"article:modified_time\" content=\"2025-09-13T12:06:26+00:00\" \/>\n<meta name=\"twitter:card\" content=\"summary_large_image\" \/>\n<meta name=\"twitter:label1\" content=\"Tempo di lettura stimato\" \/>\n\t<meta name=\"twitter:data1\" content=\"4 minuti\" \/>\n<script type=\"application\/ld+json\" class=\"yoast-schema-graph\">{\"@context\":\"https:\/\/schema.org\",\"@graph\":[{\"@type\":\"WebPage\",\"@id\":\"https:\/\/www.esta-officiel-usa.com\/it\/caratteristiche-specifiche-dei-visti-j1-e-f1\/\",\"url\":\"https:\/\/www.esta-officiel-usa.com\/it\/caratteristiche-specifiche-dei-visti-j1-e-f1\/\",\"name\":\"Caratteristiche specifiche dei visti J1 e F1\",\"isPartOf\":{\"@id\":\"https:\/\/www.esta-officiel-usa.com\/it\/#website\"},\"datePublished\":\"2025-09-13T12:06:21+00:00\",\"dateModified\":\"2025-09-13T12:06:26+00:00\",\"description\":\"Quali sono le principali differenze tra il visto J1 e il visto F1? Questo \u00e8 ci\u00f2 che scopriremo in questo articolo.\",\"breadcrumb\":{\"@id\":\"https:\/\/www.esta-officiel-usa.com\/it\/caratteristiche-specifiche-dei-visti-j1-e-f1\/#breadcrumb\"},\"inLanguage\":\"it-IT\",\"potentialAction\":[{\"@type\":\"ReadAction\",\"target\":[\"https:\/\/www.esta-officiel-usa.com\/it\/caratteristiche-specifiche-dei-visti-j1-e-f1\/\"]}]},{\"@type\":\"BreadcrumbList\",\"@id\":\"https:\/\/www.esta-officiel-usa.com\/it\/caratteristiche-specifiche-dei-visti-j1-e-f1\/#breadcrumb\",\"itemListElement\":[{\"@type\":\"ListItem\",\"position\":1,\"name\":\"Casa\",\"item\":\"https:\/\/www.esta-officiel-usa.com\/it\/\"},{\"@type\":\"ListItem\",\"position\":2,\"name\":\"Caratteristiche specifiche dei visti J1 e F1\"}]},{\"@type\":\"WebSite\",\"@id\":\"https:\/\/www.esta-officiel-usa.com\/it\/#website\",\"url\":\"https:\/\/www.esta-officiel-usa.com\/it\/\",\"name\":\"ESTA - Stati Uniti\",\"description\":\"Modulo di richiesta ESTA\",\"potentialAction\":[{\"@type\":\"SearchAction\",\"target\":{\"@type\":\"EntryPoint\",\"urlTemplate\":\"https:\/\/www.esta-officiel-usa.com\/it\/?s={search_term_string}\"},\"query-input\":{\"@type\":\"PropertyValueSpecification\",\"valueRequired\":true,\"valueName\":\"search_term_string\"}}],\"inLanguage\":\"it-IT\"}]}<\/script>\n<!-- \/ Yoast SEO plugin. -->","yoast_head_json":{"title":"Caratteristiche specifiche dei visti J1 e F1","description":"Quali sono le principali differenze tra il visto J1 e il visto F1? Questo \u00e8 ci\u00f2 che scopriremo in questo articolo.","robots":{"index":"index","follow":"follow","max-snippet":"max-snippet:-1","max-image-preview":"max-image-preview:large","max-video-preview":"max-video-preview:-1"},"canonical":"https:\/\/www.esta-officiel-usa.com\/it\/caratteristiche-specifiche-dei-visti-j1-e-f1\/","og_locale":"it_IT","og_type":"article","og_title":"Caratteristiche specifiche dei visti J1 e F1","og_description":"Quali sono le principali differenze tra il visto J1 e il visto F1? Questo \u00e8 ci\u00f2 che scopriremo in questo articolo.","og_url":"https:\/\/www.esta-officiel-usa.com\/it\/caratteristiche-specifiche-dei-visti-j1-e-f1\/","og_site_name":"ESTA - Stati Uniti","article_modified_time":"2025-09-13T12:06:26+00:00","twitter_card":"summary_large_image","twitter_misc":{"Tempo di lettura stimato":"4 minuti"},"schema":{"@context":"https:\/\/schema.org","@graph":[{"@type":"WebPage","@id":"https:\/\/www.esta-officiel-usa.com\/it\/caratteristiche-specifiche-dei-visti-j1-e-f1\/","url":"https:\/\/www.esta-officiel-usa.com\/it\/caratteristiche-specifiche-dei-visti-j1-e-f1\/","name":"Caratteristiche specifiche dei visti J1 e F1","isPartOf":{"@id":"https:\/\/www.esta-officiel-usa.com\/it\/#website"},"datePublished":"2025-09-13T12:06:21+00:00","dateModified":"2025-09-13T12:06:26+00:00","description":"Quali sono le principali differenze tra il visto J1 e il visto F1? Questo \u00e8 ci\u00f2 che scopriremo in questo articolo.","breadcrumb":{"@id":"https:\/\/www.esta-officiel-usa.com\/it\/caratteristiche-specifiche-dei-visti-j1-e-f1\/#breadcrumb"},"inLanguage":"it-IT","potentialAction":[{"@type":"ReadAction","target":["https:\/\/www.esta-officiel-usa.com\/it\/caratteristiche-specifiche-dei-visti-j1-e-f1\/"]}]},{"@type":"BreadcrumbList","@id":"https:\/\/www.esta-officiel-usa.com\/it\/caratteristiche-specifiche-dei-visti-j1-e-f1\/#breadcrumb","itemListElement":[{"@type":"ListItem","position":1,"name":"Casa","item":"https:\/\/www.esta-officiel-usa.com\/it\/"},{"@type":"ListItem","position":2,"name":"Caratteristiche specifiche dei visti J1 e F1"}]},{"@type":"WebSite","@id":"https:\/\/www.esta-officiel-usa.com\/it\/#website","url":"https:\/\/www.esta-officiel-usa.com\/it\/","name":"ESTA - Stati Uniti","description":"Modulo di richiesta ESTA","potentialAction":[{"@type":"SearchAction","target":{"@type":"EntryPoint","urlTemplate":"https:\/\/www.esta-officiel-usa.com\/it\/?s={search_term_string}"},"query-input":{"@type":"PropertyValueSpecification","valueRequired":true,"valueName":"search_term_string"}}],"inLanguage":"it-IT"}]}},"_links":{"self":[{"href":"https:\/\/www.esta-officiel-usa.com\/it\/wp-json\/wp\/v2\/pages\/1800","targetHints":{"allow":["GET"]}}],"collection":[{"href":"https:\/\/www.esta-officiel-usa.com\/it\/wp-json\/wp\/v2\/pages"}],"about":[{"href":"https:\/\/www.esta-officiel-usa.com\/it\/wp-json\/wp\/v2\/types\/page"}],"author":[{"embeddable":true,"href":"https:\/\/www.esta-officiel-usa.com\/it\/wp-json\/wp\/v2\/users\/1"}],"replies":[{"embeddable":true,"href":"https:\/\/www.esta-officiel-usa.com\/it\/wp-json\/wp\/v2\/comments?post=1800"}],"version-history":[{"count":1,"href":"https:\/\/www.esta-officiel-usa.com\/it\/wp-json\/wp\/v2\/pages\/1800\/revisions"}],"predecessor-version":[{"id":1801,"href":"https:\/\/www.esta-officiel-usa.com\/it\/wp-json\/wp\/v2\/pages\/1800\/revisions\/1801"}],"wp:attachment":[{"href":"https:\/\/www.esta-officiel-usa.com\/it\/wp-json\/wp\/v2\/media?parent=1800"}],"curies":[{"name":"wp","href":"https:\/\/api.w.org\/{rel}","templated":true}]}}