{"id":2155,"date":"2025-09-13T16:32:03","date_gmt":"2025-09-13T16:32:03","guid":{"rendered":"https:\/\/www.esta-officiel-usa.com\/i-principali-visti-per-gli-stati-uniti\/"},"modified":"2025-09-13T16:32:08","modified_gmt":"2025-09-13T16:32:08","slug":"i-principali-visti-per-gli-stati-uniti","status":"publish","type":"page","link":"https:\/\/www.esta-officiel-usa.com\/it\/i-principali-visti-per-gli-stati-uniti\/","title":{"rendered":"I principali visti per gli Stati Uniti"},"content":{"rendered":"\n<h1 class=\"wp-block-heading\">I diversi visti per viaggiare negli Stati Uniti<\/h1>\n\n<p>Viaggiare negli Stati Uniti non \u00e8 un&#8217;impresa da poco, ma si pu\u00f2 fare. Ci sono alcune formalit\u00e0 amministrative da espletare prima della partenza, in modo da poter viaggiare negli Stati Uniti legalmente e in tutta tranquillit\u00e0. <\/p>\n\n<p>Per proteggere il paese e rafforzare la sicurezza interna, la politica di immigrazione degli Stati Uniti \u00e8 piuttosto rigida: tutte le richieste di ingresso negli Stati Uniti richiedono un visto per gli USA o un <a href=\"https:\/\/www.esta-officiel-usa.com\/it\/\">ESTA<\/a>. In questo articolo potrai scoprire i diversi visti disponibili per visitare gli Stati Uniti. <\/p>\n\n<h2 class=\"wp-block-heading\">Quali sono le diverse fasi per ottenere un visto?<\/h2>\n\n<p>\u00c8 necessario ottenere il permesso di soggiorno negli Stati Uniti prima della partenza. Per farlo, devi recarti all&#8217;ambasciata statunitense pi\u00f9 vicina al tuo luogo di residenza, dopo aver preso un appuntamento in anticipo. <\/p>\n\n<p>Esistono diversi visti, adatti a ogni tipo di soggiorno (turismo, lavoro, stage negli USA, studio, ecc.) e al tuo profilo.<\/p>\n\n<p>Il colloquio presso l&#8217;ambasciata o il consolato americano \u00e8 una fase importante e inevitabile del processo di richiesta del visto. Dovrai spiegare, in inglese, le varie ragioni per cui vuoi recarti negli Stati Uniti (\u00e8 quindi necessario un buon livello di inglese): devi prepararti bene a questa fase per non incorrere in un rifiuto da parte delle autorit\u00e0 americane. <\/p>\n\n<p>Assicurati di portare con te il passaporto elettronico valido o il passaporto biometrico (con le impronte digitali) e gli altri documenti necessari, e prepara le risposte alle domande che ti verranno poste.<\/p>\n\n<h2 class=\"wp-block-heading\">Quali sono i diversi visti statunitensi?<\/h2>\n\n<p>Come gi\u00e0 detto, esistono diversi tipi di visto, adatti a ogni situazione. Ecco una tabella che riassume i diversi <a href=\"https:\/\/www.esta-officiel-usa.com\/it\/visti-americani-per-entrare-negli-stati-uniti\/\">visti USA<\/a> attualmente disponibili per recarsi negli Stati Uniti. <\/p>\n\n<figure class=\"wp-block-table\"><table class=\"\"><tbody><tr><td><strong>visto  <\/strong><\/td><td><strong>  Motivi per viaggiare  <\/strong><\/td><\/tr><tr><td>\n  B1\n\t\t\t<\/td><td>\n  Viaggi d&#8217;affari\n\t\t\t<\/td><\/tr><tr><td>\n  B2\n\t\t\t<\/td><td>\n  Visita turistica (visto turistico)\n\t\t\t<\/td><\/tr><tr><td>\n  B2\n\t\t\t<\/td><td>\n  Soggiorno per cure mediche\n\t\t\t<\/td><\/tr><tr><td>\n  C\n\t\t\t<\/td><td>\n  Scalo o transito per gli Stati Uniti\n\t\t\t<\/td><\/tr><tr><td> <a href=\"https:\/\/www.esta-officiel-usa.com\/it\/visto-f1-per-studiare-negli-stati-uniti\/\">F<\/a>, M  <\/td><td>\n  visto per studiare negli USA\n\t\t\t<\/td><\/tr><tr><td> <a href=\"https:\/\/www.esta-officiel-usa.com\/it\/cosa-ce-da-sapere-sul-visto-j\/\">J1<\/a>, Q  <\/td><td>\n  Visti per insegnanti e tirocinanti\n\t\t\t<\/td><\/tr><tr><td>\n  K\n\t\t\t<\/td><td>\n  visto per il coniuge di un cittadino statunitense\n\t\t\t<\/td><\/tr><tr><td> <a href=\"https:\/\/www.esta-officiel-usa.com\/it\/visti-o-e-p-per-atleti-o-artisti\/\">O e P<\/a> <\/td><td>\n  Visti per competenze straordinarie (artisti, sportivi, scienziati, ecc.)\n\t\t\t<\/td><\/tr><tr><td>\n  R\n\t\t\t<\/td><td>\n  visto per i religiosi\n\t\t\t<\/td><\/tr><tr><td>\n  BCC\n\t\t\t<\/td><td>\n  visto per l&#8217;attraversamento della frontiera dal Messico\n\t\t\t<\/td><\/tr><tr><td>\n  D\n\t\t\t<\/td><td>\n  visti per i membri dell&#8217;equipaggio (aereo, nave)\n\t\t\t<\/td><\/tr><tr><td>\n  H-1B\n\t\t\t<\/td><td>\n  visto per lavoratori specializzati\n\t\t\t<\/td><\/tr><tr><td>\n  H-2A\n\t\t\t<\/td><td>\n  visto per lavoratori agricoli\n\t\t\t<\/td><\/tr><\/tbody><\/table><\/figure>\n\n<p>Esistono quindi diversi visti, a seconda della tua situazione: se vuoi lavorare negli Stati Uniti, dovrai richiedere un visto H1B (permesso di lavoro). Se hai intenzione di avviare un&#8217;attivit\u00e0 commerciale, dovrai richiedere un visto E1\/E2 (visto per investitori). <\/p>\n\n<p>Se vuoi studiare in una delle principali universit\u00e0 americane, dovrai richiedere un visto F o M.<\/p>\n\n<h2 class=\"wp-block-heading\">Quali sono le alternative al visto per gli Stati Uniti?<\/h2>\n\n<p>Esistono alternative ai vari visti americani per vivere negli Stati Uniti per periodi pi\u00f9 o meno lunghi.<\/p>\n\n<h3 class=\"wp-block-heading\">ESTA come alternativa al visto per gli USA<\/h3>\n\n<p>L&#8217;autorizzazione ESTA \u00e8 un sistema elettronico di autorizzazione al viaggio che consente al suo titolare di recarsi negli Stati Uniti senza dover richiedere un visto USA. \u00c8 disponibile per i cittadini dei paesi che fanno parte del Programma Viaggio senza Visto (VWP). Attualmente sono <a href=\"https:\/\/www.esta-officiel-usa.com\/fr\/les-38-pays-partenaires-du-visa-waiver-program\/\">38 i Paesi<\/a> aderenti al VWP, tra cui Francia e Belgio.  <\/p>\n\n<p>Per farlo, devi fare domanda online tramite il sito ufficiale del governo statunitense \no utilizzare un sito web indipendente che ti aiuter\u00e0 a \ne a controllare i tuoi dati.<\/p>\n\n<h3 class=\"wp-block-heading\">La Carta Verde<\/h3>\n\n<p>La Green Card \u00e8 una carta di soggiorno americana che ti permette di vivere negli Stati Uniti in modo permanente. Chi possiede questo documento non ha lo status di cittadino americano, ma pu\u00f2 lavorare negli Stati Uniti e stabilirvisi in modo del tutto legale senza bisogno di un visto. Questo documento pu\u00f2 essere ottenuto in diversi modi, ad esempio tramite il datore di lavoro, la famiglia o le eccezionali capacit\u00e0. Esiste anche un sistema <a href=\"https:\/\/www.esta-officiel-usa.com\/it\/ottenere-una-carta-verde-tramite-lotteria\/\">di lotteria per la green card<\/a> che permette a milioni di immigrati in tutto il mondo di realizzare il loro sogno americano.   <\/p>\n\n<p>\n Se hai intenzione di immigrare negli Stati Uniti, non esitare a contattare \nper qualsiasi domanda sull&#8217;espatrio, sulle domande ESTA o sui visti per gli Stati Uniti.<\/p>\n","protected":false},"excerpt":{"rendered":"<p>I diversi visti per viaggiare negli Stati Uniti Viaggiare negli Stati Uniti non \u00e8 un&#8217;impresa da poco, ma si pu\u00f2 fare. Ci sono alcune formalit\u00e0 amministrative da espletare prima della partenza, in modo da poter viaggiare negli Stati Uniti legalmente e in tutta tranquillit\u00e0. Per proteggere il paese e rafforzare la sicurezza interna, la politica [&hellip;]<\/p>\n","protected":false},"author":1,"featured_media":0,"parent":0,"menu_order":0,"comment_status":"closed","ping_status":"closed","template":"","meta":{"footnotes":""},"class_list":["post-2155","page","type-page","status-publish","hentry"],"yoast_head":"<!-- This site is optimized with the Yoast SEO plugin v26.2 - https:\/\/yoast.com\/wordpress\/plugins\/seo\/ -->\n<title>I principali visti per gli Stati Uniti<\/title>\n<meta name=\"description\" content=\"Ecco i principali visti di cui hai bisogno per recarti negli Stati Uniti\" \/>\n<meta name=\"robots\" content=\"index, follow, max-snippet:-1, max-image-preview:large, max-video-preview:-1\" \/>\n<link rel=\"canonical\" href=\"https:\/\/www.esta-officiel-usa.com\/it\/i-principali-visti-per-gli-stati-uniti\/\" \/>\n<meta property=\"og:locale\" content=\"it_IT\" \/>\n<meta property=\"og:type\" content=\"article\" \/>\n<meta property=\"og:title\" content=\"I principali visti per gli Stati Uniti\" \/>\n<meta property=\"og:description\" content=\"Ecco i principali visti di cui hai bisogno per recarti negli Stati Uniti\" \/>\n<meta property=\"og:url\" content=\"https:\/\/www.esta-officiel-usa.com\/it\/i-principali-visti-per-gli-stati-uniti\/\" \/>\n<meta property=\"og:site_name\" content=\"ESTA - Stati Uniti\" \/>\n<meta property=\"article:modified_time\" content=\"2025-09-13T16:32:08+00:00\" \/>\n<meta name=\"twitter:card\" content=\"summary_large_image\" \/>\n<meta name=\"twitter:label1\" content=\"Tempo di lettura stimato\" \/>\n\t<meta name=\"twitter:data1\" content=\"3 minuti\" \/>\n<script type=\"application\/ld+json\" class=\"yoast-schema-graph\">{\"@context\":\"https:\/\/schema.org\",\"@graph\":[{\"@type\":\"WebPage\",\"@id\":\"https:\/\/www.esta-officiel-usa.com\/it\/i-principali-visti-per-gli-stati-uniti\/\",\"url\":\"https:\/\/www.esta-officiel-usa.com\/it\/i-principali-visti-per-gli-stati-uniti\/\",\"name\":\"I principali visti per gli Stati Uniti\",\"isPartOf\":{\"@id\":\"https:\/\/www.esta-officiel-usa.com\/it\/#website\"},\"datePublished\":\"2025-09-13T16:32:03+00:00\",\"dateModified\":\"2025-09-13T16:32:08+00:00\",\"description\":\"Ecco i principali visti di cui hai bisogno per recarti negli Stati Uniti\",\"breadcrumb\":{\"@id\":\"https:\/\/www.esta-officiel-usa.com\/it\/i-principali-visti-per-gli-stati-uniti\/#breadcrumb\"},\"inLanguage\":\"it-IT\",\"potentialAction\":[{\"@type\":\"ReadAction\",\"target\":[\"https:\/\/www.esta-officiel-usa.com\/it\/i-principali-visti-per-gli-stati-uniti\/\"]}]},{\"@type\":\"BreadcrumbList\",\"@id\":\"https:\/\/www.esta-officiel-usa.com\/it\/i-principali-visti-per-gli-stati-uniti\/#breadcrumb\",\"itemListElement\":[{\"@type\":\"ListItem\",\"position\":1,\"name\":\"Casa\",\"item\":\"https:\/\/www.esta-officiel-usa.com\/it\/\"},{\"@type\":\"ListItem\",\"position\":2,\"name\":\"I principali visti per gli Stati Uniti\"}]},{\"@type\":\"WebSite\",\"@id\":\"https:\/\/www.esta-officiel-usa.com\/it\/#website\",\"url\":\"https:\/\/www.esta-officiel-usa.com\/it\/\",\"name\":\"ESTA - Stati Uniti\",\"description\":\"Modulo di richiesta ESTA\",\"potentialAction\":[{\"@type\":\"SearchAction\",\"target\":{\"@type\":\"EntryPoint\",\"urlTemplate\":\"https:\/\/www.esta-officiel-usa.com\/it\/?s={search_term_string}\"},\"query-input\":{\"@type\":\"PropertyValueSpecification\",\"valueRequired\":true,\"valueName\":\"search_term_string\"}}],\"inLanguage\":\"it-IT\"}]}<\/script>\n<!-- \/ Yoast SEO plugin. -->","yoast_head_json":{"title":"I principali visti per gli Stati Uniti","description":"Ecco i principali visti di cui hai bisogno per recarti negli Stati Uniti","robots":{"index":"index","follow":"follow","max-snippet":"max-snippet:-1","max-image-preview":"max-image-preview:large","max-video-preview":"max-video-preview:-1"},"canonical":"https:\/\/www.esta-officiel-usa.com\/it\/i-principali-visti-per-gli-stati-uniti\/","og_locale":"it_IT","og_type":"article","og_title":"I principali visti per gli Stati Uniti","og_description":"Ecco i principali visti di cui hai bisogno per recarti negli Stati Uniti","og_url":"https:\/\/www.esta-officiel-usa.com\/it\/i-principali-visti-per-gli-stati-uniti\/","og_site_name":"ESTA - Stati Uniti","article_modified_time":"2025-09-13T16:32:08+00:00","twitter_card":"summary_large_image","twitter_misc":{"Tempo di lettura stimato":"3 minuti"},"schema":{"@context":"https:\/\/schema.org","@graph":[{"@type":"WebPage","@id":"https:\/\/www.esta-officiel-usa.com\/it\/i-principali-visti-per-gli-stati-uniti\/","url":"https:\/\/www.esta-officiel-usa.com\/it\/i-principali-visti-per-gli-stati-uniti\/","name":"I principali visti per gli Stati Uniti","isPartOf":{"@id":"https:\/\/www.esta-officiel-usa.com\/it\/#website"},"datePublished":"2025-09-13T16:32:03+00:00","dateModified":"2025-09-13T16:32:08+00:00","description":"Ecco i principali visti di cui hai bisogno per recarti negli Stati Uniti","breadcrumb":{"@id":"https:\/\/www.esta-officiel-usa.com\/it\/i-principali-visti-per-gli-stati-uniti\/#breadcrumb"},"inLanguage":"it-IT","potentialAction":[{"@type":"ReadAction","target":["https:\/\/www.esta-officiel-usa.com\/it\/i-principali-visti-per-gli-stati-uniti\/"]}]},{"@type":"BreadcrumbList","@id":"https:\/\/www.esta-officiel-usa.com\/it\/i-principali-visti-per-gli-stati-uniti\/#breadcrumb","itemListElement":[{"@type":"ListItem","position":1,"name":"Casa","item":"https:\/\/www.esta-officiel-usa.com\/it\/"},{"@type":"ListItem","position":2,"name":"I principali visti per gli Stati Uniti"}]},{"@type":"WebSite","@id":"https:\/\/www.esta-officiel-usa.com\/it\/#website","url":"https:\/\/www.esta-officiel-usa.com\/it\/","name":"ESTA - Stati Uniti","description":"Modulo di richiesta ESTA","potentialAction":[{"@type":"SearchAction","target":{"@type":"EntryPoint","urlTemplate":"https:\/\/www.esta-officiel-usa.com\/it\/?s={search_term_string}"},"query-input":{"@type":"PropertyValueSpecification","valueRequired":true,"valueName":"search_term_string"}}],"inLanguage":"it-IT"}]}},"_links":{"self":[{"href":"https:\/\/www.esta-officiel-usa.com\/it\/wp-json\/wp\/v2\/pages\/2155","targetHints":{"allow":["GET"]}}],"collection":[{"href":"https:\/\/www.esta-officiel-usa.com\/it\/wp-json\/wp\/v2\/pages"}],"about":[{"href":"https:\/\/www.esta-officiel-usa.com\/it\/wp-json\/wp\/v2\/types\/page"}],"author":[{"embeddable":true,"href":"https:\/\/www.esta-officiel-usa.com\/it\/wp-json\/wp\/v2\/users\/1"}],"replies":[{"embeddable":true,"href":"https:\/\/www.esta-officiel-usa.com\/it\/wp-json\/wp\/v2\/comments?post=2155"}],"version-history":[{"count":1,"href":"https:\/\/www.esta-officiel-usa.com\/it\/wp-json\/wp\/v2\/pages\/2155\/revisions"}],"predecessor-version":[{"id":2156,"href":"https:\/\/www.esta-officiel-usa.com\/it\/wp-json\/wp\/v2\/pages\/2155\/revisions\/2156"}],"wp:attachment":[{"href":"https:\/\/www.esta-officiel-usa.com\/it\/wp-json\/wp\/v2\/media?parent=2155"}],"curies":[{"name":"wp","href":"https:\/\/api.w.org\/{rel}","templated":true}]}}