{"id":590,"date":"2020-02-14T15:04:00","date_gmt":"2020-02-14T15:04:00","guid":{"rendered":"http:\/\/www.esta-officiel-usa.com\/esta-modulo-esta-usa\/"},"modified":"2025-09-13T15:56:54","modified_gmt":"2025-09-13T15:56:54","slug":"esta-modulo-esta-usa","status":"publish","type":"page","link":"https:\/\/www.esta-officiel-usa.com\/it\/","title":{"rendered":"ESTA &#8211; Modulo ESTA USA"},"content":{"rendered":"\n<h1 class=\"wp-block-heading\">Cos&#8217;\u00e8 l&#8217;autorizzazione ESTA?<\/h1>\n\n<p>Richiedi la tua ESTA online in pochi minuti e ricevi la conferma via e-mail entro 72 ore. Se vivi in uno dei Paesi aderenti al <a href=\"https:\/\/www.esta-officiel-usa.com\/it\/informazioni-sul-programma-viaggio-senza-visto\/\">Visa Waiver Program<\/a>, non hai bisogno di un visto per recarti negli Stati Uniti: devi solo richiedere l&#8217;ESTA. <\/p>\n\n<h2 class=\"wp-block-heading\">\u00c8 facile ottenere l&#8217;ESTA<\/h2>\n\n<p>Autorizzazione di viaggio indispensabile dal 2009, l&#8217;<a href=\"https:\/\/www.esta-officiel-usa.com\/it\/cose-lesta\/\">ESTA<\/a> (Electronic System for Travel Authorization) ti permette di ottenere il via libera dalle autorit\u00e0 americane per recarti negli Stati Uniti. Questo documento offre notevoli vantaggi, come l&#8217;esenzione dall&#8217;obbligo del visto tradizionale, il cui ottenimento \u00e8 spesso costoso e talvolta lungo. <\/p>\n\n<p>L&#8217;ESTA consente ai viaggiatori di soggiornare negli Stati Uniti per un massimo di 90 giorni, rinnovabili pi\u00f9 volte nell&#8217;arco di due anni. Poich\u00e9 \u00e8 facile e veloce da ottenere, l&#8217;ESTA \u00e8 un requisito indispensabile per chiunque voglia recarsi negli Stati Uniti per turismo o per affari. <\/p>\n\n<h2 class=\"wp-block-heading\">Informazioni utili sull&#8217;ESTA<\/h2>\n\n<p>Questo sistema di autorizzazione elettronica al viaggio \u00e8 gestito dal <a href=\"https:\/\/www.dhs.gov\/\">Dipartimento di Sicurezza Nazionale degli Stati Uniti<\/a>. L&#8217;ESTA richiede una verifica preliminare della tua identit\u00e0 e del motivo del tuo viaggio. Una volta accettata la domanda e pagata la relativa tassa, riceverai il documento, che potrai scaricare online. L <a href=\"https:\/\/www.esta-officiel-usa.com\/it\/per-quanto-tempo-e-valido-lesta\/\">&#8216;ESTA \u00e8 valida per<\/a> due anni, o fino alla data di scadenza del passaporto. Durante questo periodo, potrai effettuare diverse visite negli Stati Uniti della durata massima di 90 giorni. L&#8217;ESTA \u00e8 stata introdotta per facilitare l&#8217;accesso agli Stati Uniti ai cittadini dei Paesi che partecipano al Programma Viaggio senza Visto.    <\/p>\n\n<p><strong>Attenzione:<\/strong> il costo di un modulo ESTA di base \u00e8 di 21 dollari.<\/p>\n\n<h2 class=\"wp-block-heading\">I diversi modi per ottenere un&#8217;ESTA<\/h2>\n\n<p>Lo scopo di questa formalit\u00e0 \u00e8 quello di facilitare il viaggio negli Stati Uniti. Esistono due modi per <a href=\"https:\/\/www.esta-officiel-usa.com\/it\/esta-come-ottenere-questo-documento\/\">ottenere il documento ESTA USA<\/a>: <\/p>\n\n<ul class=\"wp-block-list\">\n<li>Utilizzando una piattaforma privata, avrai accesso a un modulo semplificato per ottenere l&#8217;ESTA per gli Stati Uniti. I servizi includono assistenza online disponibile 7 giorni su 7. <\/li>\n\n\n\n<li>Tramite il <a href=\"https:\/\/www.uscis.gov\/\">sito ufficiale della dogana statunitense<\/a>, puoi utilizzare il modulo online per inserire informazioni sulla tua identit\u00e0 e sul motivo del tuo viaggio. Riceverai una risposta alla tua richiesta entro 72 ore.   <\/li>\n<\/ul>\n\n<p><a href=\"https:\/\/www.esta-officiel-usa.com\/it\/modulo-esta-a-chi-e-destinato\/\">Il modulo ESTA \u00e8 destinato ai<\/a> cittadini di paesi che partecipano al Programma Viaggio senza Visto.<\/p>\n\n<h2 class=\"wp-block-heading\">Chi \u00e8 interessato dal modulo ESTA?<\/h2>\n\n<p>Poich\u00e9 gli Stati Uniti non fanno parte della zona europea, i viaggiatori che desiderano visitare gli Stati Uniti devono ottenere un documento ufficiale che permetta loro di entrare nel paese. Questa autorizzazione amministrativa pu\u00f2 essere : <\/p>\n\n<ul class=\"wp-block-list\">\n<li>Autorizzazione ESTA per un soggiorno di breve durata;<\/li>\n\n\n\n<li>Un visto b2 per un soggiorno turistico pi\u00f9 lungo;<\/li>\n\n\n\n<li>Una green card per diventare un residente permanente negli Stati Uniti.<\/li>\n<\/ul>\n\n<p>L&#8217;autorizzazione ESTA si applica solo ai cittadini dei paesi che partecipano al <a href=\"https:\/\/www.esta-officiel-usa.com\/it\/informazioni-sul-programma-viaggio-senza-visto\/\">Programma Viaggio senza Visto (Visa Waiver Programme)<\/a> che desiderano recarsi negli Stati Uniti per turismo o per affari. L&#8217;elenco dei paesi che partecipano al programma \u00e8 : <\/p>\n\n<p>Andorra, Australia, Austria, Belgio, Brunei, Croazia, Danimarca, Estonia, Finlandia, Francia, Germania, Gran Bretagna, Grecia, Ungheria, Islanda, Irlanda, Israele, Italia, Giappone, Lettonia, Liechtenstein, Lituania, Lussemburgo, Malta, Monaco, Paesi Bassi, Nuova Zelanda, Norvegia, Portogallo, Polonia, Repubblica di Corea, San Marino, Singapore, Slovacchia, Slovenia, Spagna, Svezia, Svizzera e Taiwan.  <\/p>\n","protected":false},"excerpt":{"rendered":"<p>Cos&#8217;\u00e8 l&#8217;autorizzazione ESTA? Richiedi la tua ESTA online in pochi minuti e ricevi la conferma via e-mail entro 72 ore. Se vivi in uno dei Paesi aderenti al Visa Waiver Program, non hai bisogno di un visto per recarti negli Stati Uniti: devi solo richiedere l&#8217;ESTA. \u00c8 facile ottenere l&#8217;ESTA Autorizzazione di viaggio indispensabile dal [&hellip;]<\/p>\n","protected":false},"author":1,"featured_media":0,"parent":0,"menu_order":0,"comment_status":"closed","ping_status":"closed","template":"","meta":{"footnotes":""},"class_list":["post-590","page","type-page","status-publish","hentry"],"yoast_head":"<!-- This site is optimized with the Yoast SEO plugin v26.2 - https:\/\/yoast.com\/wordpress\/plugins\/seo\/ -->\n<title>ESTA - Modulo ESTA USA<\/title>\n<meta name=\"description\" content=\"Se vivi in uno dei Paesi aderenti al Visa Waiver Program, non hai bisogno di un visto per gli Stati Uniti, ma devi ottenere un&#039;ESTA.\" \/>\n<meta name=\"robots\" content=\"index, follow, max-snippet:-1, max-image-preview:large, max-video-preview:-1\" \/>\n<link rel=\"canonical\" href=\"https:\/\/www.esta-officiel-usa.com\/it\/\" \/>\n<meta property=\"og:locale\" content=\"it_IT\" \/>\n<meta property=\"og:type\" content=\"article\" \/>\n<meta property=\"og:title\" content=\"ESTA - Modulo ESTA USA\" \/>\n<meta property=\"og:description\" content=\"Se vivi in uno dei Paesi aderenti al Visa Waiver Program, non hai bisogno di un visto per gli Stati Uniti, ma devi ottenere un&#039;ESTA.\" \/>\n<meta property=\"og:url\" content=\"https:\/\/www.esta-officiel-usa.com\/it\/\" \/>\n<meta property=\"og:site_name\" content=\"ESTA - Stati Uniti\" \/>\n<meta property=\"article:modified_time\" content=\"2025-09-13T15:56:54+00:00\" \/>\n<meta name=\"twitter:card\" content=\"summary_large_image\" \/>\n<meta name=\"twitter:label1\" content=\"Tempo di lettura stimato\" \/>\n\t<meta name=\"twitter:data1\" content=\"2 minuti\" \/>\n<script type=\"application\/ld+json\" class=\"yoast-schema-graph\">{\"@context\":\"https:\/\/schema.org\",\"@graph\":[{\"@type\":\"WebPage\",\"@id\":\"https:\/\/www.esta-officiel-usa.com\/it\/\",\"url\":\"https:\/\/www.esta-officiel-usa.com\/it\/\",\"name\":\"ESTA - Modulo ESTA USA\",\"isPartOf\":{\"@id\":\"https:\/\/www.esta-officiel-usa.com\/it\/#website\"},\"datePublished\":\"2020-02-14T15:04:00+00:00\",\"dateModified\":\"2025-09-13T15:56:54+00:00\",\"description\":\"Se vivi in uno dei Paesi aderenti al Visa Waiver Program, non hai bisogno di un visto per gli Stati Uniti, ma devi ottenere un'ESTA.\",\"breadcrumb\":{\"@id\":\"https:\/\/www.esta-officiel-usa.com\/it\/#breadcrumb\"},\"inLanguage\":\"it-IT\",\"potentialAction\":[{\"@type\":\"ReadAction\",\"target\":[\"https:\/\/www.esta-officiel-usa.com\/it\/\"]}]},{\"@type\":\"BreadcrumbList\",\"@id\":\"https:\/\/www.esta-officiel-usa.com\/it\/#breadcrumb\",\"itemListElement\":[{\"@type\":\"ListItem\",\"position\":1,\"name\":\"Casa\",\"item\":\"https:\/\/www.esta-officiel-usa.com\/it\/\"},{\"@type\":\"ListItem\",\"position\":2,\"name\":\"ESTA &#8211; Modulo ESTA USA\"}]},{\"@type\":\"WebSite\",\"@id\":\"https:\/\/www.esta-officiel-usa.com\/it\/#website\",\"url\":\"https:\/\/www.esta-officiel-usa.com\/it\/\",\"name\":\"ESTA - Stati Uniti\",\"description\":\"Modulo di richiesta ESTA\",\"potentialAction\":[{\"@type\":\"SearchAction\",\"target\":{\"@type\":\"EntryPoint\",\"urlTemplate\":\"https:\/\/www.esta-officiel-usa.com\/it\/?s={search_term_string}\"},\"query-input\":{\"@type\":\"PropertyValueSpecification\",\"valueRequired\":true,\"valueName\":\"search_term_string\"}}],\"inLanguage\":\"it-IT\"}]}<\/script>\n<!-- \/ Yoast SEO plugin. -->","yoast_head_json":{"title":"ESTA - Modulo ESTA USA","description":"Se vivi in uno dei Paesi aderenti al Visa Waiver Program, non hai bisogno di un visto per gli Stati Uniti, ma devi ottenere un'ESTA.","robots":{"index":"index","follow":"follow","max-snippet":"max-snippet:-1","max-image-preview":"max-image-preview:large","max-video-preview":"max-video-preview:-1"},"canonical":"https:\/\/www.esta-officiel-usa.com\/it\/","og_locale":"it_IT","og_type":"article","og_title":"ESTA - Modulo ESTA USA","og_description":"Se vivi in uno dei Paesi aderenti al Visa Waiver Program, non hai bisogno di un visto per gli Stati Uniti, ma devi ottenere un'ESTA.","og_url":"https:\/\/www.esta-officiel-usa.com\/it\/","og_site_name":"ESTA - Stati Uniti","article_modified_time":"2025-09-13T15:56:54+00:00","twitter_card":"summary_large_image","twitter_misc":{"Tempo di lettura stimato":"2 minuti"},"schema":{"@context":"https:\/\/schema.org","@graph":[{"@type":"WebPage","@id":"https:\/\/www.esta-officiel-usa.com\/it\/","url":"https:\/\/www.esta-officiel-usa.com\/it\/","name":"ESTA - Modulo ESTA USA","isPartOf":{"@id":"https:\/\/www.esta-officiel-usa.com\/it\/#website"},"datePublished":"2020-02-14T15:04:00+00:00","dateModified":"2025-09-13T15:56:54+00:00","description":"Se vivi in uno dei Paesi aderenti al Visa Waiver Program, non hai bisogno di un visto per gli Stati Uniti, ma devi ottenere un'ESTA.","breadcrumb":{"@id":"https:\/\/www.esta-officiel-usa.com\/it\/#breadcrumb"},"inLanguage":"it-IT","potentialAction":[{"@type":"ReadAction","target":["https:\/\/www.esta-officiel-usa.com\/it\/"]}]},{"@type":"BreadcrumbList","@id":"https:\/\/www.esta-officiel-usa.com\/it\/#breadcrumb","itemListElement":[{"@type":"ListItem","position":1,"name":"Casa","item":"https:\/\/www.esta-officiel-usa.com\/it\/"},{"@type":"ListItem","position":2,"name":"ESTA &#8211; Modulo ESTA USA"}]},{"@type":"WebSite","@id":"https:\/\/www.esta-officiel-usa.com\/it\/#website","url":"https:\/\/www.esta-officiel-usa.com\/it\/","name":"ESTA - Stati Uniti","description":"Modulo di richiesta ESTA","potentialAction":[{"@type":"SearchAction","target":{"@type":"EntryPoint","urlTemplate":"https:\/\/www.esta-officiel-usa.com\/it\/?s={search_term_string}"},"query-input":{"@type":"PropertyValueSpecification","valueRequired":true,"valueName":"search_term_string"}}],"inLanguage":"it-IT"}]}},"_links":{"self":[{"href":"https:\/\/www.esta-officiel-usa.com\/it\/wp-json\/wp\/v2\/pages\/590","targetHints":{"allow":["GET"]}}],"collection":[{"href":"https:\/\/www.esta-officiel-usa.com\/it\/wp-json\/wp\/v2\/pages"}],"about":[{"href":"https:\/\/www.esta-officiel-usa.com\/it\/wp-json\/wp\/v2\/types\/page"}],"author":[{"embeddable":true,"href":"https:\/\/www.esta-officiel-usa.com\/it\/wp-json\/wp\/v2\/users\/1"}],"replies":[{"embeddable":true,"href":"https:\/\/www.esta-officiel-usa.com\/it\/wp-json\/wp\/v2\/comments?post=590"}],"version-history":[{"count":3,"href":"https:\/\/www.esta-officiel-usa.com\/it\/wp-json\/wp\/v2\/pages\/590\/revisions"}],"predecessor-version":[{"id":2145,"href":"https:\/\/www.esta-officiel-usa.com\/it\/wp-json\/wp\/v2\/pages\/590\/revisions\/2145"}],"wp:attachment":[{"href":"https:\/\/www.esta-officiel-usa.com\/it\/wp-json\/wp\/v2\/media?parent=590"}],"curies":[{"name":"wp","href":"https:\/\/api.w.org\/{rel}","templated":true}]}}