{"id":850,"date":"2025-09-13T11:56:46","date_gmt":"2025-09-13T11:56:46","guid":{"rendered":"https:\/\/www.esta-officiel-usa.com\/visti-o-e-p-per-atleti-o-artisti\/"},"modified":"2025-09-13T11:56:47","modified_gmt":"2025-09-13T11:56:47","slug":"visti-o-e-p-per-atleti-o-artisti","status":"publish","type":"page","link":"https:\/\/www.esta-officiel-usa.com\/it\/visti-o-e-p-per-atleti-o-artisti\/","title":{"rendered":"Visti O e P per atleti o artisti"},"content":{"rendered":"\n<h1 class=\"wp-block-heading\">Visti O e P per i viaggiatori rari che si recano negli USA<\/h1>\n\n<p>Ogni anno, i cittadini stranieri ottengono circa dieci milioni di visti non immigranti per soggiornare temporaneamente negli Stati Uniti. Esistono decine di tipi diversi di visto: visti turistici (i pi\u00f9 popolari), visti di lavoro, visti per investitori e molti altri. Se a questi si aggiungono i visitatori che viaggiano nell&#8217;ambito del programma<a href=\"https:\/\/www.esta-officiel-usa.com\/it\/\">ESTA <\/a>(visa waiver programme) e gli immigrati che ricevono la carta di soggiorno permanente (&#8220;green card&#8221;), ci si rende conto di quanto gli Stati Uniti siano importanti per gran parte della popolazione mondiale. Ogni visto merita una propria scheda di presentazione, perch\u00e9 le caratteristiche e le procedure di richiesta variano enormemente da un visto all&#8217;altro. Qui di seguito parliamo dei visti O e P. Ti spiegheremo a chi sono destinati e come richiederli per recarti legalmente negli Stati Uniti.    <\/p>\n\n<h2 class=\"wp-block-heading\">Visti O e P basati sul talento sportivo, artistico o scientifico&#8230;<\/h2>\n\n<p>In genere, un <a href=\"https:\/\/www.esta-officiel-usa.com\/fr\/quels-sont-les-differents-visas-pour-les-usa\/\">tipo di visto<\/a> si basa soprattutto su un motivo specifico per cui si viaggia: per studiare, per fare volontariato, per trascorrere un periodo alla pari, ecc. Per i visti O e P, i criteri di ammissibilit\u00e0 si concentrano maggiormente sul profilo del richiedente. In entrambi i casi, dovrai dimostrare di avere competenze pi\u00f9 sviluppate rispetto al solito, indipendentemente dal fatto che tu stia facendo domanda per un visto O o P.  <\/p>\n\n<p>\u00c8 importante distinguere tra i due tipi di autorizzazione. Ricorda \nche tutti i visti per non immigrati ti permettono di visitare \ngli Stati Uniti per un soggiorno temporaneo. Tuttavia, quest&#8217;ultimo \u00e8 \nvariabile, cos\u00ec come il metodo per ottenerlo, a seconda della situazione. \nIn altre parole: non scegliere il tuo visto a caso tra il P e \nl&#8217;O. Vedi di seguito le loro caratteristiche:  <\/p>\n\n<h3 class=\"wp-block-heading\">Il visto O in dettaglio<\/h3>\n\n<p>A prima vista, il nome del visto O \u00e8 sorprendente: &#8220;Individui con capacit\u00e0 o risultati straordinari&#8221;. In parole povere, questo certificato prende in considerazione le capacit\u00e0 del richiedente; \u00e8 indispensabile che abbia raggiunto risultati incredibili rispetto alla media delle persone. Tuttavia, \u00e8 limitato a pochi campi di applicazione:  <\/p>\n\n<ul class=\"wp-block-list\"><li>scienza, istruzione, affari e sport per la versione O1A del visto;<\/li><li>arti, televisione e cinema per la versione O1B del visto.<\/li><\/ul>\n\n<p>\nRicorda che non \u00e8 sufficiente aver vinto un premio studentesco alla tua\n universit\u00e0 o aver vinto una competizione sportiva organizzata dalla tua citt\u00e0; qui si parla di un &#8220;livello di competenza che colloca la persona \ntra una piccola percentuale ai massimi livelli nel campo in \nquestione&#8221;. Nei settori dell&#8217;arte e dell&#8217;audiovisivo, il candidato, oltre a \npossedere un talento, deve essere riconosciuto per questo. <\/p>\n\n<p>Inoltre, gli assistenti e i coniugi dei titolari di un visto O possono accompagnarli richiedendo un O2 o un O3.<\/p>\n\n<h3 class=\"wp-block-heading\">Il visto P e le sue varianti<\/h3>\n\n<p>Per entrare negli Stati Uniti con un visto P, esistono diversi contesti\n corrispondenti alle versioni di questo permesso di soggiorno:<\/p>\n\n<ul class=\"wp-block-list\"><li>P1A: per gli atleti che arrivano negli Stati Uniti per partecipare a un evento sportivo, sia come squadra che individualmente. Solo una selezione dei migliori atleti pu\u00f2 richiedere il prezioso documento; <\/li><li>P1B: per i membri di gruppi di intrattenimento di fama mondiale (circo, musica, ecc.);<\/li><li>P2: per gli artisti (da soli o in gruppo) che partecipano a un programma di scambio reciproco tra gli Stati Uniti e un paese terzo;<\/li><li>P3: simile al visto P2, il P3 si rivolge agli stessi artisti ma questa volta come parte di un programma unilaterale. I candidati possono recarsi negli Stati Uniti per insegnare, allenare o esibirsi attraverso un programma &#8220;culturalmente unico&#8221;. <\/li><\/ul>\n\n<p>Non \u00e8 facile capire le sfumature dei visti O e P e tutte le loro varianti! Non esitare a fare ulteriori ricerche su Internet o a contattare organizzazioni specializzate nell&#8217;ottenimento di visti. <\/p>\n\n<p>Hai uno straordinario talento artistico, eccezionali doti sportive o sei stato coinvolto in un importante progetto cinematografico? Forse il tuo soggiorno negli Stati Uniti pu\u00f2 diventare realt\u00e0 grazie ai documenti descritti qui. Ma come puoi approfittare di questi visti O e P, che offrono un accesso diretto al Paese dello Zio Sam? Questo \u00e8 l&#8217;argomento della seconda parte di questo articolo!   <\/p>\n\n<h2 class=\"wp-block-heading\">Il visto O o P: come ottenerlo<\/h2>\n\n<p>Pianifica per tempo la tua richiesta di visto O o P. La procedura\n non pu\u00f2 essere completata in pochi giorni, nonostante tutto il tuo \nimpegno e il tuo tempo; dipenderai dalla disponibilit\u00e0 e dalla prontezza di \ndiversi contatti. \nInoltre, anche se pensi di soddisfare tutte\n le condizioni di cui sopra, devi sapere che la decisione di rilasciare il \nvisto spetta interamente alle autorit\u00e0 statunitensi; tieni presente \nche non c&#8217;\u00e8 alcuna garanzia di risposta positiva finch\u00e9 non la ricevi. <\/p>\n\n<p>Come funziona la procedura? In questa sede ci limiteremo a descrivere i punti salienti \npoich\u00e9 dovremmo dedicare un intero articolo all&#8217;ottenimento di \nciascuna delle versioni di visto sopra menzionate: O-1, \nP-1A, P3, ecc. <\/p>\n\n<p>Qualunque sia il documento che stai richiedendo, dovrai compilare il modulo\n I-129 e avere un passaporto valido. La differenza sta \nnei documenti di supporto che dovrai allegare, a seconda che tu stia richiedendo un \nvisto O o P. La tua domanda deve dimostrare di soddisfare i \ncriteri: un parere di un ente riconosciuto sulle tue competenze,\n diplomi e riconoscimenti, contratti, copie di accordi di programma, \nlettere di raccomandazione&#8230; preparati a fare molte fotocopie e\n stampe! <\/p>\n\n<p>Allo stesso tempo, dovrai pagare una tassa; nessun visto \u00e8 gratuito, in quanto la procedura richiede il pagamento di una media di diverse centinaia di euro. Non preoccuparti, per\u00f2, se ti <a href=\"https:\/\/www.esta-officiel-usa.com\/fr\/partir-en-voyage-aux-etats-unis\/\">rechi negli Stati Uniti<\/a> come turista: il costo \u00e8 inferiore grazie all&#8217;ESTA (l&#8217;autorizzazione dei paesi aderenti al Visa Waiver Programme). <\/p>\n\n<p>Una volta accettata la domanda, dovrai fissare un appuntamento con i servizi consolari dell&#8217;ambasciata americana (a Parigi per la Francia) o del consolato. Questa fase si applica generalmente a tutti i tipi di visto: O, P, ma anche L1, <a href=\"https:\/\/www.esta-officiel-usa.com\/fr\/comment-faire-pour-investir-aux-etats-unis-avec-le-visa-e1-e2\/\">E1-E2<\/a>, H, ecc. Questo colloquio con un rappresentante degli Stati Uniti ti d\u00e0 l&#8217;opportunit\u00e0 di esprimere le tue motivazioni, presentare le tue competenze e i tuoi progetti, che non devono necessariamente prevedere di diventare un residente permanente.  <\/p>\n\n<p>Poi incrocia le dita e spera di aver convinto il tuo interlocutore! Sar\u00e0 lui a decidere se dare o meno il via libera all&#8217;invio del documento di viaggio. <\/p>\n\n<p>Ti auguriamo di sfruttare al meglio il tuo concorso o programma negli Stati Uniti d&#8217;America, grazie alla richiesta del visto O o P.<\/p>\n","protected":false},"excerpt":{"rendered":"<p>Visti O e P per i viaggiatori rari che si recano negli USA Ogni anno, i cittadini stranieri ottengono circa dieci milioni di visti non immigranti per soggiornare temporaneamente negli Stati Uniti. Esistono decine di tipi diversi di visto: visti turistici (i pi\u00f9 popolari), visti di lavoro, visti per investitori e molti altri. Se a [&hellip;]<\/p>\n","protected":false},"author":1,"featured_media":0,"parent":0,"menu_order":0,"comment_status":"closed","ping_status":"closed","template":"","meta":{"footnotes":""},"class_list":["post-850","page","type-page","status-publish","hentry"],"yoast_head":"<!-- This site is optimized with the Yoast SEO plugin v26.2 - https:\/\/yoast.com\/wordpress\/plugins\/seo\/ -->\n<title>Visti O e P per atleti o artisti<\/title>\n<meta name=\"description\" content=\"Pensati per persone con competenze superiori alla norma, i visti americani O e P consentono di recarsi temporaneamente negli Stati Uniti.\" \/>\n<meta name=\"robots\" content=\"index, follow, max-snippet:-1, max-image-preview:large, max-video-preview:-1\" \/>\n<link rel=\"canonical\" href=\"https:\/\/www.esta-officiel-usa.com\/it\/visti-o-e-p-per-atleti-o-artisti\/\" \/>\n<meta property=\"og:locale\" content=\"it_IT\" \/>\n<meta property=\"og:type\" content=\"article\" \/>\n<meta property=\"og:title\" content=\"Visti O e P per atleti o artisti\" \/>\n<meta property=\"og:description\" content=\"Pensati per persone con competenze superiori alla norma, i visti americani O e P consentono di recarsi temporaneamente negli Stati Uniti.\" \/>\n<meta property=\"og:url\" content=\"https:\/\/www.esta-officiel-usa.com\/it\/visti-o-e-p-per-atleti-o-artisti\/\" \/>\n<meta property=\"og:site_name\" content=\"ESTA - Stati Uniti\" \/>\n<meta property=\"article:modified_time\" content=\"2025-09-13T11:56:47+00:00\" \/>\n<meta name=\"twitter:card\" content=\"summary_large_image\" \/>\n<meta name=\"twitter:label1\" content=\"Tempo di lettura stimato\" \/>\n\t<meta name=\"twitter:data1\" content=\"5 minuti\" \/>\n<script type=\"application\/ld+json\" class=\"yoast-schema-graph\">{\"@context\":\"https:\/\/schema.org\",\"@graph\":[{\"@type\":\"WebPage\",\"@id\":\"https:\/\/www.esta-officiel-usa.com\/it\/visti-o-e-p-per-atleti-o-artisti\/\",\"url\":\"https:\/\/www.esta-officiel-usa.com\/it\/visti-o-e-p-per-atleti-o-artisti\/\",\"name\":\"Visti O e P per atleti o artisti\",\"isPartOf\":{\"@id\":\"https:\/\/www.esta-officiel-usa.com\/it\/#website\"},\"datePublished\":\"2025-09-13T11:56:46+00:00\",\"dateModified\":\"2025-09-13T11:56:47+00:00\",\"description\":\"Pensati per persone con competenze superiori alla norma, i visti americani O e P consentono di recarsi temporaneamente negli Stati Uniti.\",\"breadcrumb\":{\"@id\":\"https:\/\/www.esta-officiel-usa.com\/it\/visti-o-e-p-per-atleti-o-artisti\/#breadcrumb\"},\"inLanguage\":\"it-IT\",\"potentialAction\":[{\"@type\":\"ReadAction\",\"target\":[\"https:\/\/www.esta-officiel-usa.com\/it\/visti-o-e-p-per-atleti-o-artisti\/\"]}]},{\"@type\":\"BreadcrumbList\",\"@id\":\"https:\/\/www.esta-officiel-usa.com\/it\/visti-o-e-p-per-atleti-o-artisti\/#breadcrumb\",\"itemListElement\":[{\"@type\":\"ListItem\",\"position\":1,\"name\":\"Casa\",\"item\":\"https:\/\/www.esta-officiel-usa.com\/it\/\"},{\"@type\":\"ListItem\",\"position\":2,\"name\":\"Visti O e P per atleti o artisti\"}]},{\"@type\":\"WebSite\",\"@id\":\"https:\/\/www.esta-officiel-usa.com\/it\/#website\",\"url\":\"https:\/\/www.esta-officiel-usa.com\/it\/\",\"name\":\"ESTA - Stati Uniti\",\"description\":\"Modulo di richiesta ESTA\",\"potentialAction\":[{\"@type\":\"SearchAction\",\"target\":{\"@type\":\"EntryPoint\",\"urlTemplate\":\"https:\/\/www.esta-officiel-usa.com\/it\/?s={search_term_string}\"},\"query-input\":{\"@type\":\"PropertyValueSpecification\",\"valueRequired\":true,\"valueName\":\"search_term_string\"}}],\"inLanguage\":\"it-IT\"}]}<\/script>\n<!-- \/ Yoast SEO plugin. -->","yoast_head_json":{"title":"Visti O e P per atleti o artisti","description":"Pensati per persone con competenze superiori alla norma, i visti americani O e P consentono di recarsi temporaneamente negli Stati Uniti.","robots":{"index":"index","follow":"follow","max-snippet":"max-snippet:-1","max-image-preview":"max-image-preview:large","max-video-preview":"max-video-preview:-1"},"canonical":"https:\/\/www.esta-officiel-usa.com\/it\/visti-o-e-p-per-atleti-o-artisti\/","og_locale":"it_IT","og_type":"article","og_title":"Visti O e P per atleti o artisti","og_description":"Pensati per persone con competenze superiori alla norma, i visti americani O e P consentono di recarsi temporaneamente negli Stati Uniti.","og_url":"https:\/\/www.esta-officiel-usa.com\/it\/visti-o-e-p-per-atleti-o-artisti\/","og_site_name":"ESTA - Stati Uniti","article_modified_time":"2025-09-13T11:56:47+00:00","twitter_card":"summary_large_image","twitter_misc":{"Tempo di lettura stimato":"5 minuti"},"schema":{"@context":"https:\/\/schema.org","@graph":[{"@type":"WebPage","@id":"https:\/\/www.esta-officiel-usa.com\/it\/visti-o-e-p-per-atleti-o-artisti\/","url":"https:\/\/www.esta-officiel-usa.com\/it\/visti-o-e-p-per-atleti-o-artisti\/","name":"Visti O e P per atleti o artisti","isPartOf":{"@id":"https:\/\/www.esta-officiel-usa.com\/it\/#website"},"datePublished":"2025-09-13T11:56:46+00:00","dateModified":"2025-09-13T11:56:47+00:00","description":"Pensati per persone con competenze superiori alla norma, i visti americani O e P consentono di recarsi temporaneamente negli Stati Uniti.","breadcrumb":{"@id":"https:\/\/www.esta-officiel-usa.com\/it\/visti-o-e-p-per-atleti-o-artisti\/#breadcrumb"},"inLanguage":"it-IT","potentialAction":[{"@type":"ReadAction","target":["https:\/\/www.esta-officiel-usa.com\/it\/visti-o-e-p-per-atleti-o-artisti\/"]}]},{"@type":"BreadcrumbList","@id":"https:\/\/www.esta-officiel-usa.com\/it\/visti-o-e-p-per-atleti-o-artisti\/#breadcrumb","itemListElement":[{"@type":"ListItem","position":1,"name":"Casa","item":"https:\/\/www.esta-officiel-usa.com\/it\/"},{"@type":"ListItem","position":2,"name":"Visti O e P per atleti o artisti"}]},{"@type":"WebSite","@id":"https:\/\/www.esta-officiel-usa.com\/it\/#website","url":"https:\/\/www.esta-officiel-usa.com\/it\/","name":"ESTA - Stati Uniti","description":"Modulo di richiesta ESTA","potentialAction":[{"@type":"SearchAction","target":{"@type":"EntryPoint","urlTemplate":"https:\/\/www.esta-officiel-usa.com\/it\/?s={search_term_string}"},"query-input":{"@type":"PropertyValueSpecification","valueRequired":true,"valueName":"search_term_string"}}],"inLanguage":"it-IT"}]}},"_links":{"self":[{"href":"https:\/\/www.esta-officiel-usa.com\/it\/wp-json\/wp\/v2\/pages\/850","targetHints":{"allow":["GET"]}}],"collection":[{"href":"https:\/\/www.esta-officiel-usa.com\/it\/wp-json\/wp\/v2\/pages"}],"about":[{"href":"https:\/\/www.esta-officiel-usa.com\/it\/wp-json\/wp\/v2\/types\/page"}],"author":[{"embeddable":true,"href":"https:\/\/www.esta-officiel-usa.com\/it\/wp-json\/wp\/v2\/users\/1"}],"replies":[{"embeddable":true,"href":"https:\/\/www.esta-officiel-usa.com\/it\/wp-json\/wp\/v2\/comments?post=850"}],"version-history":[{"count":1,"href":"https:\/\/www.esta-officiel-usa.com\/it\/wp-json\/wp\/v2\/pages\/850\/revisions"}],"predecessor-version":[{"id":852,"href":"https:\/\/www.esta-officiel-usa.com\/it\/wp-json\/wp\/v2\/pages\/850\/revisions\/852"}],"wp:attachment":[{"href":"https:\/\/www.esta-officiel-usa.com\/it\/wp-json\/wp\/v2\/media?parent=850"}],"curies":[{"name":"wp","href":"https:\/\/api.w.org\/{rel}","templated":true}]}}