{"id":856,"date":"2025-09-13T11:56:50","date_gmt":"2025-09-13T11:56:50","guid":{"rendered":"https:\/\/www.esta-officiel-usa.com\/cosa-ce-da-sapere-sul-visto-j\/"},"modified":"2025-09-13T11:57:13","modified_gmt":"2025-09-13T11:57:13","slug":"cosa-ce-da-sapere-sul-visto-j","status":"publish","type":"page","link":"https:\/\/www.esta-officiel-usa.com\/it\/cosa-ce-da-sapere-sul-visto-j\/","title":{"rendered":"Cosa c&#8217;\u00e8 da sapere sul visto J"},"content":{"rendered":"\n<h1 class=\"wp-block-heading\">Il visto J1 per un soggiorno di scambio negli Stati Uniti<\/h1>\n\n<p>Rilasciato dalle autorit\u00e0 americane per un certo tipo di viaggiatori, il visto J1 \u00e8 un permesso di soggiorno temporaneo negli Stati Uniti. A chi \u00e8 rivolto? Come si richiede il visto? Quanto costa? Queste sono solo alcune delle domande che vorremmo approfondire in un articolo a parte! I nostri esperti di formalit\u00e0 amministrative ti forniscono tutte le informazioni necessarie per scoprire se il J1 \u00e8 adatto a te. In caso affermativo, non dovrai fare altro che seguire le nostre istruzioni, in modo da poter partire per lo Zio Sam in tutta tranquillit\u00e0 e goderti il tuo espatrio. In caso contrario, dovrai cercare un altro documento come l&#8217;<a href=\"https:\/\/www.esta-officiel-usa.com\/it\/\">ESTA<\/a>.       <\/p>\n\n<h2 class=\"wp-block-heading\">Chi ha bisogno di un visto J1 per recarsi negli Stati Uniti?<\/h2>\n\n<p>Non \u00e8 affatto facile orientarsi nella moltitudine di visti americani. Nello specifico, stiamo parlando dei visti per non immigrati, cio\u00e8 quelli rilasciati a persone che visitano il paese solo per un periodo di tempo limitato e relativamente breve. In linea di principio, a ogni scopo di soggiorno corrisponde un particolare visto, ma le cose non sono cos\u00ec semplici. In pratica, un visto pu\u00f2 servire a pi\u00f9 scopi e lo stesso scopo pu\u00f2 essere riportato in pi\u00f9 visti. \u00c8 facile avere un&#8217;incertezza tra due documenti. Ecco perch\u00e9 \u00e8 fondamentale informarsi prima di tutto.     <\/p>\n\n<p>Lo scopo del visto <a href=\"https:\/\/www.esta-officiel-usa.com\/fr\/connaissez-vous-les-differences-entre-les-visas-j1-et-f1\/\">J1<\/a> \u00e8 quello di sviluppare gli scambi culturali ed educativi tra gli Stati Uniti e i paesi terzi. A tal fine, il governo designa le organizzazioni che hanno il diritto di ospitare cittadini stranieri nell&#8217;ambito di una serie di programmi. Un esempio tipico \u00e8 quello di un&#8217;azienda accreditata che ospita un tirocinante. Tuttavia, la gamma di possibilit\u00e0 \u00e8 molto pi\u00f9 ampia e comprende:   <\/p>\n\n<ul class=\"wp-block-list\"><li>lavoro alla pari in una famiglia ospitante ;<\/li><li>studiare a livello di coll\u00e8ge e lyc\u00e9e in Francia;<\/li><li>corsi di insegnamento a scuola (prima dell&#8217;universit\u00e0) ;<\/li><li>accettare un lavoro estivo.<\/li><\/ul>\n\n<p>Come puoi vedere, il visto J1 non \u00e8 limitato a un singolo \nprofilo di viaggiatore, n\u00e9 a una singola durata o situazione di soggiorno. L&#8217;unica \ncaratteristica comune \u00e8 che si tratta di un visto per motivi di lavoro o di studio. <\/p>\n\n<p>Per ottenere questo pass, devi trovare uno sponsor, che \npu\u00f2 essere pubblico (una scuola, ad esempio) o privato (un&#8217;azienda). Lo \nsponsor decider\u00e0 se accettare o meno la tua domanda, a seconda delle \nvarie condizioni da soddisfare una volta presentata la domanda. <\/p>\n\n<p>Sei alla ricerca di un permesso di soggiorno per turismo, per un semestre di istruzione superiore o per avviare un&#8217;attivit\u00e0 in proprio dall&#8217;altra parte dell&#8217;Atlantico? Dimentica l&#8217;autorizzazione J1, non fa per te (scopri le <a href=\"https:\/\/www.esta-officiel-usa.com\/fr\/difference-entre-esta-et-demande-de-visa-usa\/\">differenze tra ESTA e visto<\/a>, per esempio)! D&#8217;altra parte, se questo \u00e8 il certificato di cui hai bisogno, vedi di seguito la procedura di ordinazione, che richiede tempo e denaro.  <br\/>  <\/p>\n\n<h2 class=\"wp-block-heading\">Completa la richiesta di autorizzazione J1<\/h2>\n\n<p>Per ottenere questo documento di viaggio e realizzare il tuo sogno di scoprire gli Stati Uniti partecipando a un programma di arricchimento culturale e professionale, segui la guida. Naturalmente, ti consigliamo di pianificare il tutto con largo anticipo rispetto alla data di partenza prevista, poich\u00e9<a href=\"https:\/\/www.esta-officiel-usa.com\/fr\/la-liste-des-visas-pour-les-usa\/\"> le procedure di rilascio del visto<\/a> richiedono tempo. <\/p>\n\n<h3 class=\"wp-block-heading\">Passo 1: Verifica la tua idoneit\u00e0<\/h3>\n\n<p>Prima di iniziare la procedura di richiesta, \u00e8 meglio \nassicurarsi che il permesso J1 e il programma di scambio siano applicabili a te \n. Oltre al semplice motivo del tuo soggiorno, devi sapere che \ndevono essere soddisfatte alcune condizioni: anche la tua situazione finanziaria \npesa, poich\u00e9 oltre ai costi della procedura, \ndevi stipulare un&#8217;assicurazione che ti garantisca una copertura minima che non sempre \nviene data; questa sar\u00e0 verificata dallo sponsor. Inoltre, il tuo livello di inglese \npu\u00f2 influenzare la tua idoneit\u00e0: l&#8217;accesso a un \nprogramma, e quindi agli Stati Uniti, viene negato se le tue conoscenze linguistiche \nsono troppo scarse.  <\/p>\n\n<h3 class=\"wp-block-heading\">Seconda fase: il programma e lo sponsor<\/h3>\n\n<p>Questa \u00e8 senza dubbio la fase pi\u00f9 decisiva per ottenere un visto J1: trovare e far convalidare la tua domanda da uno sponsor americano, una volta definito il tuo programma di scambio ideale. Visita il sito web del governo americano per trovare un elenco di organizzazioni accreditate. Una volta presentata la domanda, spetta allo sponsor studiare il tuo profilo e decidere se accettarti o meno. Per farlo, dovrai pagare le tariffe applicate dall&#8217;organizzazione. Non esitare a confrontare le tariffe prima di impegnarti.    <\/p>\n\n<h3 class=\"wp-block-heading\">Fase 3: La domanda e le spese<\/h3>\n\n<p>Il tuo sponsor ha accettato di accoglierti e di accompagnarti durante il tuo viaggio? Questa \u00e8 un&#8217;ottima notizia, ma non fare ancora le valigie: non hai ancora l&#8217;autorizzazione J1 in tasca! Il tuo referente ti rilascer\u00e0 un modulo da compilare, il DS-2019. Dovrai poi pagare una nuova tassa, questa volta per partecipare al programma.   <\/p>\n\n<p>Passo successivo: visita il sito web del Dipartimento di Stato degli Stati Uniti. All&#8217;indirizzo\n dovrai compilare il modulo DS-160, che si applica a tutte le richieste di visto \n: J1, L1, E1 e cos\u00ec via. Anche in questo caso, dovrai pagare \nuna tassa di richiesta di 160 dollari.  <\/p>\n\n<h3 class=\"wp-block-heading\">Passo 4: Appuntamento all&#8217;ambasciata<\/h3>\n\n<p>Il tuo visto J1 \u00e8 a portata di mano! Non resta che completare la procedura con stile: incontra un rappresentante americano presso l&#8217;ambasciata del tuo paese. Se stai leggendo questo articolo, \u00e8 probabile che tu sia francese. Contatta l&#8217;ambasciata per organizzare un incontro a Parigi. All&#8217;incontro, porta con te il modulo DS-2019 originale, una copia della pagina di conferma DS-160 (da compilare e inviare online), il passaporto, una foto e le ricevute di pagamento.    <\/p>\n\n<p>Lo scopo del colloquio? Verificare che la tua domanda sia in regola e che il tuo progetto soddisfi i criteri per recarsi negli Stati Uniti con un visto J1. Alla fine ti verr\u00e0 data la tanto attesa risposta: s\u00ec o no. Se la tua domanda \u00e8 stata accolta, inizia a preparare le valigie e fallo sapere al tuo sponsor!   <\/p>\n\n<p>Se il visto viene rifiutato, purtroppo non potrai viaggiare all&#8217;interno dei confini nordamericani.<\/p>\n","protected":false},"excerpt":{"rendered":"<p>Il visto J1 per un soggiorno di scambio negli Stati Uniti Rilasciato dalle autorit\u00e0 americane per un certo tipo di viaggiatori, il visto J1 \u00e8 un permesso di soggiorno temporaneo negli Stati Uniti. A chi \u00e8 rivolto? Come si richiede il visto? Quanto costa? Queste sono solo alcune delle domande che vorremmo approfondire in un [&hellip;]<\/p>\n","protected":false},"author":1,"featured_media":0,"parent":0,"menu_order":0,"comment_status":"closed","ping_status":"closed","template":"","meta":{"footnotes":""},"class_list":["post-856","page","type-page","status-publish","hentry"],"yoast_head":"<!-- This site is optimized with the Yoast SEO plugin v26.2 - https:\/\/yoast.com\/wordpress\/plugins\/seo\/ -->\n<title>Cosa c&#039;\u00e8 da sapere sul visto J<\/title>\n<meta name=\"description\" content=\"A seconda dei tuoi piani di viaggio negli Stati Uniti, potresti aver bisogno di richiedere un visto J1. Vediamo i casi interessati da questa specifica procedura di visto.\" \/>\n<meta name=\"robots\" content=\"index, follow, max-snippet:-1, max-image-preview:large, max-video-preview:-1\" \/>\n<link rel=\"canonical\" href=\"https:\/\/www.esta-officiel-usa.com\/it\/cosa-ce-da-sapere-sul-visto-j\/\" \/>\n<meta property=\"og:locale\" content=\"it_IT\" \/>\n<meta property=\"og:type\" content=\"article\" \/>\n<meta property=\"og:title\" content=\"Cosa c&#039;\u00e8 da sapere sul visto J\" \/>\n<meta property=\"og:description\" content=\"A seconda dei tuoi piani di viaggio negli Stati Uniti, potresti aver bisogno di richiedere un visto J1. Vediamo i casi interessati da questa specifica procedura di visto.\" \/>\n<meta property=\"og:url\" content=\"https:\/\/www.esta-officiel-usa.com\/it\/cosa-ce-da-sapere-sul-visto-j\/\" \/>\n<meta property=\"og:site_name\" content=\"ESTA - Stati Uniti\" \/>\n<meta property=\"article:modified_time\" content=\"2025-09-13T11:57:13+00:00\" \/>\n<meta name=\"twitter:card\" content=\"summary_large_image\" \/>\n<meta name=\"twitter:label1\" content=\"Tempo di lettura stimato\" \/>\n\t<meta name=\"twitter:data1\" content=\"5 minuti\" \/>\n<script type=\"application\/ld+json\" class=\"yoast-schema-graph\">{\"@context\":\"https:\/\/schema.org\",\"@graph\":[{\"@type\":\"WebPage\",\"@id\":\"https:\/\/www.esta-officiel-usa.com\/it\/cosa-ce-da-sapere-sul-visto-j\/\",\"url\":\"https:\/\/www.esta-officiel-usa.com\/it\/cosa-ce-da-sapere-sul-visto-j\/\",\"name\":\"Cosa c'\u00e8 da sapere sul visto J\",\"isPartOf\":{\"@id\":\"https:\/\/www.esta-officiel-usa.com\/it\/#website\"},\"datePublished\":\"2025-09-13T11:56:50+00:00\",\"dateModified\":\"2025-09-13T11:57:13+00:00\",\"description\":\"A seconda dei tuoi piani di viaggio negli Stati Uniti, potresti aver bisogno di richiedere un visto J1. Vediamo i casi interessati da questa specifica procedura di visto.\",\"breadcrumb\":{\"@id\":\"https:\/\/www.esta-officiel-usa.com\/it\/cosa-ce-da-sapere-sul-visto-j\/#breadcrumb\"},\"inLanguage\":\"it-IT\",\"potentialAction\":[{\"@type\":\"ReadAction\",\"target\":[\"https:\/\/www.esta-officiel-usa.com\/it\/cosa-ce-da-sapere-sul-visto-j\/\"]}]},{\"@type\":\"BreadcrumbList\",\"@id\":\"https:\/\/www.esta-officiel-usa.com\/it\/cosa-ce-da-sapere-sul-visto-j\/#breadcrumb\",\"itemListElement\":[{\"@type\":\"ListItem\",\"position\":1,\"name\":\"Casa\",\"item\":\"https:\/\/www.esta-officiel-usa.com\/it\/\"},{\"@type\":\"ListItem\",\"position\":2,\"name\":\"Cosa c&#8217;\u00e8 da sapere sul visto J\"}]},{\"@type\":\"WebSite\",\"@id\":\"https:\/\/www.esta-officiel-usa.com\/it\/#website\",\"url\":\"https:\/\/www.esta-officiel-usa.com\/it\/\",\"name\":\"ESTA - Stati Uniti\",\"description\":\"Modulo di richiesta ESTA\",\"potentialAction\":[{\"@type\":\"SearchAction\",\"target\":{\"@type\":\"EntryPoint\",\"urlTemplate\":\"https:\/\/www.esta-officiel-usa.com\/it\/?s={search_term_string}\"},\"query-input\":{\"@type\":\"PropertyValueSpecification\",\"valueRequired\":true,\"valueName\":\"search_term_string\"}}],\"inLanguage\":\"it-IT\"}]}<\/script>\n<!-- \/ Yoast SEO plugin. -->","yoast_head_json":{"title":"Cosa c'\u00e8 da sapere sul visto J","description":"A seconda dei tuoi piani di viaggio negli Stati Uniti, potresti aver bisogno di richiedere un visto J1. Vediamo i casi interessati da questa specifica procedura di visto.","robots":{"index":"index","follow":"follow","max-snippet":"max-snippet:-1","max-image-preview":"max-image-preview:large","max-video-preview":"max-video-preview:-1"},"canonical":"https:\/\/www.esta-officiel-usa.com\/it\/cosa-ce-da-sapere-sul-visto-j\/","og_locale":"it_IT","og_type":"article","og_title":"Cosa c'\u00e8 da sapere sul visto J","og_description":"A seconda dei tuoi piani di viaggio negli Stati Uniti, potresti aver bisogno di richiedere un visto J1. Vediamo i casi interessati da questa specifica procedura di visto.","og_url":"https:\/\/www.esta-officiel-usa.com\/it\/cosa-ce-da-sapere-sul-visto-j\/","og_site_name":"ESTA - Stati Uniti","article_modified_time":"2025-09-13T11:57:13+00:00","twitter_card":"summary_large_image","twitter_misc":{"Tempo di lettura stimato":"5 minuti"},"schema":{"@context":"https:\/\/schema.org","@graph":[{"@type":"WebPage","@id":"https:\/\/www.esta-officiel-usa.com\/it\/cosa-ce-da-sapere-sul-visto-j\/","url":"https:\/\/www.esta-officiel-usa.com\/it\/cosa-ce-da-sapere-sul-visto-j\/","name":"Cosa c'\u00e8 da sapere sul visto J","isPartOf":{"@id":"https:\/\/www.esta-officiel-usa.com\/it\/#website"},"datePublished":"2025-09-13T11:56:50+00:00","dateModified":"2025-09-13T11:57:13+00:00","description":"A seconda dei tuoi piani di viaggio negli Stati Uniti, potresti aver bisogno di richiedere un visto J1. Vediamo i casi interessati da questa specifica procedura di visto.","breadcrumb":{"@id":"https:\/\/www.esta-officiel-usa.com\/it\/cosa-ce-da-sapere-sul-visto-j\/#breadcrumb"},"inLanguage":"it-IT","potentialAction":[{"@type":"ReadAction","target":["https:\/\/www.esta-officiel-usa.com\/it\/cosa-ce-da-sapere-sul-visto-j\/"]}]},{"@type":"BreadcrumbList","@id":"https:\/\/www.esta-officiel-usa.com\/it\/cosa-ce-da-sapere-sul-visto-j\/#breadcrumb","itemListElement":[{"@type":"ListItem","position":1,"name":"Casa","item":"https:\/\/www.esta-officiel-usa.com\/it\/"},{"@type":"ListItem","position":2,"name":"Cosa c&#8217;\u00e8 da sapere sul visto J"}]},{"@type":"WebSite","@id":"https:\/\/www.esta-officiel-usa.com\/it\/#website","url":"https:\/\/www.esta-officiel-usa.com\/it\/","name":"ESTA - Stati Uniti","description":"Modulo di richiesta ESTA","potentialAction":[{"@type":"SearchAction","target":{"@type":"EntryPoint","urlTemplate":"https:\/\/www.esta-officiel-usa.com\/it\/?s={search_term_string}"},"query-input":{"@type":"PropertyValueSpecification","valueRequired":true,"valueName":"search_term_string"}}],"inLanguage":"it-IT"}]}},"_links":{"self":[{"href":"https:\/\/www.esta-officiel-usa.com\/it\/wp-json\/wp\/v2\/pages\/856","targetHints":{"allow":["GET"]}}],"collection":[{"href":"https:\/\/www.esta-officiel-usa.com\/it\/wp-json\/wp\/v2\/pages"}],"about":[{"href":"https:\/\/www.esta-officiel-usa.com\/it\/wp-json\/wp\/v2\/types\/page"}],"author":[{"embeddable":true,"href":"https:\/\/www.esta-officiel-usa.com\/it\/wp-json\/wp\/v2\/users\/1"}],"replies":[{"embeddable":true,"href":"https:\/\/www.esta-officiel-usa.com\/it\/wp-json\/wp\/v2\/comments?post=856"}],"version-history":[{"count":3,"href":"https:\/\/www.esta-officiel-usa.com\/it\/wp-json\/wp\/v2\/pages\/856\/revisions"}],"predecessor-version":[{"id":893,"href":"https:\/\/www.esta-officiel-usa.com\/it\/wp-json\/wp\/v2\/pages\/856\/revisions\/893"}],"wp:attachment":[{"href":"https:\/\/www.esta-officiel-usa.com\/it\/wp-json\/wp\/v2\/media?parent=856"}],"curies":[{"name":"wp","href":"https:\/\/api.w.org\/{rel}","templated":true}]}}