{"id":863,"date":"2025-09-13T11:56:53","date_gmt":"2025-09-13T11:56:53","guid":{"rendered":"https:\/\/www.esta-officiel-usa.com\/il-visto-h1b-per-lavorare-negli-usa\/"},"modified":"2025-09-13T11:57:00","modified_gmt":"2025-09-13T11:57:00","slug":"il-visto-h1b-per-lavorare-negli-usa","status":"publish","type":"page","link":"https:\/\/www.esta-officiel-usa.com\/it\/il-visto-h1b-per-lavorare-negli-usa\/","title":{"rendered":"Il visto H1B per lavorare negli USA"},"content":{"rendered":"\n<h1 class=\"wp-block-heading\">Come posso trovare lavoro negli Stati Uniti con un visto H1B?<\/h1>\n\n<p>Ti piacerebbe vivere il sogno americano lavorando negli Stati Uniti? \u00c8 un sogno che pu\u00f2 diventare realt\u00e0 in pochissimo tempo, ma per farlo devi ricevere l&#8217;approvazione del governo americano per stabilirti e lavorare legalmente negli Stati Uniti. Per lavorare negli Stati Uniti, l&#8217;<a href=\"https:\/\/www.esta-officiel-usa.com\/it\/\">ESTA<\/a> non serve a nulla: devi richiedere un visto H1B. Non \u00e8 possibile lavorare senza questo visto. In questo articolo, il nostro team di esperti ti spiega tutto quello che devi sapere sull&#8217;argomento!    <\/p>\n\n<h2 class=\"wp-block-heading\">Chi pu\u00f2 richiedere un visto H1B?<\/h2>\n\n<p>Chiunque voglia lasciare l&#8217;area Schengen, sia \nper cercare lavoro o per turismo, deve \navere un permesso d&#8217;ingresso per il paese interessato.<\/p>\n\n<p>Negli Stati Uniti esistono diversi tipi di visto per immigrati o \nper soggiorni di lunga durata e un&#8217;autorizzazione ESTA \nper soggiorni temporanei.  <\/p>\n\n<p>Prima di scoprire come richiedere un visto H1B, \u00e8 importante \ncapire a cosa serve e chi ha bisogno di un visto H1B. \nIl \nvisto H1B consente alle aziende con sede negli Stati Uniti di \noffrire posti di lavoro (non stage) a persone provenienti da un \npaese straniero che abbiano tutte le competenze necessarie per svolgere il lavoro. Si noti che il numero di visti H1B rilasciati \u00e8 limitato: \nelenca 65.000 visti H1B rilasciati ogni anno.<\/p>\n\n<p>Il visto H1B pu\u00f2 essere ottenuto solo se la persona in cerca di lavoro possiede qualifiche speciali \n. Ricercatori scientifici, \navvocati, ingegneri, contabili, esperti di informatica e \ninsegnanti sono tutti lavori particolarmente richiesti in \nUSA. Ecco i principali criteri per ottenere un visto H1B\n:<\/p>\n\n<ul class=\"wp-block-list\"><li>Devi aver trovato un lavoro negli Stati Uniti prima di richiedere il visto;<\/li><li>devi essere in possesso di una laurea americana o di un titolo di studio di valore uguale o superiore;<\/li><li>\u00e8 inoltre necessario essere in possesso di una licenza che attesti la capacit\u00e0 di svolgere il lavoro in questione.<\/li><\/ul>\n\n<p>Il certificato di visto H1B \u00e8 valido per tre anni. Il sito \npu\u00f2 essere rinnovato una volta. Con questo visto, \nhai maggiori possibilit\u00e0 di ottenere una green card, che \nti permetter\u00e0 di diventare un residente americano.<\/p>\n\n<p>Buono a sapersi: vuoi partecipare all&#8217;avventura di Start-Up,\n e farlo negli Stati Uniti? Per farlo, richiedi un visto Start-Up americano. <\/p>\n\n<h2 class=\"wp-block-heading\">Certificato di visto H1B<\/h2>\n\n<p>Ottenere un visto di questo tipo non \u00e8 sempre facile e le spese per\n ottenerlo sono piuttosto elevate. Il costo totale di una domanda di visto H1B \u00e8 di \n.<\/p>\n\n<h3 class=\"wp-block-heading\">Tasse obbligatorie<\/h3>\n\n<ul class=\"wp-block-list\"><li>tassa di iscrizione: 190 dollari USA;<\/li><li>l&#8217;azienda deve versare la richiesta di deposito al servizio immigrazione: 500 dollari USA.<\/li><\/ul>\n\n<h3 class=\"wp-block-heading\">Spese opzionali<\/h3>\n\n<ul class=\"wp-block-list\"><li>l&#8217;assistenza di un avvocato specializzato per la presentazione della domanda: 3.000 USD;<\/li><li>la domanda accelerata, che ti permette di ricevere una risposta da \nentro 2 settimane invece di diversi mesi: 1.000 USD \n.<\/li><\/ul>\n\n<p>Per ottenere il certificato di visto H1B, \u00e8 necessario che il datore di lavoro e il futuro dipendente lavorino fianco a fianco. L&#8217;ottenimento di un visto H1B prevede diverse fasi:<\/p>\n\n<ul class=\"wp-block-list\"><li>Prima di tutto, \u00e8 necessario ottenere una richiesta di condizioni di lavoro presso il Dipartimento del Lavoro;<\/li><li>in secondo luogo, il datore di lavoro compila il modulo l-129 del servizio immigrazione degli Stati Uniti;<\/li><li>allora deve fornire copie dei diplomi universitari del \nfuturo dipendente, oltre a una copia dell&#8217;offerta di lavoro e a qualsiasi altra cosa \npossa dimostrare che il dipendente ha particolari capacit\u00e0 e che \n\u00e8 il candidato ideale;<\/li><li>Dopodich\u00e9, se tutto va bene, il dipendente deve compilare con cura il modulo l-797 &#8220;Avviso di approvazione&#8221;;<\/li><li>Infine, \u00e8 necessario organizzare un colloquio con le autorit\u00e0 americane presso l&#8217;ambasciata o il consolato americano;<\/li><li>\u00c8 a seguito di questo colloquio che il visto viene ottenuto qualche giorno dopo, direttamente a casa dell&#8217;interessato.<\/li><\/ul>\n\n<p>Con il tuo permesso di lavoro in mano, potrai lavorare negli Stati Uniti e scoprire citt\u00e0 leggendarie come <a href=\"https:\/\/www.esta-officiel-usa.com\/fr\/decouvrir-la-ville-de-new-york-city\/\">New York<\/a> e <a href=\"https:\/\/www.esta-officiel-usa.com\/fr\/voyager-aux-usa-et-decouvrir-las-vegas\/\">Las Vegas<\/a>, facendo esperienza professionale oltreoceano!<\/p>\n","protected":false},"excerpt":{"rendered":"<p>Come posso trovare lavoro negli Stati Uniti con un visto H1B? Ti piacerebbe vivere il sogno americano lavorando negli Stati Uniti? \u00c8 un sogno che pu\u00f2 diventare realt\u00e0 in pochissimo tempo, ma per farlo devi ricevere l&#8217;approvazione del governo americano per stabilirti e lavorare legalmente negli Stati Uniti. Per lavorare negli Stati Uniti, l&#8217;ESTA non [&hellip;]<\/p>\n","protected":false},"author":1,"featured_media":0,"parent":0,"menu_order":0,"comment_status":"closed","ping_status":"closed","template":"","meta":{"footnotes":""},"class_list":["post-863","page","type-page","status-publish","hentry"],"yoast_head":"<!-- This site is optimized with the Yoast SEO plugin v26.2 - https:\/\/yoast.com\/wordpress\/plugins\/seo\/ -->\n<title>Il visto H1B per lavorare negli USA<\/title>\n<meta name=\"description\" content=\"Per lavorare negli Stati Uniti \u00e8 necessario richiedere un visto H1B. Il nostro team di esperti ti spiega tutto quello che c&#039;\u00e8 da sapere a riguardo, in modo che tu possa iniziare a lavorare negli Stati Uniti.\" \/>\n<meta name=\"robots\" content=\"index, follow, max-snippet:-1, max-image-preview:large, max-video-preview:-1\" \/>\n<link rel=\"canonical\" href=\"https:\/\/www.esta-officiel-usa.com\/it\/il-visto-h1b-per-lavorare-negli-usa\/\" \/>\n<meta property=\"og:locale\" content=\"it_IT\" \/>\n<meta property=\"og:type\" content=\"article\" \/>\n<meta property=\"og:title\" content=\"Il visto H1B per lavorare negli USA\" \/>\n<meta property=\"og:description\" content=\"Per lavorare negli Stati Uniti \u00e8 necessario richiedere un visto H1B. Il nostro team di esperti ti spiega tutto quello che c&#039;\u00e8 da sapere a riguardo, in modo che tu possa iniziare a lavorare negli Stati Uniti.\" \/>\n<meta property=\"og:url\" content=\"https:\/\/www.esta-officiel-usa.com\/it\/il-visto-h1b-per-lavorare-negli-usa\/\" \/>\n<meta property=\"og:site_name\" content=\"ESTA - Stati Uniti\" \/>\n<meta property=\"article:modified_time\" content=\"2025-09-13T11:57:00+00:00\" \/>\n<meta name=\"twitter:card\" content=\"summary_large_image\" \/>\n<meta name=\"twitter:label1\" content=\"Tempo di lettura stimato\" \/>\n\t<meta name=\"twitter:data1\" content=\"3 minuti\" \/>\n<script type=\"application\/ld+json\" class=\"yoast-schema-graph\">{\"@context\":\"https:\/\/schema.org\",\"@graph\":[{\"@type\":\"WebPage\",\"@id\":\"https:\/\/www.esta-officiel-usa.com\/it\/il-visto-h1b-per-lavorare-negli-usa\/\",\"url\":\"https:\/\/www.esta-officiel-usa.com\/it\/il-visto-h1b-per-lavorare-negli-usa\/\",\"name\":\"Il visto H1B per lavorare negli USA\",\"isPartOf\":{\"@id\":\"https:\/\/www.esta-officiel-usa.com\/it\/#website\"},\"datePublished\":\"2025-09-13T11:56:53+00:00\",\"dateModified\":\"2025-09-13T11:57:00+00:00\",\"description\":\"Per lavorare negli Stati Uniti \u00e8 necessario richiedere un visto H1B. Il nostro team di esperti ti spiega tutto quello che c'\u00e8 da sapere a riguardo, in modo che tu possa iniziare a lavorare negli Stati Uniti.\",\"breadcrumb\":{\"@id\":\"https:\/\/www.esta-officiel-usa.com\/it\/il-visto-h1b-per-lavorare-negli-usa\/#breadcrumb\"},\"inLanguage\":\"it-IT\",\"potentialAction\":[{\"@type\":\"ReadAction\",\"target\":[\"https:\/\/www.esta-officiel-usa.com\/it\/il-visto-h1b-per-lavorare-negli-usa\/\"]}]},{\"@type\":\"BreadcrumbList\",\"@id\":\"https:\/\/www.esta-officiel-usa.com\/it\/il-visto-h1b-per-lavorare-negli-usa\/#breadcrumb\",\"itemListElement\":[{\"@type\":\"ListItem\",\"position\":1,\"name\":\"Casa\",\"item\":\"https:\/\/www.esta-officiel-usa.com\/it\/\"},{\"@type\":\"ListItem\",\"position\":2,\"name\":\"Il visto H1B per lavorare negli USA\"}]},{\"@type\":\"WebSite\",\"@id\":\"https:\/\/www.esta-officiel-usa.com\/it\/#website\",\"url\":\"https:\/\/www.esta-officiel-usa.com\/it\/\",\"name\":\"ESTA - Stati Uniti\",\"description\":\"Modulo di richiesta ESTA\",\"potentialAction\":[{\"@type\":\"SearchAction\",\"target\":{\"@type\":\"EntryPoint\",\"urlTemplate\":\"https:\/\/www.esta-officiel-usa.com\/it\/?s={search_term_string}\"},\"query-input\":{\"@type\":\"PropertyValueSpecification\",\"valueRequired\":true,\"valueName\":\"search_term_string\"}}],\"inLanguage\":\"it-IT\"}]}<\/script>\n<!-- \/ Yoast SEO plugin. -->","yoast_head_json":{"title":"Il visto H1B per lavorare negli USA","description":"Per lavorare negli Stati Uniti \u00e8 necessario richiedere un visto H1B. Il nostro team di esperti ti spiega tutto quello che c'\u00e8 da sapere a riguardo, in modo che tu possa iniziare a lavorare negli Stati Uniti.","robots":{"index":"index","follow":"follow","max-snippet":"max-snippet:-1","max-image-preview":"max-image-preview:large","max-video-preview":"max-video-preview:-1"},"canonical":"https:\/\/www.esta-officiel-usa.com\/it\/il-visto-h1b-per-lavorare-negli-usa\/","og_locale":"it_IT","og_type":"article","og_title":"Il visto H1B per lavorare negli USA","og_description":"Per lavorare negli Stati Uniti \u00e8 necessario richiedere un visto H1B. Il nostro team di esperti ti spiega tutto quello che c'\u00e8 da sapere a riguardo, in modo che tu possa iniziare a lavorare negli Stati Uniti.","og_url":"https:\/\/www.esta-officiel-usa.com\/it\/il-visto-h1b-per-lavorare-negli-usa\/","og_site_name":"ESTA - Stati Uniti","article_modified_time":"2025-09-13T11:57:00+00:00","twitter_card":"summary_large_image","twitter_misc":{"Tempo di lettura stimato":"3 minuti"},"schema":{"@context":"https:\/\/schema.org","@graph":[{"@type":"WebPage","@id":"https:\/\/www.esta-officiel-usa.com\/it\/il-visto-h1b-per-lavorare-negli-usa\/","url":"https:\/\/www.esta-officiel-usa.com\/it\/il-visto-h1b-per-lavorare-negli-usa\/","name":"Il visto H1B per lavorare negli USA","isPartOf":{"@id":"https:\/\/www.esta-officiel-usa.com\/it\/#website"},"datePublished":"2025-09-13T11:56:53+00:00","dateModified":"2025-09-13T11:57:00+00:00","description":"Per lavorare negli Stati Uniti \u00e8 necessario richiedere un visto H1B. Il nostro team di esperti ti spiega tutto quello che c'\u00e8 da sapere a riguardo, in modo che tu possa iniziare a lavorare negli Stati Uniti.","breadcrumb":{"@id":"https:\/\/www.esta-officiel-usa.com\/it\/il-visto-h1b-per-lavorare-negli-usa\/#breadcrumb"},"inLanguage":"it-IT","potentialAction":[{"@type":"ReadAction","target":["https:\/\/www.esta-officiel-usa.com\/it\/il-visto-h1b-per-lavorare-negli-usa\/"]}]},{"@type":"BreadcrumbList","@id":"https:\/\/www.esta-officiel-usa.com\/it\/il-visto-h1b-per-lavorare-negli-usa\/#breadcrumb","itemListElement":[{"@type":"ListItem","position":1,"name":"Casa","item":"https:\/\/www.esta-officiel-usa.com\/it\/"},{"@type":"ListItem","position":2,"name":"Il visto H1B per lavorare negli USA"}]},{"@type":"WebSite","@id":"https:\/\/www.esta-officiel-usa.com\/it\/#website","url":"https:\/\/www.esta-officiel-usa.com\/it\/","name":"ESTA - Stati Uniti","description":"Modulo di richiesta ESTA","potentialAction":[{"@type":"SearchAction","target":{"@type":"EntryPoint","urlTemplate":"https:\/\/www.esta-officiel-usa.com\/it\/?s={search_term_string}"},"query-input":{"@type":"PropertyValueSpecification","valueRequired":true,"valueName":"search_term_string"}}],"inLanguage":"it-IT"}]}},"_links":{"self":[{"href":"https:\/\/www.esta-officiel-usa.com\/it\/wp-json\/wp\/v2\/pages\/863","targetHints":{"allow":["GET"]}}],"collection":[{"href":"https:\/\/www.esta-officiel-usa.com\/it\/wp-json\/wp\/v2\/pages"}],"about":[{"href":"https:\/\/www.esta-officiel-usa.com\/it\/wp-json\/wp\/v2\/types\/page"}],"author":[{"embeddable":true,"href":"https:\/\/www.esta-officiel-usa.com\/it\/wp-json\/wp\/v2\/users\/1"}],"replies":[{"embeddable":true,"href":"https:\/\/www.esta-officiel-usa.com\/it\/wp-json\/wp\/v2\/comments?post=863"}],"version-history":[{"count":3,"href":"https:\/\/www.esta-officiel-usa.com\/it\/wp-json\/wp\/v2\/pages\/863\/revisions"}],"predecessor-version":[{"id":873,"href":"https:\/\/www.esta-officiel-usa.com\/it\/wp-json\/wp\/v2\/pages\/863\/revisions\/873"}],"wp:attachment":[{"href":"https:\/\/www.esta-officiel-usa.com\/it\/wp-json\/wp\/v2\/media?parent=863"}],"curies":[{"name":"wp","href":"https:\/\/api.w.org\/{rel}","templated":true}]}}