{"id":876,"date":"2025-09-13T11:57:06","date_gmt":"2025-09-13T11:57:06","guid":{"rendered":"https:\/\/www.esta-officiel-usa.com\/quali-sono-i-passi-da-compiere-per-ottenere-un-visto-di-lavoro-negli-stati-uniti\/"},"modified":"2025-09-13T11:57:07","modified_gmt":"2025-09-13T11:57:07","slug":"quali-sono-i-passi-da-compiere-per-ottenere-un-visto-di-lavoro-negli-stati-uniti","status":"publish","type":"page","link":"https:\/\/www.esta-officiel-usa.com\/it\/quali-sono-i-passi-da-compiere-per-ottenere-un-visto-di-lavoro-negli-stati-uniti\/","title":{"rendered":"Quali sono i passi da compiere per ottenere un visto di lavoro negli Stati Uniti?"},"content":{"rendered":"\n<h1 class=\"wp-block-heading\">Visto di lavoro per gli Stati Uniti: come ottenerlo?<\/h1>\n\n<p>Gli Stati Uniti sono intransigenti in materia di immigrazione. Esiste un visto specifico per ogni caso. Per questo motivo, ottenere un visto di lavoro per gli Stati Uniti \u00e8 un passo fondamentale per chiunque voglia lavorare negli Stati Uniti. Ogni categoria di occupazione ha un proprio visto, con un codice alfanumerico distinto.   <\/p>\n\n<p>Se desideri <a href=\"https:\/\/www.esta-officiel-usa.com\/fr\/partir-en-voyage-aux-etats-unis\/\">vivere o lavorare negli Stati Uniti<\/a>, dovrai richiedere un visto.<\/p>\n\n<p>Scopri in questo articolo quale visto devi ottenere per \nlavorare negli Stati Uniti e farti assumere da un&#8217;azienda americana \n.<br\/> <\/p>\n\n<h2 class=\"wp-block-heading\">Visti di lavoro per gli Stati Uniti: le diverse categorie<\/h2>\n\n<p>Come gi\u00e0 detto, esistono diverse categorie di <a href=\"https:\/\/www.esta-officiel-usa.com\/it\/il-visto-h1b-per-lavorare-negli-usa\/\">visti di lavoro per gli Stati Uniti<\/a>, a seconda dello status professionale del richiedente, delle sue particolari qualifiche, dell&#8217;esperienza professionale o del campo di attivit\u00e0.<\/p>\n\n<p>La durata della validit\u00e0 e la possibilit\u00e0 di rinnovare o meno il tuo visto di lavoro\n USA dipendono dal tipo di visto di cui hai bisogno.<\/p>\n\n<h3 class=\"wp-block-heading\">Tabella riassuntiva dei diversi permessi di lavoro negli Stati Uniti  <\/h3>\n\n<figure class=\"wp-block-table\"><table class=\"\"><tbody><tr><td>Visto H1B  <\/td><td>\n  Visto per lavori specializzati che richiedono un diploma di istruzione superiore\n\t\t\t<\/td><\/tr><tr><td>Visto H1B1  <\/td><td>\n  Visti per i ricercatori che desiderano lavorare negli Stati Uniti in modo temporaneo o collaborativo.\n\t\t\t<\/td><\/tr><tr><td>Visto H2A  <\/td><td>\n  visto per lavoratori agricoli temporanei o stagionali\n\t\t\t<\/td><\/tr><tr><td>Visto H2B  <\/td><td>\n  visti per posti di lavoro temporanei che non potevano essere occupati da americani\n\t\t\t<\/td><\/tr><tr><td>Visto H3  <\/td><td>\n  visto per i tirocinanti che lavorano per un&#8217;azienda americana o una filiale di un&#8217;azienda straniera\n\t\t\t<\/td><\/tr><tr><td>visto L  <\/td><td>\n  visti per manager o dirigenti espatriati che vengono a lavorare nella filiale statunitense\n\t\t\t<\/td><\/tr><tr><td>O visto  <\/td><td>\n  visto per persone con straordinarie capacit\u00e0 in campo scientifico, artistico, sportivo, ecc.\n\t\t\t<\/td><\/tr><tr><td>Visto P1  <\/td><td>\n  visto per gli atleti che partecipano a una competizione\n\t\t\t<\/td><\/tr><tr><td>Visto P2  <\/td><td>\n  visto per gli artisti che si esibiscono nell&#8217;ambito di un programma di scambio culturale con gli Stati Uniti.\n\t\t\t<\/td><\/tr><tr><td>Visto P3  <\/td><td>\n  visto per gli artisti che si esibiscono negli Stati Uniti solo nell&#8217;ambito di un programma culturale\n\t\t\t<\/td><\/tr><tr><td>Visto Q1  <\/td><td>\n  visti per persone che partecipano a programmi di scambio culturale\n\t\t\t<\/td><\/tr><tr><td>visto I  <\/td><td>\n  visti per i giornalisti\n\t\t\t<\/td><\/tr><\/tbody><\/table><\/figure>\n\n<p>\u00c8 necessario trovare un lavoro prima di richiedere un permesso di lavoro, poich\u00e9 un&#8217;offerta di lavoro deve sempre essere inclusa nella domanda di visto. A tal fine, il futuro datore di lavoro deve presentare una domanda al Dipartimento di Sicurezza Nazionale. Il futuro datore di lavoro ricever\u00e0 il permesso di lavoro sotto forma di documento I-797 se la domanda viene accettata. Questo documento deve essere aggiunto al tuo fascicolo di richiesta del visto di lavoro negli Stati Uniti. Con questa autorizzazione, il richiedente pu\u00f2 ora proseguire con i servizi consolari dell&#8217;ambasciata (o del consolato) americano.    <\/p>\n\n<h2 class=\"wp-block-heading\">Come ottenere un visto di lavoro per gli Stati Uniti Passi da compiere <\/h2>\n\n<p>Come spiegato in precedenza, per ottenere un permesso di lavoro, i richiedenti \ndevono recarsi presso l&#8217;ambasciata o il consolato americano pi\u00f9 vicini \n. Dovranno compilare un dossier \nper l&#8217;ambasciata, includendo i documenti necessari: <\/p>\n\n<ul class=\"wp-block-list\"><li>Un passaporto biometrico valido (con impronte digitali) o un passaporto elettronico;<\/li><li>una busta chronopost<\/li><li>una copia stampata del modulo DS-160 compilato;<\/li><li>una fototessera recente;<\/li><li>il permesso di lavoro I-797, che dimostra che l&#8217;offerta di lavoro \u00e8 stata approvata dal DHS;<\/li><li>documenti di supporto come l&#8217;estratto conto bancario.<\/li><\/ul>\n\n<p>Una volta esaminato il tuo caso, l&#8217;ambasciata americana ti \ncontatter\u00e0 per fissare un appuntamento e una visita medica. \nIl colloquio dura generalmente tra i dieci e i quindici minuti e consister\u00e0 \nin una serie di domande che il rappresentante ufficiale delle autorit\u00e0 americane \nti porr\u00e0 al fine di determinare la tua situazione professionale e personale \n. Lo scopo principale di queste domande \u00e8 quello di \ndeterminare la tua idoneit\u00e0 a rimanere negli Stati Uniti. <\/p>\n\n<p>Dopo il colloquio, il rappresentante legale del governo statunitense \nti dir\u00e0 se sei autorizzato a recarti negli Stati Uniti \nin base al permesso di lavoro. Non riceverai il visto \ndirettamente dopo il colloquio. L&#8217;ambasciata o il consolato generale francese\n terr\u00e0 il tuo passaporto valido per alcuni giorni e te lo restituir\u00e0 \ntimbrato con il visto di lavoro per gli Stati Uniti.  <\/p>\n\n<p>Ora sei pronto per iniziare la tua carriera e immigrare negli Stati Uniti!<\/p>\n\n<p>Se hai difficolt\u00e0 a trovare un lavoro negli Stati Uniti e a\n trovare un datore di lavoro adatto, ti consigliamo di \npreparare il tuo CV in inglese e di rivedere il tuo livello di inglese. Se \nhai un alto livello di conoscenza della lingua, fai l&#8217;esame Toefl. \n \u00e8 riconosciuto a livello internazionale e fornisce alle aziende \nun valido riferimento linguistico quando valutano la tua candidatura.  <\/p>\n\n<p>Altrimenti, a volte \u00e8 preferibile iniziare a fare uno stage \nnegli Stati Uniti o un lavoro estivo (che richiede un visto J1) prima di pensare all&#8217;espatrio \ne trasferirsi negli Stati Uniti.<\/p>\n\n<h3 class=\"wp-block-heading\">Lavorare negli Stati Uniti con una carta verde<\/h3>\n\n<p>Esiste un&#8217;alternativa al permesso di lavoro: la <a href=\"https:\/\/www.esta-officiel-usa.com\/fr\/quest-ce-que-la-green-card\/\">green card<\/a>. Ogni anno si tiene una <a href=\"https:\/\/www.esta-officiel-usa.com\/fr\/obtenir-une-green-card-par-la-loterie\/\">lotteria della green card<\/a> tra i partecipanti di tutto il mondo che vogliono vivere il loro sogno americano, per determinare chi potr\u00e0 ottenere una carta di soggiorno permanente. Per ottenere la carta di soggiorno permanente e trasferirti negli Stati Uniti, devi compilare un modulo sul sito ufficiale della lotteria della carta verde.  <\/p>\n\n<h3 class=\"wp-block-heading\">ESTA per scoprire gli Stati Uniti<\/h3>\n\n<p>Se vuoi visitare prima gli Stati Uniti e vedere\n se la vita l\u00ec \u00e8 di tuo gradimento, \u00e8 possibile andarci senza \ndover prima richiedere un visto. Grazie all&#8217;ESTA \n(autorizzazione elettronica al viaggio), puoi recarti negli \nStati Uniti senza visto, a condizione che tu soddisfi i \ncriteri di idoneit\u00e0 (essere cittadino di uno dei paesi membri del VWP, avere\n un passaporto valido, ecc.) Se non sei idoneo per l&#8217;ESTA, dovrai \nrichiedere un visto turistico B. <\/p>\n\n<p>Per maggiori informazioni, contatta il nostro team e visita il nostro sito web<a href=\"https:\/\/www.esta-officiel-usa.com\/it\/\">ESTA<\/a>.<\/p>\n","protected":false},"excerpt":{"rendered":"<p>Visto di lavoro per gli Stati Uniti: come ottenerlo? Gli Stati Uniti sono intransigenti in materia di immigrazione. Esiste un visto specifico per ogni caso. Per questo motivo, ottenere un visto di lavoro per gli Stati Uniti \u00e8 un passo fondamentale per chiunque voglia lavorare negli Stati Uniti. Ogni categoria di occupazione ha un proprio [&hellip;]<\/p>\n","protected":false},"author":1,"featured_media":0,"parent":0,"menu_order":0,"comment_status":"closed","ping_status":"closed","template":"","meta":{"footnotes":""},"class_list":["post-876","page","type-page","status-publish","hentry"],"yoast_head":"<!-- This site is optimized with the Yoast SEO plugin v26.2 - https:\/\/yoast.com\/wordpress\/plugins\/seo\/ -->\n<title>Quali sono i passi da compiere per ottenere un visto di lavoro negli Stati Uniti?<\/title>\n<meta name=\"description\" content=\"Chi desidera recarsi negli Stati Uniti per lavorare deve richiedere un visto di lavoro USA. Scopri come ottenerlo.\" \/>\n<meta name=\"robots\" content=\"index, follow, max-snippet:-1, max-image-preview:large, max-video-preview:-1\" \/>\n<link rel=\"canonical\" href=\"https:\/\/www.esta-officiel-usa.com\/it\/quali-sono-i-passi-da-compiere-per-ottenere-un-visto-di-lavoro-negli-stati-uniti\/\" \/>\n<meta property=\"og:locale\" content=\"it_IT\" \/>\n<meta property=\"og:type\" content=\"article\" \/>\n<meta property=\"og:title\" content=\"Quali sono i passi da compiere per ottenere un visto di lavoro negli Stati Uniti?\" \/>\n<meta property=\"og:description\" content=\"Chi desidera recarsi negli Stati Uniti per lavorare deve richiedere un visto di lavoro USA. Scopri come ottenerlo.\" \/>\n<meta property=\"og:url\" content=\"https:\/\/www.esta-officiel-usa.com\/it\/quali-sono-i-passi-da-compiere-per-ottenere-un-visto-di-lavoro-negli-stati-uniti\/\" \/>\n<meta property=\"og:site_name\" content=\"ESTA - Stati Uniti\" \/>\n<meta property=\"article:modified_time\" content=\"2025-09-13T11:57:07+00:00\" \/>\n<meta name=\"twitter:card\" content=\"summary_large_image\" \/>\n<meta name=\"twitter:label1\" content=\"Tempo di lettura stimato\" \/>\n\t<meta name=\"twitter:data1\" content=\"5 minuti\" \/>\n<script type=\"application\/ld+json\" class=\"yoast-schema-graph\">{\"@context\":\"https:\/\/schema.org\",\"@graph\":[{\"@type\":\"WebPage\",\"@id\":\"https:\/\/www.esta-officiel-usa.com\/it\/quali-sono-i-passi-da-compiere-per-ottenere-un-visto-di-lavoro-negli-stati-uniti\/\",\"url\":\"https:\/\/www.esta-officiel-usa.com\/it\/quali-sono-i-passi-da-compiere-per-ottenere-un-visto-di-lavoro-negli-stati-uniti\/\",\"name\":\"Quali sono i passi da compiere per ottenere un visto di lavoro negli Stati Uniti?\",\"isPartOf\":{\"@id\":\"https:\/\/www.esta-officiel-usa.com\/it\/#website\"},\"datePublished\":\"2025-09-13T11:57:06+00:00\",\"dateModified\":\"2025-09-13T11:57:07+00:00\",\"description\":\"Chi desidera recarsi negli Stati Uniti per lavorare deve richiedere un visto di lavoro USA. Scopri come ottenerlo.\",\"breadcrumb\":{\"@id\":\"https:\/\/www.esta-officiel-usa.com\/it\/quali-sono-i-passi-da-compiere-per-ottenere-un-visto-di-lavoro-negli-stati-uniti\/#breadcrumb\"},\"inLanguage\":\"it-IT\",\"potentialAction\":[{\"@type\":\"ReadAction\",\"target\":[\"https:\/\/www.esta-officiel-usa.com\/it\/quali-sono-i-passi-da-compiere-per-ottenere-un-visto-di-lavoro-negli-stati-uniti\/\"]}]},{\"@type\":\"BreadcrumbList\",\"@id\":\"https:\/\/www.esta-officiel-usa.com\/it\/quali-sono-i-passi-da-compiere-per-ottenere-un-visto-di-lavoro-negli-stati-uniti\/#breadcrumb\",\"itemListElement\":[{\"@type\":\"ListItem\",\"position\":1,\"name\":\"Casa\",\"item\":\"https:\/\/www.esta-officiel-usa.com\/it\/\"},{\"@type\":\"ListItem\",\"position\":2,\"name\":\"Quali sono i passi da compiere per ottenere un visto di lavoro negli Stati Uniti?\"}]},{\"@type\":\"WebSite\",\"@id\":\"https:\/\/www.esta-officiel-usa.com\/it\/#website\",\"url\":\"https:\/\/www.esta-officiel-usa.com\/it\/\",\"name\":\"ESTA - Stati Uniti\",\"description\":\"Modulo di richiesta ESTA\",\"potentialAction\":[{\"@type\":\"SearchAction\",\"target\":{\"@type\":\"EntryPoint\",\"urlTemplate\":\"https:\/\/www.esta-officiel-usa.com\/it\/?s={search_term_string}\"},\"query-input\":{\"@type\":\"PropertyValueSpecification\",\"valueRequired\":true,\"valueName\":\"search_term_string\"}}],\"inLanguage\":\"it-IT\"}]}<\/script>\n<!-- \/ Yoast SEO plugin. -->","yoast_head_json":{"title":"Quali sono i passi da compiere per ottenere un visto di lavoro negli Stati Uniti?","description":"Chi desidera recarsi negli Stati Uniti per lavorare deve richiedere un visto di lavoro USA. Scopri come ottenerlo.","robots":{"index":"index","follow":"follow","max-snippet":"max-snippet:-1","max-image-preview":"max-image-preview:large","max-video-preview":"max-video-preview:-1"},"canonical":"https:\/\/www.esta-officiel-usa.com\/it\/quali-sono-i-passi-da-compiere-per-ottenere-un-visto-di-lavoro-negli-stati-uniti\/","og_locale":"it_IT","og_type":"article","og_title":"Quali sono i passi da compiere per ottenere un visto di lavoro negli Stati Uniti?","og_description":"Chi desidera recarsi negli Stati Uniti per lavorare deve richiedere un visto di lavoro USA. Scopri come ottenerlo.","og_url":"https:\/\/www.esta-officiel-usa.com\/it\/quali-sono-i-passi-da-compiere-per-ottenere-un-visto-di-lavoro-negli-stati-uniti\/","og_site_name":"ESTA - Stati Uniti","article_modified_time":"2025-09-13T11:57:07+00:00","twitter_card":"summary_large_image","twitter_misc":{"Tempo di lettura stimato":"5 minuti"},"schema":{"@context":"https:\/\/schema.org","@graph":[{"@type":"WebPage","@id":"https:\/\/www.esta-officiel-usa.com\/it\/quali-sono-i-passi-da-compiere-per-ottenere-un-visto-di-lavoro-negli-stati-uniti\/","url":"https:\/\/www.esta-officiel-usa.com\/it\/quali-sono-i-passi-da-compiere-per-ottenere-un-visto-di-lavoro-negli-stati-uniti\/","name":"Quali sono i passi da compiere per ottenere un visto di lavoro negli Stati Uniti?","isPartOf":{"@id":"https:\/\/www.esta-officiel-usa.com\/it\/#website"},"datePublished":"2025-09-13T11:57:06+00:00","dateModified":"2025-09-13T11:57:07+00:00","description":"Chi desidera recarsi negli Stati Uniti per lavorare deve richiedere un visto di lavoro USA. Scopri come ottenerlo.","breadcrumb":{"@id":"https:\/\/www.esta-officiel-usa.com\/it\/quali-sono-i-passi-da-compiere-per-ottenere-un-visto-di-lavoro-negli-stati-uniti\/#breadcrumb"},"inLanguage":"it-IT","potentialAction":[{"@type":"ReadAction","target":["https:\/\/www.esta-officiel-usa.com\/it\/quali-sono-i-passi-da-compiere-per-ottenere-un-visto-di-lavoro-negli-stati-uniti\/"]}]},{"@type":"BreadcrumbList","@id":"https:\/\/www.esta-officiel-usa.com\/it\/quali-sono-i-passi-da-compiere-per-ottenere-un-visto-di-lavoro-negli-stati-uniti\/#breadcrumb","itemListElement":[{"@type":"ListItem","position":1,"name":"Casa","item":"https:\/\/www.esta-officiel-usa.com\/it\/"},{"@type":"ListItem","position":2,"name":"Quali sono i passi da compiere per ottenere un visto di lavoro negli Stati Uniti?"}]},{"@type":"WebSite","@id":"https:\/\/www.esta-officiel-usa.com\/it\/#website","url":"https:\/\/www.esta-officiel-usa.com\/it\/","name":"ESTA - Stati Uniti","description":"Modulo di richiesta ESTA","potentialAction":[{"@type":"SearchAction","target":{"@type":"EntryPoint","urlTemplate":"https:\/\/www.esta-officiel-usa.com\/it\/?s={search_term_string}"},"query-input":{"@type":"PropertyValueSpecification","valueRequired":true,"valueName":"search_term_string"}}],"inLanguage":"it-IT"}]}},"_links":{"self":[{"href":"https:\/\/www.esta-officiel-usa.com\/it\/wp-json\/wp\/v2\/pages\/876","targetHints":{"allow":["GET"]}}],"collection":[{"href":"https:\/\/www.esta-officiel-usa.com\/it\/wp-json\/wp\/v2\/pages"}],"about":[{"href":"https:\/\/www.esta-officiel-usa.com\/it\/wp-json\/wp\/v2\/types\/page"}],"author":[{"embeddable":true,"href":"https:\/\/www.esta-officiel-usa.com\/it\/wp-json\/wp\/v2\/users\/1"}],"replies":[{"embeddable":true,"href":"https:\/\/www.esta-officiel-usa.com\/it\/wp-json\/wp\/v2\/comments?post=876"}],"version-history":[{"count":1,"href":"https:\/\/www.esta-officiel-usa.com\/it\/wp-json\/wp\/v2\/pages\/876\/revisions"}],"predecessor-version":[{"id":879,"href":"https:\/\/www.esta-officiel-usa.com\/it\/wp-json\/wp\/v2\/pages\/876\/revisions\/879"}],"wp:attachment":[{"href":"https:\/\/www.esta-officiel-usa.com\/it\/wp-json\/wp\/v2\/media?parent=876"}],"curies":[{"name":"wp","href":"https:\/\/api.w.org\/{rel}","templated":true}]}}