{"id":916,"date":"2025-09-13T11:57:33","date_gmt":"2025-09-13T11:57:33","guid":{"rendered":"https:\/\/www.esta-officiel-usa.com\/di-quale-assicurazione-sanitaria-ho-bisogno-per-un-viaggio-negli-stati-uniti\/"},"modified":"2025-09-13T11:57:33","modified_gmt":"2025-09-13T11:57:33","slug":"di-quale-assicurazione-sanitaria-ho-bisogno-per-un-viaggio-negli-stati-uniti","status":"publish","type":"page","link":"https:\/\/www.esta-officiel-usa.com\/it\/di-quale-assicurazione-sanitaria-ho-bisogno-per-un-viaggio-negli-stati-uniti\/","title":{"rendered":"Di quale assicurazione sanitaria ho bisogno per un viaggio negli Stati Uniti?"},"content":{"rendered":"\n<h1 class=\"wp-block-heading\">I nostri consigli per scegliere l&#8217;assicurazione sanitaria negli Stati Uniti<\/h1>\n\n<p>Fare un viaggio all&#8217;estero non \u00e8 una cosa banale, soprattutto quando si tratta di avventurarsi negli Stati Uniti. Dopo aver <a href=\"https:\/\/www.esta-officiel-usa.com\/it\/\">richiesto l&#8217;ESTA<\/a> o il visto, devi anche considerare la scelta di una buona assicurazione sanitaria. Il costo delle cure mediche negli Stati Uniti pu\u00f2 essere esorbitante e il rimborso delle spese pu\u00f2 variare drasticamente a seconda della mutua o della compagnia assicurativa.  <\/p>\n\n<p><a href=\"https:\/\/www.esta-officiel-usa.com\/fr\/voyager-aux-usa-et-decouvrir-las-vegas\/\">Las Vegas<\/a> e <a href=\"https:\/\/www.esta-officiel-usa.com\/fr\/decouvrir-la-ville-de-new-york-city\/\">New York <\/a>possono anche essere il mondo dei sogni, ma il sistema sanitario americano non lo \u00e8 affatto. Infatti, non funziona affatto come in Francia o in altri paesi europei dell&#8217;area Schengen. Se malauguratamente dovessi essere ricoverato in ospedale negli Stati Uniti, \u00e8 molto probabile che rimpiangerai di non aver potuto usufruire della tessera europea di assicurazione sanitaria o del sistema di sicurezza sociale francese&#8230; Quindi \u00e8 importante prevedere tutte le possibilit\u00e0 di un eventuale problema di salute durante il tuo viaggio negli Stati Uniti e ridurre cos\u00ec le spiacevoli sorprese.  <\/p>\n\n<h2 class=\"wp-block-heading\">Quale assicurazione sanitaria americana scegliere?<\/h2>\n\n<p>Non \u00e8 facile scegliere tra l&#8217;assicurazione per l&#8217;espatrio (nota anche come \nexpatriate insurance), l&#8217;assicurazione globale e l&#8217;assicurazione di responsabilit\u00e0 civile \n. Cosa scegliere in base al tuo status? \u00c8 importante \nprendere tempo e fare la scelta giusta, ad esempio con l&#8217;aiuto di un \nconfronto di assicurazioni. Molti broker assicurativi \npossono aiutarti a trovare la polizza pi\u00f9 adatta a te \n.   <\/p>\n\n<h3 class=\"wp-block-heading\">Sistemi pubblici e privati negli Stati Uniti<\/h3>\n\n<p>Il sistema sanitario americano \u00e8 un sistema mutualistico, il che \nsignifica che ogni persona paga dei contributi a organizzazioni private. I\n beneficiari pagano un saldo mensile, il cui importo varia in base a \ndeterminati criteri (et\u00e0, malattia, stato di salute generale, \necc.). Una persona obesa o un fumatore, ad esempio, \ndovr\u00e0 pagare di pi\u00f9, in quanto il rischio di sviluppare determinate malattie \u00e8 \nmaggiore. Questo sistema \u00e8 totalmente diverso dal nostro \nsistema, che si basa sulla solidariet\u00e0.   <\/p>\n\n<p>Tuttavia, esistono due sistemi pubblici, finanziati dal governo,\n e rivolti alle persone pi\u00f9 svantaggiate e agli anziani: MEDICARE e \nMEDICAID.<\/p>\n\n<p>Con l&#8217;attuazione del Patient Protection and Affordable Care Act \n, \ntutti gli americani sono obbligati a stipulare un&#8217;assicurazione sanitaria \n. Questa legge, soprannominata Obamacare perch\u00e9 nata da \nun&#8217;idea dell&#8217;ex presidente, mira a riformare il sistema sanitario americano\n e a ridurre le disuguaglianze dando a milioni di americani \nl&#8217;accesso alla copertura sociale. <\/p>\n\n<h3 class=\"wp-block-heading\">Altre opzioni assicurative per gli Stati Uniti<\/h3>\n\n<p>Alcune carte Visa o Mastercard Gold possono anche offrire \nun&#8217;assicurazione sanitaria per gli espatri, oltre ad altri servizi come \nl&#8217;assicurazione di viaggio, l&#8217;assistenza al rimpatrio e\n il rimborso parziale delle spese mediche. Per saperne di pi\u00f9 \nsui tuoi diritti in caso di problemi. <\/p>\n\n<p>Un altro modo per ottenere una copertura parziale \u00e8 quello di iscriversi all&#8217;universit\u00e0, anche per un solo corso.<\/p>\n\n<p>\u00c8 anche possibile stipulare un&#8217;assicurazione internazionale su \n, anche se \u00e8 necessario assicurarsi che sia compatibile con \ni requisiti del governo statunitense.<\/p>\n\n<p>La scelta tra questi diversi tipi di assicurazione dipender\u00e0 dal tuo profilo: che tu sia un giramondo che vuole visitare i parchi <a href=\"https:\/\/www.esta-officiel-usa.com\/fr\/visite-des-parcs-nationaux-aux-etats-unis\/\">nazionali<\/a>, uno studente, un apprendista o un lavoratore, il prezzo e la copertura della tua assicurazione non saranno gli stessi.<\/p>\n\n<h2 class=\"wp-block-heading\">Informazioni importanti nel contratto di assicurazione sanitaria<\/h2>\n\n<p>Esiste un vocabolario molto specifico relativo alle assicurazioni americane.\n Conoscerlo e tenerlo in considerazione ti aiuter\u00e0 a evitare spiacevoli sorprese \n.<\/p>\n\n<p>Alcuni elementi determinano l&#8217;importo che dovrai \npagare ogni mese o in caso di sinistro. Dovrai\n controllare i termini &#8220;Copay&#8221; (l&#8217;importo che rimane da pagare), \n&#8220;out of pocket maximum&#8221; (il tetto massimo), &#8220;deductible&#8221; (la franchigia), \n&#8220;esclusioni&#8221; o la rete di medici coperti dall&#8217;assicurazione \ncon &#8220;network&#8221;. Questi dettagli ti aiuteranno a determinare \nquale piano di assistenza medica scegliere in caso di incidente.  <\/p>\n\n<p>In genere \u00e8 consigliabile richiedere una copertura completa \n, anche se \u00e8 pi\u00f9 costosa. Va notato che in alcuni casi \n\u00e8 economicamente pi\u00f9 vantaggioso essere rimpatriati \nnel proprio Paese per ricevere le cure. <\/p>\n\n<p>Per sfruttare al meglio il tuo soggiorno all&#8217;estero, dovresti stipulare\n anche altri tipi di assicurazione, come l&#8217;assicurazione sulla casa, \nl&#8217;assistenza legale o l&#8217;assistenza in viaggio (protezione degli effetti personali \n) se necessario. Anche l&#8217;assicurazione per l&#8217;annullamento del viaggio pu\u00f2 \nessere utile in alcuni casi. Puoi trovare alcune \norganizzazioni che offrono pacchetti, ad esempio Chapka assurances \no Mondial assistance (Allianz travel).  <\/p>\n","protected":false},"excerpt":{"rendered":"<p>I nostri consigli per scegliere l&#8217;assicurazione sanitaria negli Stati Uniti Fare un viaggio all&#8217;estero non \u00e8 una cosa banale, soprattutto quando si tratta di avventurarsi negli Stati Uniti. Dopo aver richiesto l&#8217;ESTA o il visto, devi anche considerare la scelta di una buona assicurazione sanitaria. Il costo delle cure mediche negli Stati Uniti pu\u00f2 essere [&hellip;]<\/p>\n","protected":false},"author":1,"featured_media":0,"parent":0,"menu_order":0,"comment_status":"closed","ping_status":"closed","template":"","meta":{"footnotes":""},"class_list":["post-916","page","type-page","status-publish","hentry"],"yoast_head":"<!-- This site is optimized with the Yoast SEO plugin v26.2 - https:\/\/yoast.com\/wordpress\/plugins\/seo\/ -->\n<title>Di quale assicurazione sanitaria ho bisogno per un viaggio negli Stati Uniti?<\/title>\n<meta name=\"description\" content=\"Gli Stati Uniti d&#039;America hanno uno dei sistemi sanitari pi\u00f9 costosi al mondo, quindi \u00e8 fondamentale stipulare un&#039;assicurazione sanitaria prima del tuo soggiorno.\" \/>\n<meta name=\"robots\" content=\"index, follow, max-snippet:-1, max-image-preview:large, max-video-preview:-1\" \/>\n<link rel=\"canonical\" href=\"https:\/\/www.esta-officiel-usa.com\/it\/di-quale-assicurazione-sanitaria-ho-bisogno-per-un-viaggio-negli-stati-uniti\/\" \/>\n<meta property=\"og:locale\" content=\"it_IT\" \/>\n<meta property=\"og:type\" content=\"article\" \/>\n<meta property=\"og:title\" content=\"Di quale assicurazione sanitaria ho bisogno per un viaggio negli Stati Uniti?\" \/>\n<meta property=\"og:description\" content=\"Gli Stati Uniti d&#039;America hanno uno dei sistemi sanitari pi\u00f9 costosi al mondo, quindi \u00e8 fondamentale stipulare un&#039;assicurazione sanitaria prima del tuo soggiorno.\" \/>\n<meta property=\"og:url\" content=\"https:\/\/www.esta-officiel-usa.com\/it\/di-quale-assicurazione-sanitaria-ho-bisogno-per-un-viaggio-negli-stati-uniti\/\" \/>\n<meta property=\"og:site_name\" content=\"ESTA - Stati Uniti\" \/>\n<meta name=\"twitter:card\" content=\"summary_large_image\" \/>\n<meta name=\"twitter:label1\" content=\"Tempo di lettura stimato\" \/>\n\t<meta name=\"twitter:data1\" content=\"3 minuti\" \/>\n<script type=\"application\/ld+json\" class=\"yoast-schema-graph\">{\"@context\":\"https:\/\/schema.org\",\"@graph\":[{\"@type\":\"WebPage\",\"@id\":\"https:\/\/www.esta-officiel-usa.com\/it\/di-quale-assicurazione-sanitaria-ho-bisogno-per-un-viaggio-negli-stati-uniti\/\",\"url\":\"https:\/\/www.esta-officiel-usa.com\/it\/di-quale-assicurazione-sanitaria-ho-bisogno-per-un-viaggio-negli-stati-uniti\/\",\"name\":\"Di quale assicurazione sanitaria ho bisogno per un viaggio negli Stati Uniti?\",\"isPartOf\":{\"@id\":\"https:\/\/www.esta-officiel-usa.com\/it\/#website\"},\"datePublished\":\"2025-09-13T11:57:33+00:00\",\"description\":\"Gli Stati Uniti d'America hanno uno dei sistemi sanitari pi\u00f9 costosi al mondo, quindi \u00e8 fondamentale stipulare un'assicurazione sanitaria prima del tuo soggiorno.\",\"breadcrumb\":{\"@id\":\"https:\/\/www.esta-officiel-usa.com\/it\/di-quale-assicurazione-sanitaria-ho-bisogno-per-un-viaggio-negli-stati-uniti\/#breadcrumb\"},\"inLanguage\":\"it-IT\",\"potentialAction\":[{\"@type\":\"ReadAction\",\"target\":[\"https:\/\/www.esta-officiel-usa.com\/it\/di-quale-assicurazione-sanitaria-ho-bisogno-per-un-viaggio-negli-stati-uniti\/\"]}]},{\"@type\":\"BreadcrumbList\",\"@id\":\"https:\/\/www.esta-officiel-usa.com\/it\/di-quale-assicurazione-sanitaria-ho-bisogno-per-un-viaggio-negli-stati-uniti\/#breadcrumb\",\"itemListElement\":[{\"@type\":\"ListItem\",\"position\":1,\"name\":\"Casa\",\"item\":\"https:\/\/www.esta-officiel-usa.com\/it\/\"},{\"@type\":\"ListItem\",\"position\":2,\"name\":\"Di quale assicurazione sanitaria ho bisogno per un viaggio negli Stati Uniti?\"}]},{\"@type\":\"WebSite\",\"@id\":\"https:\/\/www.esta-officiel-usa.com\/it\/#website\",\"url\":\"https:\/\/www.esta-officiel-usa.com\/it\/\",\"name\":\"ESTA - Stati Uniti\",\"description\":\"Modulo di richiesta ESTA\",\"potentialAction\":[{\"@type\":\"SearchAction\",\"target\":{\"@type\":\"EntryPoint\",\"urlTemplate\":\"https:\/\/www.esta-officiel-usa.com\/it\/?s={search_term_string}\"},\"query-input\":{\"@type\":\"PropertyValueSpecification\",\"valueRequired\":true,\"valueName\":\"search_term_string\"}}],\"inLanguage\":\"it-IT\"}]}<\/script>\n<!-- \/ Yoast SEO plugin. -->","yoast_head_json":{"title":"Di quale assicurazione sanitaria ho bisogno per un viaggio negli Stati Uniti?","description":"Gli Stati Uniti d'America hanno uno dei sistemi sanitari pi\u00f9 costosi al mondo, quindi \u00e8 fondamentale stipulare un'assicurazione sanitaria prima del tuo soggiorno.","robots":{"index":"index","follow":"follow","max-snippet":"max-snippet:-1","max-image-preview":"max-image-preview:large","max-video-preview":"max-video-preview:-1"},"canonical":"https:\/\/www.esta-officiel-usa.com\/it\/di-quale-assicurazione-sanitaria-ho-bisogno-per-un-viaggio-negli-stati-uniti\/","og_locale":"it_IT","og_type":"article","og_title":"Di quale assicurazione sanitaria ho bisogno per un viaggio negli Stati Uniti?","og_description":"Gli Stati Uniti d'America hanno uno dei sistemi sanitari pi\u00f9 costosi al mondo, quindi \u00e8 fondamentale stipulare un'assicurazione sanitaria prima del tuo soggiorno.","og_url":"https:\/\/www.esta-officiel-usa.com\/it\/di-quale-assicurazione-sanitaria-ho-bisogno-per-un-viaggio-negli-stati-uniti\/","og_site_name":"ESTA - Stati Uniti","twitter_card":"summary_large_image","twitter_misc":{"Tempo di lettura stimato":"3 minuti"},"schema":{"@context":"https:\/\/schema.org","@graph":[{"@type":"WebPage","@id":"https:\/\/www.esta-officiel-usa.com\/it\/di-quale-assicurazione-sanitaria-ho-bisogno-per-un-viaggio-negli-stati-uniti\/","url":"https:\/\/www.esta-officiel-usa.com\/it\/di-quale-assicurazione-sanitaria-ho-bisogno-per-un-viaggio-negli-stati-uniti\/","name":"Di quale assicurazione sanitaria ho bisogno per un viaggio negli Stati Uniti?","isPartOf":{"@id":"https:\/\/www.esta-officiel-usa.com\/it\/#website"},"datePublished":"2025-09-13T11:57:33+00:00","description":"Gli Stati Uniti d'America hanno uno dei sistemi sanitari pi\u00f9 costosi al mondo, quindi \u00e8 fondamentale stipulare un'assicurazione sanitaria prima del tuo soggiorno.","breadcrumb":{"@id":"https:\/\/www.esta-officiel-usa.com\/it\/di-quale-assicurazione-sanitaria-ho-bisogno-per-un-viaggio-negli-stati-uniti\/#breadcrumb"},"inLanguage":"it-IT","potentialAction":[{"@type":"ReadAction","target":["https:\/\/www.esta-officiel-usa.com\/it\/di-quale-assicurazione-sanitaria-ho-bisogno-per-un-viaggio-negli-stati-uniti\/"]}]},{"@type":"BreadcrumbList","@id":"https:\/\/www.esta-officiel-usa.com\/it\/di-quale-assicurazione-sanitaria-ho-bisogno-per-un-viaggio-negli-stati-uniti\/#breadcrumb","itemListElement":[{"@type":"ListItem","position":1,"name":"Casa","item":"https:\/\/www.esta-officiel-usa.com\/it\/"},{"@type":"ListItem","position":2,"name":"Di quale assicurazione sanitaria ho bisogno per un viaggio negli Stati Uniti?"}]},{"@type":"WebSite","@id":"https:\/\/www.esta-officiel-usa.com\/it\/#website","url":"https:\/\/www.esta-officiel-usa.com\/it\/","name":"ESTA - Stati Uniti","description":"Modulo di richiesta ESTA","potentialAction":[{"@type":"SearchAction","target":{"@type":"EntryPoint","urlTemplate":"https:\/\/www.esta-officiel-usa.com\/it\/?s={search_term_string}"},"query-input":{"@type":"PropertyValueSpecification","valueRequired":true,"valueName":"search_term_string"}}],"inLanguage":"it-IT"}]}},"_links":{"self":[{"href":"https:\/\/www.esta-officiel-usa.com\/it\/wp-json\/wp\/v2\/pages\/916","targetHints":{"allow":["GET"]}}],"collection":[{"href":"https:\/\/www.esta-officiel-usa.com\/it\/wp-json\/wp\/v2\/pages"}],"about":[{"href":"https:\/\/www.esta-officiel-usa.com\/it\/wp-json\/wp\/v2\/types\/page"}],"author":[{"embeddable":true,"href":"https:\/\/www.esta-officiel-usa.com\/it\/wp-json\/wp\/v2\/users\/1"}],"replies":[{"embeddable":true,"href":"https:\/\/www.esta-officiel-usa.com\/it\/wp-json\/wp\/v2\/comments?post=916"}],"version-history":[{"count":1,"href":"https:\/\/www.esta-officiel-usa.com\/it\/wp-json\/wp\/v2\/pages\/916\/revisions"}],"predecessor-version":[{"id":917,"href":"https:\/\/www.esta-officiel-usa.com\/it\/wp-json\/wp\/v2\/pages\/916\/revisions\/917"}],"wp:attachment":[{"href":"https:\/\/www.esta-officiel-usa.com\/it\/wp-json\/wp\/v2\/media?parent=916"}],"curies":[{"name":"wp","href":"https:\/\/api.w.org\/{rel}","templated":true}]}}