{"id":925,"date":"2025-09-13T11:57:38","date_gmt":"2025-09-13T11:57:38","guid":{"rendered":"https:\/\/www.esta-officiel-usa.com\/visto-l1-per-trasferimenti-esecutivi-negli-usa\/"},"modified":"2025-09-13T11:57:38","modified_gmt":"2025-09-13T11:57:38","slug":"visto-l1-per-trasferimenti-esecutivi-negli-usa","status":"publish","type":"page","link":"https:\/\/www.esta-officiel-usa.com\/it\/visto-l1-per-trasferimenti-esecutivi-negli-usa\/","title":{"rendered":"Visto l1 per trasferimenti esecutivi negli USA"},"content":{"rendered":"\n<h1 class=\"wp-block-heading\">Presentazione del visto L1<\/h1>\n\n<p>I cittadini francesi di solito richiedono un <a href=\"https:\/\/www.esta-officiel-usa.com\/it\/\">ESTA<\/a> per i loro soggiorni negli Stati Uniti. Tuttavia, non tutte le visite sono coperte e a volte \u00e8 necessario optare per un visto rilasciato dall&#8217;ambasciata americana. In questo articolo ci concentriamo sul visto L1, noto anche come visto di trasferimento L1.  <\/p>\n\n<h2 class=\"wp-block-heading\">Cos&#8217;\u00e8 il visto di trasferimento L1?<\/h2>\n\n<p>Come suggerisce il nome, il visto di trasferimento L1 consente alle aziende \nidonee di trasferire manager, dirigenti e personale altamente qualificato \nda un&#8217;azienda straniera a una filiale o a una succursale \nnegli Stati Uniti.<\/p>\n\n<p>La richiesta di un visto L1, che \u00e8 un visto per non immigrati, deve essere presentata\n dall&#8217;azienda statunitense stessa. Se il richiedente si trova all&#8217;estero,\n la domanda viene elaborata dall&#8217;ambasciata statunitense ( \nservizi consolari) nel paese di origine. Se il richiedente si trova gi\u00e0 negli Stati Uniti,\n deve presentare una domanda di cambio di status ai servizi di immigrazione \n.  <\/p>\n\n<p>I manager e i dirigenti rientrano nel visto L1a, mentre i dipendenti \ncon conoscenze specialistiche rientrano nel visto L1b. Il visto \n\u00e8 valido per tre anni (un anno per le aziende di nuova costituzione \n). Pu\u00f2 essere rinnovato per un massimo di 7 anni per \ndirigenti e manager e per un massimo di 5 anni per i dipendenti altamente qualificati \n. \u00c8 ovviamente possibile per il titolare di un visto \nL1b ottenere un visto L1a in caso di promozione.     <\/p>\n\n<p>Il coniuge e i figli minorenni (sotto i 21 anni) del titolare di un visto di trasferimento L1 \npossono ottenere un visto L2 che li autorizza a \nlavorare e studiare negli Stati Uniti.<\/p>\n\n<p>Infine, il visto di trasferimento L1 ti permette di presentare una richiesta semplificata di <a href=\"https:\/\/www.esta-officiel-usa.com\/fr\/la-demande-de-green-card-pour-le-travail\/\">carta verde per motivi professionali<\/a>; la carta<a href=\"https:\/\/www.esta-officiel-usa.com\/fr\/quest-ce-que-la-green-card\/\">verde<\/a> \u00e8 la carta di residente permanente.<\/p>\n\n<h2 class=\"wp-block-heading\">Requisiti per il visto L1<\/h2>\n\n<p>Il visto L1 impone delle condizioni sia all&#8217;azienda con sede negli Stati Uniti che al dipendente che ne fa richiesta.<\/p>\n\n<h3 class=\"wp-block-heading\">Condizioni che l&#8217;azienda americana deve soddisfare<\/h3>\n\n<p>Il visto L1 viene richiesto dall&#8217;azienda stessa. \u00c8 \nsoggetto a determinati criteri. \nL&#8217;azienda con sede negli Stati Uniti deve avere un \nrapporto &#8220;qualificante&#8221; con l&#8217;azienda straniera, ossia essere la societ\u00e0 madre, una delle sue agenzie, filiali, sussidiarie o \nsociet\u00e0 affiliate.  <\/p>\n\n<p>La societ\u00e0 statunitense deve inoltre svolgere \nattivit\u00e0 di datore di lavoro sia negli Stati Uniti che nella societ\u00e0 estera. La\n forma giuridica della societ\u00e0 non \u00e8 importante di per s\u00e9; lo stesso vale \nper l&#8217;attivit\u00e0 svolta. <\/p>\n\n<p>Si noti che il visto L1 pu\u00f2 essere richiesto anche da \naziende in fase di start-up, ovvero per la creazione di una \nnuova filiale o succursale negli Stati Uniti. Il visto L1 pu\u00f2 essere \nconcesso per 12 mesi rinnovabili, a condizione che la societ\u00e0 \nfornisca la prova degli accordi presi per la creazione di \nnuovi uffici negli Stati Uniti. <\/p>\n\n<h3 class=\"wp-block-heading\">Condizioni che il dipendente trasferito deve soddisfare<\/h3>\n\n<p>Per essere idoneo, il candidato al visto L1 deve ricoprire una posizione manageriale, esecutiva o specialistica negli \nStati Uniti. Il\n candidato deve aver ricoperto la stessa posizione nell&#8217;azienda straniera \nper almeno 12 mesi negli ultimi tre anni. \u00c8 \nimportante notare che per ottenere un visto L1, i candidati devono \nsoddisfare gli esatti requisiti lavorativi definiti dalle autorit\u00e0 statunitensi per l&#8217;immigrazione \n.  <\/p>\n\n<p>A causa dell&#8217;accesso semplificato alla green card, le autorit\u00e0 americane esaminano le domande di visto L1 con molta attenzione e tutte le condizioni devono essere scrupolosamente soddisfatte, pena il rifiuto della domanda. Se la domanda viene rifiutata, \u00e8 possibile richiedere un visto H1B. <\/p>\n","protected":false},"excerpt":{"rendered":"<p>Presentazione del visto L1 I cittadini francesi di solito richiedono un ESTA per i loro soggiorni negli Stati Uniti. Tuttavia, non tutte le visite sono coperte e a volte \u00e8 necessario optare per un visto rilasciato dall&#8217;ambasciata americana. In questo articolo ci concentriamo sul visto L1, noto anche come visto di trasferimento L1. Cos&#8217;\u00e8 il [&hellip;]<\/p>\n","protected":false},"author":1,"featured_media":0,"parent":0,"menu_order":0,"comment_status":"closed","ping_status":"closed","template":"","meta":{"footnotes":""},"class_list":["post-925","page","type-page","status-publish","hentry"],"yoast_head":"<!-- This site is optimized with the Yoast SEO plugin v26.2 - https:\/\/yoast.com\/wordpress\/plugins\/seo\/ -->\n<title>Visto l1 per trasferimenti esecutivi negli USA<\/title>\n<meta name=\"description\" content=\"Tutto quello che c&#039;\u00e8 da sapere sul visto L1: i criteri di ammissibilit\u00e0, la durata della sua validit\u00e0, come ottenerlo, come rinnovarlo e molto altro ancora.\" \/>\n<meta name=\"robots\" content=\"index, follow, max-snippet:-1, max-image-preview:large, max-video-preview:-1\" \/>\n<link rel=\"canonical\" href=\"https:\/\/www.esta-officiel-usa.com\/it\/visto-l1-per-trasferimenti-esecutivi-negli-usa\/\" \/>\n<meta property=\"og:locale\" content=\"it_IT\" \/>\n<meta property=\"og:type\" content=\"article\" \/>\n<meta property=\"og:title\" content=\"Visto l1 per trasferimenti esecutivi negli USA\" \/>\n<meta property=\"og:description\" content=\"Tutto quello che c&#039;\u00e8 da sapere sul visto L1: i criteri di ammissibilit\u00e0, la durata della sua validit\u00e0, come ottenerlo, come rinnovarlo e molto altro ancora.\" \/>\n<meta property=\"og:url\" content=\"https:\/\/www.esta-officiel-usa.com\/it\/visto-l1-per-trasferimenti-esecutivi-negli-usa\/\" \/>\n<meta property=\"og:site_name\" content=\"ESTA - Stati Uniti\" \/>\n<meta name=\"twitter:card\" content=\"summary_large_image\" \/>\n<meta name=\"twitter:label1\" content=\"Tempo di lettura stimato\" \/>\n\t<meta name=\"twitter:data1\" content=\"3 minuti\" \/>\n<script type=\"application\/ld+json\" class=\"yoast-schema-graph\">{\"@context\":\"https:\/\/schema.org\",\"@graph\":[{\"@type\":\"WebPage\",\"@id\":\"https:\/\/www.esta-officiel-usa.com\/it\/visto-l1-per-trasferimenti-esecutivi-negli-usa\/\",\"url\":\"https:\/\/www.esta-officiel-usa.com\/it\/visto-l1-per-trasferimenti-esecutivi-negli-usa\/\",\"name\":\"Visto l1 per trasferimenti esecutivi negli USA\",\"isPartOf\":{\"@id\":\"https:\/\/www.esta-officiel-usa.com\/it\/#website\"},\"datePublished\":\"2025-09-13T11:57:38+00:00\",\"description\":\"Tutto quello che c'\u00e8 da sapere sul visto L1: i criteri di ammissibilit\u00e0, la durata della sua validit\u00e0, come ottenerlo, come rinnovarlo e molto altro ancora.\",\"breadcrumb\":{\"@id\":\"https:\/\/www.esta-officiel-usa.com\/it\/visto-l1-per-trasferimenti-esecutivi-negli-usa\/#breadcrumb\"},\"inLanguage\":\"it-IT\",\"potentialAction\":[{\"@type\":\"ReadAction\",\"target\":[\"https:\/\/www.esta-officiel-usa.com\/it\/visto-l1-per-trasferimenti-esecutivi-negli-usa\/\"]}]},{\"@type\":\"BreadcrumbList\",\"@id\":\"https:\/\/www.esta-officiel-usa.com\/it\/visto-l1-per-trasferimenti-esecutivi-negli-usa\/#breadcrumb\",\"itemListElement\":[{\"@type\":\"ListItem\",\"position\":1,\"name\":\"Casa\",\"item\":\"https:\/\/www.esta-officiel-usa.com\/it\/\"},{\"@type\":\"ListItem\",\"position\":2,\"name\":\"Visto l1 per trasferimenti esecutivi negli USA\"}]},{\"@type\":\"WebSite\",\"@id\":\"https:\/\/www.esta-officiel-usa.com\/it\/#website\",\"url\":\"https:\/\/www.esta-officiel-usa.com\/it\/\",\"name\":\"ESTA - Stati Uniti\",\"description\":\"Modulo di richiesta ESTA\",\"potentialAction\":[{\"@type\":\"SearchAction\",\"target\":{\"@type\":\"EntryPoint\",\"urlTemplate\":\"https:\/\/www.esta-officiel-usa.com\/it\/?s={search_term_string}\"},\"query-input\":{\"@type\":\"PropertyValueSpecification\",\"valueRequired\":true,\"valueName\":\"search_term_string\"}}],\"inLanguage\":\"it-IT\"}]}<\/script>\n<!-- \/ Yoast SEO plugin. -->","yoast_head_json":{"title":"Visto l1 per trasferimenti esecutivi negli USA","description":"Tutto quello che c'\u00e8 da sapere sul visto L1: i criteri di ammissibilit\u00e0, la durata della sua validit\u00e0, come ottenerlo, come rinnovarlo e molto altro ancora.","robots":{"index":"index","follow":"follow","max-snippet":"max-snippet:-1","max-image-preview":"max-image-preview:large","max-video-preview":"max-video-preview:-1"},"canonical":"https:\/\/www.esta-officiel-usa.com\/it\/visto-l1-per-trasferimenti-esecutivi-negli-usa\/","og_locale":"it_IT","og_type":"article","og_title":"Visto l1 per trasferimenti esecutivi negli USA","og_description":"Tutto quello che c'\u00e8 da sapere sul visto L1: i criteri di ammissibilit\u00e0, la durata della sua validit\u00e0, come ottenerlo, come rinnovarlo e molto altro ancora.","og_url":"https:\/\/www.esta-officiel-usa.com\/it\/visto-l1-per-trasferimenti-esecutivi-negli-usa\/","og_site_name":"ESTA - Stati Uniti","twitter_card":"summary_large_image","twitter_misc":{"Tempo di lettura stimato":"3 minuti"},"schema":{"@context":"https:\/\/schema.org","@graph":[{"@type":"WebPage","@id":"https:\/\/www.esta-officiel-usa.com\/it\/visto-l1-per-trasferimenti-esecutivi-negli-usa\/","url":"https:\/\/www.esta-officiel-usa.com\/it\/visto-l1-per-trasferimenti-esecutivi-negli-usa\/","name":"Visto l1 per trasferimenti esecutivi negli USA","isPartOf":{"@id":"https:\/\/www.esta-officiel-usa.com\/it\/#website"},"datePublished":"2025-09-13T11:57:38+00:00","description":"Tutto quello che c'\u00e8 da sapere sul visto L1: i criteri di ammissibilit\u00e0, la durata della sua validit\u00e0, come ottenerlo, come rinnovarlo e molto altro ancora.","breadcrumb":{"@id":"https:\/\/www.esta-officiel-usa.com\/it\/visto-l1-per-trasferimenti-esecutivi-negli-usa\/#breadcrumb"},"inLanguage":"it-IT","potentialAction":[{"@type":"ReadAction","target":["https:\/\/www.esta-officiel-usa.com\/it\/visto-l1-per-trasferimenti-esecutivi-negli-usa\/"]}]},{"@type":"BreadcrumbList","@id":"https:\/\/www.esta-officiel-usa.com\/it\/visto-l1-per-trasferimenti-esecutivi-negli-usa\/#breadcrumb","itemListElement":[{"@type":"ListItem","position":1,"name":"Casa","item":"https:\/\/www.esta-officiel-usa.com\/it\/"},{"@type":"ListItem","position":2,"name":"Visto l1 per trasferimenti esecutivi negli USA"}]},{"@type":"WebSite","@id":"https:\/\/www.esta-officiel-usa.com\/it\/#website","url":"https:\/\/www.esta-officiel-usa.com\/it\/","name":"ESTA - Stati Uniti","description":"Modulo di richiesta ESTA","potentialAction":[{"@type":"SearchAction","target":{"@type":"EntryPoint","urlTemplate":"https:\/\/www.esta-officiel-usa.com\/it\/?s={search_term_string}"},"query-input":{"@type":"PropertyValueSpecification","valueRequired":true,"valueName":"search_term_string"}}],"inLanguage":"it-IT"}]}},"_links":{"self":[{"href":"https:\/\/www.esta-officiel-usa.com\/it\/wp-json\/wp\/v2\/pages\/925","targetHints":{"allow":["GET"]}}],"collection":[{"href":"https:\/\/www.esta-officiel-usa.com\/it\/wp-json\/wp\/v2\/pages"}],"about":[{"href":"https:\/\/www.esta-officiel-usa.com\/it\/wp-json\/wp\/v2\/types\/page"}],"author":[{"embeddable":true,"href":"https:\/\/www.esta-officiel-usa.com\/it\/wp-json\/wp\/v2\/users\/1"}],"replies":[{"embeddable":true,"href":"https:\/\/www.esta-officiel-usa.com\/it\/wp-json\/wp\/v2\/comments?post=925"}],"version-history":[{"count":1,"href":"https:\/\/www.esta-officiel-usa.com\/it\/wp-json\/wp\/v2\/pages\/925\/revisions"}],"predecessor-version":[{"id":927,"href":"https:\/\/www.esta-officiel-usa.com\/it\/wp-json\/wp\/v2\/pages\/925\/revisions\/927"}],"wp:attachment":[{"href":"https:\/\/www.esta-officiel-usa.com\/it\/wp-json\/wp\/v2\/media?parent=925"}],"curies":[{"name":"wp","href":"https:\/\/api.w.org\/{rel}","templated":true}]}}