{"id":944,"date":"2025-09-13T11:57:52","date_gmt":"2025-09-13T11:57:52","guid":{"rendered":"https:\/\/www.esta-officiel-usa.com\/visti-b1-e-b2-per-lingresso-negli-stati-uniti\/"},"modified":"2025-09-13T11:57:52","modified_gmt":"2025-09-13T11:57:52","slug":"visti-b1-e-b2-per-lingresso-negli-stati-uniti","status":"publish","type":"page","link":"https:\/\/www.esta-officiel-usa.com\/it\/visti-b1-e-b2-per-lingresso-negli-stati-uniti\/","title":{"rendered":"visti b1 e b2 per l&#8217;ingresso negli stati uniti"},"content":{"rendered":"\n<h1 class=\"wp-block-heading\">Tutto quello che devi sapere sui visti B1 e B2 per gli USA<\/h1>\n\n<p>Esiste un gran numero di visti per gli Stati Uniti, specifici per ogni situazione. I visti B1 e B2 vengono rilasciati a coloro che desiderano recarsi negli Stati Uniti per affari o per piacere, come offerto dall&#8217;<a href=\"https:\/\/www.esta-officiel-usa.com\/it\/\">ESTA<\/a>. L&#8217;ESTA \u00e8 un sistema elettronico di autorizzazione al viaggio per viaggi turistici, di transito e d&#8217;affari. Tuttavia, puoi viaggiare solo per un massimo di 90 giorni, a differenza dei visti B1 e B2, che ti permettono di rimanere negli Stati Uniti per un massimo di 6 mesi.   <\/p>\n\n<p>Qual \u00e8 lo scopo del visto B1-B2? Come si ottiene un visto B1 o B2 e quali sono i requisiti? Chi dovrebbe richiedere questo tipo di visto? Trova tutte le risposte in questo articolo.   <br\/>  <\/p>\n\n<h2 class=\"wp-block-heading\">Visti B1 e B2: utilit\u00e0<\/h2>\n\n<p>Se desideri soggiornare negli Stati Uniti per un lungo periodo, dovrai <a href=\"https:\/\/www.esta-officiel-usa.com\/fr\/les-conditions-a-respecter-pour-obtenir-le-visa-usa\/\">richiedere un visto<\/a> specifico per lo scopo del tuo soggiorno. Spesso ci si riferisce a questi visti come B1-B2 o B, ma in realt\u00e0 si tratta di due visti distinti, con due scopi diversi. Il primo, il visto B1, consente al titolare di viaggiare per affari: \u00e8 noto come visto B1 business. Il secondo, il visto turistico B2, ha uno scopo turistico. Cosa puoi fare con questi due visti?    <\/p>\n\n<h3 class=\"wp-block-heading\">Visto d&#8217;affari B1<\/h3>\n\n<p>Il B1 ti permette di rimanere negli Stati Uniti per un massimo di 6 mesi, per \nmotivi professionali. \u00c8 importante notare che questi \n&#8220;motivi professionali&#8221; non includono l&#8217;impiego in quanto tale! Il visto\n B1, a differenza del visto H1B, non \u00e8 un permesso di lavoro: ti \npermette solo di fare affari con partner commerciali americani\n e aziende americane. Il visto B1 ha una validit\u00e0 compresa tra 1\n anno e 10 anni, a seconda dei casi. Ti permette di:    <\/p>\n\n<ul class=\"wp-block-list\"><li>per incontrare i partner americani;<\/li><li>partecipare a riunioni con i partner (se lavori per un&#8217;azienda statunitense);<\/li><li>partecipare a seminari e conferenze sul suolo americano;<\/li><li>rappresentare la tua azienda al momento della firma di un contratto, di una trattativa o di un ordine.<\/li><\/ul>\n\n<p>A differenza del permesso di lavoro, il visto\n B1 non ti permette di ricevere una retribuzione da un&#8217;azienda americana;\n non \u00e8 quindi possibile svolgere alcuna attivit\u00e0 retribuita.<\/p>\n\n<h3 class=\"wp-block-heading\">Il visto turistico B2<\/h3>\n\n<p>Il <a href=\"https:\/\/www.esta-officiel-usa.com\/fr\/comment-obtenir-un-visa-usa\/\">visto<\/a> turistico B2 viene rilasciato alle persone che desiderano visitare gli Stati Uniti per pi\u00f9 di 90 giorni (per soggiorni pi\u00f9 brevi \u00e8 possibile richiedere l&#8217;autorizzazione ESTA). Il B2 pu\u00f2 essere richiesto anche da chi desidera recarsi negli Stati Uniti per sottoporsi a cure mediche. Con un B2 puoi:  <\/p>\n\n<ul class=\"wp-block-list\"><li>partecipare a eventi culturali, sportivi e artistici, ecc;<\/li><li>volontariato ;<\/li><li>visitare la famiglia e gli amici negli Stati Uniti;<\/li><li>attivit\u00e0 turistiche come la visita a musei, \nmonumenti, siti storici, parchi nazionali, ecc;<\/li><li>viaggi su strada e campeggi;<\/li><li>ricevere cure mediche in un ospedale americano.<\/li><\/ul>\n\n<p>Il visto B2, come il visto B1, non autorizza il suo titolare a svolgere attivit\u00e0 retribuite o uno stage negli USA sul territorio americano.<\/p>\n\n<h2 class=\"wp-block-heading\">Ottenere un visto B1 o B2: procedure e requisiti<\/h2>\n\n<p>I visti B1\/B2 sono autorizzazioni temporanee a soggiornare negli \nStati Uniti. In nessun caso possono essere utilizzati per stabilirsi o immigrare \nin modo permanente, o per lavorare negli Stati Uniti. <\/p>\n\n<p>Per richiedere un visto, devi recarti \nall&#8217;ambasciata o al consolato americano del tuo paese. Una delle \nprime cose da fare \u00e8 raccogliere quanti pi\u00f9 \ndocumenti ufficiali possibili per dimostrare che hai dei legami nel tuo paese e \nche non intendi diventare un immigrato illegale negli Stati Uniti. Questi \ndocumenti possono essere un certificato di matrimonio, un atto di propriet\u00e0, un \nregistro di famiglia, il tuo contratto di lavoro, ecc.  <\/p>\n\n<p>Ti verr\u00e0 chiesto di compilare il modulo DS-160, che \u00e8 una \nprima selezione. Le informazioni da te fornite saranno inviate \nai servizi consolari dell&#8217;ambasciata statunitense. Una volta inviato il \nmodulo, dovrai fissare un appuntamento per un colloquio presso l&#8217;ambasciata americana \n. Si tratta di un passaggio obbligatorio che permette alle autorit\u00e0 \ndi verificare la tua identit\u00e0 e il motivo del tuo \nviaggio. Il rappresentante americano    <\/p>\n\n<p>decider\u00e0 se sei idoneo per un visto B1 o B2. Dovrai quindi pagare i 120 \u20ac di spese per il visto lo stesso giorno. <\/p>\n\n<p>Come tutti i visti americani, anche quelli per turismo e affari richiedono tempo e documenti. Se alla fine ti rendi conto che non hai intenzione di rimanere negli Stati Uniti per pi\u00f9 di 90 giorni per turismo o affari, puoi <a href=\"https:\/\/www.esta-officiel-usa.com\/fr\/esta-usa-comment-obtenir-ce-document\/\">richiedere un ESTA<\/a> sul sito ufficiale del governo o su un sito indipendente invece di richiedere un visto. <\/p>\n","protected":false},"excerpt":{"rendered":"<p>Tutto quello che devi sapere sui visti B1 e B2 per gli USA Esiste un gran numero di visti per gli Stati Uniti, specifici per ogni situazione. I visti B1 e B2 vengono rilasciati a coloro che desiderano recarsi negli Stati Uniti per affari o per piacere, come offerto dall&#8217;ESTA. L&#8217;ESTA \u00e8 un sistema elettronico [&hellip;]<\/p>\n","protected":false},"author":1,"featured_media":0,"parent":0,"menu_order":0,"comment_status":"closed","ping_status":"closed","template":"","meta":{"footnotes":""},"class_list":["post-944","page","type-page","status-publish","hentry"],"yoast_head":"<!-- This site is optimized with the Yoast SEO plugin v26.2 - https:\/\/yoast.com\/wordpress\/plugins\/seo\/ -->\n<title>visti b1 e b2 per l&#039;ingresso negli stati uniti<\/title>\n<meta name=\"description\" content=\"Per recarsi negli Stati Uniti per turismo o affari per pi\u00f9 di 90 giorni, devi richiedere un visto B1 o B2. Maggiori informazioni nell&#039;articolo.\" \/>\n<meta name=\"robots\" content=\"index, follow, max-snippet:-1, max-image-preview:large, max-video-preview:-1\" \/>\n<link rel=\"canonical\" href=\"https:\/\/www.esta-officiel-usa.com\/it\/visti-b1-e-b2-per-lingresso-negli-stati-uniti\/\" \/>\n<meta property=\"og:locale\" content=\"it_IT\" \/>\n<meta property=\"og:type\" content=\"article\" \/>\n<meta property=\"og:title\" content=\"visti b1 e b2 per l&#039;ingresso negli stati uniti\" \/>\n<meta property=\"og:description\" content=\"Per recarsi negli Stati Uniti per turismo o affari per pi\u00f9 di 90 giorni, devi richiedere un visto B1 o B2. Maggiori informazioni nell&#039;articolo.\" \/>\n<meta property=\"og:url\" content=\"https:\/\/www.esta-officiel-usa.com\/it\/visti-b1-e-b2-per-lingresso-negli-stati-uniti\/\" \/>\n<meta property=\"og:site_name\" content=\"ESTA - Stati Uniti\" \/>\n<meta name=\"twitter:card\" content=\"summary_large_image\" \/>\n<meta name=\"twitter:label1\" content=\"Tempo di lettura stimato\" \/>\n\t<meta name=\"twitter:data1\" content=\"4 minuti\" \/>\n<script type=\"application\/ld+json\" class=\"yoast-schema-graph\">{\"@context\":\"https:\/\/schema.org\",\"@graph\":[{\"@type\":\"WebPage\",\"@id\":\"https:\/\/www.esta-officiel-usa.com\/it\/visti-b1-e-b2-per-lingresso-negli-stati-uniti\/\",\"url\":\"https:\/\/www.esta-officiel-usa.com\/it\/visti-b1-e-b2-per-lingresso-negli-stati-uniti\/\",\"name\":\"visti b1 e b2 per l'ingresso negli stati uniti\",\"isPartOf\":{\"@id\":\"https:\/\/www.esta-officiel-usa.com\/it\/#website\"},\"datePublished\":\"2025-09-13T11:57:52+00:00\",\"description\":\"Per recarsi negli Stati Uniti per turismo o affari per pi\u00f9 di 90 giorni, devi richiedere un visto B1 o B2. Maggiori informazioni nell'articolo.\",\"breadcrumb\":{\"@id\":\"https:\/\/www.esta-officiel-usa.com\/it\/visti-b1-e-b2-per-lingresso-negli-stati-uniti\/#breadcrumb\"},\"inLanguage\":\"it-IT\",\"potentialAction\":[{\"@type\":\"ReadAction\",\"target\":[\"https:\/\/www.esta-officiel-usa.com\/it\/visti-b1-e-b2-per-lingresso-negli-stati-uniti\/\"]}]},{\"@type\":\"BreadcrumbList\",\"@id\":\"https:\/\/www.esta-officiel-usa.com\/it\/visti-b1-e-b2-per-lingresso-negli-stati-uniti\/#breadcrumb\",\"itemListElement\":[{\"@type\":\"ListItem\",\"position\":1,\"name\":\"Casa\",\"item\":\"https:\/\/www.esta-officiel-usa.com\/it\/\"},{\"@type\":\"ListItem\",\"position\":2,\"name\":\"visti b1 e b2 per l&#8217;ingresso negli stati uniti\"}]},{\"@type\":\"WebSite\",\"@id\":\"https:\/\/www.esta-officiel-usa.com\/it\/#website\",\"url\":\"https:\/\/www.esta-officiel-usa.com\/it\/\",\"name\":\"ESTA - Stati Uniti\",\"description\":\"Modulo di richiesta ESTA\",\"potentialAction\":[{\"@type\":\"SearchAction\",\"target\":{\"@type\":\"EntryPoint\",\"urlTemplate\":\"https:\/\/www.esta-officiel-usa.com\/it\/?s={search_term_string}\"},\"query-input\":{\"@type\":\"PropertyValueSpecification\",\"valueRequired\":true,\"valueName\":\"search_term_string\"}}],\"inLanguage\":\"it-IT\"}]}<\/script>\n<!-- \/ Yoast SEO plugin. -->","yoast_head_json":{"title":"visti b1 e b2 per l'ingresso negli stati uniti","description":"Per recarsi negli Stati Uniti per turismo o affari per pi\u00f9 di 90 giorni, devi richiedere un visto B1 o B2. Maggiori informazioni nell'articolo.","robots":{"index":"index","follow":"follow","max-snippet":"max-snippet:-1","max-image-preview":"max-image-preview:large","max-video-preview":"max-video-preview:-1"},"canonical":"https:\/\/www.esta-officiel-usa.com\/it\/visti-b1-e-b2-per-lingresso-negli-stati-uniti\/","og_locale":"it_IT","og_type":"article","og_title":"visti b1 e b2 per l'ingresso negli stati uniti","og_description":"Per recarsi negli Stati Uniti per turismo o affari per pi\u00f9 di 90 giorni, devi richiedere un visto B1 o B2. Maggiori informazioni nell'articolo.","og_url":"https:\/\/www.esta-officiel-usa.com\/it\/visti-b1-e-b2-per-lingresso-negli-stati-uniti\/","og_site_name":"ESTA - Stati Uniti","twitter_card":"summary_large_image","twitter_misc":{"Tempo di lettura stimato":"4 minuti"},"schema":{"@context":"https:\/\/schema.org","@graph":[{"@type":"WebPage","@id":"https:\/\/www.esta-officiel-usa.com\/it\/visti-b1-e-b2-per-lingresso-negli-stati-uniti\/","url":"https:\/\/www.esta-officiel-usa.com\/it\/visti-b1-e-b2-per-lingresso-negli-stati-uniti\/","name":"visti b1 e b2 per l'ingresso negli stati uniti","isPartOf":{"@id":"https:\/\/www.esta-officiel-usa.com\/it\/#website"},"datePublished":"2025-09-13T11:57:52+00:00","description":"Per recarsi negli Stati Uniti per turismo o affari per pi\u00f9 di 90 giorni, devi richiedere un visto B1 o B2. Maggiori informazioni nell'articolo.","breadcrumb":{"@id":"https:\/\/www.esta-officiel-usa.com\/it\/visti-b1-e-b2-per-lingresso-negli-stati-uniti\/#breadcrumb"},"inLanguage":"it-IT","potentialAction":[{"@type":"ReadAction","target":["https:\/\/www.esta-officiel-usa.com\/it\/visti-b1-e-b2-per-lingresso-negli-stati-uniti\/"]}]},{"@type":"BreadcrumbList","@id":"https:\/\/www.esta-officiel-usa.com\/it\/visti-b1-e-b2-per-lingresso-negli-stati-uniti\/#breadcrumb","itemListElement":[{"@type":"ListItem","position":1,"name":"Casa","item":"https:\/\/www.esta-officiel-usa.com\/it\/"},{"@type":"ListItem","position":2,"name":"visti b1 e b2 per l&#8217;ingresso negli stati uniti"}]},{"@type":"WebSite","@id":"https:\/\/www.esta-officiel-usa.com\/it\/#website","url":"https:\/\/www.esta-officiel-usa.com\/it\/","name":"ESTA - Stati Uniti","description":"Modulo di richiesta ESTA","potentialAction":[{"@type":"SearchAction","target":{"@type":"EntryPoint","urlTemplate":"https:\/\/www.esta-officiel-usa.com\/it\/?s={search_term_string}"},"query-input":{"@type":"PropertyValueSpecification","valueRequired":true,"valueName":"search_term_string"}}],"inLanguage":"it-IT"}]}},"_links":{"self":[{"href":"https:\/\/www.esta-officiel-usa.com\/it\/wp-json\/wp\/v2\/pages\/944","targetHints":{"allow":["GET"]}}],"collection":[{"href":"https:\/\/www.esta-officiel-usa.com\/it\/wp-json\/wp\/v2\/pages"}],"about":[{"href":"https:\/\/www.esta-officiel-usa.com\/it\/wp-json\/wp\/v2\/types\/page"}],"author":[{"embeddable":true,"href":"https:\/\/www.esta-officiel-usa.com\/it\/wp-json\/wp\/v2\/users\/1"}],"replies":[{"embeddable":true,"href":"https:\/\/www.esta-officiel-usa.com\/it\/wp-json\/wp\/v2\/comments?post=944"}],"version-history":[{"count":1,"href":"https:\/\/www.esta-officiel-usa.com\/it\/wp-json\/wp\/v2\/pages\/944\/revisions"}],"predecessor-version":[{"id":945,"href":"https:\/\/www.esta-officiel-usa.com\/it\/wp-json\/wp\/v2\/pages\/944\/revisions\/945"}],"wp:attachment":[{"href":"https:\/\/www.esta-officiel-usa.com\/it\/wp-json\/wp\/v2\/media?parent=944"}],"curies":[{"name":"wp","href":"https:\/\/api.w.org\/{rel}","templated":true}]}}