{"id":946,"date":"2025-09-13T11:57:55","date_gmt":"2025-09-13T11:57:55","guid":{"rendered":"https:\/\/www.esta-officiel-usa.com\/compilare-il-modulo-esta-online\/"},"modified":"2025-09-13T11:57:56","modified_gmt":"2025-09-13T11:57:56","slug":"compilare-il-modulo-esta-online","status":"publish","type":"page","link":"https:\/\/www.esta-officiel-usa.com\/it\/compilare-il-modulo-esta-online\/","title":{"rendered":"Compilare il modulo ESTA online"},"content":{"rendered":"\n<h1 class=\"wp-block-heading\">Come compilare il modulo ESTA<\/h1>\n\n<p>Andare in vacanza \u00e8 un progetto che va preparato, a maggior ragione se scegli gli Stati Uniti d&#8217;America come destinazione! Per poter depositare il tuo bagaglio l\u00ec, devi prima compilare il <a href=\"https:\/\/usa-esta.net\/it\/modulo-esta\/\">modulo ESTA<\/a>. <\/p>\n\n<h2 class=\"wp-block-heading\">Cos&#8217;\u00e8 il modulo ESTA?<\/h2>\n\n<p>Il modulo <a href=\"https:\/\/www.esta-officiel-usa.com\/fr\/lautorisation-esta-france\/\">ESTA Francia<\/a> ti facilita il viaggio negli Stati Uniti. Fa parte del <a href=\"https:\/\/www.esta-officiel-usa.com\/fr\/a-propos-du-visa-waiver-program\/\">Visa Waiver<\/a> Program (VWP) istituito dalle autorit\u00e0 americane. Permette ai cittadini dei <a href=\"https:\/\/www.esta-officiel-usa.com\/fr\/les-pays-partenaires-du-visa-waiver-program\/\">39 paesi partecipanti<\/a> di non richiedere il <a href=\"https:\/\/www.esta-officiel-usa.com\/fr\/difference-entre-esta-et-demande-de-visa-usa\/\">visto<\/a>.  <\/p>\n\n<p>\u00c8 necessario compilare un modulo online, che verr\u00e0 controllato e approvato dagli agenti amministrativi del Dipartimento di Sicurezza Nazionale degli Stati Uniti. Una volta ottenuta, l&#8217;ESTA rimane <a href=\"https:\/\/www.esta-officiel-usa.com\/fr\/la-duree-de-validite-de-lesta\/\">valida per 2 anni<\/a> e garantisce il diritto di rimanere nel Paese per un massimo di 90 giorni.   <\/p>\n\n<h2 class=\"wp-block-heading\">Come si compila il modulo ESTA?<\/h2>\n\n<p>Per compilare il modulo ESTA \u00e8 necessario essere connessi a Internet, in quanto \u00e8 possibile accedervi solo online. Il modulo ESTA si presenta cos\u00ec: <\/p>\n\n<ul class=\"wp-block-list\"><li>La prima parte ti chiede di fornire informazioni sulla tua identit\u00e0;<\/li><li>Una seconda parte in cui dovrai inserire informazioni sul tuo passaporto e sul tuo soggiorno (non preoccuparti se il tuo programma \u00e8 ancora vago, la <a href=\"https:\/\/www.esta-officiel-usa.com\/fr\/demander-un-esta-sans-projet-precis\/\">domanda ESTA pu\u00f2 essere presentata anche senza alcun piano specifico<\/a>);<\/li><li>Infine, c&#8217;\u00e8 una terza parte in cui devi rispondere s\u00ec o no a una <a href=\"https:\/\/www.esta-officiel-usa.com\/fr\/toutes-les-questions-posees-formulaire-esta-etats-unis\/\">serie di domande<\/a>.<\/li><\/ul>\n\n<p>Dovresti anche assicurarti di avere un <a href=\"https:\/\/www.esta-officiel-usa.com\/fr\/quel-type-de-passeport-pour-les-usa\/\">passaporto biometrico<\/a> o elettronico. In caso contrario, non potrai ottenere il passaporto. <\/p>\n\n<p>Puoi trovare la <a href=\"https:\/\/www.esta-officiel-usa.com\/fr\/la-declaration-esta\/\">dichiarazione ESTA<\/a> online, sia sul sito ufficiale americano che sulla nostra piattaforma esta-officiel-usa.com. Offriamo servizi unici come la verifica e la correzione (se necessaria) delle informazioni inserite (che pu\u00f2 essere molto utile, in quanto in caso di errore il tuo modulo ESTA verr\u00e0 rifiutato), un modulo semplificato completamente tradotto in francese e un helpdesk a disposizione per rispondere a qualsiasi domanda tu possa avere. La domanda non \u00e8 <a href=\"https:\/\/www.esta-officiel-usa.com\/fr\/lautorisation-esta-gratuit\/\">gratuita<\/a>: dovrai <a href=\"https:\/\/www.esta-officiel-usa.com\/fr\/le-prix-dun-esta\/\">pagare 14 dollari<\/a> per convalidare il tuo modulo ESTA. Questo importo corrisponde alla tassa imposta dagli Stati Uniti: 10 dollari vanno alle organizzazioni che si occupano di promuovere gli Stati Uniti a livello internazionale e i restanti 4 dollari vengono utilizzati per finanziare le autorit\u00e0 responsabili dell&#8217;elaborazione dei moduli ESTA.   <\/p>\n\n<p>NB: l&#8217;ESTA non ti permette di lavorare o<a href=\"https:\/\/www.esta-officiel-usa.com\/fr\/comment-etudier-dans-une-universite-americaine\/\">studiare presso un&#8217;universit\u00e0 americana<\/a>.<\/p>\n","protected":false},"excerpt":{"rendered":"<p>Come compilare il modulo ESTA Andare in vacanza \u00e8 un progetto che va preparato, a maggior ragione se scegli gli Stati Uniti d&#8217;America come destinazione! Per poter depositare il tuo bagaglio l\u00ec, devi prima compilare il modulo ESTA. Cos&#8217;\u00e8 il modulo ESTA? Il modulo ESTA Francia ti facilita il viaggio negli Stati Uniti. Fa parte [&hellip;]<\/p>\n","protected":false},"author":1,"featured_media":0,"parent":0,"menu_order":0,"comment_status":"closed","ping_status":"closed","template":"","meta":{"footnotes":""},"class_list":["post-946","page","type-page","status-publish","hentry"],"yoast_head":"<!-- This site is optimized with the Yoast SEO plugin v26.2 - https:\/\/yoast.com\/wordpress\/plugins\/seo\/ -->\n<title>Compilare il modulo ESTA online<\/title>\n<meta name=\"description\" content=\"La domanda ESTA \u00e8 una formalit\u00e0 essenziale per entrare negli Stati Uniti. Puoi completarla online in pochi clic.\" \/>\n<meta name=\"robots\" content=\"index, follow, max-snippet:-1, max-image-preview:large, max-video-preview:-1\" \/>\n<link rel=\"canonical\" href=\"https:\/\/www.esta-officiel-usa.com\/it\/compilare-il-modulo-esta-online\/\" \/>\n<meta property=\"og:locale\" content=\"it_IT\" \/>\n<meta property=\"og:type\" content=\"article\" \/>\n<meta property=\"og:title\" content=\"Compilare il modulo ESTA online\" \/>\n<meta property=\"og:description\" content=\"La domanda ESTA \u00e8 una formalit\u00e0 essenziale per entrare negli Stati Uniti. Puoi completarla online in pochi clic.\" \/>\n<meta property=\"og:url\" content=\"https:\/\/www.esta-officiel-usa.com\/it\/compilare-il-modulo-esta-online\/\" \/>\n<meta property=\"og:site_name\" content=\"ESTA - Stati Uniti\" \/>\n<meta property=\"article:modified_time\" content=\"2025-09-13T11:57:56+00:00\" \/>\n<meta name=\"twitter:card\" content=\"summary_large_image\" \/>\n<meta name=\"twitter:label1\" content=\"Tempo di lettura stimato\" \/>\n\t<meta name=\"twitter:data1\" content=\"2 minuti\" \/>\n<script type=\"application\/ld+json\" class=\"yoast-schema-graph\">{\"@context\":\"https:\/\/schema.org\",\"@graph\":[{\"@type\":\"WebPage\",\"@id\":\"https:\/\/www.esta-officiel-usa.com\/it\/compilare-il-modulo-esta-online\/\",\"url\":\"https:\/\/www.esta-officiel-usa.com\/it\/compilare-il-modulo-esta-online\/\",\"name\":\"Compilare il modulo ESTA online\",\"isPartOf\":{\"@id\":\"https:\/\/www.esta-officiel-usa.com\/it\/#website\"},\"datePublished\":\"2025-09-13T11:57:55+00:00\",\"dateModified\":\"2025-09-13T11:57:56+00:00\",\"description\":\"La domanda ESTA \u00e8 una formalit\u00e0 essenziale per entrare negli Stati Uniti. Puoi completarla online in pochi clic.\",\"breadcrumb\":{\"@id\":\"https:\/\/www.esta-officiel-usa.com\/it\/compilare-il-modulo-esta-online\/#breadcrumb\"},\"inLanguage\":\"it-IT\",\"potentialAction\":[{\"@type\":\"ReadAction\",\"target\":[\"https:\/\/www.esta-officiel-usa.com\/it\/compilare-il-modulo-esta-online\/\"]}]},{\"@type\":\"BreadcrumbList\",\"@id\":\"https:\/\/www.esta-officiel-usa.com\/it\/compilare-il-modulo-esta-online\/#breadcrumb\",\"itemListElement\":[{\"@type\":\"ListItem\",\"position\":1,\"name\":\"Casa\",\"item\":\"https:\/\/www.esta-officiel-usa.com\/it\/\"},{\"@type\":\"ListItem\",\"position\":2,\"name\":\"Compilare il modulo ESTA online\"}]},{\"@type\":\"WebSite\",\"@id\":\"https:\/\/www.esta-officiel-usa.com\/it\/#website\",\"url\":\"https:\/\/www.esta-officiel-usa.com\/it\/\",\"name\":\"ESTA - Stati Uniti\",\"description\":\"Modulo di richiesta ESTA\",\"potentialAction\":[{\"@type\":\"SearchAction\",\"target\":{\"@type\":\"EntryPoint\",\"urlTemplate\":\"https:\/\/www.esta-officiel-usa.com\/it\/?s={search_term_string}\"},\"query-input\":{\"@type\":\"PropertyValueSpecification\",\"valueRequired\":true,\"valueName\":\"search_term_string\"}}],\"inLanguage\":\"it-IT\"}]}<\/script>\n<!-- \/ Yoast SEO plugin. -->","yoast_head_json":{"title":"Compilare il modulo ESTA online","description":"La domanda ESTA \u00e8 una formalit\u00e0 essenziale per entrare negli Stati Uniti. Puoi completarla online in pochi clic.","robots":{"index":"index","follow":"follow","max-snippet":"max-snippet:-1","max-image-preview":"max-image-preview:large","max-video-preview":"max-video-preview:-1"},"canonical":"https:\/\/www.esta-officiel-usa.com\/it\/compilare-il-modulo-esta-online\/","og_locale":"it_IT","og_type":"article","og_title":"Compilare il modulo ESTA online","og_description":"La domanda ESTA \u00e8 una formalit\u00e0 essenziale per entrare negli Stati Uniti. Puoi completarla online in pochi clic.","og_url":"https:\/\/www.esta-officiel-usa.com\/it\/compilare-il-modulo-esta-online\/","og_site_name":"ESTA - Stati Uniti","article_modified_time":"2025-09-13T11:57:56+00:00","twitter_card":"summary_large_image","twitter_misc":{"Tempo di lettura stimato":"2 minuti"},"schema":{"@context":"https:\/\/schema.org","@graph":[{"@type":"WebPage","@id":"https:\/\/www.esta-officiel-usa.com\/it\/compilare-il-modulo-esta-online\/","url":"https:\/\/www.esta-officiel-usa.com\/it\/compilare-il-modulo-esta-online\/","name":"Compilare il modulo ESTA online","isPartOf":{"@id":"https:\/\/www.esta-officiel-usa.com\/it\/#website"},"datePublished":"2025-09-13T11:57:55+00:00","dateModified":"2025-09-13T11:57:56+00:00","description":"La domanda ESTA \u00e8 una formalit\u00e0 essenziale per entrare negli Stati Uniti. Puoi completarla online in pochi clic.","breadcrumb":{"@id":"https:\/\/www.esta-officiel-usa.com\/it\/compilare-il-modulo-esta-online\/#breadcrumb"},"inLanguage":"it-IT","potentialAction":[{"@type":"ReadAction","target":["https:\/\/www.esta-officiel-usa.com\/it\/compilare-il-modulo-esta-online\/"]}]},{"@type":"BreadcrumbList","@id":"https:\/\/www.esta-officiel-usa.com\/it\/compilare-il-modulo-esta-online\/#breadcrumb","itemListElement":[{"@type":"ListItem","position":1,"name":"Casa","item":"https:\/\/www.esta-officiel-usa.com\/it\/"},{"@type":"ListItem","position":2,"name":"Compilare il modulo ESTA online"}]},{"@type":"WebSite","@id":"https:\/\/www.esta-officiel-usa.com\/it\/#website","url":"https:\/\/www.esta-officiel-usa.com\/it\/","name":"ESTA - Stati Uniti","description":"Modulo di richiesta ESTA","potentialAction":[{"@type":"SearchAction","target":{"@type":"EntryPoint","urlTemplate":"https:\/\/www.esta-officiel-usa.com\/it\/?s={search_term_string}"},"query-input":{"@type":"PropertyValueSpecification","valueRequired":true,"valueName":"search_term_string"}}],"inLanguage":"it-IT"}]}},"_links":{"self":[{"href":"https:\/\/www.esta-officiel-usa.com\/it\/wp-json\/wp\/v2\/pages\/946","targetHints":{"allow":["GET"]}}],"collection":[{"href":"https:\/\/www.esta-officiel-usa.com\/it\/wp-json\/wp\/v2\/pages"}],"about":[{"href":"https:\/\/www.esta-officiel-usa.com\/it\/wp-json\/wp\/v2\/types\/page"}],"author":[{"embeddable":true,"href":"https:\/\/www.esta-officiel-usa.com\/it\/wp-json\/wp\/v2\/users\/1"}],"replies":[{"embeddable":true,"href":"https:\/\/www.esta-officiel-usa.com\/it\/wp-json\/wp\/v2\/comments?post=946"}],"version-history":[{"count":1,"href":"https:\/\/www.esta-officiel-usa.com\/it\/wp-json\/wp\/v2\/pages\/946\/revisions"}],"predecessor-version":[{"id":947,"href":"https:\/\/www.esta-officiel-usa.com\/it\/wp-json\/wp\/v2\/pages\/946\/revisions\/947"}],"wp:attachment":[{"href":"https:\/\/www.esta-officiel-usa.com\/it\/wp-json\/wp\/v2\/media?parent=946"}],"curies":[{"name":"wp","href":"https:\/\/api.w.org\/{rel}","templated":true}]}}