{"id":959,"date":"2025-09-13T11:58:11","date_gmt":"2025-09-13T11:58:11","guid":{"rendered":"https:\/\/www.esta-officiel-usa.com\/condizioni-per-ottenere-lesta\/"},"modified":"2025-09-13T11:58:12","modified_gmt":"2025-09-13T11:58:12","slug":"condizioni-per-ottenere-lesta","status":"publish","type":"page","link":"https:\/\/www.esta-officiel-usa.com\/it\/condizioni-per-ottenere-lesta\/","title":{"rendered":"Condizioni per ottenere l&#8217;ESTA"},"content":{"rendered":"\n<h1 class=\"wp-block-heading\">ESTA USA: QUALI CONDIZIONI DEVONO ESSERE SODDISFATTE?<\/h1>\n\n<p>Per ottenere l&#8217;<a href=\"https:\/\/www.esta-officiel-usa.com\/it\/\">ESTA USA<\/a>, devi compilare il modulo che trovi sul nostro sito web. Il modulo \u00e8 composto da tre diverse sezioni relative agli argomenti descritti di seguito. <br\/> <\/p>\n\n<h2 class=\"wp-block-heading\">ESTA USA: LA TUA STORIA MEDICA E LEGALE<\/h2>\n\n<p>In questa parte dovrai rispondere a una serie di <a href=\"https:\/\/www.esta-officiel-usa.com\/fr\/toutes-les-questions-posees-formulaire-esta-etats-unis\/\">domande<\/a> (s\u00ec o no) su eventuali problemi di salute (problemi mentali, malattie contagiose, problemi di abuso di sostanze), attivit\u00e0 illegali (partecipazione a genocidi, gravi condanne passate, falsa dichiarazione ESTA per entrare negli Stati Uniti, violazione dei diritti di custodia dei figli, ecc.)<\/p>\n\n<p>L&#8217;ottenimento dell&#8217;<a href=\"https:\/\/www.esta-officiel-usa.com\/fr\/esta-usa-comment-obtenir-ce-document\/\">ESTA USA<\/a> dipender\u00e0 dalle risposte che fornirai in questa categoria.<\/p>\n\n<p>Se rispondi &#8220;S\u00ec&#8221; a una qualsiasi di queste domande, le autorit\u00e0 americane ritengono che il tuo viaggio rappresenti un rischio per la sicurezza interna del Paese o che tu stia violando la legge americana e non potrai <a href=\"https:\/\/www.esta-officiel-usa.com\/fr\/comment-obtenir-un-visa-usa\/\">ottenere <\/a>l&#8217;<a href=\"https:\/\/www.esta-officiel-usa.com\/fr\/obtenir-un-esta-conditions-dadmission\/\">ammissione ESTA<\/a> USA.<br\/> <\/p>\n\n<h2 class=\"wp-block-heading\">ESTA USA: LA TUA IDENTIT\u00c0 E IL TUO PASSAPORTO<\/h2>\n\n<p>Dovrai fornire le informazioni del tuo <a href=\"https:\/\/www.esta-officiel-usa.com\/fr\/quel-type-de-passeport-pour-les-usa\/\">passaporto<\/a> (stato civile, numero di passaporto, data di rilascio, data di scadenza, ecc.), un indirizzo postale in Francia, un indirizzo e-mail valido e i dettagli del tuo attuale stato lavorativo. Verr\u00e0 inoltre richiesta l&#8217;identit\u00e0 dei tuoi genitori. <br\/> <\/p>\n\n<h2 class=\"wp-block-heading\">ESTA USA: I TUOI PROGRAMMI DI VIAGGIO<\/h2>\n\n<p>In questa categoria del questionario ESTA USA, ti verr\u00e0 chiesto di fornire informazioni sul tuo soggiorno, compreso il tuo indirizzo negli Stati Uniti e un contatto di emergenza.<\/p>\n\n<p>Il tuo ESTA USA non sar\u00e0 ovviamente rilasciato se sei inammissibile o se hai intenzione di rimanere negli USA per pi\u00f9 di 90 giorni. Non potrai ricevere un ESTA USA se il tuo obiettivo \u00e8 quello di lavorare negli Stati Uniti: se questo \u00e8 il tuo desiderio, dovrai richiedere una <a href=\"https:\/\/www.esta-officiel-usa.com\/fr\/la-demande-de-green-card-pour-le-travail\/\">carta verde per lavoro<\/a>, che \u00e8 uno dei <a href=\"https:\/\/www.esta-officiel-usa.com\/fr\/la-liste-des-visas-pour-les-usa\/\">visti USA<\/a> disponibili. Per saperne di pi\u00f9 sui <a href=\"https:\/\/www.esta-officiel-usa.com\/fr\/quelle-est-la-duree-de-validite-dun-visa-usa\/\">visti USA<\/a>, leggi il nostro articolo sull&#8217;argomento. Ti aiuter\u00e0 a capire meglio <a href=\"https:\/\/www.esta-officiel-usa.com\/fr\/quels-sont-les-differents-visas-pour-les-usa\/\">i diversi visti<\/a> offerti dal governo americano.   <\/p>\n\n<p>Per maggiori dettagli, consulta la nostra pagina sui <a href=\"https:\/\/www.esta-officiel-usa.com\/fr\/quels-motifs-menent-a-un-refus-de-lesta\/\">motivi del rifiuto dell&#8217;ESTA<\/a>.  <br\/> <\/p>\n","protected":false},"excerpt":{"rendered":"<p>ESTA USA: QUALI CONDIZIONI DEVONO ESSERE SODDISFATTE? Per ottenere l&#8217;ESTA USA, devi compilare il modulo che trovi sul nostro sito web. Il modulo \u00e8 composto da tre diverse sezioni relative agli argomenti descritti di seguito. ESTA USA: LA TUA STORIA MEDICA E LEGALE In questa parte dovrai rispondere a una serie di domande (s\u00ec o [&hellip;]<\/p>\n","protected":false},"author":1,"featured_media":0,"parent":0,"menu_order":0,"comment_status":"closed","ping_status":"closed","template":"","meta":{"footnotes":""},"class_list":["post-959","page","type-page","status-publish","hentry"],"yoast_head":"<!-- This site is optimized with the Yoast SEO plugin v26.2 - https:\/\/yoast.com\/wordpress\/plugins\/seo\/ -->\n<title>Condizioni per ottenere l&#039;ESTA<\/title>\n<meta name=\"description\" content=\"Se hai intenzione di recarti negli Stati Uniti, i nostri esperti ti spiegano in questa pagina le 3 condizioni che devi soddisfare per ottenere l&#039;ESTA.\" \/>\n<meta name=\"robots\" content=\"index, follow, max-snippet:-1, max-image-preview:large, max-video-preview:-1\" \/>\n<link rel=\"canonical\" href=\"https:\/\/www.esta-officiel-usa.com\/it\/condizioni-per-ottenere-lesta\/\" \/>\n<meta property=\"og:locale\" content=\"it_IT\" \/>\n<meta property=\"og:type\" content=\"article\" \/>\n<meta property=\"og:title\" content=\"Condizioni per ottenere l&#039;ESTA\" \/>\n<meta property=\"og:description\" content=\"Se hai intenzione di recarti negli Stati Uniti, i nostri esperti ti spiegano in questa pagina le 3 condizioni che devi soddisfare per ottenere l&#039;ESTA.\" \/>\n<meta property=\"og:url\" content=\"https:\/\/www.esta-officiel-usa.com\/it\/condizioni-per-ottenere-lesta\/\" \/>\n<meta property=\"og:site_name\" content=\"ESTA - Stati Uniti\" \/>\n<meta property=\"article:modified_time\" content=\"2025-09-13T11:58:12+00:00\" \/>\n<meta name=\"twitter:card\" content=\"summary_large_image\" \/>\n<meta name=\"twitter:label1\" content=\"Tempo di lettura stimato\" \/>\n\t<meta name=\"twitter:data1\" content=\"2 minuti\" \/>\n<script type=\"application\/ld+json\" class=\"yoast-schema-graph\">{\"@context\":\"https:\/\/schema.org\",\"@graph\":[{\"@type\":\"WebPage\",\"@id\":\"https:\/\/www.esta-officiel-usa.com\/it\/condizioni-per-ottenere-lesta\/\",\"url\":\"https:\/\/www.esta-officiel-usa.com\/it\/condizioni-per-ottenere-lesta\/\",\"name\":\"Condizioni per ottenere l'ESTA\",\"isPartOf\":{\"@id\":\"https:\/\/www.esta-officiel-usa.com\/it\/#website\"},\"datePublished\":\"2025-09-13T11:58:11+00:00\",\"dateModified\":\"2025-09-13T11:58:12+00:00\",\"description\":\"Se hai intenzione di recarti negli Stati Uniti, i nostri esperti ti spiegano in questa pagina le 3 condizioni che devi soddisfare per ottenere l'ESTA.\",\"breadcrumb\":{\"@id\":\"https:\/\/www.esta-officiel-usa.com\/it\/condizioni-per-ottenere-lesta\/#breadcrumb\"},\"inLanguage\":\"it-IT\",\"potentialAction\":[{\"@type\":\"ReadAction\",\"target\":[\"https:\/\/www.esta-officiel-usa.com\/it\/condizioni-per-ottenere-lesta\/\"]}]},{\"@type\":\"BreadcrumbList\",\"@id\":\"https:\/\/www.esta-officiel-usa.com\/it\/condizioni-per-ottenere-lesta\/#breadcrumb\",\"itemListElement\":[{\"@type\":\"ListItem\",\"position\":1,\"name\":\"Casa\",\"item\":\"https:\/\/www.esta-officiel-usa.com\/it\/\"},{\"@type\":\"ListItem\",\"position\":2,\"name\":\"Condizioni per ottenere l&#8217;ESTA\"}]},{\"@type\":\"WebSite\",\"@id\":\"https:\/\/www.esta-officiel-usa.com\/it\/#website\",\"url\":\"https:\/\/www.esta-officiel-usa.com\/it\/\",\"name\":\"ESTA - Stati Uniti\",\"description\":\"Modulo di richiesta ESTA\",\"potentialAction\":[{\"@type\":\"SearchAction\",\"target\":{\"@type\":\"EntryPoint\",\"urlTemplate\":\"https:\/\/www.esta-officiel-usa.com\/it\/?s={search_term_string}\"},\"query-input\":{\"@type\":\"PropertyValueSpecification\",\"valueRequired\":true,\"valueName\":\"search_term_string\"}}],\"inLanguage\":\"it-IT\"}]}<\/script>\n<!-- \/ Yoast SEO plugin. -->","yoast_head_json":{"title":"Condizioni per ottenere l'ESTA","description":"Se hai intenzione di recarti negli Stati Uniti, i nostri esperti ti spiegano in questa pagina le 3 condizioni che devi soddisfare per ottenere l'ESTA.","robots":{"index":"index","follow":"follow","max-snippet":"max-snippet:-1","max-image-preview":"max-image-preview:large","max-video-preview":"max-video-preview:-1"},"canonical":"https:\/\/www.esta-officiel-usa.com\/it\/condizioni-per-ottenere-lesta\/","og_locale":"it_IT","og_type":"article","og_title":"Condizioni per ottenere l'ESTA","og_description":"Se hai intenzione di recarti negli Stati Uniti, i nostri esperti ti spiegano in questa pagina le 3 condizioni che devi soddisfare per ottenere l'ESTA.","og_url":"https:\/\/www.esta-officiel-usa.com\/it\/condizioni-per-ottenere-lesta\/","og_site_name":"ESTA - Stati Uniti","article_modified_time":"2025-09-13T11:58:12+00:00","twitter_card":"summary_large_image","twitter_misc":{"Tempo di lettura stimato":"2 minuti"},"schema":{"@context":"https:\/\/schema.org","@graph":[{"@type":"WebPage","@id":"https:\/\/www.esta-officiel-usa.com\/it\/condizioni-per-ottenere-lesta\/","url":"https:\/\/www.esta-officiel-usa.com\/it\/condizioni-per-ottenere-lesta\/","name":"Condizioni per ottenere l'ESTA","isPartOf":{"@id":"https:\/\/www.esta-officiel-usa.com\/it\/#website"},"datePublished":"2025-09-13T11:58:11+00:00","dateModified":"2025-09-13T11:58:12+00:00","description":"Se hai intenzione di recarti negli Stati Uniti, i nostri esperti ti spiegano in questa pagina le 3 condizioni che devi soddisfare per ottenere l'ESTA.","breadcrumb":{"@id":"https:\/\/www.esta-officiel-usa.com\/it\/condizioni-per-ottenere-lesta\/#breadcrumb"},"inLanguage":"it-IT","potentialAction":[{"@type":"ReadAction","target":["https:\/\/www.esta-officiel-usa.com\/it\/condizioni-per-ottenere-lesta\/"]}]},{"@type":"BreadcrumbList","@id":"https:\/\/www.esta-officiel-usa.com\/it\/condizioni-per-ottenere-lesta\/#breadcrumb","itemListElement":[{"@type":"ListItem","position":1,"name":"Casa","item":"https:\/\/www.esta-officiel-usa.com\/it\/"},{"@type":"ListItem","position":2,"name":"Condizioni per ottenere l&#8217;ESTA"}]},{"@type":"WebSite","@id":"https:\/\/www.esta-officiel-usa.com\/it\/#website","url":"https:\/\/www.esta-officiel-usa.com\/it\/","name":"ESTA - Stati Uniti","description":"Modulo di richiesta ESTA","potentialAction":[{"@type":"SearchAction","target":{"@type":"EntryPoint","urlTemplate":"https:\/\/www.esta-officiel-usa.com\/it\/?s={search_term_string}"},"query-input":{"@type":"PropertyValueSpecification","valueRequired":true,"valueName":"search_term_string"}}],"inLanguage":"it-IT"}]}},"_links":{"self":[{"href":"https:\/\/www.esta-officiel-usa.com\/it\/wp-json\/wp\/v2\/pages\/959","targetHints":{"allow":["GET"]}}],"collection":[{"href":"https:\/\/www.esta-officiel-usa.com\/it\/wp-json\/wp\/v2\/pages"}],"about":[{"href":"https:\/\/www.esta-officiel-usa.com\/it\/wp-json\/wp\/v2\/types\/page"}],"author":[{"embeddable":true,"href":"https:\/\/www.esta-officiel-usa.com\/it\/wp-json\/wp\/v2\/users\/1"}],"replies":[{"embeddable":true,"href":"https:\/\/www.esta-officiel-usa.com\/it\/wp-json\/wp\/v2\/comments?post=959"}],"version-history":[{"count":1,"href":"https:\/\/www.esta-officiel-usa.com\/it\/wp-json\/wp\/v2\/pages\/959\/revisions"}],"predecessor-version":[{"id":960,"href":"https:\/\/www.esta-officiel-usa.com\/it\/wp-json\/wp\/v2\/pages\/959\/revisions\/960"}],"wp:attachment":[{"href":"https:\/\/www.esta-officiel-usa.com\/it\/wp-json\/wp\/v2\/media?parent=959"}],"curies":[{"name":"wp","href":"https:\/\/api.w.org\/{rel}","templated":true}]}}