{"id":965,"date":"2025-09-13T11:58:15","date_gmt":"2025-09-13T11:58:15","guid":{"rendered":"https:\/\/www.esta-officiel-usa.com\/modulo-esta-a-chi-e-destinato\/"},"modified":"2025-09-13T11:58:15","modified_gmt":"2025-09-13T11:58:15","slug":"modulo-esta-a-chi-e-destinato","status":"publish","type":"page","link":"https:\/\/www.esta-officiel-usa.com\/it\/modulo-esta-a-chi-e-destinato\/","title":{"rendered":"Modulo ESTA a chi \u00e8 destinato"},"content":{"rendered":"\n<h1 class=\"wp-block-heading\">A CHI \u00c8 DESTINATO IL MODULO ESTA?<\/h1>\n\n<p>Se ti rechi negli Stati Uniti per via aerea o marittima, devi <a href=\"https:\/\/www.esta-officiel-usa.com\/it\/\">richiedere l&#8217;ESTA<\/a>. Per farlo, devi <a href=\"https:\/\/www.esta-officiel-usa.com\/it\/compilare-il-modulo-esta-online\/\">compilare<\/a> il modulo almeno 72 ore prima dell&#8217;imbarco, altrimenti ti verr\u00e0 negato l&#8217;imbarco. Tuttavia, questa autorizzazione non garantisce che sarai ammesso negli Stati Uniti una volta arrivato alla frontiera.  <\/p>\n\n<p>La procedura e l&#8217;ottenimento del <a href=\"https:\/\/www.esta-officiel-usa.com\/fr\/obtenir-le-certificat-esta\/\">certificato ESTA<\/a> si svolgono <a href=\"https:\/\/www.esta-officiel-usa.com\/fr\/obtenir-un-esta-en-ligne\/\">online<\/a>, quindi \u00e8 necessaria una connessione a internet.<\/p>\n\n<p>A chi viaggia o semplicemente <a href=\"https:\/\/www.esta-officiel-usa.com\/fr\/esta-pour-transit-aux-etats-unis\/\">transita<\/a> con uno dei due mezzi sopra citati (aereo o mare) e non ha compilato il modulo ESTA verr\u00e0 negato l&#8217;imbarco. L&#8217;ESTA \u00e8 obbligatoria per i transiti, i viaggi turistici e i viaggi d&#8217;affari di durata inferiore a 90 giorni. Una procedura di sicurezza simile sar\u00e0 introdotta in Europa nel 2025: l&#8217;<a href=\"https:\/\/www.esta-officiel-usa.com\/fr\/etias-lesta-europeen\/\">ETIAS<\/a>.  <\/p>\n\n<p>Grazie al Programma Viaggio senza Visto (Visa Waiver Program), i cittadini di questi Paesi non hanno pi\u00f9 bisogno di richiedere un <a href=\"https:\/\/www.esta-officiel-usa.com\/fr\/pourquoi-mon-visa-tourisme-usa-est-il-refuse\/\">visto turistico per soggiornare negli Stati Uniti<\/a> per meno di 90 giorni.<\/p>\n\n<p>A questo programma aderiscono i seguenti paesi:<br\/>Andorra, Australia, Austria, Belgio, Brunei, Croazia, Danimarca, Estonia, Finlandia, Francia, Germania, Gran Bretagna, Grecia, Irlanda, Islanda, Israele, Italia, Giappone, Lettonia, Liechtenstein, Lituania, Lussemburgo, Malta, Monaco, Paesi Bassi, Nuova Zelanda, Norvegia, Polonia, Portogallo, Repubblica di Corea, San Marino, Singapore, Slovacchia, Slovenia, Spagna, Svezia, Svizzera e Taiwan.  <\/p>\n\n<p>Da qualche anno la compilazione del <a href=\"https:\/\/www.esta-officiel-usa.com\/fr\/qu-est-ce-que-l-esta\/\">modulo ESTA<\/a> \u00e8 obbligatoria per tutti i passeggeri (adulti e bambini di tutte le et\u00e0):  <\/p>\n\n<ul class=\"wp-block-list\">\n<li>viaggiare negli Stati Uniti per via aerea o marittima,<\/li>\n\n\n\n<li>di nazionalit\u00e0 francese o di uno dei paesi sopra elencati (non applicabile ai viaggiatori con doppia nazionalit\u00e0 di Iraq, Iran, Siria e Sudan),<\/li>\n\n\n\n<li>che si recano negli Stati Uniti per turismo o per affari per un periodo inferiore a 90 giorni,<\/li>\n\n\n\n<li>in transito negli Stati Uniti per recarsi in un altro paese.<\/li>\n<\/ul>\n\n<p>Se vuoi saperne di pi\u00f9, ti consigliamo di consultare le nostre <a href=\"https:\/\/www.esta-officiel-usa.com\/fr\/faq\/\">domande frequenti<\/a> e la pagina di<a href=\"https:\/\/www.esta-officiel-usa.com\/fr\/help\/\">aiuto<\/a> per l&#8217;utilizzo della nostra piattaforma semplificata.<\/p>\n","protected":false},"excerpt":{"rendered":"<p>A CHI \u00c8 DESTINATO IL MODULO ESTA? Se ti rechi negli Stati Uniti per via aerea o marittima, devi richiedere l&#8217;ESTA. Per farlo, devi compilare il modulo almeno 72 ore prima dell&#8217;imbarco, altrimenti ti verr\u00e0 negato l&#8217;imbarco. Tuttavia, questa autorizzazione non garantisce che sarai ammesso negli Stati Uniti una volta arrivato alla frontiera. La procedura [&hellip;]<\/p>\n","protected":false},"author":1,"featured_media":0,"parent":0,"menu_order":0,"comment_status":"closed","ping_status":"closed","template":"","meta":{"footnotes":""},"class_list":["post-965","page","type-page","status-publish","hentry"],"yoast_head":"<!-- This site is optimized with the Yoast SEO plugin v26.2 - https:\/\/yoast.com\/wordpress\/plugins\/seo\/ -->\n<title>Modulo ESTA a chi \u00e8 destinato<\/title>\n<meta name=\"description\" content=\"Il modulo ESTA \u00e8 una formalit\u00e0 amministrativa obbligatoria per entrare negli Stati Uniti. Scopri a chi \u00e8 destinato nella nostra pagina.\" \/>\n<meta name=\"robots\" content=\"index, follow, max-snippet:-1, max-image-preview:large, max-video-preview:-1\" \/>\n<link rel=\"canonical\" href=\"https:\/\/www.esta-officiel-usa.com\/it\/modulo-esta-a-chi-e-destinato\/\" \/>\n<meta property=\"og:locale\" content=\"it_IT\" \/>\n<meta property=\"og:type\" content=\"article\" \/>\n<meta property=\"og:title\" content=\"Modulo ESTA a chi \u00e8 destinato\" \/>\n<meta property=\"og:description\" content=\"Il modulo ESTA \u00e8 una formalit\u00e0 amministrativa obbligatoria per entrare negli Stati Uniti. Scopri a chi \u00e8 destinato nella nostra pagina.\" \/>\n<meta property=\"og:url\" content=\"https:\/\/www.esta-officiel-usa.com\/it\/modulo-esta-a-chi-e-destinato\/\" \/>\n<meta property=\"og:site_name\" content=\"ESTA - Stati Uniti\" \/>\n<meta name=\"twitter:card\" content=\"summary_large_image\" \/>\n<meta name=\"twitter:label1\" content=\"Tempo di lettura stimato\" \/>\n\t<meta name=\"twitter:data1\" content=\"2 minuti\" \/>\n<script type=\"application\/ld+json\" class=\"yoast-schema-graph\">{\"@context\":\"https:\/\/schema.org\",\"@graph\":[{\"@type\":\"WebPage\",\"@id\":\"https:\/\/www.esta-officiel-usa.com\/it\/modulo-esta-a-chi-e-destinato\/\",\"url\":\"https:\/\/www.esta-officiel-usa.com\/it\/modulo-esta-a-chi-e-destinato\/\",\"name\":\"Modulo ESTA a chi \u00e8 destinato\",\"isPartOf\":{\"@id\":\"https:\/\/www.esta-officiel-usa.com\/it\/#website\"},\"datePublished\":\"2025-09-13T11:58:15+00:00\",\"description\":\"Il modulo ESTA \u00e8 una formalit\u00e0 amministrativa obbligatoria per entrare negli Stati Uniti. Scopri a chi \u00e8 destinato nella nostra pagina.\",\"breadcrumb\":{\"@id\":\"https:\/\/www.esta-officiel-usa.com\/it\/modulo-esta-a-chi-e-destinato\/#breadcrumb\"},\"inLanguage\":\"it-IT\",\"potentialAction\":[{\"@type\":\"ReadAction\",\"target\":[\"https:\/\/www.esta-officiel-usa.com\/it\/modulo-esta-a-chi-e-destinato\/\"]}]},{\"@type\":\"BreadcrumbList\",\"@id\":\"https:\/\/www.esta-officiel-usa.com\/it\/modulo-esta-a-chi-e-destinato\/#breadcrumb\",\"itemListElement\":[{\"@type\":\"ListItem\",\"position\":1,\"name\":\"Casa\",\"item\":\"https:\/\/www.esta-officiel-usa.com\/it\/\"},{\"@type\":\"ListItem\",\"position\":2,\"name\":\"Modulo ESTA a chi \u00e8 destinato\"}]},{\"@type\":\"WebSite\",\"@id\":\"https:\/\/www.esta-officiel-usa.com\/it\/#website\",\"url\":\"https:\/\/www.esta-officiel-usa.com\/it\/\",\"name\":\"ESTA - Stati Uniti\",\"description\":\"Modulo di richiesta ESTA\",\"potentialAction\":[{\"@type\":\"SearchAction\",\"target\":{\"@type\":\"EntryPoint\",\"urlTemplate\":\"https:\/\/www.esta-officiel-usa.com\/it\/?s={search_term_string}\"},\"query-input\":{\"@type\":\"PropertyValueSpecification\",\"valueRequired\":true,\"valueName\":\"search_term_string\"}}],\"inLanguage\":\"it-IT\"}]}<\/script>\n<!-- \/ Yoast SEO plugin. -->","yoast_head_json":{"title":"Modulo ESTA a chi \u00e8 destinato","description":"Il modulo ESTA \u00e8 una formalit\u00e0 amministrativa obbligatoria per entrare negli Stati Uniti. Scopri a chi \u00e8 destinato nella nostra pagina.","robots":{"index":"index","follow":"follow","max-snippet":"max-snippet:-1","max-image-preview":"max-image-preview:large","max-video-preview":"max-video-preview:-1"},"canonical":"https:\/\/www.esta-officiel-usa.com\/it\/modulo-esta-a-chi-e-destinato\/","og_locale":"it_IT","og_type":"article","og_title":"Modulo ESTA a chi \u00e8 destinato","og_description":"Il modulo ESTA \u00e8 una formalit\u00e0 amministrativa obbligatoria per entrare negli Stati Uniti. Scopri a chi \u00e8 destinato nella nostra pagina.","og_url":"https:\/\/www.esta-officiel-usa.com\/it\/modulo-esta-a-chi-e-destinato\/","og_site_name":"ESTA - Stati Uniti","twitter_card":"summary_large_image","twitter_misc":{"Tempo di lettura stimato":"2 minuti"},"schema":{"@context":"https:\/\/schema.org","@graph":[{"@type":"WebPage","@id":"https:\/\/www.esta-officiel-usa.com\/it\/modulo-esta-a-chi-e-destinato\/","url":"https:\/\/www.esta-officiel-usa.com\/it\/modulo-esta-a-chi-e-destinato\/","name":"Modulo ESTA a chi \u00e8 destinato","isPartOf":{"@id":"https:\/\/www.esta-officiel-usa.com\/it\/#website"},"datePublished":"2025-09-13T11:58:15+00:00","description":"Il modulo ESTA \u00e8 una formalit\u00e0 amministrativa obbligatoria per entrare negli Stati Uniti. Scopri a chi \u00e8 destinato nella nostra pagina.","breadcrumb":{"@id":"https:\/\/www.esta-officiel-usa.com\/it\/modulo-esta-a-chi-e-destinato\/#breadcrumb"},"inLanguage":"it-IT","potentialAction":[{"@type":"ReadAction","target":["https:\/\/www.esta-officiel-usa.com\/it\/modulo-esta-a-chi-e-destinato\/"]}]},{"@type":"BreadcrumbList","@id":"https:\/\/www.esta-officiel-usa.com\/it\/modulo-esta-a-chi-e-destinato\/#breadcrumb","itemListElement":[{"@type":"ListItem","position":1,"name":"Casa","item":"https:\/\/www.esta-officiel-usa.com\/it\/"},{"@type":"ListItem","position":2,"name":"Modulo ESTA a chi \u00e8 destinato"}]},{"@type":"WebSite","@id":"https:\/\/www.esta-officiel-usa.com\/it\/#website","url":"https:\/\/www.esta-officiel-usa.com\/it\/","name":"ESTA - Stati Uniti","description":"Modulo di richiesta ESTA","potentialAction":[{"@type":"SearchAction","target":{"@type":"EntryPoint","urlTemplate":"https:\/\/www.esta-officiel-usa.com\/it\/?s={search_term_string}"},"query-input":{"@type":"PropertyValueSpecification","valueRequired":true,"valueName":"search_term_string"}}],"inLanguage":"it-IT"}]}},"_links":{"self":[{"href":"https:\/\/www.esta-officiel-usa.com\/it\/wp-json\/wp\/v2\/pages\/965","targetHints":{"allow":["GET"]}}],"collection":[{"href":"https:\/\/www.esta-officiel-usa.com\/it\/wp-json\/wp\/v2\/pages"}],"about":[{"href":"https:\/\/www.esta-officiel-usa.com\/it\/wp-json\/wp\/v2\/types\/page"}],"author":[{"embeddable":true,"href":"https:\/\/www.esta-officiel-usa.com\/it\/wp-json\/wp\/v2\/users\/1"}],"replies":[{"embeddable":true,"href":"https:\/\/www.esta-officiel-usa.com\/it\/wp-json\/wp\/v2\/comments?post=965"}],"version-history":[{"count":1,"href":"https:\/\/www.esta-officiel-usa.com\/it\/wp-json\/wp\/v2\/pages\/965\/revisions"}],"predecessor-version":[{"id":967,"href":"https:\/\/www.esta-officiel-usa.com\/it\/wp-json\/wp\/v2\/pages\/965\/revisions\/967"}],"wp:attachment":[{"href":"https:\/\/www.esta-officiel-usa.com\/it\/wp-json\/wp\/v2\/media?parent=965"}],"curies":[{"name":"wp","href":"https:\/\/api.w.org\/{rel}","templated":true}]}}