{"id":974,"date":"2025-09-13T11:58:28","date_gmt":"2025-09-13T11:58:28","guid":{"rendered":"https:\/\/www.esta-officiel-usa.com\/esta-sezione-di-aiuto\/"},"modified":"2025-09-13T11:58:29","modified_gmt":"2025-09-13T11:58:29","slug":"esta-sezione-di-aiuto","status":"publish","type":"page","link":"https:\/\/www.esta-officiel-usa.com\/it\/esta-sezione-di-aiuto\/","title":{"rendered":"ESTA: sezione di aiuto"},"content":{"rendered":"\n<h1 class=\"wp-block-heading\">SEZIONE DI AIUTO PER FACILITARE LA COMPILAZIONE DEL MODULO ESTA<\/h1>\n\n<p>Richiedere l&#8217;<a href=\"https:\/\/www.esta-officiel-usa.com\/it\/\">autorizzazione ESTA<\/a> \u00e8 molto meno noioso e complicato che richiedere un visto. Lo scopo principale dell&#8217;ESTA \u00e8 quello di informare le autorit\u00e0 americane del tuo arrivo, al fine di garantire la sicurezza del paese, e le informazioni richieste servono per identificarti. <\/p>\n\n<p><strong>Attenzione <\/strong>: prima di tutto, assicurati di avere un passaporto biometrico o elettronico. Per scoprirlo, basta guardare la copertina. Dovrebbe esserci un simbolo che rappresenta un microchip sotto la dicitura &#8220;passaporto&#8221;. Se \u00e8 cos\u00ec, puoi richiedere l&#8217;ESTA per recarti negli Stati Uniti in tutta tranquillit\u00e0. In caso contrario, dovrai richiedere un nuovo passaporto pi\u00f9 recente.    <\/p>\n\n<p>Questa pagina illustra le varie fasi per guidarti e darti la possibilit\u00e0 di ottenere l&#8217;autorizzazione ESTA nel pi\u00f9 breve tempo possibile.<br\/> <\/p>\n\n<h2 class=\"wp-block-heading\">IL MODULO ESTA SEMPLIFICATO<\/h2>\n\n<p>Per prima cosa dovrai indicare :<\/p>\n\n<p>1. I tuoi dati personali<\/p>\n\n<ul class=\"wp-block-list\"><li>genere (maschile, femminile) ;<\/li><li>nome\/i, cognome\/i, facendo attenzione a non invertire l&#8217;ordine di inserimento;<\/li><li>data, citt\u00e0 e paese di nascita ;<\/li><li>nazionalit\u00e0<\/li><\/ul>\n\n<p>2. I dati del tuo passaporto<\/p>\n\n<ul class=\"wp-block-list\"><li>numero di passaporto<\/li><li>la data di emissione<\/li><li>la data di scadenza<\/li><li>il paese di emissione<\/li><\/ul>\n\n<p><strong>Nota bene <\/strong>: quando inserisci i dati del passaporto, fai attenzione a non confondere la data di emissione con la data di scadenza del passaporto.<\/p>\n\n<p>Ti verr\u00e0 chiesto di confermare il tuo indirizzo e-mail due volte. Se non \u00e8 corretto, purtroppo non potremo inviarti l&#8217;ESTA, che viene rilasciata dalle autorit\u00e0 americane solo in formato elettronico. <\/p>\n\n<p>Infine, ti chiederemo di inserire le tue coordinate bancarie per finalizzare e convalidare la tua domanda. Riceverai l&#8217;autorizzazione ESTA per via elettronica entro 72 ore. <br\/> <\/p>\n\n<p>Se hai ancora delle domande o vuoi semplicemente avere maggiori informazioni sull&#8217;ESTA, puoi consultare le pagine del nostro <a href=\"https:\/\/www.esta-officiel-usa.com\/fr\/lexicon\/\">glossario<\/a> e delle <a href=\"https:\/\/www.esta-officiel-usa.com\/fr\/faq\/\">FAQ<\/a> sul nostro sito web.<\/p>\n\n<p>Puoi anche contattare il nostro helpdesk per qualsiasi domanda relativa al tuo ordine ESTA sulla nostra piattaforma online e tenere d&#8217;occhio le<a href=\"https:\/\/www.esta-officiel-usa.com\/fr\/news\/\">ultime novit\u00e0<\/a> sull&#8217;argomento.<\/p>\n\n<p>Goditi il tuo soggiorno!<\/p>\n","protected":false},"excerpt":{"rendered":"<p>SEZIONE DI AIUTO PER FACILITARE LA COMPILAZIONE DEL MODULO ESTA Richiedere l&#8217;autorizzazione ESTA \u00e8 molto meno noioso e complicato che richiedere un visto. Lo scopo principale dell&#8217;ESTA \u00e8 quello di informare le autorit\u00e0 americane del tuo arrivo, al fine di garantire la sicurezza del paese, e le informazioni richieste servono per identificarti. Attenzione : prima [&hellip;]<\/p>\n","protected":false},"author":1,"featured_media":0,"parent":0,"menu_order":0,"comment_status":"closed","ping_status":"closed","template":"","meta":{"footnotes":""},"class_list":["post-974","page","type-page","status-publish","hentry"],"yoast_head":"<!-- This site is optimized with the Yoast SEO plugin v26.2 - https:\/\/yoast.com\/wordpress\/plugins\/seo\/ -->\n<title>ESTA: sezione di aiuto<\/title>\n<meta name=\"description\" content=\"Se hai intenzione di recarti negli Stati Uniti nel prossimo futuro, ecco tutte le domande che potresti avere sul modulo ESTA.\" \/>\n<meta name=\"robots\" content=\"index, follow, max-snippet:-1, max-image-preview:large, max-video-preview:-1\" \/>\n<link rel=\"canonical\" href=\"https:\/\/www.esta-officiel-usa.com\/it\/esta-sezione-di-aiuto\/\" \/>\n<meta property=\"og:locale\" content=\"it_IT\" \/>\n<meta property=\"og:type\" content=\"article\" \/>\n<meta property=\"og:title\" content=\"ESTA: sezione di aiuto\" \/>\n<meta property=\"og:description\" content=\"Se hai intenzione di recarti negli Stati Uniti nel prossimo futuro, ecco tutte le domande che potresti avere sul modulo ESTA.\" \/>\n<meta property=\"og:url\" content=\"https:\/\/www.esta-officiel-usa.com\/it\/esta-sezione-di-aiuto\/\" \/>\n<meta property=\"og:site_name\" content=\"ESTA - Stati Uniti\" \/>\n<meta property=\"article:modified_time\" content=\"2025-09-13T11:58:29+00:00\" \/>\n<meta name=\"twitter:card\" content=\"summary_large_image\" \/>\n<meta name=\"twitter:label1\" content=\"Tempo di lettura stimato\" \/>\n\t<meta name=\"twitter:data1\" content=\"2 minuti\" \/>\n<script type=\"application\/ld+json\" class=\"yoast-schema-graph\">{\"@context\":\"https:\/\/schema.org\",\"@graph\":[{\"@type\":\"WebPage\",\"@id\":\"https:\/\/www.esta-officiel-usa.com\/it\/esta-sezione-di-aiuto\/\",\"url\":\"https:\/\/www.esta-officiel-usa.com\/it\/esta-sezione-di-aiuto\/\",\"name\":\"ESTA: sezione di aiuto\",\"isPartOf\":{\"@id\":\"https:\/\/www.esta-officiel-usa.com\/it\/#website\"},\"datePublished\":\"2025-09-13T11:58:28+00:00\",\"dateModified\":\"2025-09-13T11:58:29+00:00\",\"description\":\"Se hai intenzione di recarti negli Stati Uniti nel prossimo futuro, ecco tutte le domande che potresti avere sul modulo ESTA.\",\"breadcrumb\":{\"@id\":\"https:\/\/www.esta-officiel-usa.com\/it\/esta-sezione-di-aiuto\/#breadcrumb\"},\"inLanguage\":\"it-IT\",\"potentialAction\":[{\"@type\":\"ReadAction\",\"target\":[\"https:\/\/www.esta-officiel-usa.com\/it\/esta-sezione-di-aiuto\/\"]}]},{\"@type\":\"BreadcrumbList\",\"@id\":\"https:\/\/www.esta-officiel-usa.com\/it\/esta-sezione-di-aiuto\/#breadcrumb\",\"itemListElement\":[{\"@type\":\"ListItem\",\"position\":1,\"name\":\"Casa\",\"item\":\"https:\/\/www.esta-officiel-usa.com\/it\/\"},{\"@type\":\"ListItem\",\"position\":2,\"name\":\"ESTA: sezione di aiuto\"}]},{\"@type\":\"WebSite\",\"@id\":\"https:\/\/www.esta-officiel-usa.com\/it\/#website\",\"url\":\"https:\/\/www.esta-officiel-usa.com\/it\/\",\"name\":\"ESTA - Stati Uniti\",\"description\":\"Modulo di richiesta ESTA\",\"potentialAction\":[{\"@type\":\"SearchAction\",\"target\":{\"@type\":\"EntryPoint\",\"urlTemplate\":\"https:\/\/www.esta-officiel-usa.com\/it\/?s={search_term_string}\"},\"query-input\":{\"@type\":\"PropertyValueSpecification\",\"valueRequired\":true,\"valueName\":\"search_term_string\"}}],\"inLanguage\":\"it-IT\"}]}<\/script>\n<!-- \/ Yoast SEO plugin. -->","yoast_head_json":{"title":"ESTA: sezione di aiuto","description":"Se hai intenzione di recarti negli Stati Uniti nel prossimo futuro, ecco tutte le domande che potresti avere sul modulo ESTA.","robots":{"index":"index","follow":"follow","max-snippet":"max-snippet:-1","max-image-preview":"max-image-preview:large","max-video-preview":"max-video-preview:-1"},"canonical":"https:\/\/www.esta-officiel-usa.com\/it\/esta-sezione-di-aiuto\/","og_locale":"it_IT","og_type":"article","og_title":"ESTA: sezione di aiuto","og_description":"Se hai intenzione di recarti negli Stati Uniti nel prossimo futuro, ecco tutte le domande che potresti avere sul modulo ESTA.","og_url":"https:\/\/www.esta-officiel-usa.com\/it\/esta-sezione-di-aiuto\/","og_site_name":"ESTA - Stati Uniti","article_modified_time":"2025-09-13T11:58:29+00:00","twitter_card":"summary_large_image","twitter_misc":{"Tempo di lettura stimato":"2 minuti"},"schema":{"@context":"https:\/\/schema.org","@graph":[{"@type":"WebPage","@id":"https:\/\/www.esta-officiel-usa.com\/it\/esta-sezione-di-aiuto\/","url":"https:\/\/www.esta-officiel-usa.com\/it\/esta-sezione-di-aiuto\/","name":"ESTA: sezione di aiuto","isPartOf":{"@id":"https:\/\/www.esta-officiel-usa.com\/it\/#website"},"datePublished":"2025-09-13T11:58:28+00:00","dateModified":"2025-09-13T11:58:29+00:00","description":"Se hai intenzione di recarti negli Stati Uniti nel prossimo futuro, ecco tutte le domande che potresti avere sul modulo ESTA.","breadcrumb":{"@id":"https:\/\/www.esta-officiel-usa.com\/it\/esta-sezione-di-aiuto\/#breadcrumb"},"inLanguage":"it-IT","potentialAction":[{"@type":"ReadAction","target":["https:\/\/www.esta-officiel-usa.com\/it\/esta-sezione-di-aiuto\/"]}]},{"@type":"BreadcrumbList","@id":"https:\/\/www.esta-officiel-usa.com\/it\/esta-sezione-di-aiuto\/#breadcrumb","itemListElement":[{"@type":"ListItem","position":1,"name":"Casa","item":"https:\/\/www.esta-officiel-usa.com\/it\/"},{"@type":"ListItem","position":2,"name":"ESTA: sezione di aiuto"}]},{"@type":"WebSite","@id":"https:\/\/www.esta-officiel-usa.com\/it\/#website","url":"https:\/\/www.esta-officiel-usa.com\/it\/","name":"ESTA - Stati Uniti","description":"Modulo di richiesta ESTA","potentialAction":[{"@type":"SearchAction","target":{"@type":"EntryPoint","urlTemplate":"https:\/\/www.esta-officiel-usa.com\/it\/?s={search_term_string}"},"query-input":{"@type":"PropertyValueSpecification","valueRequired":true,"valueName":"search_term_string"}}],"inLanguage":"it-IT"}]}},"_links":{"self":[{"href":"https:\/\/www.esta-officiel-usa.com\/it\/wp-json\/wp\/v2\/pages\/974","targetHints":{"allow":["GET"]}}],"collection":[{"href":"https:\/\/www.esta-officiel-usa.com\/it\/wp-json\/wp\/v2\/pages"}],"about":[{"href":"https:\/\/www.esta-officiel-usa.com\/it\/wp-json\/wp\/v2\/types\/page"}],"author":[{"embeddable":true,"href":"https:\/\/www.esta-officiel-usa.com\/it\/wp-json\/wp\/v2\/users\/1"}],"replies":[{"embeddable":true,"href":"https:\/\/www.esta-officiel-usa.com\/it\/wp-json\/wp\/v2\/comments?post=974"}],"version-history":[{"count":1,"href":"https:\/\/www.esta-officiel-usa.com\/it\/wp-json\/wp\/v2\/pages\/974\/revisions"}],"predecessor-version":[{"id":976,"href":"https:\/\/www.esta-officiel-usa.com\/it\/wp-json\/wp\/v2\/pages\/974\/revisions\/976"}],"wp:attachment":[{"href":"https:\/\/www.esta-officiel-usa.com\/it\/wp-json\/wp\/v2\/media?parent=974"}],"curies":[{"name":"wp","href":"https:\/\/api.w.org\/{rel}","templated":true}]}}