{"id":995,"date":"2025-09-13T11:59:05","date_gmt":"2025-09-13T11:59:05","guid":{"rendered":"https:\/\/www.esta-officiel-usa.com\/la-cancellazione-della-carta-verde-da-parte-di-donald-trump\/"},"modified":"2025-09-13T11:59:06","modified_gmt":"2025-09-13T11:59:06","slug":"la-cancellazione-della-carta-verde-da-parte-di-donald-trump","status":"publish","type":"page","link":"https:\/\/www.esta-officiel-usa.com\/it\/la-cancellazione-della-carta-verde-da-parte-di-donald-trump\/","title":{"rendered":"La cancellazione della carta verde da parte di Donald Trump"},"content":{"rendered":"\n<h1 class=\"wp-block-heading\">DONALD TRUMP CANCELLER\u00c0 LA CARTA VERDE?<\/h1>\n\n<p>Per rimanere negli Stati Uniti per un lungo periodo, l&#8217;<a href=\"https:\/\/www.esta-officiel-usa.com\/it\/\">ESTA<\/a> non \u00e8 sufficiente: \u00e8 necessaria una carta verde. Durante la prima elezione di Donald Trump a Presidente degli Stati Uniti d&#8217;America, molti cambiamenti hanno scosso il Paese. Sebbene molte persone vogliano ancora lavorare o vivere negli Stati Uniti, il Presidente ha voluto controllare l&#8217;immigrazione nel Paese. Donald Trump decider\u00e0 di cancellare la green card se verr\u00e0 nuovamente eletto Presidente degli Stati Uniti? In questo articolo rispondiamo a tutte le tue domande sulla revoca o sul mantenimento della carta verde.    <br\/> <\/p>\n\n<h2 class=\"wp-block-heading\">A COSA SERVE LA CARTA VERDE?<\/h2>\n\n<p>Prima di affrontare il controverso argomento della volont\u00e0 di Donald Trump di cancellare la <a href=\"https:\/\/www.esta-officiel-usa.com\/fr\/quest-ce-que-la-green-card\/\">carta verde<\/a>, iniziamo a dare un&#8217;occhiata al documento stesso. Fondamentalmente, questo processo \u00e8 stato creato per portare maggiore diversit\u00e0 nell&#8217;immigrazione americana. Ogni anno, migliaia di cittadini stranieri ottengono la carta verde e hanno la possibilit\u00e0 di vivere negli Stati Uniti. Questo documento permette a chiunque lo riceva di vivere e lavorare negli Stati Uniti in modo permanente.   <\/p>\n\n<p>Normalmente, ottenere una carta verde \u00e8 molto complicato e a volte richiede diversi anni, poich\u00e9 \u00e8 necessario soddisfare un gran numero di condizioni, come ad esempio avere un lavoro. Ogni anno \u00e8 possibile ottenere questo prezioso documento grazie, tra l&#8217;altro, a una <a href=\"https:\/\/www.esta-officiel-usa.com\/fr\/obtenir-une-green-card-par-la-loterie\/\">lotteria<\/a> gratuita che permette ai vincitori di trasferirsi con la propria famiglia nel paese dove tutto \u00e8 possibile. Nonostante il suo successo, non \u00e8 cos\u00ec facile vincere la carta verde: ogni anno partecipano centinaia di migliaia di persone e solo 50.000 sono idonee. Grazie alla lotteria, i titolari possono vivere il sogno americano. Puoi anche diventare un residente permanente tramite la carta <a href=\"https:\/\/www.esta-officiel-usa.com\/fr\/obtenir-une-green-card-par-un-mariage\/\">verde sposandoti<\/a>, lavorando e investendo. Questo programma \u00e8 un sogno per alcuni, ma \u00e8 diventato un vero e proprio incubo per altri, come nel caso di Donald Trump, che voleva cancellare la green card.     <br\/> <\/p>\n\n<h2 class=\"wp-block-heading\">VERSO L&#8217;ABOLIZIONE DELLA CARTA VERDE?<\/h2>\n\n<p>Secondo l&#8217;ex presidente Donald Trump, infatti, l&#8217;emissione di carte verdi \u00e8 un pericolo per il paese e la sua sicurezza. E non sar\u00e0 certo l&#8217;attentato commesso nel 2002 da una persona che ha ottenuto la carta verde grazie alla lotteria a far pensare diversamente il Presidente americano. In definitiva, nella sua lotta per aumentare le misure di sicurezza, il Presidente vorrebbe cancellare la &#8220;rischiosa&#8221; lotteria delle green card, in particolare, e sostituirla con un sistema di selezione pi\u00f9 severo che tenga conto del livello di istruzione e dell&#8217;inglese. Per il momento non \u00e8 stata presa alcuna decisione in merito e n\u00e9 il partito repubblicano n\u00e9 quello democratico sono entusiasti di questa idea.   <\/p>\n\n<p>Non conosciamo ancora il destino della carta verde, anche se l&#8217;ex Presidente degli Stati Uniti sembrava volerla abolire. Ma approfittane, c&#8217;\u00e8 ancora tempo per mettere le mani sul sogno americano. Sogni di vivere in Arizona, Georgia, California o Florida? Richiedi subito la tua carta verde!   <\/p>\n","protected":false},"excerpt":{"rendered":"<p>DONALD TRUMP CANCELLER\u00c0 LA CARTA VERDE? Per rimanere negli Stati Uniti per un lungo periodo, l&#8217;ESTA non \u00e8 sufficiente: \u00e8 necessaria una carta verde. Durante la prima elezione di Donald Trump a Presidente degli Stati Uniti d&#8217;America, molti cambiamenti hanno scosso il Paese. Sebbene molte persone vogliano ancora lavorare o vivere negli Stati Uniti, il [&hellip;]<\/p>\n","protected":false},"author":1,"featured_media":0,"parent":0,"menu_order":0,"comment_status":"closed","ping_status":"closed","template":"","meta":{"footnotes":""},"class_list":["post-995","page","type-page","status-publish","hentry"],"yoast_head":"<!-- This site is optimized with the Yoast SEO plugin v26.2 - https:\/\/yoast.com\/wordpress\/plugins\/seo\/ -->\n<title>La cancellazione della carta verde da parte di Donald Trump<\/title>\n<meta name=\"description\" content=\"L&#039;ex presidente Donald Trump voleva regolamentare ulteriormente l&#039;immigrazione negli Stati Uniti e abolire la lotteria della Green Card.\" \/>\n<meta name=\"robots\" content=\"index, follow, max-snippet:-1, max-image-preview:large, max-video-preview:-1\" \/>\n<link rel=\"canonical\" href=\"https:\/\/www.esta-officiel-usa.com\/it\/la-cancellazione-della-carta-verde-da-parte-di-donald-trump\/\" \/>\n<meta property=\"og:locale\" content=\"it_IT\" \/>\n<meta property=\"og:type\" content=\"article\" \/>\n<meta property=\"og:title\" content=\"La cancellazione della carta verde da parte di Donald Trump\" \/>\n<meta property=\"og:description\" content=\"L&#039;ex presidente Donald Trump voleva regolamentare ulteriormente l&#039;immigrazione negli Stati Uniti e abolire la lotteria della Green Card.\" \/>\n<meta property=\"og:url\" content=\"https:\/\/www.esta-officiel-usa.com\/it\/la-cancellazione-della-carta-verde-da-parte-di-donald-trump\/\" \/>\n<meta property=\"og:site_name\" content=\"ESTA - Stati Uniti\" \/>\n<meta property=\"article:modified_time\" content=\"2025-09-13T11:59:06+00:00\" \/>\n<meta name=\"twitter:card\" content=\"summary_large_image\" \/>\n<meta name=\"twitter:label1\" content=\"Tempo di lettura stimato\" \/>\n\t<meta name=\"twitter:data1\" content=\"2 minuti\" \/>\n<script type=\"application\/ld+json\" class=\"yoast-schema-graph\">{\"@context\":\"https:\/\/schema.org\",\"@graph\":[{\"@type\":\"WebPage\",\"@id\":\"https:\/\/www.esta-officiel-usa.com\/it\/la-cancellazione-della-carta-verde-da-parte-di-donald-trump\/\",\"url\":\"https:\/\/www.esta-officiel-usa.com\/it\/la-cancellazione-della-carta-verde-da-parte-di-donald-trump\/\",\"name\":\"La cancellazione della carta verde da parte di Donald Trump\",\"isPartOf\":{\"@id\":\"https:\/\/www.esta-officiel-usa.com\/it\/#website\"},\"datePublished\":\"2025-09-13T11:59:05+00:00\",\"dateModified\":\"2025-09-13T11:59:06+00:00\",\"description\":\"L'ex presidente Donald Trump voleva regolamentare ulteriormente l'immigrazione negli Stati Uniti e abolire la lotteria della Green Card.\",\"breadcrumb\":{\"@id\":\"https:\/\/www.esta-officiel-usa.com\/it\/la-cancellazione-della-carta-verde-da-parte-di-donald-trump\/#breadcrumb\"},\"inLanguage\":\"it-IT\",\"potentialAction\":[{\"@type\":\"ReadAction\",\"target\":[\"https:\/\/www.esta-officiel-usa.com\/it\/la-cancellazione-della-carta-verde-da-parte-di-donald-trump\/\"]}]},{\"@type\":\"BreadcrumbList\",\"@id\":\"https:\/\/www.esta-officiel-usa.com\/it\/la-cancellazione-della-carta-verde-da-parte-di-donald-trump\/#breadcrumb\",\"itemListElement\":[{\"@type\":\"ListItem\",\"position\":1,\"name\":\"Casa\",\"item\":\"https:\/\/www.esta-officiel-usa.com\/it\/\"},{\"@type\":\"ListItem\",\"position\":2,\"name\":\"La cancellazione della carta verde da parte di Donald Trump\"}]},{\"@type\":\"WebSite\",\"@id\":\"https:\/\/www.esta-officiel-usa.com\/it\/#website\",\"url\":\"https:\/\/www.esta-officiel-usa.com\/it\/\",\"name\":\"ESTA - Stati Uniti\",\"description\":\"Modulo di richiesta ESTA\",\"potentialAction\":[{\"@type\":\"SearchAction\",\"target\":{\"@type\":\"EntryPoint\",\"urlTemplate\":\"https:\/\/www.esta-officiel-usa.com\/it\/?s={search_term_string}\"},\"query-input\":{\"@type\":\"PropertyValueSpecification\",\"valueRequired\":true,\"valueName\":\"search_term_string\"}}],\"inLanguage\":\"it-IT\"}]}<\/script>\n<!-- \/ Yoast SEO plugin. -->","yoast_head_json":{"title":"La cancellazione della carta verde da parte di Donald Trump","description":"L'ex presidente Donald Trump voleva regolamentare ulteriormente l'immigrazione negli Stati Uniti e abolire la lotteria della Green Card.","robots":{"index":"index","follow":"follow","max-snippet":"max-snippet:-1","max-image-preview":"max-image-preview:large","max-video-preview":"max-video-preview:-1"},"canonical":"https:\/\/www.esta-officiel-usa.com\/it\/la-cancellazione-della-carta-verde-da-parte-di-donald-trump\/","og_locale":"it_IT","og_type":"article","og_title":"La cancellazione della carta verde da parte di Donald Trump","og_description":"L'ex presidente Donald Trump voleva regolamentare ulteriormente l'immigrazione negli Stati Uniti e abolire la lotteria della Green Card.","og_url":"https:\/\/www.esta-officiel-usa.com\/it\/la-cancellazione-della-carta-verde-da-parte-di-donald-trump\/","og_site_name":"ESTA - Stati Uniti","article_modified_time":"2025-09-13T11:59:06+00:00","twitter_card":"summary_large_image","twitter_misc":{"Tempo di lettura stimato":"2 minuti"},"schema":{"@context":"https:\/\/schema.org","@graph":[{"@type":"WebPage","@id":"https:\/\/www.esta-officiel-usa.com\/it\/la-cancellazione-della-carta-verde-da-parte-di-donald-trump\/","url":"https:\/\/www.esta-officiel-usa.com\/it\/la-cancellazione-della-carta-verde-da-parte-di-donald-trump\/","name":"La cancellazione della carta verde da parte di Donald Trump","isPartOf":{"@id":"https:\/\/www.esta-officiel-usa.com\/it\/#website"},"datePublished":"2025-09-13T11:59:05+00:00","dateModified":"2025-09-13T11:59:06+00:00","description":"L'ex presidente Donald Trump voleva regolamentare ulteriormente l'immigrazione negli Stati Uniti e abolire la lotteria della Green Card.","breadcrumb":{"@id":"https:\/\/www.esta-officiel-usa.com\/it\/la-cancellazione-della-carta-verde-da-parte-di-donald-trump\/#breadcrumb"},"inLanguage":"it-IT","potentialAction":[{"@type":"ReadAction","target":["https:\/\/www.esta-officiel-usa.com\/it\/la-cancellazione-della-carta-verde-da-parte-di-donald-trump\/"]}]},{"@type":"BreadcrumbList","@id":"https:\/\/www.esta-officiel-usa.com\/it\/la-cancellazione-della-carta-verde-da-parte-di-donald-trump\/#breadcrumb","itemListElement":[{"@type":"ListItem","position":1,"name":"Casa","item":"https:\/\/www.esta-officiel-usa.com\/it\/"},{"@type":"ListItem","position":2,"name":"La cancellazione della carta verde da parte di Donald Trump"}]},{"@type":"WebSite","@id":"https:\/\/www.esta-officiel-usa.com\/it\/#website","url":"https:\/\/www.esta-officiel-usa.com\/it\/","name":"ESTA - Stati Uniti","description":"Modulo di richiesta ESTA","potentialAction":[{"@type":"SearchAction","target":{"@type":"EntryPoint","urlTemplate":"https:\/\/www.esta-officiel-usa.com\/it\/?s={search_term_string}"},"query-input":{"@type":"PropertyValueSpecification","valueRequired":true,"valueName":"search_term_string"}}],"inLanguage":"it-IT"}]}},"_links":{"self":[{"href":"https:\/\/www.esta-officiel-usa.com\/it\/wp-json\/wp\/v2\/pages\/995","targetHints":{"allow":["GET"]}}],"collection":[{"href":"https:\/\/www.esta-officiel-usa.com\/it\/wp-json\/wp\/v2\/pages"}],"about":[{"href":"https:\/\/www.esta-officiel-usa.com\/it\/wp-json\/wp\/v2\/types\/page"}],"author":[{"embeddable":true,"href":"https:\/\/www.esta-officiel-usa.com\/it\/wp-json\/wp\/v2\/users\/1"}],"replies":[{"embeddable":true,"href":"https:\/\/www.esta-officiel-usa.com\/it\/wp-json\/wp\/v2\/comments?post=995"}],"version-history":[{"count":1,"href":"https:\/\/www.esta-officiel-usa.com\/it\/wp-json\/wp\/v2\/pages\/995\/revisions"}],"predecessor-version":[{"id":996,"href":"https:\/\/www.esta-officiel-usa.com\/it\/wp-json\/wp\/v2\/pages\/995\/revisions\/996"}],"wp:attachment":[{"href":"https:\/\/www.esta-officiel-usa.com\/it\/wp-json\/wp\/v2\/media?parent=995"}],"curies":[{"name":"wp","href":"https:\/\/api.w.org\/{rel}","templated":true}]}}