{"id":998,"date":"2025-09-13T11:59:06","date_gmt":"2025-09-13T11:59:06","guid":{"rendered":"https:\/\/www.esta-officiel-usa.com\/panoramica-delle-specialita-culinarie-americane\/"},"modified":"2025-09-13T11:59:16","modified_gmt":"2025-09-13T11:59:16","slug":"panoramica-delle-specialita-culinarie-americane","status":"publish","type":"page","link":"https:\/\/www.esta-officiel-usa.com\/it\/panoramica-delle-specialita-culinarie-americane\/","title":{"rendered":"Panoramica delle specialit\u00e0 culinarie americane"},"content":{"rendered":"\n<h1 class=\"wp-block-heading\">LE SPECIALIT\u00c0 DELLA CUCINA AMERICANA<\/h1>\n\n<p>La cucina americana ha una cattiva reputazione in Europa. Viene spesso criticata per la sua mancanza di raffinatezza e per l&#8217;alto contenuto calorico. Anche se questo \u00e8 in parte vero, sarebbe un peccato trascurarla. Ti presentiamo i grandi classici della cucina americana e le specialit\u00e0 di ogni stato, nella speranza di ispirarti a viaggiare negli USA una volta ottenuta l&#8217;<a href=\"https:\/\/www.esta-officiel-usa.com\/it\/\">ESTA<\/a>.   <br\/> <\/p>\n\n<h2 class=\"wp-block-heading\">I CLASSICI DELLA CUCINA AMERICANA<\/h2>\n\n<h3 class=\"wp-block-heading\">CIBO IN MOVIMENTO<\/h3>\n\n<p>Gli americani amano mangiare, a qualsiasi ora, ma questo non significa che si prendano il tempo necessario. Infatti, sono famosi in tutto il mondo per il fast food e lo street food. Alcuni degli esempi pi\u00f9 noti sono:  <\/p>\n\n<ul class=\"wp-block-list\">\n<li>hamburger, in particolare cheeseburger o Sloppy Joe con patatine fritte (di tutte le forme e dimensioni) e bevande analcoliche illimitate;<\/li>\n\n\n\n<li>hot dog, corndog o chilidog;<\/li>\n\n\n\n<li>piatti fritti come le ali di pollo o gli anelli di cipolla;<\/li>\n\n\n\n<li>panini, tra cui BLT (Bacon, Lettuce, Tomato), club sandwich, formaggio grigliato, bagel e il famoso panino con burro di arachidi e gelatina, con una variante nota come la preferita di Elvis Presley: il burro di banana (burro di arachidi, banana e bacon).<\/li>\n<\/ul>\n\n<h3 class=\"wp-block-heading\">CORSI PRINCIPALI<\/h3>\n\n<p>Naturalmente, la cucina americana non \u00e8 fatta solo di fast food. I nostri amici dall&#8217;altra parte dell&#8217;Atlantico si prendono anche il tempo di mangiare quelli che potremmo definire piatti pi\u00f9 tradizionali, tra cui : <\/p>\n\n<ul class=\"wp-block-list\">\n<li>polpettone, che \u00e8 un polpettone di carne<\/li>\n\n\n\n<li>pasticcio di pollo<\/li>\n\n\n\n<li>Le costine si riferiscono alle costine di manzo, di maiale e cos\u00ec via.<\/li>\n\n\n\n<li>brasato, l&#8217;equivalente del nostro pot-au-feu<\/li>\n\n\n\n<li>mac and cheese, cio\u00e8 pasta e tanto formaggio<\/li>\n\n\n\n<li>tater tots, una marca di hashbrown, cio\u00e8 patate grattugiate e fritte<\/li>\n\n\n\n<li>biscotto e sugo con pasta sfoglia e salsa di carne<\/li>\n\n\n\n<li>sformati di verdure<\/li>\n\n\n\n<li>insalata cobb (insalata, pomodoro, pancetta, pollo, uovo sodo, avocado, erba cipollina, formaggio e vinaigrette al vino rosso)<\/li>\n\n\n\n<li>Insalata Caesar<\/li>\n\n\n\n<li>insalata di patate<\/li>\n<\/ul>\n\n<h3 class=\"wp-block-heading\">I DOLCI<\/h3>\n\n<p>Abbiamo gi\u00e0 detto che gli americani amano il cibo e va da s\u00e9 che anche i dolci sono protagonisti della cucina americana:<\/p>\n\n<ul class=\"wp-block-list\">\n<li>cheesecake<\/li>\n\n\n\n<li>brownie<\/li>\n\n\n\n<li>muffin<\/li>\n\n\n\n<li>biscotti<\/li>\n\n\n\n<li>cupcake<\/li>\n\n\n\n<li>torta di carote<\/li>\n\n\n\n<li>torta alle noci<\/li>\n\n\n\n<li>torta di mele<\/li>\n\n\n\n<li>ciambella<\/li>\n\n\n\n<li>banana split<\/li>\n\n\n\n<li>S&#8217;more (biscotto sandwich con marshmallow)<br\/> <\/li>\n<\/ul>\n\n<h2 class=\"wp-block-heading\">OGNI STATO HA LE SUE SPECIALIT\u00c0 CULINARIE<\/h2>\n\n<p>Gli Stati Uniti sono composti da 50 stati e in ognuno di essi i viaggiatori troveranno una o pi\u00f9 specialit\u00e0 culinarie.<\/p>\n\n<ul class=\"wp-block-list\">\n<li>Alabama: pesce gatto e hushpuppies (frittelle di farina di mais)<\/li>\n\n\n\n<li>Alaska: Granchio reale e salmone<\/li>\n\n\n\n<li>Arizona: la chimichanga al peperoncino, il frybread amerindiano (pasta saltata o fritta nell&#8217;olio, poi condita con fagioli, carne di manzo e formaggio grattugiato) o il Sonoran dog (una pagnotta pi\u00f9 grande del classico hot dog con una salsiccia avvolta nella pancetta grigliata, fagioli pinto, cipolle grigliate, pomodori, salsa al peperoncino, maionese e senape americana).<\/li>\n\n\n\n<li>Arkansas: papillote di manzo<a href=\"https:\/\/fr.wikipedia.org\/wiki\/Am%C3%A9rindiens\"> dei nativi americani<\/a> <\/li>\n\n\n\n<li>California: il burrito, il california roll (sushi) e il taco al pesce<\/li>\n\n\n\n<li>North Carolina: il panino con il maiale tritato<\/li>\n\n\n\n<li>South Carolina: Shrimp N Grit (gamberi e farina di mais)<\/li>\n\n\n\n<li>Colorado: burrito<\/li>\n\n\n\n<li>Connecticut: la pizza alle vongole di New Haven<\/li>\n\n\n\n<li>North Dakota: l&#8217;hamburger di bisonte<\/li>\n\n\n\n<li>South Dakota: Chislic (carne cotta nella soia e servita su spuntoni)<\/li>\n\n\n\n<li>Delaware: Scrapple hash (a base di maiale)<\/li>\n\n\n\n<li>Florida: Torta al lime delle Keys<\/li>\n\n\n\n<li>Georgia: la crostata di pesche<\/li>\n\n\n\n<li>Hawaii: malasada (frittelle) o poke (cubetti di pesce crudo marinato e servito con verdure, frutta e cereali)<\/li>\n\n\n\n<li>Idaho: Hamburger di bisonte<\/li>\n\n\n\n<li>Illinois: pizza al piatto<\/li>\n\n\n\n<li>Indiana: torta alla crema di zucchero<\/li>\n\n\n\n<li>Iowa: pancetta secca con sale e zucchero<\/li>\n\n\n\n<li>Kansas: l&#8217;hamburger Z-man (punta di petto, formaggio grigliato, anelli di cipolla fritti, salsa barbecue)<\/li>\n\n\n\n<li>Kentucky: hot brown (panino aperto con tacchino e <a href=\"https:\/\/fr.wikipedia.org\/wiki\/Lard\">pancetta<\/a>, ricoperto di salsa Mornay. Sono disponibili diverse varianti, tra cui prosciutto, peperoni e pomodori) <\/li>\n\n\n\n<li>Louisiana: la cucina cajun \u00e8 protagonista con il gumbo<a href=\"https:\/\/fr.wikipedia.org\/wiki\/Bouillon_(cuisine)\">(un brodo<\/a> insaporito con<a href=\"https:\/\/fr.wikipedia.org\/wiki\/Viande\"> carne<\/a> o crostacei e sedano, peperoni e cipolle), la jambalaya (un piatto piccante a base di riso, carne o crostacei) e il panino Po&#8217;Boy.<\/li>\n\n\n\n<li>Maine: lobster roll (panino con aragosta e hot dog)<\/li>\n\n\n\n<li>Maryland: torta di granchio<\/li>\n\n\n\n<li>Massachusetts: clam chowder (una zuppa a base di vongole veraci, patate, latte, panna e varie erbe).<\/li>\n\n\n\n<li>Michigan: Pasticcio di manzo e torta di ciliegie<\/li>\n\n\n\n<li>Minnesota: il Juicy Lucy \u00e8 un cheeseburger in cui il formaggio \u00e8 inserito nella bistecca anzich\u00e9 sopra.<\/li>\n\n\n\n<li>Mississippi: tamales caldi, dolcetti alla cannella<\/li>\n\n\n\n<li>Missouri: costine<\/li>\n\n\n\n<li>Montana: la costata di manzo<\/li>\n\n\n\n<li>Nebraska: il reuben sandwich (panino alla griglia con carne in scatola, crauti, formaggio Emmental e salsa russa)<\/li>\n\n\n\n<li>Nevada: cocktail di gamberetti e buffet a volont\u00e0 a <a href=\"https:\/\/www.esta-officiel-usa.com\/fr\/voyager-aux-usa-et-decouvrir-las-vegas\/\">Las Vegas<\/a><\/li>\n\n\n\n<li>New Hampshire: code di aragosta fritte<\/li>\n\n\n\n<li>New Jersey: hot dog alla maniera del Jersey<\/li>\n\n\n\n<li>Nuovo Messico: enchiladas e peperoncino verde<\/li>\n\n\n\n<li><a href=\"https:\/\/www.esta-officiel-usa.com\/fr\/decouvrir-la-ville-de-new-york-city\/\">New York<\/a>: la cheesecake che non ha bisogno di presentazioni<\/li>\n\n\n\n<li>Ohio: peperoncino in tutte le sue forme<\/li>\n\n\n\n<li>Oklahoma: bistecca di pollo fritta<\/li>\n\n\n\n<li>Oregon: crostata di more<\/li>\n\n\n\n<li>Pennsylvania: Philly cheesesteak (panino con manzo, funghi e mozzarella)<\/li>\n\n\n\n<li>Rhode Island: vongole ripiene<\/li>\n\n\n\n<li>Tennessee: pollo fritto<\/li>\n\n\n\n<li>Texas: carne in tutte le sue forme, soprattutto la punta di petto, ma anche piatti di ispirazione messicana come nachos, fajitas e chilli con carne.<\/li>\n\n\n\n<li>Utah: l&#8217;hamburger di pastrami e le focaccine fritte<\/li>\n\n\n\n<li>Vermont: sciroppo d&#8217;acero su tutto, soprattutto sui pancake<\/li>\n\n\n\n<li>Virginia: arachidi bollite<\/li>\n\n\n\n<li>Washington: Mezzo fumo, soprattutto a Washington DC (simile a un hot dog con una salsiccia per met\u00e0 di maiale e per met\u00e0 di manzo)<\/li>\n\n\n\n<li>West Virginia: il rotolo di salame piccante<\/li>\n\n\n\n<li>Wisconsin: cheese curds (formaggio fritto)<\/li>\n\n\n\n<li>Wyoming: bistecca di bisonte<\/li>\n<\/ul>\n\n<p>Il pasto pi\u00f9 famoso della cucina americana \u00e8 il Ringraziamento: tacchino, pannocchie, salsa di mirtilli rossi, pur\u00e8 di patate dolci, pane di mais, torta di zucca, ecc.<\/p>\n","protected":false},"excerpt":{"rendered":"<p>LE SPECIALIT\u00c0 DELLA CUCINA AMERICANA La cucina americana ha una cattiva reputazione in Europa. Viene spesso criticata per la sua mancanza di raffinatezza e per l&#8217;alto contenuto calorico. Anche se questo \u00e8 in parte vero, sarebbe un peccato trascurarla. Ti presentiamo i grandi classici della cucina americana e le specialit\u00e0 di ogni stato, nella speranza [&hellip;]<\/p>\n","protected":false},"author":1,"featured_media":0,"parent":0,"menu_order":0,"comment_status":"closed","ping_status":"closed","template":"","meta":{"footnotes":""},"class_list":["post-998","page","type-page","status-publish","hentry"],"yoast_head":"<!-- This site is optimized with the Yoast SEO plugin v26.2 - https:\/\/yoast.com\/wordpress\/plugins\/seo\/ -->\n<title>Panoramica delle specialit\u00e0 culinarie americane<\/title>\n<meta name=\"description\" content=\"Se hai intenzione di visitare gli Stati Uniti molto presto, ecco alcune informazioni pratiche sulla cucina americana.\" \/>\n<meta name=\"robots\" content=\"index, follow, max-snippet:-1, max-image-preview:large, max-video-preview:-1\" \/>\n<link rel=\"canonical\" href=\"https:\/\/www.esta-officiel-usa.com\/it\/panoramica-delle-specialita-culinarie-americane\/\" \/>\n<meta property=\"og:locale\" content=\"it_IT\" \/>\n<meta property=\"og:type\" content=\"article\" \/>\n<meta property=\"og:title\" content=\"Panoramica delle specialit\u00e0 culinarie americane\" \/>\n<meta property=\"og:description\" content=\"Se hai intenzione di visitare gli Stati Uniti molto presto, ecco alcune informazioni pratiche sulla cucina americana.\" \/>\n<meta property=\"og:url\" content=\"https:\/\/www.esta-officiel-usa.com\/it\/panoramica-delle-specialita-culinarie-americane\/\" \/>\n<meta property=\"og:site_name\" content=\"ESTA - Stati Uniti\" \/>\n<meta property=\"article:modified_time\" content=\"2025-09-13T11:59:16+00:00\" \/>\n<meta name=\"twitter:card\" content=\"summary_large_image\" \/>\n<meta name=\"twitter:label1\" content=\"Tempo di lettura stimato\" \/>\n\t<meta name=\"twitter:data1\" content=\"5 minuti\" \/>\n<script type=\"application\/ld+json\" class=\"yoast-schema-graph\">{\"@context\":\"https:\/\/schema.org\",\"@graph\":[{\"@type\":\"WebPage\",\"@id\":\"https:\/\/www.esta-officiel-usa.com\/it\/panoramica-delle-specialita-culinarie-americane\/\",\"url\":\"https:\/\/www.esta-officiel-usa.com\/it\/panoramica-delle-specialita-culinarie-americane\/\",\"name\":\"Panoramica delle specialit\u00e0 culinarie americane\",\"isPartOf\":{\"@id\":\"https:\/\/www.esta-officiel-usa.com\/it\/#website\"},\"datePublished\":\"2025-09-13T11:59:06+00:00\",\"dateModified\":\"2025-09-13T11:59:16+00:00\",\"description\":\"Se hai intenzione di visitare gli Stati Uniti molto presto, ecco alcune informazioni pratiche sulla cucina americana.\",\"breadcrumb\":{\"@id\":\"https:\/\/www.esta-officiel-usa.com\/it\/panoramica-delle-specialita-culinarie-americane\/#breadcrumb\"},\"inLanguage\":\"it-IT\",\"potentialAction\":[{\"@type\":\"ReadAction\",\"target\":[\"https:\/\/www.esta-officiel-usa.com\/it\/panoramica-delle-specialita-culinarie-americane\/\"]}]},{\"@type\":\"BreadcrumbList\",\"@id\":\"https:\/\/www.esta-officiel-usa.com\/it\/panoramica-delle-specialita-culinarie-americane\/#breadcrumb\",\"itemListElement\":[{\"@type\":\"ListItem\",\"position\":1,\"name\":\"Casa\",\"item\":\"https:\/\/www.esta-officiel-usa.com\/it\/\"},{\"@type\":\"ListItem\",\"position\":2,\"name\":\"Panoramica delle specialit\u00e0 culinarie americane\"}]},{\"@type\":\"WebSite\",\"@id\":\"https:\/\/www.esta-officiel-usa.com\/it\/#website\",\"url\":\"https:\/\/www.esta-officiel-usa.com\/it\/\",\"name\":\"ESTA - Stati Uniti\",\"description\":\"Modulo di richiesta ESTA\",\"potentialAction\":[{\"@type\":\"SearchAction\",\"target\":{\"@type\":\"EntryPoint\",\"urlTemplate\":\"https:\/\/www.esta-officiel-usa.com\/it\/?s={search_term_string}\"},\"query-input\":{\"@type\":\"PropertyValueSpecification\",\"valueRequired\":true,\"valueName\":\"search_term_string\"}}],\"inLanguage\":\"it-IT\"}]}<\/script>\n<!-- \/ Yoast SEO plugin. -->","yoast_head_json":{"title":"Panoramica delle specialit\u00e0 culinarie americane","description":"Se hai intenzione di visitare gli Stati Uniti molto presto, ecco alcune informazioni pratiche sulla cucina americana.","robots":{"index":"index","follow":"follow","max-snippet":"max-snippet:-1","max-image-preview":"max-image-preview:large","max-video-preview":"max-video-preview:-1"},"canonical":"https:\/\/www.esta-officiel-usa.com\/it\/panoramica-delle-specialita-culinarie-americane\/","og_locale":"it_IT","og_type":"article","og_title":"Panoramica delle specialit\u00e0 culinarie americane","og_description":"Se hai intenzione di visitare gli Stati Uniti molto presto, ecco alcune informazioni pratiche sulla cucina americana.","og_url":"https:\/\/www.esta-officiel-usa.com\/it\/panoramica-delle-specialita-culinarie-americane\/","og_site_name":"ESTA - Stati Uniti","article_modified_time":"2025-09-13T11:59:16+00:00","twitter_card":"summary_large_image","twitter_misc":{"Tempo di lettura stimato":"5 minuti"},"schema":{"@context":"https:\/\/schema.org","@graph":[{"@type":"WebPage","@id":"https:\/\/www.esta-officiel-usa.com\/it\/panoramica-delle-specialita-culinarie-americane\/","url":"https:\/\/www.esta-officiel-usa.com\/it\/panoramica-delle-specialita-culinarie-americane\/","name":"Panoramica delle specialit\u00e0 culinarie americane","isPartOf":{"@id":"https:\/\/www.esta-officiel-usa.com\/it\/#website"},"datePublished":"2025-09-13T11:59:06+00:00","dateModified":"2025-09-13T11:59:16+00:00","description":"Se hai intenzione di visitare gli Stati Uniti molto presto, ecco alcune informazioni pratiche sulla cucina americana.","breadcrumb":{"@id":"https:\/\/www.esta-officiel-usa.com\/it\/panoramica-delle-specialita-culinarie-americane\/#breadcrumb"},"inLanguage":"it-IT","potentialAction":[{"@type":"ReadAction","target":["https:\/\/www.esta-officiel-usa.com\/it\/panoramica-delle-specialita-culinarie-americane\/"]}]},{"@type":"BreadcrumbList","@id":"https:\/\/www.esta-officiel-usa.com\/it\/panoramica-delle-specialita-culinarie-americane\/#breadcrumb","itemListElement":[{"@type":"ListItem","position":1,"name":"Casa","item":"https:\/\/www.esta-officiel-usa.com\/it\/"},{"@type":"ListItem","position":2,"name":"Panoramica delle specialit\u00e0 culinarie americane"}]},{"@type":"WebSite","@id":"https:\/\/www.esta-officiel-usa.com\/it\/#website","url":"https:\/\/www.esta-officiel-usa.com\/it\/","name":"ESTA - Stati Uniti","description":"Modulo di richiesta ESTA","potentialAction":[{"@type":"SearchAction","target":{"@type":"EntryPoint","urlTemplate":"https:\/\/www.esta-officiel-usa.com\/it\/?s={search_term_string}"},"query-input":{"@type":"PropertyValueSpecification","valueRequired":true,"valueName":"search_term_string"}}],"inLanguage":"it-IT"}]}},"_links":{"self":[{"href":"https:\/\/www.esta-officiel-usa.com\/it\/wp-json\/wp\/v2\/pages\/998","targetHints":{"allow":["GET"]}}],"collection":[{"href":"https:\/\/www.esta-officiel-usa.com\/it\/wp-json\/wp\/v2\/pages"}],"about":[{"href":"https:\/\/www.esta-officiel-usa.com\/it\/wp-json\/wp\/v2\/types\/page"}],"author":[{"embeddable":true,"href":"https:\/\/www.esta-officiel-usa.com\/it\/wp-json\/wp\/v2\/users\/1"}],"replies":[{"embeddable":true,"href":"https:\/\/www.esta-officiel-usa.com\/it\/wp-json\/wp\/v2\/comments?post=998"}],"version-history":[{"count":3,"href":"https:\/\/www.esta-officiel-usa.com\/it\/wp-json\/wp\/v2\/pages\/998\/revisions"}],"predecessor-version":[{"id":1012,"href":"https:\/\/www.esta-officiel-usa.com\/it\/wp-json\/wp\/v2\/pages\/998\/revisions\/1012"}],"wp:attachment":[{"href":"https:\/\/www.esta-officiel-usa.com\/it\/wp-json\/wp\/v2\/media?parent=998"}],"curies":[{"name":"wp","href":"https:\/\/api.w.org\/{rel}","templated":true}]}}